{"id":10027,"date":"2019-04-01T15:18:05","date_gmt":"2019-04-01T19:18:05","guid":{"rendered":"https:\/\/emsdev.clayshowalter.com\/?page_id=10027"},"modified":"2026-02-04T13:34:59","modified_gmt":"2026-02-04T18:34:59","slug":"frequently-asked-questions","status":"publish","type":"page","link":"https:\/\/www.easternmennonite.org\/es\/admissions\/frequently-asked-questions\/","title":{"rendered":"Preguntas frecuentes"},"content":{"rendered":"<h2>\n\t\t\tAcad\u00e9mica\t<\/h2>\n\t\t\t\t\t<a role=\"heading\" aria-level=\"2\" tabindex=\"-1\"  id=\"fl-accordion--label-0\">\u00bfLos estudiantes de EMS toman las pruebas SOL?<\/a>\n\t\t\t\t\t\t\t\t\t\t\t<button type=\"button\" id=\"fl-accordion--icon-0\" aria-expanded=\"false\" aria-controls=\"fl-accordion--panel-0\"><i>Expandir<\/i><\/button>\n\t\t\t\t\t<p>No. Las clases requeridas para un diploma de escuela secundaria EMS se basan en las normas del departamento de educaci\u00f3n de Virginia, pero nuestros estudiantes no est\u00e1n obligados a tomar las pruebas SOL en todo el estado en los grados K-12. Esto permite a los profesores de EMS libertad y creatividad en el aula para que las energ\u00edas puedan dirigirse al arte de ense\u00f1ar a los estudiantes e inspirar a pensadores cr\u00edticos. Nuestros profesores se centran en inculcar la resoluci\u00f3n de problemas y las habilidades esenciales para la vida. <a href=\"https:\/\/www.easternmennonite.org\/es\/today\/article\/soft-skills-for-life\/\" target=\"_blank\" rel=\"noopener\">habilidades para la vida o \u201cblandas\u201d<\/a> para preparar mejor a los estudiantes para la vida dentro y fuera del aula, en lugar de simplemente prepararlos para un examen. Ofrecemos pruebas estandarizadas en varios niveles de grado, pero m\u00e1s para nuestra propia rendici\u00f3n de cuentas y la evaluaci\u00f3n en lugar de los requisitos obligatorios del estado.<\/p>\n\t\t\t\t\t<a role=\"heading\" aria-level=\"2\" tabindex=\"-1\"  id=\"fl-accordion--label-1\">\u00bfQu\u00e9 porcentaje de graduados van a la universidad?<\/a>\n\t\t\t\t\t\t\t\t\t\t\t<button type=\"button\" id=\"fl-accordion--icon-1\" aria-expanded=\"false\" aria-controls=\"fl-accordion--panel-1\"><i>Expandir<\/i><\/button>\n\t\t\t\t\t<p>Los graduados de EMS son buenos candidatos para entrar en universidades competitivas, colegios comunitarios y programas de formaci\u00f3n profesional. Alrededor del 90% de los graduados eligen ir directamente a un instituto de ense\u00f1anza superior. Sin embargo, es importante se\u00f1alar que muchos de nuestros graduados eligen tomarse un a\u00f1o sab\u00e1tico y realizar una misi\u00f3n o trabajo de servicio inmediatamente despu\u00e9s de la escuela secundaria antes de continuar su educaci\u00f3n. Estamos orgullosos de que muchos estudiantes de \u00faltimo a\u00f1o de EMHS consideren opciones para el crecimiento personal y el servicio al bien mayor al salir de Eastern Mennonite School. Lea m\u00e1s sobre nuestros <a href=\"https:\/\/www.easternmennonite.org\/es\/about\/college-counseling\/\">oficina de consejer\u00eda universitaria<\/a> y <a href=\"https:\/\/www.easternmennonite.org\/es\/about\/outcomes\/\">resultados<\/a>.<\/p>\n\t\t\t\t\t<a role=\"heading\" aria-level=\"2\" tabindex=\"-1\"  id=\"fl-accordion--label-2\">\u00bfEMS tiene maestros certificados?<\/a>\n\t\t\t\t\t\t\t\t\t\t\t<button type=\"button\" id=\"fl-accordion--icon-2\" aria-expanded=\"false\" aria-controls=\"fl-accordion--panel-2\"><i>Expandir<\/i><\/button>\n\t\t\t\t\t<p>S\u00ed, los profesores de EMS est\u00e1n certificados y muchos tienen una maestr\u00eda, as\u00ed como una amplia experiencia profesional, una educaci\u00f3n global diversa y experiencia intercultural. Nuestro director de escuela y dos profesores actualmente tienen t\u00edtulos de doctorado. Vea informaci\u00f3n sobre la educaci\u00f3n de cada miembro de la facultad en <a href=\"https:\/\/www.easternmennonite.org\/about\/faculty-staff\/\" target=\"_blank\" rel=\"noopener\">este directorio<\/a>. .EMS ha contratado profesores que terminaron su certificaci\u00f3n mientras estaban en EMS.<\/p>\n\t\t\t\t\t<a role=\"heading\" aria-level=\"2\" tabindex=\"-1\"  id=\"fl-accordion--label-3\">\u00bfY si mi alumno necesita apoyo acad\u00e9mico?<\/a>\n\t\t\t\t\t\t\t\t\t\t\t<button type=\"button\" id=\"fl-accordion--icon-3\" aria-expanded=\"false\" aria-controls=\"fl-accordion--panel-3\"><i>Expandir<\/i><\/button>\n\t\t\t\t\t<p>EMS cuenta con un Coordinador de Servicios de Apoyo al Aprendizaje a tiempo completo, <a href=\"https:\/\/www.easternmennonite.org\/facultystaff\/chafin-vrolijk\/\">Chafin Vrolijk<\/a>Ella supervisa el apoyo al aprendizaje y trabaja en colaboraci\u00f3n con maestros, consejeros escolares y directores. Todos los maestros trabajan diligentemente para brindar adaptaciones y apoyo a todos los estudiantes, incluidos aquellos con IEP. Sin embargo, EMS no puede brindar servicios a estudiantes con desaf\u00edos m\u00e1s significativos. Estaremos encantados de analizar las opciones con usted. Comun\u00edquese con Diego Torres, consejero de admisiones, para obtener m\u00e1s informaci\u00f3n en <a href=\"mailto:torresd@easternmennonite.org\">torresd@easternmennonite.org<\/a> o 540-236-6021.<\/p>\n<h2>\n\t\t\tAdmisiones\t<\/h2>\n\t\t\t\t\t<a role=\"heading\" aria-level=\"2\" tabindex=\"-1\"  id=\"fl-accordion--label-0\">\u00bfHay ayuda financiera disponible?<\/a>\n\t\t\t\t\t\t\t\t\t\t\t<button type=\"button\" id=\"fl-accordion--icon-0\" aria-expanded=\"false\" aria-controls=\"fl-accordion--panel-0\"><i>Expandir<\/i><\/button>\n\t\t\t\t\t<p>El costo tambi\u00e9n puede resultar desalentador, y muchas familias se sorprenden al saber que aproximadamente el 80% de los estudiantes de EMS reciben alg\u00fan tipo de ayuda para la matr\u00edcula, incluida ayuda financiera.<\/p>\n<p>EMS trabaja con cada familia para que la educaci\u00f3n EMS sea asequible. Visite la p\u00e1gina de <a href=\"https:\/\/www.easternmennonite.org\/es\/admissions\/variable-tuition-and-aid\/\" target=\"_blank\" rel=\"noopener\">matr\u00edculas<\/a> para obtener m\u00e1s informaci\u00f3n sobre el valor de una inversi\u00f3n en una educaci\u00f3n EMS y ver la gama de costos de matr\u00edcula para cada divisi\u00f3n de la escuela. Las familias pueden pagar la matr\u00edcula a plazos con un plan mensual.<\/p>\n<p>Si tiene dudas sobre su capacidad para realizar la inversi\u00f3n financiera, complete el proceso de ayuda financiera antes de la fecha l\u00edmite. Puede acceder a la solicitud en nuestro sitio web. <a href=\"https:\/\/www.easternmennonite.org\/es\/admissions\/variable-tuition-and-aid\/\">matr\u00edculas<\/a>. Las solicitudes recibidas despu\u00e9s de esta fecha se considerar\u00e1n seg\u00fan la ayuda disponible. Adem\u00e1s, su estudiante podr\u00eda calificar para... <a href=\"https:\/\/www.easternmennonite.org\/es\/admissions\/scholarships\/\">asistencia de beca.<\/a><\/p>\n\t\t\t\t\t<a role=\"heading\" aria-level=\"2\" tabindex=\"-1\"  id=\"fl-accordion--label-1\">\u00bfExisten plazos espec\u00edficos de inscripci\u00f3n, ayuda financiera y\/o becas que mi familia deba conocer?<\/a>\n\t\t\t\t\t\t\t\t\t\t\t<button type=\"button\" id=\"fl-accordion--icon-1\" aria-expanded=\"false\" aria-controls=\"fl-accordion--panel-1\"><i>Expandir<\/i><\/button>\n\t\t\t\t\t<p>\u00a1S\u00ed! <a href=\"https:\/\/easternmennonite.schooladminonline.com\/portal\/new_inquiry\" target=\"_blank\" rel=\"noopener\">Consultas<\/a> Se aceptan en cualquier momento y las solicitudes se abren el 1 de noviembre. Una vez que se le ofrezca la admisi\u00f3n, tenga en cuenta las fechas importantes en el <a href=\"https:\/\/www.easternmennonite.org\/es\/admissions\/\">p\u00e1gina de admisiones<\/a>. Para preguntas sobre finanzas, FACTS, ayuda financiera y becas, comun\u00edquese con el <a href=\"https:\/\/www.easternmennonite.org\/facultystaff\/chris-eberly\/\">Chris Eberly<\/a>.<\/p>\n\t\t\t\t\t<a role=\"heading\" aria-level=\"2\" tabindex=\"-1\"  id=\"fl-accordion--label-2\">\u00bfPuedo visitar clases?<\/a>\n\t\t\t\t\t\t\t\t\t\t\t<button type=\"button\" id=\"fl-accordion--icon-2\" aria-expanded=\"false\" aria-controls=\"fl-accordion--panel-2\"><i>Expandir<\/i><\/button>\n\t\t\t\t\t<p>\u00a1S\u00ed, por favor! Los padres son bienvenidos a visitar las clases de EMS. Los estudiantes de secundaria y preparatoria que quieran aprender m\u00e1s sobre EMS est\u00e1n invitados a visitarlas en un d\u00eda escolar y se les asignar\u00e1 un estudiante anfitri\u00f3n con intereses similares. Para las familias de primaria, solicitamos que los padres visiten primero para minimizar la confusi\u00f3n para los ni\u00f1os m\u00e1s peque\u00f1os. Programe una visita con anticipaci\u00f3n llamando al <a href=\"https:\/\/www.easternmennonite.org\/facultystaff\/diego-torres\/\">Diego Torres<\/a> consejero de admisiones, al 540-236-6021 o <a href=\"mailto:admissions@easternmennonite.org\">enviando un correo electr\u00f3nico.<\/a>. Informaci\u00f3n sobre pr\u00f3ximas visitas <a href=\"https:\/\/www.easternmennonite.org\/es\/visit\/\">aqu\u00ed.<\/a><\/p>\n<h2>\n\t\t\tFe\t<\/h2>\n\t\t\t\t\t<a role=\"heading\" aria-level=\"2\" tabindex=\"-1\"  id=\"fl-accordion--label-0\">\u00bfQu\u00e9 significa Menonita en el contexto de EMS?<\/a>\n\t\t\t\t\t\t\t\t\t\t\t<button type=\"button\" id=\"fl-accordion--icon-0\" aria-expanded=\"false\" aria-controls=\"fl-accordion--panel-0\"><i>Expandir<\/i><\/button>\n\t\t\t\t\t<p>Somos una comunidad cristiana moderna, constructora de paz, comprometida con la integridad, el servicio y siguiendo el camino de Jes\u00fas.<\/p>\n\t\t\t\t\t<a role=\"heading\" aria-level=\"2\" tabindex=\"-1\"  id=\"fl-accordion--label-1\">\u00bfQu\u00e9 porcentaje de los estudiantes de EMS son menonitas?<\/a>\n\t\t\t\t\t\t\t\t\t\t\t<button type=\"button\" id=\"fl-accordion--icon-1\" aria-expanded=\"false\" aria-controls=\"fl-accordion--panel-1\"><i>Expandir<\/i><\/button>\n\t\t\t\t\t<p>Acogemos a estudiantes de todos los credos. Alrededor de la mitad de los estudiantes de EMS asisten a una iglesia menonita, y la otra mitad provienen de una variedad de otras denominaciones y tradiciones religiosas, cristianas y no cristianas, as\u00ed como de ninguna tradici\u00f3n religiosa espec\u00edfica. EMS est\u00e1 patrocinado por la Conferencia Menonita de Virginia de la denominaci\u00f3n, <a href=\"https:\/\/www.mennoniteusa.org\/\" target=\"_blank\" rel=\"noopener\">Mennonite Church USA<\/a>.<\/p>\n\t\t\t\t\t<a role=\"heading\" aria-level=\"2\" tabindex=\"-1\"  id=\"fl-accordion--label-2\">\u00bfLos estudiantes de EMS toman clases de Biblia?<\/a>\n\t\t\t\t\t\t\t\t\t\t\t<button type=\"button\" id=\"fl-accordion--icon-2\" aria-expanded=\"false\" aria-controls=\"fl-accordion--panel-2\"><i>Expandir<\/i><\/button>\n\t\t\t\t\t<p>S\u00ed. Somos una escuela cristiana, y los estudiantes est\u00e1n obligados a tomar un trimestre de clase de Biblia por cada a\u00f1o que est\u00e1n en EMS. Utilizamos conceptos que se encuentran en la <a href=\"https:\/\/www.mennoniteeducation.org\/Resources\/Pages\/Encounter.aspx\">plan de estudios de Encuentro<\/a> desarrollado por la Agencia de Educaci\u00f3n Menonita. Disfrutamos y celebramos un cuerpo estudiantil diverso en EMS con diversos antecedentes religiosos en todos los grados. Se anima a los estudiantes a compartir sus perspectivas de fe y c\u00f3mo se relacionan con los principios menonitas \/ anabautistas en los que se basa EMS. Vea un <a href=\"https:\/\/www.easternmennonite.org\/es\/today\/article\/ems-faith-practices\/\">n\u00famero de la revista TODAY<\/a> con m\u00e1s historias y detalles sobre la formaci\u00f3n de la fe en EMS.<\/p>\n\t\t\t\t\t<a role=\"heading\" aria-level=\"2\" tabindex=\"-1\"  id=\"fl-accordion--label-3\">\u00bfAsisten los estudiantes de EMS a un culto? <\/a>\n\t\t\t\t\t\t\t\t\t\t\t<button type=\"button\" id=\"fl-accordion--icon-3\" aria-expanded=\"false\" aria-controls=\"fl-accordion--panel-3\"><i>Expandir<\/i><\/button>\n\t\t\t\t\t<p>S\u00ed. En los cursos 6\u00ba a 12\u00ba los alumnos y el profesorado se re\u00fanen tres d\u00edas a la semana durante 20 minutos. <a href=\"https:\/\/www.easternmennonite.org\/es\/about\/faith-community\/chapel\/\">servicio de capilla de 20 minutos<\/a>. La capilla se planifica con aportes de los estudiantes y cuenta con una variedad de oradores y presentaciones. Un d\u00eda a la semana, los estudiantes se re\u00fanen con sus compa\u00f1eros de clase para hacer negocios y realizar actividades para conocerse unos a otros. Otro d\u00eda, los estudiantes y profesores de secundaria y preparatoria se re\u00fanen en peque\u00f1as reuniones intencionales de 8 a 10 estudiantes y un miembro de la facultad llamados \u201c<a href=\"https:\/\/www.easternmennonite.org\/es\/about\/faith-community\/neighbor-groups\/\">Los Grupos de Vecinos<\/a>.&#8221;<\/p>\n<p>En los grados K-5, los alumnos asisten a la Reuni\u00f3n de los mi\u00e9rcoles, un servicio de culto semanal que incluye oradores de iglesias y organizaciones locales.<\/p>\n<p>Las familias est\u00e1n invitadas a asistir a la Capilla y al Encuentro para aprender y adorar con nosotros. La Capilla tambi\u00e9n se transmite en vivo y est\u00e1 disponible para ver en YouTube <a href=\"https:\/\/www.youtube.com\/channel\/UC6Nrt6RuzmPpBdInCssoCyA\" target=\"_blank\" rel=\"noopener\">aqu\u00ed.<\/a><\/p>\n<h2>\n\t\t\tComunidad escolar\t<\/h2>\n\t\t\t\t\t<a role=\"heading\" aria-level=\"2\" tabindex=\"-1\"  id=\"fl-accordion--label-0\">\u00bfCu\u00e1les son los tama\u00f1os de las clases de EMS?<\/a>\n\t\t\t\t\t\t\t\t\t\t\t<button type=\"button\" id=\"fl-accordion--icon-0\" aria-expanded=\"false\" aria-controls=\"fl-accordion--panel-0\"><i>Expandir<\/i><\/button>\n\t\t\t\t\t<p>El tama\u00f1o de las clases depende del curso. La matr\u00edcula de K-2 est\u00e1 limitada a 16 alumnos por clase, salvo en casos especiales. Los grados 3-5 tienen un m\u00e1ximo de 20 alumnos por clase. Las clases de secundaria suelen tener 20 alumnos o menos por secci\u00f3n.  Cada curso de secundaria suele tener entre 40 y 50 alumnos. Un curso obligatorio de secundaria puede tener 22 alumnos; un curso optativo puede tener entre 6 y 10 alumnos.<\/p>\n\t\t\t\t\t<a role=\"heading\" aria-level=\"2\" tabindex=\"-1\"  id=\"fl-accordion--label-1\">\u00bfQu\u00e9 actividades extracurriculares est\u00e1n disponibles?<\/a>\n\t\t\t\t\t\t\t\t\t\t\t<button type=\"button\" id=\"fl-accordion--icon-1\" aria-expanded=\"false\" aria-controls=\"fl-accordion--panel-1\"><i>Expandir<\/i><\/button>\n\t\t\t\t\t<p>Ofrecemos <a href=\"https:\/\/www.easternmennonite.org\/es\/about\/faith-community\/clubs-and-activities\/\" target=\"_blank\" rel=\"noopener\">clubes<\/a>, <a href=\"https:\/\/www.easternmennonite.org\/es\/athletics\/\">atletismo<\/a>Atletismo intramuros, <a href=\"https:\/\/www.easternmennonite.org\/es\/about\/the-arts\/drama\/\">theater<\/a>y musicales para estudiantes de todas las edades. Estas actividades proporcionan oportunidades de desarrollo de liderazgo, interacci\u00f3n social y desarrollo de habilidades.<\/p>\n\t\t\t\t\t<a role=\"heading\" aria-level=\"2\" tabindex=\"-1\"  id=\"fl-accordion--label-2\">\u00bfEMS proporciona transporte?<\/a>\n\t\t\t\t\t\t\t\t\t\t\t<button type=\"button\" id=\"fl-accordion--icon-2\" aria-expanded=\"false\" aria-controls=\"fl-accordion--panel-2\"><i>Expandir<\/i><\/button>\n\t\t\t\t\t<p>EMS desarrolla rutas de transporte (furgoneta o minib\u00fas de EMS) para puntos al sur hasta Staunton y al este de Harrisonburg. Los detalles est\u00e1n disponibles a medida que se re\u00fane el nivel de inter\u00e9s hacia el final de cada verano, y se procesan con otras familias. Hay un cargo adicional por el servicio de autob\u00fas que var\u00eda, dependiendo de la ubicaci\u00f3n.<\/p>\n\t\t\t\t\t<a role=\"heading\" aria-level=\"2\" tabindex=\"-1\"  id=\"fl-accordion--label-3\">\u00bfEMS tiene uniformes?<\/a>\n\t\t\t\t\t\t\t\t\t\t\t<button type=\"button\" id=\"fl-accordion--icon-3\" aria-expanded=\"false\" aria-controls=\"fl-accordion--panel-3\"><i>Expandir<\/i><\/button>\n\t\t\t\t\t<p>No, pero se pide a los alumnos de K-12 que consideren su selecci\u00f3n de ropa a la luz de las directrices sugeridas. M\u00e1s informaci\u00f3n en <a href=\"https:\/\/www.easternmennonite.org\/es\/about\/parent-portal\/\">manuales<\/a> que contienen informaci\u00f3n sobre las pautas de vestimenta.<\/p>\n\t\t\t\t\t<a role=\"heading\" aria-level=\"2\" tabindex=\"-1\"  id=\"fl-accordion--label-4\">\u00bfC\u00f3mo complementa EMS a nuestras escuelas locales?<\/a>\n\t\t\t\t\t\t\t\t\t\t\t<button type=\"button\" id=\"fl-accordion--icon-4\" aria-expanded=\"false\" aria-controls=\"fl-accordion--panel-4\"><i>Expandir<\/i><\/button>\n\t\t\t\t\t<p>Como muchas de nuestras familias, valoramos profundamente la educaci\u00f3n p\u00fablica. EMS ofrece una comunidad de aprendizaje distintiva, basada en la fe, que se centra en la pertenencia y el crecimiento personal. Al atender a una peque\u00f1a parte de la poblaci\u00f3n estudiantil local, buscamos apoyar el panorama educativo general, proporcionando un entorno especializado donde los estudiantes puedan prosperar.<\/p>","protected":false},"excerpt":{"rendered":"<p>Acad\u00e9micos: \u00bfLos estudiantes de EMS presentan los ex\u00e1menes SOL? Expandir No. Las clases requeridas para obtener un diploma de preparatoria de EMS se basan en los est\u00e1ndares del Departamento de Educaci\u00f3n de Virginia, pero nuestros estudiantes no est\u00e1n obligados a presentar los ex\u00e1menes SOL estatales en los grados K-12. Esto permite a los docentes de EMS libertad y creatividad en el aula para que puedan enfocar sus esfuerzos en\u2026<\/p>","protected":false},"author":4,"featured_media":54685,"parent":75,"menu_order":0,"comment_status":"closed","ping_status":"closed","template":"","meta":{"_acf_changed":false,"footnotes":""},"class_list":["post-10027","page","type-page","status-publish","has-post-thumbnail","hentry"],"acf":[],"_links":{"self":[{"href":"https:\/\/www.easternmennonite.org\/es\/wp-json\/wp\/v2\/pages\/10027","targetHints":{"allow":["GET"]}}],"collection":[{"href":"https:\/\/www.easternmennonite.org\/es\/wp-json\/wp\/v2\/pages"}],"about":[{"href":"https:\/\/www.easternmennonite.org\/es\/wp-json\/wp\/v2\/types\/page"}],"author":[{"embeddable":true,"href":"https:\/\/www.easternmennonite.org\/es\/wp-json\/wp\/v2\/users\/4"}],"replies":[{"embeddable":true,"href":"https:\/\/www.easternmennonite.org\/es\/wp-json\/wp\/v2\/comments?post=10027"}],"version-history":[{"count":2,"href":"https:\/\/www.easternmennonite.org\/es\/wp-json\/wp\/v2\/pages\/10027\/revisions"}],"predecessor-version":[{"id":78636,"href":"https:\/\/www.easternmennonite.org\/es\/wp-json\/wp\/v2\/pages\/10027\/revisions\/78636"}],"up":[{"embeddable":true,"href":"https:\/\/www.easternmennonite.org\/es\/wp-json\/wp\/v2\/pages\/75"}],"wp:featuredmedia":[{"embeddable":true,"href":"https:\/\/www.easternmennonite.org\/es\/wp-json\/wp\/v2\/media\/54685"}],"wp:attachment":[{"href":"https:\/\/www.easternmennonite.org\/es\/wp-json\/wp\/v2\/media?parent=10027"}],"curies":[{"name":"gracias","href":"https:\/\/api.w.org\/{rel}","templated":true}]}}