{"id":10033,"date":"2021-06-08T15:54:45","date_gmt":"2021-06-08T19:54:45","guid":{"rendered":"https:\/\/emsdev.clayshowalter.com\/?page_id=10033"},"modified":"2026-02-03T14:46:20","modified_gmt":"2026-02-03T19:46:20","slug":"leadership-scholarships","status":"publish","type":"page","link":"https:\/\/www.easternmennonite.org\/es\/admissions\/scholarships\/leadership-scholarships\/","title":{"rendered":"Leadership Scholarships"},"content":{"rendered":"<h1>\n\t\t\tAcad\u00e9mica\t<\/h1>\n\t<p>Las becas de liderazgo de EMS reconocen a los estudiantes que est\u00e1n desarrollando una conciencia de su \u201cllama\u201d interior \u00fanica: los talentos, intereses y dones que tienen para ofrecer al mundo. Los destinatarios se convierten <strong>l\u00edderes estudiantiles<\/strong> que participan durante todo el a\u00f1o en una variedad de programas que fomentan la participaci\u00f3n de otros estudiantes y positivamente <wbr \/>contribuir a la vida y la cultura de EMS.<\/p>\n<p>Los dos fondos dotados que apoyan estas becas llevan el nombre de dos exalumnas.<\/p>\n<p>El primero honra la vida de <strong>Carmen Strite Miller<\/strong> &#039;71 quien fue modelo de bondad, generosidad y liderazgo que mejoraron a las personas y organizaciones que la rodeaban. Carmen brind\u00f3 liderazgo en la Junta Directiva de EMS de 1991 a 2001.<\/p>\n<p>El segundo honra la vida y el ejemplo de <strong>Laura Bomberger<\/strong> &#039;09, quien fue atleta, m\u00fasico, l\u00edder del consejo estudiantil y empleado de verano de EMS. Ella atribuye su experiencia en EMS como un trampol\u00edn que la dot\u00f3 de habilidades, perspectiva y experiencias para contribuir positivamente al trabajo centrado en la misi\u00f3n en su comunidad y en el mundo.<\/p>\n<p><strong>Se anima a los estudiantes que cumplan los siguientes criterios a que presenten su solicitud:<\/strong><\/p>\n<ul>\n<li>Estudiantes de secundaria que ingresar\u00e1n a los grados 9 a 12 en el pr\u00f3ximo a\u00f1o escolar.<\/li>\n<li>Estudiantes que hayan demostrado un s\u00f3lido rendimiento acad\u00e9mico. Los estudiantes que ingresar\u00e1n al noveno grado de otra escuela ser\u00e1n evaluados seg\u00fan las calificaciones de la escuela intermedia y las pruebas de competencia; Los estudiantes educados en el hogar ser\u00e1n evaluados bas\u00e1ndose en la revisi\u00f3n del contenido del curso y el trabajo\/ex\u00e1menes del curso. Se alentar\u00e1 a los beneficiarios del premio Carmen Strite Miller a mantener un GPA de 3.0 durante toda su beca.<\/li>\n<li>Excelente car\u00e1cter, fuertes habilidades de comunicaci\u00f3n, orientaci\u00f3n al servicio y deseo de participar en una comunidad escolar activa.<\/li>\n<li>Liderazgo demostrado en la escuela, congregaci\u00f3n y\/u organizaci\u00f3n comunitaria actual del estudiante.<\/li>\n<li>Participaci\u00f3n actual en una actividad cocurricular como deportes, teatro, m\u00fasica, banda, etc. Se espera que los beneficiarios contin\u00faen participando en actividades cocurriculares en EMS. Adem\u00e1s, deben ser miembros del club EMS WeServe durante toda su beca.<\/li>\n<li>Un aprecio por la interconexi\u00f3n de todas las personas y el deseo de generar un impacto en la sociedad.<\/li>\n<\/ul>\n\t<p><strong>Para aplicar por favor:<\/strong><\/p>\n<ol>\n<li><strong>Complete la solicitud de beca en l\u00ednea<a href=\"https:\/\/docs.google.com\/forms\/d\/1LWmdgwrLx2bfV_skB5Dw8br-RuhrPEDjFiUUZ7xPkG0\/edit?ts=65c5260a\">.<\/a><\/strong> Siga el enlace y rellene el formulario.\n<ul>\n<li><a href=\"https:\/\/docs.google.com\/forms\/d\/e\/1FAIpQLSdR1VQEsc0RrzGz2Hc0QQwJ5EYf8T8xxjXwuoAZwdgiD8_Baw\/viewform?usp=header\">Beca basada en el m\u00e9rito Carmen Strite Miller<\/a><\/li>\n<li><a href=\"https:\/\/docs.google.com\/forms\/d\/e\/1FAIpQLSeAcH5rxKi89371y8gyFXFv1qcm43a7qOzYMHuRLuQUS29yfg\/viewform?usp=header\">Beca basada en el m\u00e9rito Laura Bomberger<\/a><\/li>\n<\/ul>\n<\/li>\n<li><strong>Escribe un ensayo,<\/strong> no m\u00e1s de 250 palabras. Env\u00ede el enlace del documento de Google en el formulario de solicitud de beca en l\u00ednea cuando se le solicite.<br \/>\n<em>Seleccione entre las siguientes indicaciones de escritura:<\/em>\n<ul>\n<li>\u00bfC\u00f3mo influye una actitud positiva en el liderazgo?<\/li>\n<li>Describe a un l\u00edder que conozcas que haya respondido a un desaf\u00edo de manera positiva. \u00bfC\u00f3mo te ha inspirado esta persona?<\/li>\n<li>\u00bfQui\u00e9n es un l\u00edder que admiras? Describe las cualidades de liderazgo de esta persona.<\/li>\n<li>\u00bfLas personas nacen con cualidades de liderazgo o esas habilidades se desarrollan?<\/li>\n<li>Describe un tema global o local que te apasione y explica c\u00f3mo podr\u00edas llevar a otros a seguir tu causa.<\/li>\n<\/ul>\n<\/li>\n<li><strong>Es posible que lo inviten a una entrevista personal.<\/strong> con el Gerente de Oficina Comercial.<\/li>\n<\/ol>\n<strong>La fecha l\u00edmite para esta beca es el 15 de febrero.<\/strong> Se seleccionar\u00e1 a uno o m\u00e1s beneficiarios de esta beca, siempre que haya fondos disponibles. Se notificar\u00e1 a los beneficiarios a partir del 1 de marzo.\n<p><em>*La tasa de matr\u00edcula se calcula en base a la tasa de matr\u00edcula publicada menos cualquier reducci\u00f3n en la matr\u00edcula. El descuento de la beca se aplicar\u00e1 despu\u00e9s de calcular cualquier reducci\u00f3n en la matr\u00edcula.\u00a0<\/em><\/p>\n<figure itemscope itemtype=\"https:\/\/schema.org\/ImageObject\">\n\t\t\t\t<img decoding=\"async\" src=\"https:\/\/www.easternmennonite.org\/wp-content\/uploads\/2022\/08\/IMG_9581-scaled.jpg\" alt=\"2022-23 SCO officers\" height=\"1707\" width=\"2560\" title=\"IMG_9581\" onerror=\"this.style.display='none'\" loading=\"lazy\" \/>\n\t<\/figure>","protected":false},"excerpt":{"rendered":"<p>Las becas de liderazgo acad\u00e9mico de EMS reconocen a los estudiantes que est\u00e1n desarrollando una conciencia de su \u201cllama\u201d interior \u00fanica: los talentos, intereses y dones que tienen para ofrecer al mundo. Los beneficiarios se convierten en l\u00edderes estudiantiles que participan durante todo el a\u00f1o en una variedad de programas que fomentan la participaci\u00f3n de otros estudiantes y contribuyen positivamente a la vida y la cultura de EMS....<\/p>","protected":false},"author":4,"featured_media":0,"parent":26755,"menu_order":0,"comment_status":"closed","ping_status":"closed","template":"","meta":{"_acf_changed":false,"footnotes":""},"class_list":["post-10033","page","type-page","status-publish","hentry"],"acf":[],"_links":{"self":[{"href":"https:\/\/www.easternmennonite.org\/es\/wp-json\/wp\/v2\/pages\/10033","targetHints":{"allow":["GET"]}}],"collection":[{"href":"https:\/\/www.easternmennonite.org\/es\/wp-json\/wp\/v2\/pages"}],"about":[{"href":"https:\/\/www.easternmennonite.org\/es\/wp-json\/wp\/v2\/types\/page"}],"author":[{"embeddable":true,"href":"https:\/\/www.easternmennonite.org\/es\/wp-json\/wp\/v2\/users\/4"}],"replies":[{"embeddable":true,"href":"https:\/\/www.easternmennonite.org\/es\/wp-json\/wp\/v2\/comments?post=10033"}],"version-history":[{"count":1,"href":"https:\/\/www.easternmennonite.org\/es\/wp-json\/wp\/v2\/pages\/10033\/revisions"}],"predecessor-version":[{"id":78634,"href":"https:\/\/www.easternmennonite.org\/es\/wp-json\/wp\/v2\/pages\/10033\/revisions\/78634"}],"up":[{"embeddable":true,"href":"https:\/\/www.easternmennonite.org\/es\/wp-json\/wp\/v2\/pages\/26755"}],"wp:attachment":[{"href":"https:\/\/www.easternmennonite.org\/es\/wp-json\/wp\/v2\/media?parent=10033"}],"curies":[{"name":"gracias","href":"https:\/\/api.w.org\/{rel}","templated":true}]}}