{"id":10039,"date":"2019-04-01T16:07:18","date_gmt":"2019-04-01T20:07:18","guid":{"rendered":"https:\/\/emsdev.clayshowalter.com\/?page_id=10039"},"modified":"2026-01-15T08:39:29","modified_gmt":"2026-01-15T13:39:29","slug":"board-of-directors","status":"publish","type":"page","link":"https:\/\/www.easternmennonite.org\/es\/about\/board-of-directors\/","title":{"rendered":"Junta Directiva"},"content":{"rendered":"<p><strong>Loren<\/strong> <strong dir=\"auto\">Swartzendruber, Presidente<\/strong><\/p>\r\n<p><a href=\"https:\/\/emu.edu\/president\/emeriti\/loren-e-swartzendruber\">Loren<\/a> retired in 2016 after 35 years of involvement in Mennonite education. He began his professional career as a pastor, served as associate executive secretary of the former Mennonite Board of Education, president of Hesston College, and president of Eastern Mennonite University. He and Pat were classmates at Iowa Mennonite School (Hillcrest Academy), and he holds a B.S. from EMU, M.Div. from Eastern Mennonite Seminary, and a D.Min. from Northern Seminary. Loren and Pat are pleased to have two grandchildren enrolled at EMS. Loren is passionate about addressing climate change and works part-time with Secure Solar Futures, doing business development for commercial-scale solar projects.<\/p>\r\n<p><strong>Debra King, vicepresidenta<\/strong><\/p>\r\n<p>A Debra le apasiona encontrar maneras de que las personas colaboren como equipos equilibrados. Cree firmemente que el talento, la experiencia y la sabidur\u00eda colectiva de cada miembro impulsan la misi\u00f3n del conjunto. Fue gerente general de Gift &amp; Thrift y trabaj\u00f3 en el \u00e1rea de educaci\u00f3n de la Escuela Menonita de Lancaster. Tiene una maestr\u00eda en administraci\u00f3n de empresas y una licenciatura de la Universidad Menonita del Este, y recientemente se jubil\u00f3 de su empleo a tiempo completo en el Comit\u00e9 Central Menonita como Coordinadora Nacional de Desarrollo de Tiendas de Segunda Mano. Actualmente trabaja a tiempo parcial para MCC Ontario, colaborando con el equipo de liderazgo de MCC Canad\u00e1 en planificaci\u00f3n estrat\u00e9gica.<\/p>\r\n<p><strong>Kristin Ellen Fink, Tesorera<\/strong><\/p>\r\n<p><a href=\"https:\/\/www.jmu.edu\/cob\/faculty\/all-faculty\/fink-kristin.shtml\">Kristin<\/a> is a Professor of Finance at James Madison University. Her teaching and research interests\u00a0are broadly in the areas of investments and applied mathematical finance.\u00a0 She and her family attend Blessed Sacrament in Harrisonburg. She has three children\u00a0currently attending EMS, and her oldest is a recent graduate.<\/p>\r\n<p><strong>Lana Miller, cosecretaria<\/strong><\/p>\r\n<p>Lana es pastora de la Iglesia Menonita Comunitaria, est\u00e1 casada con Andy y tiene dos hijos (de primaria y secundaria). Le preocupa profundamente la educaci\u00f3n menonita y se gradu\u00f3 de instituciones educativas menonitas que la han formado y moldeado.<\/p>\r\n<p><strong>Kendal Swartzentruber, cosecretario<\/strong><\/p>\r\n<p><a href=\"https:\/\/www.jmu.edu\/coe\/people\/swartzentruber-kendal.shtml#:~:text=Kendal%20Swartzentruber%20is%20an%20Education%20Coordinator%20at%20Virginia,and%20Technical%20Assistance%20Center%20at%20James%20Madison%20University.\">Kendal<\/a> es Coordinadora de Educaci\u00f3n en el Centro del Departamento de Educaci\u00f3n de Virginia en la Universidad James Madison. Bas\u00e1ndose en su trabajo como educador especial, ahora se centra en temas de autodeterminaci\u00f3n, motivaci\u00f3n y participaci\u00f3n de los estudiantes. Como co-coordinador estatal de la <a href=\"https:\/\/www.imdetermined.org\/\">Estoy decidido proyecto<\/a>Kendal responde a la promoci\u00f3n de entornos que aumenten la voz y la defensa de los j\u00f3venes en las pol\u00edticas y pr\u00e1cticas educativas. Tiene dos hijas en EMS. Sus intereses incluyen su familia, la jardiner\u00eda, la apicultura y muchas actividades al aire libre.<\/p>\r\n<p><strong>David Berry<\/strong><\/p>\r\n<p><a href=\"https:\/\/emu.edu\/faculty-staff\/?show=deb6224\">David<\/a> es profesor asociado de m\u00fasica y director del Departamento de M\u00fasica de la Eastern Mennonite University. Tambi\u00e9n se desempe\u00f1a como director art\u00edstico del Festival Bach del Valle de Shenandoah y obtuvo su doctorado en artes musicales de la Escuela Juilliard. David asiste a la Iglesia Comunitaria Divine Unity en Harrisonburg y es padre de dos estudiantes de EMS.<\/p>\r\n<p><strong>Shannon W. Dycus<\/strong><\/p>\r\n<p><a href=\"https:\/\/emu.edu\/faculty-staff\/?show=szd5986\">Shannon<\/a> Es presidenta interina de la Universidad Menonita del Este y contin\u00faa su carrera en el pastorado y la educaci\u00f3n en comunidades de aprendizaje y entornos ministeriales. Est\u00e1 casada con Greg y tienen dos hijos, que cursan la primaria y la secundaria.<\/p>\r\n<p><strong>Nathaniel Fairfield &#039;97<\/strong><\/p>\r\n<p>Nathaniel Fairfield es un especialista en rob\u00f3tica y criador de ovejas a peque\u00f1a escala, y fue uno de los fundadores de Waymo (anteriormente el proyecto de autom\u00f3viles aut\u00f3nomos de Google). Obtuvo un doctorado en el Instituto de Rob\u00f3tica de la Universidad Carnegie Mellon. Antes de eso, trabaj\u00f3 en Bluefin Robotics, fabricando robots que mapean el fondo del oc\u00e9ano. Nathaniel asiste a la Iglesia Menonita Park View con su esposa Miriam y tiene tres hijos, dos de los cuales actualmente asisten a EMS.<\/p>\r\n<p><strong>Kathleen Graves<\/strong><\/p>\r\n<p>Kathleen Graves es la gerente de cumplimiento de Graves Light Lenhart Wealth, Inc. Ella y su esposo, Asa, tienen dos hijos. Uno de ellos es un estudiante de secundaria en EMS y el otro es un reci\u00e9n graduado. Ha desempe\u00f1ado diversos roles en la PTF (Parent Teacher Fellowship) desde que sus hijos estaban en la escuela primaria y contin\u00faa haci\u00e9ndolo.<\/p>\r\n<p><strong>Virgil Miller &#039;74<\/strong><\/p>\r\n<p>Virgil es un fisioterapeuta de salud a domicilio semi-retirado, con una carrera anterior de m\u00e1s de treinta a\u00f1os en el \u00e1rea de Filadelfia y ahora trabajando los \u00faltimos siete a\u00f1os en <a href=\"https:\/\/www.virginia.edu\/\">UVA,<\/a> Atiende pacientes dos d\u00edas a la semana en el condado de Rockingham y Harrisonburg. \u00c9l y su esposa, Sylvia, aprecian la cercan\u00eda con sus dos hijas y sus familias, incluyendo dos nietos. Virgil es miembro de la Iglesia Menonita Comunitaria. Originario de Chesapeake, Virginia, Virgil se gradu\u00f3 de EMHS en 1974 y recientemente complet\u00f3 seis a\u00f1os de servicio en la Junta de la Asociaci\u00f3n de Exalumnos de EMS, los dos \u00faltimos como presidente.<\/p>\r\n<p><strong>Melody Pannell<\/strong><\/p>\r\n<p>Melody se interes\u00f3 en abordar las disparidades sociales, las desigualdades en salud y las pol\u00edticas p\u00fablicas mientras crec\u00eda en Harlem, Nueva York. Obtuvo su Licenciatura en Trabajo Social en <a href=\"http:\/\/Emu.edu\">Universidad Menonita del Este<\/a><i>\u00a0y tambi\u00e9n tiene una Maestr\u00eda en Trabajo Social y una Maestr\u00eda en Divinidad. Melody complet\u00f3 recientemente su Doctorado en Ministerio en Predicaci\u00f3n Mujerista en <a href=\"https:\/\/memphisseminary.edu\/\">Seminario Teol\u00f3gico de Memphis<\/a>.\u00a0<\/i>Melody se desempe\u00f1a como Directora de Educaci\u00f3n en Liderazgo de Atenci\u00f3n M\u00e9dica y Bienestar Comunitario en <a href=\"https:\/\/uvahealth.com\/locations\/University-Medical-Center-5597244?utm_source=pressganey&amp;utm_medium=listings\">UVA Health en Charlottesville<\/a>Es miembro del Ayuntamiento de Dayton y ha trabajado en educaci\u00f3n en la Universidad Virginia Union y la Universidad Menonita del Este. Melody fund\u00f3 Destiny&#039;s Daughters.<i>\u00a0C\u00aa<\/i>, un programa de tutor\u00eda cristiana terap\u00e9utica dedicado a mujeres j\u00f3venes y ni\u00f1as.<\/p>\r\n<p><strong>Deanna Reed<\/strong><\/p>\r\n<p>Deanna Reed es la <a href=\"https:\/\/www.harrisonburgva.gov\/deanna-reed\">Alcalde de Harrisonburg, Virginia<\/a>, y Director de Participaci\u00f3n de Exalumnos y <a href=\"https:\/\/emu.edu\/\">Conexiones comunitarias en la Universidad Menonita del Este<\/a>Residente de toda la vida, es conocida por su liderazgo apasionado y su compromiso con la equidad y el desarrollo comunitario. Deanna es la orgullosa madrina de Rhyan y Rheis, t\u00eda de Dillan y mam\u00e1 de su querido yorkshire terrier, Beau.<\/p>\r\n<p><strong>Scott P. Rogers<\/strong><\/p>\r\n<p><a href=\"https:\/\/www.funkhousergroup.com\/realestate\/agent\/scott-rogers\/\">Scott<\/a> Es agente asociado de Funkhouser Real Estate Group y gestiona TakeThemAMeal.com y PerfectPotluck.com en l\u00ednea. Forma parte del comit\u00e9 de desarrollo de la junta y disfruta entrenando al equipo de voleibol de secundaria de la escuela. Scott asiste a la Iglesia Metodista Unida de Asbury, est\u00e1 casado con Shaena y es padre de un exalumno y de un estudiante actual de EMS.<\/p>\r\n<p><strong>Ron Shultz<\/strong><\/p>\r\n<p>Ron ense\u00f1\u00f3 en aulas p\u00fablicas y privadas de K-8 en Estados Unidos y en Per\u00fa antes de pasar al rol de formador de docentes en <a href=\"http:\/\/EMU.Edu\">Universidad Menonita del Este<\/a> desde 2011. Obtuvo un doctorado en formaci\u00f3n docente y educaci\u00f3n multicultural\/multiling\u00fce de <a href=\"https:\/\/www.gmu.edu\/\">Universidad George Mason<\/a>Su esposa, Regina, y sus tres hijos adultos j\u00f3venes son todos ex alumnos de EMS.<\/p>\r\n<p><strong>Andr\u00e9s Zapanta &#039;93<\/strong><\/p>\r\n<p>Andrew es analista de presupuesto de capital para\u00a0<a href=\"https:\/\/uvahealth.com\/\" target=\"_blank\" rel=\"noopener\" data-saferedirecturl=\"https:\/\/www.google.com\/url?q=https:\/\/uvahealth.com\/&amp;source=gmail&amp;ust=1766008094124000&amp;usg=AOvVaw38R37a61h4Fn41iXC3LguL\">UVA Health&#8217;<\/a>s Grupo de Planificaci\u00f3n y Desarrollo de Instalaciones y tambi\u00e9n proporciona servicios de contabilidad y asesoramiento empresarial subcontratados a trav\u00e9s de\u00a0<a href=\"https:\/\/footpathadvisory.com\/\" target=\"_blank\" rel=\"noopener\" data-saferedirecturl=\"https:\/\/www.google.com\/url?q=https:\/\/footpathadvisory.com\/&amp;source=gmail&amp;ust=1766008094124000&amp;usg=AOvVaw2_0pxt_-Vbm1lehHFS2Llr\">Aviso de senderos<\/a>. He holds a Bachelor of Science in Accounting from Virginia Tech and, most recently, an MBA with an Executive Leadership concentration from James Madison University.\u00a0Along with his two older brothers, Mark (&#8217;87) and Philip (&#8217;92), a Zapanta presence spanned 10 consecutive years at Eastern Mennonite School. Andrew has built his career across accounting, finance, and internal audit roles, and has served on multiple nonprofit boards and committees. He has also volunteered his professional skills both domestically and in Haiti, Honduras, and Kenya.\u00a0Andrew, his wife Heidi, and their daughter attend Christ Community Church in Charlottesville. He previously served on the EMS Alumni Board and is honored to serve again at his alma mater. <a href=\"https:\/\/www.easternmennonite.org\/es\/about\/\" target=\"_self\"> Mission and Vision <\/a> <a href=\"https:\/\/www.easternmennonite.org\/about\/faculty-staff\/\" target=\"_blank\" rel=\"noopener\"> Facultad y personal <\/a> <img loading=\"lazy\" decoding=\"async\" title=\"Imagen_1857-1000x750\" src=\"https:\/\/www.easternmennonite.org\/wp-content\/uploads\/2024\/09\/IMG_1857-1000x750-1.jpg\" alt=\"Board Chair Amy Mumbauer and Scott Rogers give a thumbs up at back-to-school night.\" width=\"1000\" height=\"750\" \/> <img loading=\"lazy\" decoding=\"async\" title=\"IMG_2525\" src=\"https:\/\/www.easternmennonite.org\/wp-content\/uploads\/2023\/08\/IMG_2525-1024x768.jpeg\" alt=\"IMG_2525\" width=\"1024\" height=\"768\" \/> <img loading=\"lazy\" decoding=\"async\" title=\"Imagen_1859\" src=\"https:\/\/www.easternmennonite.org\/wp-content\/uploads\/2024\/09\/IMG_1859-768x1024.jpeg\" alt=\"Kirstin Fink hands out popsicles at a back-to-school night\" width=\"768\" height=\"1024\" \/> <img loading=\"lazy\" decoding=\"async\" title=\"Imagen_1858\" src=\"https:\/\/www.easternmennonite.org\/wp-content\/uploads\/2024\/09\/IMG_1858-scaled-e1725631278441.jpeg\" alt=\"Head of School Paul Leaman and Kendal Swartzendruber hand out popsicles at back-to-school night.\" width=\"1920\" height=\"1442\" \/><\/p>","protected":false},"excerpt":{"rendered":"<p>Loren Swartzendruber, Presidente. Loren se jubil\u00f3 en 2016 tras 35 a\u00f1os de participaci\u00f3n en la educaci\u00f3n menonita. Comenz\u00f3 su carrera profesional como pastor, se desempe\u00f1\u00f3 como secretario ejecutivo asociado de la antigua Junta de Educaci\u00f3n Menonita, presidente de Hesston College y presidente de la Universidad Menonita del Este. \u00c9l y Pat fueron compa\u00f1eros de clase en la Escuela Menonita de Iowa (Hillcrest\u2026)<\/p>","protected":false},"author":4,"featured_media":10099,"parent":74,"menu_order":0,"comment_status":"closed","ping_status":"closed","template":"","meta":{"_acf_changed":false,"footnotes":""},"class_list":["post-10039","page","type-page","status-publish","has-post-thumbnail","hentry"],"acf":[],"_links":{"self":[{"href":"https:\/\/www.easternmennonite.org\/es\/wp-json\/wp\/v2\/pages\/10039","targetHints":{"allow":["GET"]}}],"collection":[{"href":"https:\/\/www.easternmennonite.org\/es\/wp-json\/wp\/v2\/pages"}],"about":[{"href":"https:\/\/www.easternmennonite.org\/es\/wp-json\/wp\/v2\/types\/page"}],"author":[{"embeddable":true,"href":"https:\/\/www.easternmennonite.org\/es\/wp-json\/wp\/v2\/users\/4"}],"replies":[{"embeddable":true,"href":"https:\/\/www.easternmennonite.org\/es\/wp-json\/wp\/v2\/comments?post=10039"}],"version-history":[{"count":3,"href":"https:\/\/www.easternmennonite.org\/es\/wp-json\/wp\/v2\/pages\/10039\/revisions"}],"predecessor-version":[{"id":78460,"href":"https:\/\/www.easternmennonite.org\/es\/wp-json\/wp\/v2\/pages\/10039\/revisions\/78460"}],"up":[{"embeddable":true,"href":"https:\/\/www.easternmennonite.org\/es\/wp-json\/wp\/v2\/pages\/74"}],"wp:featuredmedia":[{"embeddable":true,"href":"https:\/\/www.easternmennonite.org\/es\/wp-json\/wp\/v2\/media\/10099"}],"wp:attachment":[{"href":"https:\/\/www.easternmennonite.org\/es\/wp-json\/wp\/v2\/media?parent=10039"}],"curies":[{"name":"gracias","href":"https:\/\/api.w.org\/{rel}","templated":true}]}}