{"id":10116,"date":"2019-04-02T10:39:17","date_gmt":"2019-04-02T14:39:17","guid":{"rendered":"https:\/\/emsdev.clayshowalter.com\/?page_id=10116"},"modified":"2026-01-12T10:05:38","modified_gmt":"2026-01-12T15:05:38","slug":"alumni-awards","status":"publish","type":"page","link":"https:\/\/www.easternmennonite.org\/es\/alumni\/alumni-awards\/","title":{"rendered":"Celebrando las historias de antiguos alumnos"},"content":{"rendered":"<a href=\"https:\/\/forms.gle\/xspLNnzw7UkoqLxX7\" target=\"_blank\" rel=\"noopener\">\n\t\t\t\t\t\t\t\u00a1Nomina una historia de exalumno para celebrar!\n\t\t\t\t\t<\/a>\n\t<h2><strong>\u00bfPor qu\u00e9 compartimos historias de exalumnos en EMS?<\/strong> <\/h2>\n<p>Celebramos las historias de exalumnos para escuchar sus trayectorias desde la preparatoria y para inspirarnos. Los exalumnos de EMS nos alientan a trav\u00e9s de:<\/p>\n<ul>\n<li>Vidas de servicio<\/li>\n<li>contribuciones profesionales<\/li>\n<li>Encarnaci\u00f3n del amor de Jes\u00fas<\/li>\n<li>compromiso comunitario<\/li>\n<\/ul>\n<p>Compartir historias puede inspirar a otros a llevar vidas significativas que se unan a la obra de Dios en el mundo.<\/p>\n<p>Acomp\u00e1\u00f1ennos al desayuno del s\u00e1bado durante la fiesta de bienvenida para celebrar estas historias juntos. El proceso de nominaci\u00f3n es f\u00e1cil si desean nominar a un compa\u00f1ero, a un profesor o a s\u00ed mismos.<\/p>\n\t<h3>\u00a1Env\u00ede su nominaci\u00f3n antes del 31 de marzo!<\/h3>\n<p>EMS agradece sugerencias de historias de exalumnos, as\u00ed como de ex profesores y personal, para celebrar. No es necesario que las presentaciones encajen en una categor\u00eda particular. La fecha l\u00edmite para las nominaciones es el 31 de marzo. El comit\u00e9 revisa las nominaciones a principios de cada a\u00f1o y finaliza las selecciones antes del 1 de mayo para su reconocimiento el oto\u00f1o siguiente. <strong>Buscamos especialmente nominados de los a\u00f1os de clase que terminan en 6 y 1 para su reconocimiento en octubre de 2026 en la fiesta de bienvenida.<\/strong><\/p>\n<p>Complete la <a href=\"https:\/\/forms.gle\/xspLNnzw7UkoqLxX7\" target=\"_blank\" rel=\"noopener\">online form<\/a>, email <a href=\"mailto:alumni@easternmennonite.org?subject=Alumni%20award%20nomination&amp;body=I%20would%20like%20to%20nominate%20the%20following%20person%20to%20be%20recognized%20by%20the%20EMHS%20Alumni%20Association%20because...\">alumni@easternmennonite.org,<\/a> o escriba una carta a la Oficina de Antiguos Alumnos, 801 Parkwood Drive, Harrisonburg, Va., 22801.<\/p>\n\t<h2>Celebrando a los exalumnos en la fiesta de bienvenida &#039;25<\/h2>\n<p>Haga clic en la imagen para leer la historia<\/p>\n\t\t\t\t<a href=\"https:\/\/www.easternmennonite.org\/es\/2025\/08\/alumni-stories-rolando-santiago-75\/\"  target=\"_self\" itemprop=\"url\">\n\t\t\t\t<img decoding=\"async\" src=\"https:\/\/www.easternmennonite.org\/wp-content\/uploads\/2025\/08\/IMG-20250710-Rolando-headshot-1.1-290x300.jpg\" alt=\"Rolando Santiago &#039;75\" itemprop=\"image\" height=\"300\" width=\"290\" title=\"Rolando Santiago &#039;75\" onerror=\"this.style.display='none'\" loading=\"lazy\" \/>\n\t\t\t\t<\/a>\n\t\tRolando Santiago &#039;75\n\t\t\t\t<a href=\"https:\/\/www.easternmennonite.org\/es\/2025\/08\/alumni-stories-wendy-wenger-95-hochstedler\/\"  target=\"_self\" itemprop=\"url\">\n\t\t\t\t<img decoding=\"async\" src=\"https:\/\/www.easternmennonite.org\/wp-content\/uploads\/2025\/08\/Untitled-design-4-300x300.png\" alt=\"Wendy Wenger &#039;95 Hochstedler\" itemprop=\"image\" height=\"300\" width=\"300\" title=\"Dise\u00f1o sin t\u00edtulo (4)\" onerror=\"this.style.display='none'\" loading=\"lazy\" \/>\n\t\t\t\t<\/a>\n\t\tWendy Wenger &#039;95 Hochstedler\n\t\t\t\t<a href=\"https:\/\/www.easternmennonite.org\/es\/2025\/08\/alumni-stories-everett-brubaker-10\/\"  target=\"_self\" itemprop=\"url\">\n\t\t\t\t<img decoding=\"async\" src=\"https:\/\/www.easternmennonite.org\/wp-content\/uploads\/2025\/08\/unnamed-1-300x300.jpg\" alt=\"Everett Brubaker &#039;10\" itemprop=\"image\" height=\"300\" width=\"300\" title=\"Everett Brubaker &#039;10\" onerror=\"this.style.display='none'\" loading=\"lazy\" \/>\n\t\t\t\t<\/a>\n\t\tEverett Brubaker &#039;10\n\t<h2>Historias que hemos celebrado<\/h2>\n\t<strong>Celebrando las historias de antiguos alumnos<\/strong>\n2025 &#8212;\u00a0 <a href=\"https:\/\/www.easternmennonite.org\/es\/2025\/08\/alumni-stories-everett-brubaker-10\/\">Everett Brubaker &#039;10<\/a>, <a href=\"https:\/\/www.easternmennonite.org\/es\/2025\/08\/alumni-stories-wendy-wenger-95-hochstedler\/\">Wendy Wenger &#039;95 Hochstedler<\/a>, <a href=\"https:\/\/www.easternmennonite.org\/es\/2025\/08\/alumni-stories-rolando-santiago-75\/\">Rolando Santiago &#039;75<\/a>\n2024 &#8212; <a href=\"https:\/\/www.easternmennonite.org\/es\/2024\/08\/celebrating-alumni-stories-james-souder\/\">James Souder &#039;09<\/a>, <a href=\"https:\/\/www.easternmennonite.org\/es\/2024\/08\/celebrating-alumni-stories-ashley-sauder-miller\/\">Ashley Sauder &#039;99 Miller<\/a>, <a href=\"https:\/\/www.easternmennonite.org\/es\/2024\/08\/celebrating-alumni-stories-h-michael-shenk\/\">H. Michael Shenk &#039;49<\/a>\n2023 &#8212; <a href=\"https:\/\/www.easternmennonite.org\/es\/2023\/09\/celebrating-alumni-stories-hannah-depoy\/\">Hannah DePoy &#039;03<\/a>; <a href=\"https:\/\/www.easternmennonite.org\/es\/2023\/09\/celebrating-alumni-stories\/\">Peter Fairfield, Dan Steller y David Wingfield &#039;98<\/a>; <a href=\"https:\/\/www.easternmennonite.org\/es\/2023\/09\/celebrating-alumni-stories-david-mumaw\/\">Dave Mumaw &#039;58<\/a>\n2022 &#8212; <a href=\"https:\/\/www.easternmennonite.org\/facultystaff\/seneika-cline\/\">Janelle Cunalata &#039;02 <\/a>,<a href=\"https:\/\/www.easternmennonite.org\/es\/2022\/07\/celebrating-alumni-stories-carl-stauffer-82\/\"> Carl Stauffer &#039;82<\/a>, <a href=\"https:\/\/www.easternmennonite.org\/es\/2022\/07\/celebrating-alumni-stories-ethan-zook-72\/\">Ethan Zook &#039;72<\/a>\n2021 &#8212; <a href=\"https:\/\/www.easternmennonite.org\/es\/2021\/08\/celebrating-alumni-stories-john-66-and-kathryn-stoltzfus-66-fairfield\/\">John y Kathryn Fairfield &#039;66<\/a>, <a href=\"https:\/\/www.easternmennonite.org\/es\/2021\/08\/celebrating-alumni-stories-justin-weirich-06-do\/\">Justin Weirich &#039;06<\/a>\n<strong>Premiados por servicio de por vida<\/strong>\n2020 &#8212; <a href=\"https:\/\/www.easternmennonite.org\/es\/2020\/08\/keith-and-ellen-helmuth-class-of-55-honored-with-lifetime-service-award\/\">Keith y Ellen Helmuth &#039;55<\/a>\n2019 &#8212; <a href=\"https:\/\/www.easternmennonite.org\/es\/2019\/08\/richard-shue-69-named-lifetime-service-award-recipient\/\">Richard Shue &#039;69<\/a>\n2018 &#8212;<a href=\"https:\/\/www.easternmennonite.org\/es\/2018\/10\/the-difference-a-teacher-can-make-j-ernest-martin-lifetime-service-award-winner\/\">\u00a0J. Ernesto Mart\u00edn &#039;63<\/a>\n2017 - Dr. Robert Eshleman &#039;52 2016 - Miriam Mumaw &#039;56 2015 - Ron Brown &#039;70 2013 - Edward Stoltzfus &#039;48 2012 - Sam &#039;52 y Sarah &#039;52 Weaver 2011 - Steve &#039;66 y Elsie Weaver &#039;66 2010 - Eugene Diener &#039; 60 2009 \u2014 Willard \u201cBill\u201d Helmuth &#039;58 2008 \u2014 Milton &#039;53 y Mary Ethel &#039;55 Heatwole 2007 \u2014 George R. Brunk III &#039;52 2006 \u2014 Willard Heatwole &#039;51 2005 \u2014 John Lederach &#039;50 2004 \u2014 Glendon L. Blosser &#039;47 2003 \u2014 Mary Katherine Diputada Brubaker &#039;32 2002 \u2014 J. Alton Horst &#039;42\n\t<p><strong>Destinatarios del Alumno del A\u00f1o<\/strong><\/p>\n2019 &#8212; <a href=\"https:\/\/www.easternmennonite.org\/es\/2019\/09\/richmond-architect-lori-snyder-79-garrett-named-alumnus-of-the-year\/\">Lori Snyder &#039;79 Garrett<\/a>\n2018 &#8212;\u00a0<a href=\"https:\/\/www.easternmennonite.org\/es\/2018\/09\/shaping-lives-through-music-hostetter-named-emhs-alumnus-of-the-year\/\">Janet Heatwole &#039;83 presentadora<\/a>\n2017 - Beryl Jantzi &#039;77 2016 - Tim Brenneman &#039;76 2015 - Joseph Longacher &#039;55 2014 - Earl Burkholder &#039;64 2013 - Harry Kraus, Jr. &#039;78 2012 - Titus Peachey &#039;67 2011 - LuAnn Miller &#039;81 Bender 2010 - Aletha Stahl &#039;85 2009 - Becky Stoltzfus &#039;79 2008 - Carol Schrock &#039;73 Jordan 2007 - Lawrence E. Ressler &#039;72 2006 - Ken &#039;56 y Kass Seitz &#039;56 2005 - John W. Miller &#039;45 2004 - Esther Kniss &#039;49 Augsburger 2003 - Harry Kraus, Sr., MD &#039;43 2002 - Paul D. &#039;59 y Carol D. &#039;59 Yoder 2001 - D. Rohrer Eshleman &#039;41 y Phillip Guengerich &#039;66 2000 - Don Jacobs &#039;45 y Eugene Souder &#039;45 1999 - Dwight &#039;39 y Ellen &#039;43 Hartman 1998 - Eugene Stoltzfus &#039;58 1997 - John A. Lapp &#039;50 1996 - J. Lester Brubaker &#039;42 1995 - George &#039;30 y Margaret &#039;29 Brunk 1994 - Nate Miller &#039;60 1993 - Harold &#039;29 &amp; Arlene Heatwole &#039;26 Eshleman 1992 \u2014 J. Daryl Byler &#039;74\n\t<strong>Community Engagement Award<\/strong>\n2020 &#8212; <a href=\"https:\/\/www.easternmennonite.org\/es\/2020\/08\/journalist-andrew-jenner-00-honored-with-2020-community-engagement-award\/\">Andrew Jenner &#039;00<\/a>\n2019 &#8212; <a href=\"https:\/\/www.easternmennonite.org\/es\/2019\/09\/restauranteur-and-entrepeneur-kirsten-nafziger-89-moore-honored-with-community-engagement-award\/\">Kirsten Nafziger &#039;89 Moore<\/a>\n\t\t\t\t<img decoding=\"async\" src=\"https:\/\/www.easternmennonite.org\/wp-content\/uploads\/2019\/08\/kirsten-1.jpg\" alt=\"Kirsten Nafziger &#039;89 Moore, Community Engagement Award 2019\" itemprop=\"image\" height=\"2700\" width=\"1800\" title=\"kirsten (1)\" onerror=\"this.style.display='none'\" loading=\"lazy\" \/>\n\t\tKirsten Nafziger &#039;89 Moore, Premio a la participaci\u00f3n comunitaria 2019\n\t\t\t\t<img decoding=\"async\" src=\"https:\/\/www.easternmennonite.org\/wp-content\/uploads\/2020\/08\/fam-1.jpg\" alt=\"Andrew Jenner &#039;00, Community Engagement Award in 2020, with Rachel and their children.\" itemprop=\"image\" height=\"1292\" width=\"1938\" title=\"Andrew Jenner\" onerror=\"this.style.display='none'\" loading=\"lazy\" \/>\n\t\tAndrew Jenner &#039;00, Premio a la Participaci\u00f3n Comunitaria en 2020, con Rachel y sus hijos.\n\t\t\t\t<img decoding=\"async\" src=\"https:\/\/www.easternmennonite.org\/wp-content\/uploads\/2019\/01\/Alum_of_the_year__Janet_Hostetter_from_EMU.jpg\" alt=\"Shenandoah Valley Children&#039;s Choir under the direction of Janet Hostetler (EMHS class of 1983).\" itemprop=\"image\" height=\"667\" width=\"1000\" title=\"Alumna_del_a\u00f1o__Janet_Hostetter_de_EMU\" onerror=\"this.style.display='none'\" loading=\"lazy\" \/>\n\t\tJanet Hostetler &#039;83, Alumna del A\u00f1o 2018. Coro de Ni\u00f1os del Valle de Shenandoah bajo la direcci\u00f3n de Hostetler.\n<p><strong>Premiados J\u00f3venes Alumnos<\/strong><\/p>\n2018 &#8212; <a href=\"https:\/\/www.easternmennonite.org\/es\/2018\/09\/steps-out-of-comfort-zone-lead-nathan-hershberger-to-young-alum-award-2018\/\">Nathan Hershberger &#039;08<\/a>\n2017 - Matt Weaver &#039;92 2016 - Obe Hostetter &#039;96 2015 - Allison Yoder &#039;00 Seabeck 2014 - Laura Bomberger &#039;04 2013 - Rev. Alexander MacPhail &#039;93 2012 - Jan Emswiler &#039;92 2011 - Alicia Horst &#039;96 2010 - Amy Glick &#039; 90 2009 \u2014 Emily Troyer Mellet &#039;99 2008 \u2014 Timothy Heatwole Shenk &#039;03\n<p>&nbsp;<\/p>\n\t\t\t\t<img decoding=\"async\" src=\"https:\/\/www.easternmennonite.org\/wp-content\/uploads\/2018\/09\/credit_Joel_Carillet.jpg\" alt=\"Nathan Hershberger &#039;08, Young Alum of the Year2018, with his wife Katilin Heatwole and Leo on the roof of their house in Ankawa, Iraq. Photo by Joel Carillett.\" itemprop=\"image\" height=\"1143\" width=\"1600\" title=\"cr\u00e9dito_Joel_Carillet\" onerror=\"this.style.display='none'\" loading=\"lazy\" \/>\n\t\tNathan Hershberger &#039;08, joven alumno del a\u00f1o 2018, con su esposa Katilin Heatwole y Leo en el techo de su casa en Ankawa, Irak. Foto de Joel Carillett.\n\t\t\t\t<img decoding=\"async\" src=\"https:\/\/www.easternmennonite.org\/wp-content\/uploads\/2019\/10\/IMG_8439.jpg\" alt=\"Lori Snyder &#039;74 Garrett with Esther Augsburger, her art teacher who set her on a path toward a career in architecture\" itemprop=\"image\" height=\"2333\" width=\"3500\" title=\"IMG_8439\" onerror=\"this.style.display='none'\" loading=\"lazy\" \/>\n\t\tLori Snyder &#039;74 Garrett con Esther Augsburger, su profesora de arte que la encamin\u00f3 hacia una carrera en arquitectura","protected":false},"excerpt":{"rendered":"<p>Nominate an Alumni Story to Celebrate! Why do we share alumni stories at EMS? We celebrate alumni stories to hear each others&#8217; journeys since high school and to be inspired. EMS alumni encourage us through: lives of service professional contributions embodiment of the love of Jesus community engagement Sharing stories can inspire others to lead&hellip;<\/p>","protected":false},"author":4,"featured_media":10125,"parent":9802,"menu_order":0,"comment_status":"closed","ping_status":"closed","template":"","meta":{"_acf_changed":false,"footnotes":""},"class_list":["post-10116","page","type-page","status-publish","has-post-thumbnail","hentry"],"acf":[],"_links":{"self":[{"href":"https:\/\/www.easternmennonite.org\/es\/wp-json\/wp\/v2\/pages\/10116","targetHints":{"allow":["GET"]}}],"collection":[{"href":"https:\/\/www.easternmennonite.org\/es\/wp-json\/wp\/v2\/pages"}],"about":[{"href":"https:\/\/www.easternmennonite.org\/es\/wp-json\/wp\/v2\/types\/page"}],"author":[{"embeddable":true,"href":"https:\/\/www.easternmennonite.org\/es\/wp-json\/wp\/v2\/users\/4"}],"replies":[{"embeddable":true,"href":"https:\/\/www.easternmennonite.org\/es\/wp-json\/wp\/v2\/comments?post=10116"}],"version-history":[{"count":3,"href":"https:\/\/www.easternmennonite.org\/es\/wp-json\/wp\/v2\/pages\/10116\/revisions"}],"predecessor-version":[{"id":78439,"href":"https:\/\/www.easternmennonite.org\/es\/wp-json\/wp\/v2\/pages\/10116\/revisions\/78439"}],"up":[{"embeddable":true,"href":"https:\/\/www.easternmennonite.org\/es\/wp-json\/wp\/v2\/pages\/9802"}],"wp:featuredmedia":[{"embeddable":true,"href":"https:\/\/www.easternmennonite.org\/es\/wp-json\/wp\/v2\/media\/10125"}],"wp:attachment":[{"href":"https:\/\/www.easternmennonite.org\/es\/wp-json\/wp\/v2\/media?parent=10116"}],"curies":[{"name":"gracias","href":"https:\/\/api.w.org\/{rel}","templated":true}]}}