{"id":15092,"date":"2019-04-10T11:05:20","date_gmt":"2019-04-10T15:05:20","guid":{"rendered":"https:\/\/www.easternmennonite.org\/?page_id=15092"},"modified":"2024-07-23T15:07:26","modified_gmt":"2024-07-23T19:07:26","slug":"financial-aid-appeals","status":"publish","type":"page","link":"https:\/\/www.easternmennonite.org\/es\/financial-aid-appeals\/","title":{"rendered":"Apelaciones de ayuda financiera"},"content":{"rendered":"<p>EMS desea dar la bienvenida a todos los estudiantes cuyas familias creen que EMS es la mejor opci\u00f3n para sus estudiantes y que est\u00e1n listos para invertir en la oportunidad. EMS tambi\u00e9n se esfuerza por distribuir la ayuda financiera de manera justa y consistente, para que todos tengan las mismas oportunidades y al mismo tiempo mantener s\u00f3lida la salud fiscal general de la escuela.<\/p>\n<p>Nuestros paquetes de ayuda son cuidadosamente evaluados por nuestra oficina comercial. La ayuda es posible gracias a generosos donantes. Est\u00e1 disponible mediante un discernimiento cuidadoso utilizando un proceso de solicitud de ayuda financiera de terceros y otras variables como se explica en nuestra <a href=\"https:\/\/www.easternmennonite.org\/es\/admissions\/variable-tuition-and-aid\/\">matr\u00edculas<\/a>.<\/p>\n<p>Estamos abiertos a escuchar apelaciones para la revisi\u00f3n de paquetes de ayuda. La apelaci\u00f3n ser\u00e1 revisada por la oficina comercial y personal adicional que tiene acceso al panorama general de la salud financiera de la escuela.<\/p>\n<p>Para apelar, por favor complete <a href=\"https:\/\/docs.google.com\/forms\/d\/1Qm2CkVg9dBAkDGFDkSwRxN0HrH-MNvJoEE3InZTLdhY\/edit?ts=5cad5065\"><strong>este formulario<\/strong><\/a>.<\/p>\n<p>El comit\u00e9 de apelaciones se comunicar\u00e1 con usted con una respuesta o una solicitud para una reuni\u00f3n cara a cara dentro de una semana de la presentaci\u00f3n de la apelaci\u00f3n.<\/p>\n<a href=\"https:\/\/www.easternmennonite.org\/facultystaff\/michael-stoltzfus\/\">Mike Stoltzfus<\/a><br \/>\nDirector de asuntos comerciales","protected":false},"excerpt":{"rendered":"<p>EMS desea dar la bienvenida a todos los estudiantes cuyas familias creen que EMS es la mejor opci\u00f3n para sus estudiantes y que est\u00e1n listos para invertir en la oportunidad. EMS tambi\u00e9n se esfuerza por distribuir la ayuda financiera de manera justa y consistente, para que todos tengan las mismas oportunidades y al mismo tiempo mantener s\u00f3lida la salud fiscal general de la escuela. Nuestros paquetes de ayuda...<\/p>","protected":false},"author":4,"featured_media":0,"parent":0,"menu_order":0,"comment_status":"closed","ping_status":"closed","template":"","meta":{"_acf_changed":false,"footnotes":""},"class_list":["post-15092","page","type-page","status-publish","hentry"],"acf":[],"_links":{"self":[{"href":"https:\/\/www.easternmennonite.org\/es\/wp-json\/wp\/v2\/pages\/15092","targetHints":{"allow":["GET"]}}],"collection":[{"href":"https:\/\/www.easternmennonite.org\/es\/wp-json\/wp\/v2\/pages"}],"about":[{"href":"https:\/\/www.easternmennonite.org\/es\/wp-json\/wp\/v2\/types\/page"}],"author":[{"embeddable":true,"href":"https:\/\/www.easternmennonite.org\/es\/wp-json\/wp\/v2\/users\/4"}],"replies":[{"embeddable":true,"href":"https:\/\/www.easternmennonite.org\/es\/wp-json\/wp\/v2\/comments?post=15092"}],"version-history":[{"count":0,"href":"https:\/\/www.easternmennonite.org\/es\/wp-json\/wp\/v2\/pages\/15092\/revisions"}],"wp:attachment":[{"href":"https:\/\/www.easternmennonite.org\/es\/wp-json\/wp\/v2\/media?parent=15092"}],"curies":[{"name":"gracias","href":"https:\/\/api.w.org\/{rel}","templated":true}]}}