{"id":17,"date":"2019-01-09T01:13:32","date_gmt":"2019-01-09T06:13:32","guid":{"rendered":"https:\/\/digpants.com\/ros\/?page_id=17"},"modified":"2026-04-23T09:36:17","modified_gmt":"2026-04-23T13:36:17","slug":"homepage","status":"publish","type":"page","link":"https:\/\/www.easternmennonite.org\/es\/","title":{"rendered":"P\u00e1gina principal"},"content":{"rendered":"<h1><a title=\"Comienza tu viaje hoy.\" href=\"https:\/\/easternmennonite.myschoolapp.com\/app\/embed?svcid=edu#inquiry\/47694\" target=\"_self\"> Comienza tu viaje hoy. <\/a><\/h1>\r\n<p><a href=\"https:\/\/easternmennonite.myschoolapp.com\/app\/embed?svcid=edu#inquiry\/47694\" target=\"_self\"> PROGRAMAR UNA VISITA <\/a><\/p>\r\n<h3>\u00danete a NUESTRO K-12<br \/>Comunidad<\/h3>\r\n<p><a href=\"https:\/\/www.easternmennonite.org\/es\/academics\/elementary-school\/\" target=\"_self\"> Elemental <\/a> <a href=\"https:\/\/www.easternmennonite.org\/es\/academics\/middle-school\/\" target=\"_self\"> Escuela Intermedia <\/a> <a href=\"https:\/\/www.easternmennonite.org\/es\/academics\/high-school\/\" target=\"_self\"> Escuela Secundaria <\/a><\/p>\r\n<h3>Noticias<\/h3>\r\n<h4><a title=\"view all &gt;\" href=\"https:\/\/www.easternmennonite.org\/es\/about\/news\/\" target=\"_self\"> ver todo &gt; <\/a><\/h4>\r\n<h3>Eventos<\/h3>\r\n<h4><a title=\"view all &gt;\" href=\"https:\/\/www.easternmennonite.org\/es\/about\/calendar\/\" target=\"_self\"> ver todo &gt; <\/a><\/h4>\r\n<ul  class=\"eo-events eo-events-shortcode\"><li class=\"eo-event-cat-ems-school eo-event-future\"> Puede <br \/>5 <\/p>\r\n<p>Examen de Geograf\u00eda Humana AP<\/p>\r\n<p>8:00 am \u00bb<\/p>\r\n<p><\/li><li class=\"eo-event-cat-ems-school eo-event-future\"> Puede <br \/>5 <\/p>\r\n<p>Examen de qu\u00edmica AP<\/p>\r\n<p>8:00 am \u00bb<\/p>\r\n<p><\/li><li class=\"eo-event-cat-chapel eo-event-future\"> Puede <br \/>5 <\/p>\r\n<p>Class Meetings<\/p>\r\n<p>10:00 horas \u00bb<\/p>\r\n<p><\/li><li class=\"eo-event-cat-golf eo-event-future\"> Puede <br \/>5 <\/p>\r\n<p>GLF CV Home OPEN (Partido del Campeonato BRAC \u2013 Heritage Oaks)<\/p>\r\n<p>11:00 am  \u00bb<\/p>\r\n<p><\/li><li class=\"eo-event-cat-senior-presentations eo-event-future\"> Puede <br \/>5 <\/p>\r\n<p>Presentaci\u00f3n de \u00faltimo a\u00f1o (Willem Kishbaugh)<\/p>\r\n<p>6:30 pm  \u00bb<\/p>\r\n<p><\/li><li class=\"eo-event-cat-senior-presentations eo-event-future\"> Puede <br \/>5 <\/p>\r\n<p>Presentaci\u00f3n para estudiantes de \u00faltimo a\u00f1o (Mia Gredler)<\/p>\r\n<p>7:00 pm &quot;<\/p>\r\n<p><\/li><\/ul>\r\n<h3><a title=\"Atletismo\" href=\"https:\/\/www.easternmennonite.org\/es\/athletics\/\" target=\"_self\"> Atletismo <\/a><\/h3>\r\n<figure><a href=\"https:\/\/www.easternmennonite.org\/es\/athletics\/\" target=\"_self\"> <img loading=\"lazy\" decoding=\"async\" title=\"ems_athletics_logo\" src=\"https:\/\/www.easternmennonite.org\/wp-content\/uploads\/2019\/03\/ems_athletics_logo.png\" alt=\"ems_athletics_logo\" width=\"792\" height=\"460\" \/> <\/a><\/figure>\r\n<p><a href=\"https:\/\/www.easternmennonite.org\/es\/athletics\/\" target=\"_self\">horario &gt;<\/a><\/p>","protected":false},"excerpt":{"rendered":"<p>Reservado por Mia Gredler mia.gredler@emhs.net<\/p>","protected":false},"author":1,"featured_media":0,"parent":0,"menu_order":0,"comment_status":"closed","ping_status":"closed","template":"","meta":{"_acf_changed":false,"footnotes":""},"class_list":["post-17","page","type-page","status-publish","hentry"],"acf":[],"_links":{"self":[{"href":"https:\/\/www.easternmennonite.org\/es\/wp-json\/wp\/v2\/pages\/17","targetHints":{"allow":["GET"]}}],"collection":[{"href":"https:\/\/www.easternmennonite.org\/es\/wp-json\/wp\/v2\/pages"}],"about":[{"href":"https:\/\/www.easternmennonite.org\/es\/wp-json\/wp\/v2\/types\/page"}],"author":[{"embeddable":true,"href":"https:\/\/www.easternmennonite.org\/es\/wp-json\/wp\/v2\/users\/1"}],"replies":[{"embeddable":true,"href":"https:\/\/www.easternmennonite.org\/es\/wp-json\/wp\/v2\/comments?post=17"}],"version-history":[{"count":7,"href":"https:\/\/www.easternmennonite.org\/es\/wp-json\/wp\/v2\/pages\/17\/revisions"}],"predecessor-version":[{"id":79766,"href":"https:\/\/www.easternmennonite.org\/es\/wp-json\/wp\/v2\/pages\/17\/revisions\/79766"}],"wp:attachment":[{"href":"https:\/\/www.easternmennonite.org\/es\/wp-json\/wp\/v2\/media?parent=17"}],"curies":[{"name":"gracias","href":"https:\/\/api.w.org\/{rel}","templated":true}]}}