{"id":22019,"date":"2019-05-02T07:38:38","date_gmt":"2019-05-02T11:38:38","guid":{"rendered":"https:\/\/www.easternmennonite.org\/?page_id=22019"},"modified":"2024-08-28T14:19:38","modified_gmt":"2024-08-28T18:19:38","slug":"commencement2021","status":"publish","type":"page","link":"https:\/\/www.easternmennonite.org\/es\/commencement2021\/","title":{"rendered":"Comienzo 2021"},"content":{"rendered":"<h1>Comienzo 2021<\/h1>\n<p>&nbsp;<\/p>\n\t\t\t<a href=\"https:\/\/youtu.be\/AutQeB4E_no\" target=\"_blank\" rel=\"noopener\">\n\t\t\t\t\t\t\tV\u00eddeo de apertura\n\t\t\t\t\t<\/a>\n\t\t\t<a href=\"https:\/\/www.facebook.com\/tiffanyshowalterphotography\/\" target=\"_blank\" rel=\"noopener\">\n\t\t\t\t\t\t\tFotos adicionales disponibles aqu\u00ed\n\t\t\t\t\t<\/a>\n\t<p>Para ver y descargar o comprar im\u00e1genes mediante <a href=\"https:\/\/www.facebook.com\/tiffanyshowalterphotography\/\" target=\"_blank\" rel=\"noopener\">Tiffany Showalter Photography<\/a>, haga clic en el enlace de arriba y use el pin #2658.<\/p>\n\t\t\t\t<img decoding=\"async\" src=\"https:\/\/www.easternmennonite.org\/wp-content\/plugins\/bb-plugin\/img\/pixel.png\" alt=\"\" itemprop=\"image\" onerror=\"this.style.display='none'\"  \/>","protected":false},"excerpt":{"rendered":"<p>Graduaci\u00f3n 2021 Video de graduaci\u00f3n Fotos adicionales disponibles aqu\u00ed Para ver y descargar o comprar im\u00e1genes de Tiffany Showalter Photography, haga clic en el enlace de arriba y use el pin #2658.<\/p>","protected":false},"author":4,"featured_media":0,"parent":0,"menu_order":0,"comment_status":"closed","ping_status":"closed","template":"","meta":{"_acf_changed":false,"footnotes":""},"class_list":["post-22019","page","type-page","status-publish","hentry"],"acf":[],"_links":{"self":[{"href":"https:\/\/www.easternmennonite.org\/es\/wp-json\/wp\/v2\/pages\/22019","targetHints":{"allow":["GET"]}}],"collection":[{"href":"https:\/\/www.easternmennonite.org\/es\/wp-json\/wp\/v2\/pages"}],"about":[{"href":"https:\/\/www.easternmennonite.org\/es\/wp-json\/wp\/v2\/types\/page"}],"author":[{"embeddable":true,"href":"https:\/\/www.easternmennonite.org\/es\/wp-json\/wp\/v2\/users\/4"}],"replies":[{"embeddable":true,"href":"https:\/\/www.easternmennonite.org\/es\/wp-json\/wp\/v2\/comments?post=22019"}],"version-history":[{"count":0,"href":"https:\/\/www.easternmennonite.org\/es\/wp-json\/wp\/v2\/pages\/22019\/revisions"}],"wp:attachment":[{"href":"https:\/\/www.easternmennonite.org\/es\/wp-json\/wp\/v2\/media?parent=22019"}],"curies":[{"name":"gracias","href":"https:\/\/api.w.org\/{rel}","templated":true}]}}