{"id":23952,"date":"2024-04-14T11:00:39","date_gmt":"2024-04-14T15:00:39","guid":{"rendered":"https:\/\/www.easternmennonite.org\/?page_id=23952"},"modified":"2025-10-08T17:10:37","modified_gmt":"2025-10-08T21:10:37","slug":"reunions","status":"publish","type":"page","link":"https:\/\/www.easternmennonite.org\/es\/alumni\/homecoming\/reunions\/","title":{"rendered":"Reuniones de clase 2025"},"content":{"rendered":"<p>Cualquiera que sea la etapa de la vida, es bueno volver a conectar con personas que forman parte de tu historia. Apoyamos las reuniones de cinco a\u00f1os organizando un picnic el viernes por la noche y un desayuno el s\u00e1bado por la ma\u00f1ana, donde los grupos pueden reservar mesas para reunirse informalmente. Tambi\u00e9n ayudamos a los coordinadores de clase a comunicarse con sus compa\u00f1eros, proporcionar espacio gratuito en la escuela y compartir ideas para reuniones.<\/p>\n<p><strong>Detalles sobre las reuniones de las clases que terminan en 5 y 0 durante el regreso a casa de 2025 <\/strong>Se a\u00f1adir\u00e1n a continuaci\u00f3n conforme las recibamos. Salvo que se indique lo contrario, las fechas de &quot;viernes&quot; y &quot;s\u00e1bado&quot; son el 17 o 18 de octubre.<\/p>\n<p>Si tiene alguna pregunta o desea colaborar en la reuni\u00f3n de su promoci\u00f3n, p\u00f3ngase en contacto con <a href=\"mailto:alumni@easternmennonite.org\">alumni@easternmennonite.org<\/a> or phone 540-236-6025. <a href=\"https:\/\/www.easternmennonite.org\/facultystaff\/erin-kennedy-hess\/\">Erin Kennedy Hess<\/a> \u00a1est\u00e1 listo para ayudar!<\/p>\n\t<p>Su inscripci\u00f3n anticipada es especialmente \u00fatil ya que preparamos comida para el picnic de bienvenida, el viernes a las 5:00 p. m., y el desayuno de bienvenida, el s\u00e1bado a las 8:30 a. m.<\/p>\n\t\t\t\t<img decoding=\"async\" src=\"https:\/\/www.easternmennonite.org\/wp-content\/uploads\/2023\/10\/IMG_3299-150x150.jpg\" alt=\"Come to connect booklet and Hymn &quot;Bless&#039;d by the tie that binds&quot; sang at reunion breakfast\" itemprop=\"image\" height=\"150\" width=\"150\" title=\"Regreso a casa 2023\" onerror=\"this.style.display='none'\" loading=\"lazy\" \/>\n\t\t\t\t<img decoding=\"async\" src=\"https:\/\/www.easternmennonite.org\/wp-content\/uploads\/2024\/10\/EMS-Homecoming-ADV-2024-118-150x150.jpeg\" alt=\"EMS Homecoming ADV 2024-118\" itemprop=\"image\" height=\"150\" width=\"150\" title=\"EMS Homecoming ADV 2024-118\" onerror=\"this.style.display='none'\" loading=\"lazy\" \/>\n\t\t\t\t<img decoding=\"async\" src=\"https:\/\/www.easternmennonite.org\/wp-content\/uploads\/2024\/10\/Homecoming-full-set-unedited-1470-150x150.jpg\" alt=\"Soccer Fans\" itemprop=\"image\" height=\"150\" width=\"150\" title=\"Regreso a casa, colecci\u00f3n completa sin editar - 1470\" onerror=\"this.style.display='none'\" loading=\"lazy\" \/>\n\t\t\t<a href=\"https:\/\/www.easternmennonite.org\/es\/alumni\/homecoming\/\" target=\"_blank\" rel=\"noopener\">\n\t\t\t\t\t\t\tHorario de regreso a casa\n\t\t\t\t\t<\/a>\n\t\t\t<a href=\"https:\/\/www.easternmennonite.org\/es\/2021\/10\/class-reunions-a-dying-or-thriving-tradition\/\" target=\"_blank\" rel=\"noopener\">\n\t\t\t\t\t\t\t\u00bfPor qu\u00e9 las reuniones de clase?\n\t\t\t\t\t<\/a>\n\t\t\t<a href=\"https:\/\/app.dvforms.net\/api\/dv\/o8l3z4\" target=\"_blank\" rel=\"noopener\">\n\t\t\t\t\t\t\tReg\u00edstrate para la fiesta de bienvenida\n\t\t\t\t\t<\/a>\n\t<p><b>Clase de 2025: s\u00e1bado, <\/b>Visita a tus compa\u00f1eros en los partidos de voleibol o f\u00fatbol. EMS Advancement Office proporcionar\u00e1 aperitivos en el partido de f\u00fatbol. Coordinar con Erin Kennedy Hess, <em><a href=\"mailto:alumni@easternmennonite.org\" target=\"_blank\" rel=\"noopener\">alumni@easternmennonite.org<\/a><\/em><\/p>\n<p><b>Clase de 2020:<\/b> <strong>S\u00e1bado, EMS, 10:30 AM<\/strong>. Weather permitting, we will meet at the picnic tables by the auditorium. If there is bad weather, we will meet in the dining hall foyer. It&#8217;s been a long five years, but we made it! Come meet up with us and enjoy some snacks and reconnect with each other. We&#8217;ll chat for a bit before going to support volleyball and soccer in the afternoon. Coordinators, Meg Beyer, <a href=\"mailto:starshade3@gmail.com\">starshade3@gmail.com<\/a>y Bryse Vrolijk, <a href=\"mailto:bryse.vrolijk@gmail.com\">bryse.vrolijk@gmail.com<\/a>.<\/p>\n<p><b>Clase de 2015:<\/b> <strong>S\u00e1bado, de 6 a 8 p. m., EMS<\/strong> Sala de Ciencias del Consumidor Familiar (FCS). Traiga un plato para compartir. Kayla Sauder Zook ser\u00e1 la coordinadora de la reuni\u00f3n. Puede contactarla en <em><a href=\"mailto:kayla.sauder3@gmail.com\" target=\"_blank\" rel=\"noopener\">kayla.sauder3@gmail.com<\/a><\/em>.<\/p>\n<p><b>Clase de 2010: <\/b><strong>S\u00e1bado, de 13 a 15 horas, <a href=\"https:\/\/www.harrisonburgva.gov\/morrison-park\" target=\"_blank\" rel=\"noopener\">Parque Morrison<\/a><\/strong>Las familias son bienvenidas. <strong>De las 8 pm a cualquier hora, <a href=\"https:\/\/www.palefirebrewing.com\/\" target=\"_blank\" rel=\"noopener\">Compa\u00f1\u00eda cervecera Pale Fire<\/a><\/strong> Si tiene alguna pregunta, comun\u00edquese con Everett. Coordinadores: Everett Brubaker. <em><a href=\"mailto:evbrubaker@gmail.com\" target=\"_blank\" rel=\"noopener\">evbrubaker@gmail.com<\/a><\/em>, Kaitlyn Revercomb Hertzler y Rebecca Crist Shelly.<\/p>\n<p><b>Clase de 2005: s\u00e1bado, de 6 a 8 p. m., EMS Commons <\/b>(Antigua capilla). Disfrute de una comida ligera y reencuentrese con sus compa\u00f1eros. Coordinadora: Rachael Clemmer Charles.<\/p>\n\t<p><strong>Clase del 2000: s\u00e1bado, espacio de reuni\u00f3n EMES, de 5 a 7 p. m.<\/strong>Comida compartida. Coordinadoras: Joanna Souder Showalter, <a href=\"mailto:joanna.showalter@gmail.com\" target=\"_blank\" rel=\"noopener\"><em>joanna.showalter@gmail.com<\/em><\/a>y Travis Kisamore, <a href=\"mailto:kisamore90@gmail.com\" target=\"_blank\" rel=\"noopener\"><em>kisamore90@gmail.com<\/em><\/a>.<\/p>\n<b>Class of 1995: Friday, 5 &#8211; 6:30 PM, EMS Homecoming Picnic.<br \/>\nS\u00e1bado, de 6 a 8:30 p. m., comida compartida y espacio interior\/exterior. <\/b>Reuni\u00f3n en el Centro de Retiros Dhilkusha, a 15 minutos de Harrisonburg. Los coordinadores son Laura Castro, Obie Diener (202-734-1292) y Wendy Wenger Hochstedler. <a href=\"mailto:wwenger@gmail.com\" target=\"_blank\" rel=\"noopener\"><em>wwenger@gmail.com.<\/em><\/a>\n<p><b>Clase de 1990<\/b>: <strong>Viernes, 7 p.m.<\/strong>, <a href=\"https:\/\/illyriamediterranean.com\/\" target=\"_blank\" rel=\"noopener\">Restaurante Mediterr\u00e1neo Illyria<\/a>. Gather for hors d&#8217;oeuvres and catching up. $20 per person, $30 per couple. Cash bar. RSVP to Trevor, <em><a href=\"mailto:trevorparmer@gmail.com\" target=\"_blank\" rel=\"noopener\">trevorparmer@gmail.com<\/a>.<\/em><\/p>\n<p><b>Clase de 1985<\/b>: <strong>S\u00e1bado, 20 horas,<\/strong> <a href=\"https:\/\/www.sagebirdciderworks.com\/\" target=\"_blank\" rel=\"noopener\">F\u00e1brica de sidra Sage Bird<\/a>Porche trasero. Se podr\u00e1 comprar comida y bebida. Confirme su asistencia a Brad Yoder. <a href=\"mailto:bradley.yoder@gmail.com\" target=\"_blank\" rel=\"noopener\">bradley.yoder@gmail.com<\/a> o 412-443-8439.<\/p>\n<p><b>Clase de 1980<\/b>:\u00a0 <strong>S\u00e1bado, 10 a. m., Shady Oak Fellowship Hall<\/strong> at <a href=\"https:\/\/www.weaversmc.org\/\" target=\"_blank\" rel=\"noopener\">Weavers Mennonite Church<\/a>El coordinador es Bill Winkler, <a href=\"mailto:wdwinkler@verizon.net\" target=\"_blank\" rel=\"noopener\"><em>wdwinkler@verizon.net<\/em><\/a>.<\/p>\n<p><b>Clase de 1975: <strong>Saturday, 4 &#8211; 7 PM <a href=\"https:\/\/bluestonevineyard.com\/\" target=\"_blank\" rel=\"noopener\">Vi\u00f1edo de piedra azul<\/a>. <\/strong><\/b>Enjoy an evening of casual conversation, dining, and reminiscence. Whether you are attending or not, please send a couple photos of your life circumstances to Herb&#8217;s email so we can &#8220;see&#8221; you. Coordinators, Don Shank, Herb Weaver, <em><a href=\"mailto:herbweaverworks@gmail.com\" target=\"_blank\" rel=\"noopener\">herbweaverworks@gmail.com<\/a><\/em>, Joann Hershberger Henderson y Jim Herr.<\/p>\n\t<p><b>Class of 1970: Saturday, 10:30 AM &#8211; 1:30 PM @ John Augsburger &amp; Beverly Stauffer&#8217;s house for brunch. Sat, 5PM @ <a href=\"https:\/\/taste-of-thai.com\/index.html\" target=\"_blank\" rel=\"noopener\">Sabor tailand\u00e9s<\/a>. <\/b>Coordinadora Diana Suter Berkshire, 540-908-0003 o <em><a href=\"mailto:wdbshire1971@gmail.com\" target=\"_blank\" rel=\"noopener\">wdbshire1971@gmail.com<\/a><\/em>.<\/p>\n<p><b>Clase de 1965<\/b>: <strong>S\u00e1bado, de 1 a 3 p. m. en Fireplace Room en <a href=\"https:\/\/www.pvmchurch.org\/\" target=\"_blank\" rel=\"noopener\">Iglesia Menonita de Park View<\/a>. <\/strong>Disfrute de un refrigerio ligero. Contacte a Ken Lehman para confirmar su asistencia. <em><a href=\"mailto:klehman@hsc.edu\" target=\"_blank\" rel=\"noopener\">klehman@hsc.edu<\/a><\/em>. Coordinadores, Karen Eby Moyer, Ken Lehman y Kathie Weaver Kurtz.<\/p>\n<p><b>Clase de 1960<\/b>: <strong>S\u00e1bado, en EMS. <\/strong>Gather for the Homecoming Breakfast and continue visiting afterwards in the school&#8217;s faculty lounge, a light lunch will be served. Coordinator, Sandy Brunk Steiner, <em><a href=\"mailto:steinersk@gmail.com\">steinersk@gmail.com<\/a><\/em>.<\/p>\n<p><b>Clase de 1955<\/b>: <strong>S\u00e1bado, de 11 a 14 horas, a las <a href=\"https:\/\/harrisonburgmennonite.org\/\" target=\"_blank\" rel=\"noopener\">Harrisonburg Mennonite Church<\/a><\/strong>Almuerzo y tiempo para compartir. Los coordinadores son Joe Longacher, <a href=\"mailto:corjlong@yahoo.com\" target=\"_blank\" rel=\"noopener\"><em>corjlong@yahoo.com<\/em><\/a>, Joan Martin y Margaret Wenger.<\/p>\n<p><b>Clase de 1950<\/b>: <strong>S\u00e1bado, 8:30 a. m. Desayuno de bienvenida* en el comedor EMS.<\/strong> RSVP a Erin Kennedy Hess, 540-236-6025 o <em><a href=\"mailto:alumni@easternmennonite.org\">alumni@easternmennonite.org.<\/a><\/em><\/p>","protected":false},"excerpt":{"rendered":"<p>Cualquiera que sea la etapa de la vida, es bueno volver a conectar con personas que forman parte de tu historia. Apoyamos las reuniones de cinco a\u00f1os organizando un picnic el viernes por la noche y un desayuno el s\u00e1bado por la ma\u00f1ana, donde los grupos pueden reservar mesas para reunirse informalmente. Tambi\u00e9n ayudamos a los coordinadores de clase a comunicarse con los compa\u00f1eros, proporcionamos espacio gratuito en la escuela,\u2026<\/p>","protected":false},"author":4,"featured_media":0,"parent":9803,"menu_order":0,"comment_status":"closed","ping_status":"closed","template":"tpl-no-header-footer.php","meta":{"_acf_changed":false,"footnotes":""},"class_list":["post-23952","page","type-page","status-publish","hentry"],"acf":[],"_links":{"self":[{"href":"https:\/\/www.easternmennonite.org\/es\/wp-json\/wp\/v2\/pages\/23952","targetHints":{"allow":["GET"]}}],"collection":[{"href":"https:\/\/www.easternmennonite.org\/es\/wp-json\/wp\/v2\/pages"}],"about":[{"href":"https:\/\/www.easternmennonite.org\/es\/wp-json\/wp\/v2\/types\/page"}],"author":[{"embeddable":true,"href":"https:\/\/www.easternmennonite.org\/es\/wp-json\/wp\/v2\/users\/4"}],"replies":[{"embeddable":true,"href":"https:\/\/www.easternmennonite.org\/es\/wp-json\/wp\/v2\/comments?post=23952"}],"version-history":[{"count":6,"href":"https:\/\/www.easternmennonite.org\/es\/wp-json\/wp\/v2\/pages\/23952\/revisions"}],"predecessor-version":[{"id":77274,"href":"https:\/\/www.easternmennonite.org\/es\/wp-json\/wp\/v2\/pages\/23952\/revisions\/77274"}],"up":[{"embeddable":true,"href":"https:\/\/www.easternmennonite.org\/es\/wp-json\/wp\/v2\/pages\/9803"}],"wp:attachment":[{"href":"https:\/\/www.easternmennonite.org\/es\/wp-json\/wp\/v2\/media?parent=23952"}],"curies":[{"name":"gracias","href":"https:\/\/api.w.org\/{rel}","templated":true}]}}