{"id":26229,"date":"2019-12-30T11:37:35","date_gmt":"2019-12-30T16:37:35","guid":{"rendered":"https:\/\/www.easternmennonite.org\/?page_id=26229"},"modified":"2024-07-23T15:05:30","modified_gmt":"2024-07-23T19:05:30","slug":"a-decade-to-celebrate-2009-10-to-2019-20","status":"publish","type":"page","link":"https:\/\/www.easternmennonite.org\/es\/about\/news\/a-decade-to-celebrate-2009-10-to-2019-20\/","title":{"rendered":"Una d\u00e9cada para celebrar: 2009-10 a 2019-20"},"content":{"rendered":"<p>Entre 2009-10 y 2019-20, nuestra escuela experiment\u00f3 el amor de Dios de innumerables maneras... Celebrando un centenario; campa\u00f1as financiadas gracias a la generosidad de sus seguidores; proyectos de construcci\u00f3n completados y un edificio de escuela primaria ocupado; vidas moldeadas a trav\u00e9s de la tutor\u00eda, la oraci\u00f3n y la tutela de maestros atentos; relaciones de apoyo entre profesores y personal; La camarader\u00eda se construy\u00f3 a medida que los estudiantes crecieron como atletas, m\u00fasicos, artistas y l\u00edderes.<\/p>\n<p>Disfrute, a continuaci\u00f3n, 10 fotos de cada una de los \u00faltimos 10 a\u00f1os. Visita nuestro <strong><a href=\"https:\/\/www.facebook.com\/EasternMennoniteSchool\/\">Facebook page<\/a><\/strong> por decenas m\u00e1s.<\/p>\n<p><strong>\u00a1Damos gracias a Dios y anticipamos una nueva d\u00e9cada con emoci\u00f3n, esperanza y gratitud!\u00a0<\/strong><\/p>\n\t<h3>2019-20<\/h3>\n\t<h3>2018-19<\/h3>\n\t<h3>2017-18<\/h3>\n\t<h3>2016-17<\/h3>\n\t<h3>2015-16<\/h3>\n\t<h3>2014-15<\/h3>\n\t<h3>2013-14<\/h3>\n\t<h3>2012-13<\/h3>\n\t<h3>2011-12<\/h3>\n\t<h3>2010-11<\/h3>\n\t<h3>2009-10<\/h3>","protected":false},"excerpt":{"rendered":"<p>Entre 2009-10 y 2019-20, nuestra escuela experiment\u00f3 el amor de Dios de innumerables maneras... Celebrando un centenario; campa\u00f1as financiadas gracias a la generosidad de sus seguidores; proyectos de construcci\u00f3n completados y un edificio de escuela primaria ocupado; vidas moldeadas a trav\u00e9s de la tutor\u00eda, la oraci\u00f3n y la tutela de maestros atentos; relaciones de apoyo entre profesores y personal; camarader\u00eda construida a medida que los estudiantes crecieron como atletas, m\u00fasicos,...<\/p>","protected":false},"author":4,"featured_media":0,"parent":3365,"menu_order":0,"comment_status":"closed","ping_status":"closed","template":"","meta":{"_acf_changed":false,"footnotes":""},"class_list":["post-26229","page","type-page","status-publish","hentry"],"acf":[],"_links":{"self":[{"href":"https:\/\/www.easternmennonite.org\/es\/wp-json\/wp\/v2\/pages\/26229","targetHints":{"allow":["GET"]}}],"collection":[{"href":"https:\/\/www.easternmennonite.org\/es\/wp-json\/wp\/v2\/pages"}],"about":[{"href":"https:\/\/www.easternmennonite.org\/es\/wp-json\/wp\/v2\/types\/page"}],"author":[{"embeddable":true,"href":"https:\/\/www.easternmennonite.org\/es\/wp-json\/wp\/v2\/users\/4"}],"replies":[{"embeddable":true,"href":"https:\/\/www.easternmennonite.org\/es\/wp-json\/wp\/v2\/comments?post=26229"}],"version-history":[{"count":0,"href":"https:\/\/www.easternmennonite.org\/es\/wp-json\/wp\/v2\/pages\/26229\/revisions"}],"up":[{"embeddable":true,"href":"https:\/\/www.easternmennonite.org\/es\/wp-json\/wp\/v2\/pages\/3365"}],"wp:attachment":[{"href":"https:\/\/www.easternmennonite.org\/es\/wp-json\/wp\/v2\/media?parent=26229"}],"curies":[{"name":"gracias","href":"https:\/\/api.w.org\/{rel}","templated":true}]}}