{"id":26755,"date":"2020-01-27T16:29:12","date_gmt":"2020-01-27T21:29:12","guid":{"rendered":"https:\/\/www.easternmennonite.org\/?page_id=26755"},"modified":"2025-12-29T16:37:32","modified_gmt":"2025-12-29T21:37:32","slug":"scholarships","status":"publish","type":"page","link":"https:\/\/www.easternmennonite.org\/es\/admissions\/scholarships\/","title":{"rendered":"Becas"},"content":{"rendered":"<img decoding=\"async\" src=\"https:\/\/www.easternmennonite.org\/wp-content\/uploads\/2023\/04\/IMG_0784-1024x768.jpeg\" alt=\"Taos, New Mexico with Lizzy Miller and Jennifer Young\" itemprop=\"image\" height=\"768\" width=\"1024\" title=\"IMG_0784\" onerror=\"this.style.display='none'\" loading=\"lazy\" \/>\n\t\t\t\t<img decoding=\"async\" src=\"https:\/\/www.easternmennonite.org\/wp-content\/uploads\/2023\/05\/20230417_165125-1-1024x473.jpg\" alt=\"MDS E-term in Hurley, Va. Center left in pink shirt, Fortuna Chipeta. To her right in red is Lewis Yoder.\" itemprop=\"image\" height=\"473\" width=\"1024\" title=\"20230417_165125 (1)\" onerror=\"this.style.display='none'\" loading=\"lazy\" \/>\n\t\t\t\t<img decoding=\"async\" src=\"https:\/\/www.easternmennonite.org\/wp-content\/uploads\/2023\/06\/IMG_1005-1024x574.jpg\" alt=\"Andrew Lantz and Emily Hess shared reflections on the class of &#039;23 in their last chapel\" itemprop=\"image\" height=\"574\" width=\"1024\" title=\"IMG_1005\" onerror=\"this.style.display='none'\" loading=\"lazy\" \/>\n\t<p>Eastern Mennonite School se compromete a trabajar con las familias para que la asistencia a nuestra escuela sea lo m\u00e1s asequible posible, teniendo en cuenta que las familias est\u00e1n invirtiendo en el crecimiento y la educaci\u00f3n de sus hijos cuando pagan. <a href=\"https:\/\/www.easternmennonite.org\/es\/admissions\/variable-tuition-and-aid\/\">matr\u00edcula<\/a>.<\/p>\n<p><b>Fecha l\u00edmite para las becas: 15 de febrero (los beneficiarios ser\u00e1n notificados a partir de marzo)<\/b><\/p>\n<h3>Oportunidades de becas<\/h3>\n<ul>\n<li><a href=\"https:\/\/www.easternmennonite.org\/es\/admissions\/scholarships\/blauch-brothers-stem-scholarship\/\">Beca STEM de los hermanos Blauch*<\/a> recognizes qualifying high school students with interests in the fields of science, technology, engineering and mathematics along with students interested in vocational training.<\/li>\n<li><a href=\"https:\/\/www.easternmennonite.org\/es\/admissions\/scholarships\/leadership-scholarship\/\">Leadership Scholarships<\/a>\u00a0 reconoce a los estudiantes de los grados 9 a 12 que est\u00e1n desarrollando una conciencia de su \u201cllama\u201d interior \u00fanica: los talentos, intereses y dones que tienen para ofrecer al mundo.<\/li>\n<li><a href=\"https:\/\/www.easternmennonite.org\/es\/admissions\/scholarships\/multicultural-scholarship\/\">Beca multicultural<\/a>* reconoce el valor de la diversidad dentro de nuestro cuerpo estudiantil para ayudarnos a construir una comunidad de aprendizaje que refleje mejor nuestra \u00e1rea local.<\/li>\n<\/ul>\n<p><em>*<a href=\"https:\/\/studentfinancialaid.blackbaud.school\/\">Solicitud de ayuda financiera<\/a> se requiere.<\/em><\/p>\n<p>Los detalles y las pautas de aplicaci\u00f3n est\u00e1n disponibles en cada p\u00e1gina.<\/p>\n<p class=\"translation-block\">Comun\u00edquese con <a href=\"https:\/\/www.easternmennonite.org\/facultystaff\/chris-eberly\/\" target=\"_blank\" rel=\"noopener\">Chris Eberly<\/a> , gerente de la oficina comercial si tiene alguna pregunta.<\/p>\n<p><em>Descargo de responsabilidad: No se garantiza una beca por un a\u00f1o con el mismo nivel de financiaci\u00f3n para los a\u00f1os siguientes. Los estudiantes que asisten a la escuela secundaria y reciben financiaci\u00f3n para la matr\u00edcula de un plan de ayuda de una iglesia asociada y los estudiantes de empleados de EMS no son elegibles para estas becas. Tenga en cuenta que las solicitudes a menudo superan los fondos disponibles.<\/em><\/p>\n\t<p>\u201cSiempre me ha encantado ayudar a la gente porque me motiva en la vida para seguir adelante. No hay mejor sentimiento que la alegr\u00eda de que otros se sientan satisfechos despu\u00e9s de que se realiza un cambio\u201d. <em>\u2013 Estudiante de EMS, &#039;25<\/em><\/p>\n\t<p>\u201cHe experimentado de primera mano c\u00f3mo tener una actitud positiva impacta directamente en el liderazgo. En el equipo de f\u00fatbol de la escuela durante mi \u00e9poca de estudiante de primer a\u00f1o, el estudiante de \u00faltimo a\u00f1o me daba aliento positivo. Esto me hizo respetarlos m\u00e1s y me ayud\u00f3 a sentirme m\u00e1s seguro y a mejorar\u201d. \u2013<em>Estudiante de EMS, &#039;25<\/em><\/p>\n\t<p>\u201cComo l\u00edder, es importante comprender todos los puntos de vista en cualquier situaci\u00f3n. De esta manera comprender\u00e1s a los que te rodean\u201d. \u2013 Estudiante de EMS, &#039;26<\/p>","protected":false},"excerpt":{"rendered":"<p>Eastern Mennonite School is committed to working with families to make attendance at our school as affordable as possible, keeping in mind that families are investing in their child&#8217;s growth and education when they pay tuition. Deadline for Scholarships Feb. 15 (recipients will be notified starting in March) Scholarship Opportunities Blauch Brothers STEM Scholarship* recognizes&hellip;<\/p>","protected":false},"author":4,"featured_media":24085,"parent":75,"menu_order":0,"comment_status":"closed","ping_status":"closed","template":"","meta":{"_acf_changed":false,"footnotes":""},"class_list":["post-26755","page","type-page","status-publish","has-post-thumbnail","hentry"],"acf":[],"_links":{"self":[{"href":"https:\/\/www.easternmennonite.org\/es\/wp-json\/wp\/v2\/pages\/26755","targetHints":{"allow":["GET"]}}],"collection":[{"href":"https:\/\/www.easternmennonite.org\/es\/wp-json\/wp\/v2\/pages"}],"about":[{"href":"https:\/\/www.easternmennonite.org\/es\/wp-json\/wp\/v2\/types\/page"}],"author":[{"embeddable":true,"href":"https:\/\/www.easternmennonite.org\/es\/wp-json\/wp\/v2\/users\/4"}],"replies":[{"embeddable":true,"href":"https:\/\/www.easternmennonite.org\/es\/wp-json\/wp\/v2\/comments?post=26755"}],"version-history":[{"count":2,"href":"https:\/\/www.easternmennonite.org\/es\/wp-json\/wp\/v2\/pages\/26755\/revisions"}],"predecessor-version":[{"id":78349,"href":"https:\/\/www.easternmennonite.org\/es\/wp-json\/wp\/v2\/pages\/26755\/revisions\/78349"}],"up":[{"embeddable":true,"href":"https:\/\/www.easternmennonite.org\/es\/wp-json\/wp\/v2\/pages\/75"}],"wp:featuredmedia":[{"embeddable":true,"href":"https:\/\/www.easternmennonite.org\/es\/wp-json\/wp\/v2\/media\/24085"}],"wp:attachment":[{"href":"https:\/\/www.easternmennonite.org\/es\/wp-json\/wp\/v2\/media?parent=26755"}],"curies":[{"name":"gracias","href":"https:\/\/api.w.org\/{rel}","templated":true}]}}