{"id":26759,"date":"2020-01-28T10:21:09","date_gmt":"2020-01-28T15:21:09","guid":{"rendered":"https:\/\/www.easternmennonite.org\/?page_id=26759"},"modified":"2026-02-03T14:43:17","modified_gmt":"2026-02-03T19:43:17","slug":"blauch-brothers-stem-scholarship","status":"publish","type":"page","link":"https:\/\/www.easternmennonite.org\/es\/admissions\/scholarships\/blauch-brothers-stem-scholarship\/","title":{"rendered":"Beca STEM de Blauch Brothers"},"content":{"rendered":"<p>Esta beca est\u00e1 generosamente financiada por <a href=\"https:\/\/www.blauchbrothers.com\/\" target=\"_blank\" rel=\"noopener\">Contratistas mec\u00e1nicos Blauch Brothers de Harrisonburg, Virginia<\/a>.  Se dar\u00e1 preferencia a los estudiantes con cursos e inter\u00e9s anuales relacionados con STEM (ciencia, tecnolog\u00eda, ingenier\u00eda y matem\u00e1ticas), y <strong>especialmente a los que deseen explorar la formaci\u00f3n profesional en oficios<\/strong>.<\/p>\n<p>Los beneficiarios de la beca STEM de los hermanos Blauch recibir\u00e1n hasta $3.000 al a\u00f1o de descuento sobre el salario ordinario. <a href=\"https:\/\/www.easternmennonite.org\/es\/admissions\/variable-tuition-and-aid\/\">tasa de matr\u00edcula en la ense\u00f1anza secundaria<\/a>.<\/p>\n<p><strong>Se anima a los estudiantes que cumplan los siguientes criterios a que presenten su solicitud:<\/strong><\/p>\n<ul>\n<li>Estudiantes de secundaria nuevos o que regresan. El premio sigue a un estudiante hasta la graduaci\u00f3n, siempre y cuando est\u00e9n matriculados en clases relacionadas con STEM o Massanutten Technical Center. Por ejemplo, si un estudiante recibe su beca para su segundo a\u00f1o, si mantiene los requisitos, tambi\u00e9n recibir\u00eda el premio en su tercer y \u00faltimo a\u00f1o.<\/li>\n<li>Se recomienda a los estudiantes que tengan una media de notas de 3,0 en el momento de presentar la solicitud y que la mantengan durante toda la beca.<\/li>\n<li>Se dar\u00e1 preferencia a los estudiantes cuyas familias re\u00fanan los requisitos para recibir ayuda financiera a trav\u00e9s del <a href=\"https:\/\/online.factsmgt.com\/signin\/3R0RW\">Proceso de solicitud FACTS<\/a>. La solicitud se abre el 1 de febrero.<\/li>\n<\/ul>\n\t<p><strong>Para optar a la beca:<\/strong><\/p>\n<ol>\n<li><strong><a href=\"https:\/\/easternmennonite.schooladminonline.com\/users\/sign_in\">Aplicar a EMS,<\/a> y <a href=\"https:\/\/online.factsmgt.com\/signin\/3R0RW\">solicitar la ayuda para la matr\u00edcula FACTS.<\/a><\/strong><\/li>\n<li><strong>Complete la <a href=\"https:\/\/docs.google.com\/forms\/d\/e\/1FAIpQLSf7-9uhJpedbhwBGvGZNEA2SiuVoo1gVQBvgbgBGKmV9zmoFg\/viewform?usp=header\">solicitud de beca en l\u00ednea<\/a><a href=\"https:\/\/docs.google.com\/forms\/d\/1LWmdgwrLx2bfV_skB5Dw8br-RuhrPEDjFiUUZ7xPkG0\/edit?ts=65c5260a\">.<\/a><\/strong>\u00a0Siga el enlace y rellene el formulario.<\/li>\n<li>La beca est\u00e1 abierta a estudiantes de bachillerato nuevos y antiguos que demuestren inter\u00e9s en cursos de STEM y\/o formaci\u00f3n profesional.<\/li>\n<\/ol>\n<strong>La fecha l\u00edmite para la solicitud STEM de Blauch Brothers es el 15 de febrero. <\/strong>Se seleccionar\u00e1n uno o m\u00e1s beneficiarios de esta beca. Se les notificar\u00e1 a partir del 1 de marzo.\n<p>&nbsp;<\/p>\n<p><em>*El descuento de la beca se aplicar\u00e1 despu\u00e9s de calcular cualquier reducci\u00f3n en la matr\u00edcula, como la ayuda de matr\u00edcula.\u00a0<\/em><\/p>\n\t<p>Blauch Brothers, Inc. es una empresa contratista mec\u00e1nica integral de propiedad local que presta servicios en el centro oeste de Virginia. James W. Blauch, Sr. fund\u00f3 la empresa en 1954 con una dedicaci\u00f3n al compromiso, la confiabilidad, la confianza y la excelencia. El propietario de segunda generaci\u00f3n, James W. Blauch, Jr. (clase EMS del 78) contin\u00faa operando el negocio bas\u00e1ndose en los valores y principios cristianos transmitidos por el fundador. Los hijos Matthew &#039;10 y Christopher &#039;12 tambi\u00e9n son parte del galardonado programa de seguridad que brinda servicios de calidad en Harrisonburg y las comunidades circundantes. EMS se enorgullece de asociarse con ellos en esta beca.<\/p>","protected":false},"excerpt":{"rendered":"<p>Esta beca est\u00e1 financiada generosamente por Blauch Brothers Mechanical Contractors de Harrisonburg, Virginia. Se dar\u00e1 preferencia a los estudiantes con cursos e intereses anuales relacionados con STEM (ciencia, tecnolog\u00eda, ingenier\u00eda y matem\u00e1ticas), y especialmente a aquellos que deseen explorar la formaci\u00f3n vocacional en los oficios. Los beneficiarios de la beca STEM Blauch Brothers recibir\u00e1n hasta $3000...<\/p>","protected":false},"author":4,"featured_media":0,"parent":26755,"menu_order":0,"comment_status":"closed","ping_status":"closed","template":"","meta":{"_acf_changed":false,"footnotes":""},"class_list":["post-26759","page","type-page","status-publish","hentry"],"acf":[],"_links":{"self":[{"href":"https:\/\/www.easternmennonite.org\/es\/wp-json\/wp\/v2\/pages\/26759","targetHints":{"allow":["GET"]}}],"collection":[{"href":"https:\/\/www.easternmennonite.org\/es\/wp-json\/wp\/v2\/pages"}],"about":[{"href":"https:\/\/www.easternmennonite.org\/es\/wp-json\/wp\/v2\/types\/page"}],"author":[{"embeddable":true,"href":"https:\/\/www.easternmennonite.org\/es\/wp-json\/wp\/v2\/users\/4"}],"replies":[{"embeddable":true,"href":"https:\/\/www.easternmennonite.org\/es\/wp-json\/wp\/v2\/comments?post=26759"}],"version-history":[{"count":1,"href":"https:\/\/www.easternmennonite.org\/es\/wp-json\/wp\/v2\/pages\/26759\/revisions"}],"predecessor-version":[{"id":78632,"href":"https:\/\/www.easternmennonite.org\/es\/wp-json\/wp\/v2\/pages\/26759\/revisions\/78632"}],"up":[{"embeddable":true,"href":"https:\/\/www.easternmennonite.org\/es\/wp-json\/wp\/v2\/pages\/26755"}],"wp:attachment":[{"href":"https:\/\/www.easternmennonite.org\/es\/wp-json\/wp\/v2\/media?parent=26759"}],"curies":[{"name":"gracias","href":"https:\/\/api.w.org\/{rel}","templated":true}]}}