{"id":27117,"date":"2020-02-19T14:00:03","date_gmt":"2020-02-19T19:00:03","guid":{"rendered":"https:\/\/www.easternmennonite.org\/?page_id=27117"},"modified":"2024-07-23T15:06:52","modified_gmt":"2024-07-23T19:06:52","slug":"report-an-absence","status":"publish","type":"page","link":"https:\/\/www.easternmennonite.org\/es\/about\/parent-portal\/report-an-absence\/","title":{"rendered":"Para comunicar una ausencia"},"content":{"rendered":"<h1>Para comunicar una ausencia<\/h1>\n\t\t\t\t<img loading=\"lazy\" decoding=\"async\" src=\"https:\/\/www.easternmennonite.org\/wp-content\/uploads\/2020\/01\/IMG_0636-300x200.jpg\" alt=\"IMG_0636\" itemprop=\"image\" height=\"200\" width=\"300\" title=\"IMG_0636\" onerror=\"this.style.display='none'\"  \/>\n\t<p><strong>Grados 6 a 12:<\/strong> P\u00f3ngase en contacto con la recepci\u00f3n del edificio superior antes de las 8 de la ma\u00f1ana de un d\u00eda lectivo. Llame al 540-236-6000 o env\u00ede un correo electr\u00f3nico a <a href=\"mailto:frontoffice@easternmennonite.org\">frontoffice@easternmennonite.org<\/a><\/p>\n<p>Ver el texto completo <a href=\"https:\/\/www.easternmennonite.org\/wp-content\/uploads\/2023\/03\/6-12-Handbook-Working-Copy-for-22-23-1.pdf\">6-12 Manual del alumno<\/a> (pol\u00edtica de asistencia, p\u00e1gina 5) para m\u00e1s detalles.<\/p>\n<p><strong>Grados K a 5:<\/strong> P\u00f3ngase en contacto con la recepci\u00f3n del edificio inferior antes de las 8 de la ma\u00f1ana de un d\u00eda lectivo. Llame al 540-236-6001 o env\u00ede un correo electr\u00f3nico a <a href=\"mailto:stoltzfusJ@easternmennonite.org\">stoltzfusJ@easternmennonite.org<\/a><\/p>\n<p>Ver el texto completo <a href=\"https:\/\/www.easternmennonite.org\/wp-content\/uploads\/2022\/12\/Handbook-Update-22-23-1.pdf\">Manual del alumno K-5<\/a> (pol\u00edtica de asistencia, p\u00e1gina 6) para m\u00e1s detalles.<\/p>\n<p>&nbsp;<\/p>\n<p>&nbsp;<\/p>\n<p>&nbsp;<\/p>","protected":false},"excerpt":{"rendered":"<p>Para reportar una ausencia Grados 6 a 12: Comun\u00edquese con la oficina principal del edificio superior antes de las 8 am en un d\u00eda escolar. Llame al 540-236-6000 o env\u00ede un correo electr\u00f3nico a frontoffice@easternmennonite.org. Consulte el Manual del estudiante completo de 6.\u00b0 a 12.\u00b0 grado (pol\u00edtica de asistencia, p\u00e1gina 5) para obtener m\u00e1s detalles. Grados K a 5: Comun\u00edquese con la oficina principal del edificio inferior antes de las 8 am en una escuela...<\/p>","protected":false},"author":4,"featured_media":0,"parent":9830,"menu_order":0,"comment_status":"closed","ping_status":"closed","template":"","meta":{"_acf_changed":false,"footnotes":""},"class_list":["post-27117","page","type-page","status-publish","hentry"],"acf":[],"_links":{"self":[{"href":"https:\/\/www.easternmennonite.org\/es\/wp-json\/wp\/v2\/pages\/27117","targetHints":{"allow":["GET"]}}],"collection":[{"href":"https:\/\/www.easternmennonite.org\/es\/wp-json\/wp\/v2\/pages"}],"about":[{"href":"https:\/\/www.easternmennonite.org\/es\/wp-json\/wp\/v2\/types\/page"}],"author":[{"embeddable":true,"href":"https:\/\/www.easternmennonite.org\/es\/wp-json\/wp\/v2\/users\/4"}],"replies":[{"embeddable":true,"href":"https:\/\/www.easternmennonite.org\/es\/wp-json\/wp\/v2\/comments?post=27117"}],"version-history":[{"count":0,"href":"https:\/\/www.easternmennonite.org\/es\/wp-json\/wp\/v2\/pages\/27117\/revisions"}],"up":[{"embeddable":true,"href":"https:\/\/www.easternmennonite.org\/es\/wp-json\/wp\/v2\/pages\/9830"}],"wp:attachment":[{"href":"https:\/\/www.easternmennonite.org\/es\/wp-json\/wp\/v2\/media?parent=27117"}],"curies":[{"name":"gracias","href":"https:\/\/api.w.org\/{rel}","templated":true}]}}