{"id":27166,"date":"2024-04-18T11:17:43","date_gmt":"2024-04-18T15:17:43","guid":{"rendered":"https:\/\/www.easternmennonite.org\/?page_id=27166"},"modified":"2026-01-08T09:57:29","modified_gmt":"2026-01-08T14:57:29","slug":"great-community-give","status":"publish","type":"page","link":"https:\/\/www.easternmennonite.org\/es\/support\/great-community-give\/","title":{"rendered":"Great Community Give"},"content":{"rendered":"<h2>Great Community Give<\/h2>\n\t<h1>Reserva la fecha<\/h1>\n<h3>Mi\u00e9rcoles, 22 de abril de 2026<\/h3>\n\t<strong>\u00bfQu\u00e9 es este d\u00eda de donaciones en l\u00ednea?<\/strong>\n<p>Each year, the <a href=\"https:\/\/www.greatcommunitygive.org\/organizations\/eastern-mennonite-school\" target=\"_blank\" rel=\"noopener\">Great Community Give<\/a> promotes charitable giving to over 100 local nonprofits for one full day. It is an initiative of The Community Foundation of Harrisonburg and Rockingham County.<\/p>\n<p>Los obsequios para el d\u00eda de donaciones en l\u00ednea se aceptar\u00e1n a partir de la donaci\u00f3n anticipada (fecha a determinar) y finalizar\u00e1n a las 8 p. m. del mi\u00e9rcoles 22 de abril. La oficina de EMS aceptar\u00e1 obsequios fuera de l\u00ednea (cheques, efectivo, etc.) hasta las 5 p. m. del 22 de abril para Great Community Give.<\/p>\n<p><strong>Interested in learning more?<\/strong> <a href=\"https:\/\/www.easternmennonite.org\/es\/support\/the-gathering-space\/\">Contact us<\/a> so we can share with you about different ways to give!<\/p>\n<p><strong>Nuestro perfil estar\u00e1 disponible pr\u00f3ximamente en <\/strong><a href=\"https:\/\/www.greatcommunitygive.org\/organizations\/eastern-mennonite-school\" target=\"_blank\" rel=\"noopener\">grancomunidaddonaci\u00f3n.org<\/a><\/p>\n\t<strong>Gran donaci\u00f3n comunitaria 2025 | <\/strong><strong>78 donantes donaron $25,268<br \/>\n<\/strong>This special project upgraded lighting in the auditorium. In addition, a special gift was received for an endowed scholarship fund &#8211; a gift that will continue to give back for many years to come! Gifts are still accepted <a href=\"https:\/\/app.donorview.com\/g173g\">online<\/a>, simplemente incluya una nota en la nota sobre qu\u00e9 proyecto le gustar\u00eda apoyar.\n<h2>\n\t\t\tLa donaci\u00f3n de 2025 ayud\u00f3 a iluminar el auditorio de EMS\t<\/h2>\n\t<p><b>Manteniendo las luces encendidas<\/b><\/p>\n<p>En el a\u00f1o escolar 2024-2025 celebramos 20 a\u00f1os de la ampliaci\u00f3n de artes de EMS. Agradecemos a quienes hicieron posible este proyecto y a las numerosas personas que han colaborado con la tecnolog\u00eda tras bambalinas. Ha llegado el momento de reemplazar las luces para garantizar que se sigan ofreciendo producciones y experiencias de calidad. EMS utiliza regularmente el auditorio (y sus luces) para la capilla, presentaciones y reuniones. Organizaciones externas tambi\u00e9n disfrutan de estas instalaciones. <\/p>\n\t<p><b>Las Artes<\/b><\/p>\n<p>El programa de artes garantiza la creatividad diaria y durante todo el a\u00f1o para nuestros estudiantes, lo que fomenta un impacto duradero. La temporada de conciertos cuenta con directores, vocalistas e instrumentistas que, en colaboraci\u00f3n, organizan actuaciones excepcionales que unen a la escuela y a la comunidad local. El departamento de teatro ofrece una obra de teatro para la escuela secundaria y preparatoria, as\u00ed como un musical de invierno para la escuela secundaria.<\/p>\n<p>&nbsp;<\/p>\n\t<p><b>Faith Formation<\/b><\/p>\n<p>Los estudiantes crecen en su fe a trav\u00e9s de la integraci\u00f3n de contenido basado en valores en toda la vida escolar. Escuchan a los oradores y comparten sus propias historias durante la capilla, que se lleva a cabo en el auditorio. Los servicios de adoraci\u00f3n coral celebran la m\u00fasica mientras comparten historias del amor de Jes\u00fas. Los ensayos musicales incluyen exploraciones de las religiones y culturas representadas y la comprensi\u00f3n de las similitudes y diferencias con la fe cristiana y menonita.<\/p>","protected":false},"excerpt":{"rendered":"<p>Great Community Give Save the Date Wednesday, April 22, 2026 What is this online day of giving? Each year, the Great Community Give promotes charitable giving to over 100 local nonprofits for one full day. It is an initiative of The Community Foundation of Harrisonburg and Rockingham County. Gifts for the online giving day will&hellip;<\/p>","protected":false},"author":4,"featured_media":27167,"parent":37,"menu_order":0,"comment_status":"closed","ping_status":"closed","template":"","meta":{"_acf_changed":false,"footnotes":""},"class_list":["post-27166","page","type-page","status-publish","has-post-thumbnail","hentry"],"acf":[],"_links":{"self":[{"href":"https:\/\/www.easternmennonite.org\/es\/wp-json\/wp\/v2\/pages\/27166","targetHints":{"allow":["GET"]}}],"collection":[{"href":"https:\/\/www.easternmennonite.org\/es\/wp-json\/wp\/v2\/pages"}],"about":[{"href":"https:\/\/www.easternmennonite.org\/es\/wp-json\/wp\/v2\/types\/page"}],"author":[{"embeddable":true,"href":"https:\/\/www.easternmennonite.org\/es\/wp-json\/wp\/v2\/users\/4"}],"replies":[{"embeddable":true,"href":"https:\/\/www.easternmennonite.org\/es\/wp-json\/wp\/v2\/comments?post=27166"}],"version-history":[{"count":3,"href":"https:\/\/www.easternmennonite.org\/es\/wp-json\/wp\/v2\/pages\/27166\/revisions"}],"predecessor-version":[{"id":78422,"href":"https:\/\/www.easternmennonite.org\/es\/wp-json\/wp\/v2\/pages\/27166\/revisions\/78422"}],"up":[{"embeddable":true,"href":"https:\/\/www.easternmennonite.org\/es\/wp-json\/wp\/v2\/pages\/37"}],"wp:featuredmedia":[{"embeddable":true,"href":"https:\/\/www.easternmennonite.org\/es\/wp-json\/wp\/v2\/media\/27167"}],"wp:attachment":[{"href":"https:\/\/www.easternmennonite.org\/es\/wp-json\/wp\/v2\/media?parent=27166"}],"curies":[{"name":"gracias","href":"https:\/\/api.w.org\/{rel}","templated":true}]}}