{"id":27575,"date":"2020-03-09T12:09:34","date_gmt":"2020-03-09T16:09:34","guid":{"rendered":"https:\/\/www.easternmennonite.org\/?page_id=27575"},"modified":"2024-08-28T14:06:47","modified_gmt":"2024-08-28T18:06:47","slug":"coronavirus","status":"publish","type":"page","link":"https:\/\/www.easternmennonite.org\/es\/about\/coronavirus\/","title":{"rendered":"Covid-19 y EMS"},"content":{"rendered":"<h1>#FlamasFuertes durante el COVID-19<\/h1>\n\t<p>EMS se mantuvo #FlamesStrong durante la primavera de 2020 mientras continuamos la vida como una comunidad de aprendizaje, as\u00ed como de salud social y emocional, durante el cierre, a partir del 18 de marzo. Despu\u00e9s de un verano de planificaci\u00f3n cuidadosa, abrimos para \u201ctodos los estudiantes, todos los d\u00edas\u201d. el 25 de agosto para el a\u00f1o escolar 2020-21. Lea un informe preliminar <a href=\"https:\/\/www.easternmennonite.org\/es\/2020\/08\/ems-launches-new-year-with-covid-precautions\/\">aqu\u00ed.<\/a><\/p>\n<p>Paul Leaman, director de la escuela, comparte peri\u00f3dicamente actualizaciones por correo electr\u00f3nico con los padres actuales. Esas actualizaciones se publican en el <a href=\"https:\/\/www.easternmennonite.org\/es\/about\/coronavirus\/covid-19-announcements\/\">Anuncios de COVID-19<\/a> secci\u00f3n en el sitio web para que las futuras familias tambi\u00e9n puedan verla.<\/p>\n<p>Adem\u00e1s de los CDC, el liderazgo de EMS consulta con pares profesionales (y revisa recursos) a trav\u00e9s del <a href=\"http:\/\/www.vais.org\">Virginia Association of Independent Schools<\/a> y <a href=\"https:\/\/www.mennoniteeducation.org\/Schools\/MSC\/Pages\/default.aspx\">Mennonite Schools Council<\/a>.<\/p>\n<p>La escuela pasar\u00e1 al aprendizaje a distancia despu\u00e9s del D\u00eda de Acci\u00f3n de Gracias hasta las vacaciones de Navidad, que se extender\u00e1n del 21 de diciembre al 1 de enero. El aprendizaje en l\u00ednea se llevar\u00e1 a cabo nuevamente del 4 al 8 de enero para permitir que las familias se queden en casa y aseguren una buena salud antes de regresar al aprendizaje en persona por todos, 11 de enero.<\/p>\n\t<h3>\u00a0Maestros y personal en sus oficinas centrales, cierre de primavera de 2019<\/h3>\n<h3>#LlamasFuerte<\/h3>\n\t\t\t\t<a href=\"https:\/\/www.easternmennonite.org\/es\/support\/covid-19-aid-fund\/\" target=\"_self\" itemprop=\"url\" rel=\"noopener\">\n\t\t\t\t<img loading=\"lazy\" decoding=\"async\" src=\"https:\/\/www.easternmennonite.org\/wp-content\/uploads\/2020\/04\/Covid-19AidFund-Web-InsetImage.png\" alt=\"Covid-19AidFund-Web-InsetImage\" itemprop=\"image\" height=\"180\" width=\"450\" title=\"Covid-19AidFund-Web-InsetImage\" onerror=\"this.style.display='none'\"  \/>\n\t\t\t\t<\/a>","protected":false},"excerpt":{"rendered":"<p>#FlamesStrong Durante COVID-19 EMS permaneci\u00f3 #FlamesStrong durante la primavera de 2020 mientras continuamos la vida como una comunidad de aprendizaje, as\u00ed como de salud social y emocional, durante el cierre, a partir del 18 de marzo. Despu\u00e9s de un verano de planificaci\u00f3n cuidadosa, abrimos para \u201ctodos estudiante, todos los d\u00edas\u201d el 25 de agosto para el a\u00f1o escolar 2020-21. Leer\u2026<\/p>","protected":false},"author":4,"featured_media":0,"parent":74,"menu_order":0,"comment_status":"closed","ping_status":"closed","template":"","meta":{"_acf_changed":false,"footnotes":""},"class_list":["post-27575","page","type-page","status-publish","hentry"],"acf":[],"_links":{"self":[{"href":"https:\/\/www.easternmennonite.org\/es\/wp-json\/wp\/v2\/pages\/27575","targetHints":{"allow":["GET"]}}],"collection":[{"href":"https:\/\/www.easternmennonite.org\/es\/wp-json\/wp\/v2\/pages"}],"about":[{"href":"https:\/\/www.easternmennonite.org\/es\/wp-json\/wp\/v2\/types\/page"}],"author":[{"embeddable":true,"href":"https:\/\/www.easternmennonite.org\/es\/wp-json\/wp\/v2\/users\/4"}],"replies":[{"embeddable":true,"href":"https:\/\/www.easternmennonite.org\/es\/wp-json\/wp\/v2\/comments?post=27575"}],"version-history":[{"count":0,"href":"https:\/\/www.easternmennonite.org\/es\/wp-json\/wp\/v2\/pages\/27575\/revisions"}],"up":[{"embeddable":true,"href":"https:\/\/www.easternmennonite.org\/es\/wp-json\/wp\/v2\/pages\/74"}],"wp:attachment":[{"href":"https:\/\/www.easternmennonite.org\/es\/wp-json\/wp\/v2\/media?parent=27575"}],"curies":[{"name":"gracias","href":"https:\/\/api.w.org\/{rel}","templated":true}]}}