{"id":27585,"date":"2020-03-09T16:05:30","date_gmt":"2020-03-09T20:05:30","guid":{"rendered":"https:\/\/www.easternmennonite.org\/?page_id=27585"},"modified":"2024-08-28T14:15:55","modified_gmt":"2024-08-28T18:15:55","slug":"host-families-needed","status":"publish","type":"page","link":"https:\/\/www.easternmennonite.org\/es\/admissions\/international-students\/host-families-needed\/","title":{"rendered":"Se necesitan familias anfitrionas"},"content":{"rendered":"<h2>Recibir a un estudiante internacional<\/h2>\n<p>Cada a\u00f1o, EMHS da la bienvenida a nuestra comunidad a cinco o m\u00e1s estudiantes que necesitan un hogar anfitri\u00f3n. Si te gusta conocer gente nueva, quieres compartir hospitalidad y hacer algo diferente en la vida de un joven, \u00a1esta podr\u00eda ser la oportunidad perfecta para ti y tu familia!<\/p>\n<h3>Preguntas frecuentes<\/h3>\n<p><em>P: \u00bfDe qu\u00e9 pa\u00edses vienen los estudiantes?<\/em><\/p>\n<p>R: Los estudiantes provienen de muchos pa\u00edses, incluido Estados Unidos. Muchos de nuestros estudiantes en el pasado vinieron de Corea del Sur, donde tenemos una asociaci\u00f3n con Dosan Dream School.<\/p>\n<p><em>P: \u00bfLos estudiantes internacionales hablan ingl\u00e9s?<\/em><\/p>\n<p>R: Los estudiantes aprueban una prueba de dominio del idioma ingl\u00e9s antes de que los aceptemos como estudiantes de EMS. Esperamos que al colocar a los estudiantes en familias de habla inglesa, contin\u00faen aumentando su fluidez. Sin embargo, incluso si su ingl\u00e9s es bueno, las familias anfitrionas deben saber que inevitablemente se sentir\u00e1n cansadas (especialmente en los primeros meses de su estancia aqu\u00ed) de navegar en un segundo idioma y una nueva cultura.<\/p>\n<p><em>P: \u00bfQu\u00e9 edades tienen los estudiantes?<\/em><\/p>\n<p>R: Los estudiantes tienen edades comprendidas entre 14 y 18 a\u00f1os. En otras palabras, estudiantes en edad de secundaria.<\/p>\n<p><em>P: \u00bfNecesito proporcionar transporte a los estudiantes?<\/em><\/p>\n<p>R: S\u00ed, se espera que las familias anfitrionas proporcionen transporte hacia y desde la escuela, as\u00ed como actividades en las que participar\u00eda un estudiante normal de secundaria, como actividades deportivas y salidas con amigos.<\/p>\n<p><em>P: \u00bfMe pagan por alojar estudiantes?<\/em><\/p>\n<p>R: S\u00ed, a las familias anfitrionas se les paga $625 por mes por estudiante durante 10 meses para ayudar a cubrir alojamiento y comida.<\/p>\n<p><em>P: \u00bfCu\u00e1l es el horario? \u00bfSoy responsable de orientarlos y darles la bienvenida al \u00e1rea antes de que comiencen las clases?<\/em><\/p>\n<p>A: <a href=\"https:\/\/www.easternmennonite.org\/facultystaff\/marsha-thomas\/\">Marsha Thomas<\/a>, consejero de admisiones de EMS, trabaja con los estudiantes y las familias anfitrionas para preparar la llegada de los estudiantes. Los estudiantes llegan entre una semana y 10 d\u00edas antes de que comiencen las clases y participan en una orientaci\u00f3n organizada por la Sra. Thomas, quien coordina con las familias anfitrionas toda la log\u00edstica.<\/p>\n<p><em>P: \u00bfHay apoyo para las familias anfitrionas durante todo el a\u00f1o? \u00bfC\u00f3mo sabr\u00e9 qu\u00e9 hacer en situaciones particulares?<\/em><\/p>\n<p>R: EMS brinda apoyo a las familias anfitrionas mientras los hu\u00e9spedes navegan por una nueva cultura y rutinas. El personal ayudar\u00e1 a solucionar problemas y responder preguntas, y proporcionar\u00e1 actividades ocasionales para estudiantes internacionales.<\/p>\n<p>&nbsp;<\/p>\n\t<h2>C\u00f3mo aplicar<\/h2>\n<p>Las familias anfitrionas deben completar un proceso de solicitud que incluye algunas preguntas b\u00e1sicas y una visita a domicilio de nuestro oficial de estudiantes internacionales.<\/p>\n<p>Para obtener m\u00e1s informaci\u00f3n o postularse, comun\u00edquese con:<\/p>\n<p>Marsha Thomas, consejera de admisiones, thomasm@easternmennonite.org, o llame al 540-236-6021.<\/p>","protected":false},"excerpt":{"rendered":"<p>Hospede a un estudiante internacional Cada a\u00f1o, EMHS da la bienvenida a nuestra comunidad a cinco o m\u00e1s estudiantes que necesitan un hogar anfitri\u00f3n. Si te gusta conocer gente nueva, quieres compartir hospitalidad y hacer algo diferente en la vida de un joven, \u00a1esta podr\u00eda ser la oportunidad perfecta para ti y tu familia! Preguntas frecuentes\u2026<\/p>","protected":false},"author":4,"featured_media":0,"parent":6010,"menu_order":0,"comment_status":"closed","ping_status":"closed","template":"tpl-no-header-footer.php","meta":{"_acf_changed":false,"footnotes":""},"class_list":["post-27585","page","type-page","status-publish","hentry"],"acf":[],"_links":{"self":[{"href":"https:\/\/www.easternmennonite.org\/es\/wp-json\/wp\/v2\/pages\/27585","targetHints":{"allow":["GET"]}}],"collection":[{"href":"https:\/\/www.easternmennonite.org\/es\/wp-json\/wp\/v2\/pages"}],"about":[{"href":"https:\/\/www.easternmennonite.org\/es\/wp-json\/wp\/v2\/types\/page"}],"author":[{"embeddable":true,"href":"https:\/\/www.easternmennonite.org\/es\/wp-json\/wp\/v2\/users\/4"}],"replies":[{"embeddable":true,"href":"https:\/\/www.easternmennonite.org\/es\/wp-json\/wp\/v2\/comments?post=27585"}],"version-history":[{"count":0,"href":"https:\/\/www.easternmennonite.org\/es\/wp-json\/wp\/v2\/pages\/27585\/revisions"}],"up":[{"embeddable":true,"href":"https:\/\/www.easternmennonite.org\/es\/wp-json\/wp\/v2\/pages\/6010"}],"wp:attachment":[{"href":"https:\/\/www.easternmennonite.org\/es\/wp-json\/wp\/v2\/media?parent=27585"}],"curies":[{"name":"gracias","href":"https:\/\/api.w.org\/{rel}","templated":true}]}}