{"id":28606,"date":"2020-05-13T20:49:48","date_gmt":"2020-05-14T00:49:48","guid":{"rendered":"https:\/\/www.easternmennonite.org\/?page_id=28606"},"modified":"2024-07-23T15:07:59","modified_gmt":"2024-07-23T19:07:59","slug":"throwback-thursday-to-before-social-distancing","status":"publish","type":"page","link":"https:\/\/www.easternmennonite.org\/es\/throwback-thursday-to-before-social-distancing\/","title":{"rendered":"Jueves de retroceso... antes del distanciamiento social"},"content":{"rendered":"<h1>Throwback Thursday, May 14, 2020<\/h1>\n<p>El 12 de marzo fue nuestro \u00faltimo d\u00eda \u201cnormal\u201d de clases. Los estudiantes salieron de la escuela con un fin de semana largo en mente para marcar el final del tercer trimestre. Despu\u00e9s de un torbellino de acontecimientos y decisiones, regresaron en turnos escalonados el 17 de marzo para recuperar sus pertenencias y comenzaron el aprendizaje a distancia el 18 de marzo. Ahora, nueve semanas despu\u00e9s, es dif\u00edcil recordar la facilidad con la que cant\u00e1bamos, com\u00edamos juntos, jug\u00e1bamos, abrazados, aplaudidos y pasando el rato juntos. Parece extra\u00f1o ver gente toc\u00e1ndose con facilidad en la televisi\u00f3n. Y oramos por el momento en que estemos juntos nuevamente. Aqu\u00ed ten\u00e9is algunas im\u00e1genes del curso acad\u00e9mico BC-19 (Antes del COVID-19) para recordar y celebrar lo que tuvimos y lo que volveremos a ser.<\/p>\n<p>&nbsp;<\/p>\n<p>&nbsp;<\/p>","protected":false},"excerpt":{"rendered":"<p>Recuerdo jueves, 14 de mayo de 2020 El 12 de marzo fue nuestro \u00faltimo d\u00eda \u201cnormal\u201d de clases. Los estudiantes salieron de la escuela con un fin de semana largo en mente para marcar el final del tercer trimestre. Despu\u00e9s de un torbellino de acontecimientos y decisiones, regresaron en turnos escalonados el 17 de marzo para recuperar sus pertenencias y comenzaron la educaci\u00f3n a distancia el 18 de marzo. Ahora...<\/p>","protected":false},"author":4,"featured_media":0,"parent":0,"menu_order":0,"comment_status":"closed","ping_status":"closed","template":"","meta":{"_acf_changed":false,"footnotes":""},"class_list":["post-28606","page","type-page","status-publish","hentry"],"acf":[],"_links":{"self":[{"href":"https:\/\/www.easternmennonite.org\/es\/wp-json\/wp\/v2\/pages\/28606","targetHints":{"allow":["GET"]}}],"collection":[{"href":"https:\/\/www.easternmennonite.org\/es\/wp-json\/wp\/v2\/pages"}],"about":[{"href":"https:\/\/www.easternmennonite.org\/es\/wp-json\/wp\/v2\/types\/page"}],"author":[{"embeddable":true,"href":"https:\/\/www.easternmennonite.org\/es\/wp-json\/wp\/v2\/users\/4"}],"replies":[{"embeddable":true,"href":"https:\/\/www.easternmennonite.org\/es\/wp-json\/wp\/v2\/comments?post=28606"}],"version-history":[{"count":0,"href":"https:\/\/www.easternmennonite.org\/es\/wp-json\/wp\/v2\/pages\/28606\/revisions"}],"wp:attachment":[{"href":"https:\/\/www.easternmennonite.org\/es\/wp-json\/wp\/v2\/media?parent=28606"}],"curies":[{"name":"gracias","href":"https:\/\/api.w.org\/{rel}","templated":true}]}}