{"id":28715,"date":"2020-05-21T09:43:12","date_gmt":"2020-05-21T13:43:12","guid":{"rendered":"https:\/\/www.easternmennonite.org\/?page_id=28715"},"modified":"2024-07-23T16:19:12","modified_gmt":"2024-07-23T20:19:12","slug":"2019-2020-honors-award-presentations","status":"publish","type":"page","link":"https:\/\/www.easternmennonite.org\/es\/about\/news\/2019-2020-honors-award-presentations\/","title":{"rendered":"Presentaciones de premios de honores 2019-2020"},"content":{"rendered":"<h1>Reconocimiento del premio anual 2019-2020<\/h1>\n\t\t\t<a href=\"https:\/\/www.easternmennonite.org\/es\/commencement\/\" target=\"_self\" rel=\"noopener\">\n\t\t\t\t\t\t\tInformaci\u00f3n sobre la celebraci\u00f3n de la graduaci\u00f3n\n\t\t\t\t\t<\/a>\n\t<iframe loading=\"lazy\" src=\"https:\/\/docs.google.com\/presentation\/d\/e\/2PACX-1vS8mjm3QxM8UPLrNJGIdTSkAcD0w5vG8Sb5o6-3VrG2m7itXqmKuBlgytfBsXk4Qep1cPc3D6fhb93J\/embed?start=true&#038;loop=true&#038;delayms=10000\" frameborder=\"0\" width=\"1200\" height=\"589\" allowfullscreen=\"true\" mozallowfullscreen=\"true\" webkitallowfullscreen=\"true\"><\/iframe>\n\t<p>Cada primavera, tanto en las capillas de los Premios Honor\u00edficos como en la Asamblea de Premios.\u00a0<strong>celebrar los logros acad\u00e9micos<\/strong>\u00a0a lo largo del a\u00f1o. Profesores, administradores e invitados externos entregan a los estudiantes certificados y, en algunos casos, peque\u00f1os regalos, mientras comparten sobre el premio. En lugar de reunirse en persona debido a COVID-19, la primavera de 2020 Honores y Premios presentaciones se comparten en esta presentaci\u00f3n de diapositivas.<\/p>\n<p>Cada galardonado recibi\u00f3 una llamada personal o se reuni\u00f3 por videollamada para una presentaci\u00f3n virtual del premio antes de publicar esta presentaci\u00f3n de diapositivas. <strong>Si conoce a un estudiante<\/strong>\u00a0que sea homenajeado, \u00a1env\u00edele un mensaje o una nota manuscrita felicit\u00e1ndole por su duro trabajo!<\/p>","protected":false},"excerpt":{"rendered":"<p>Informaci\u00f3n sobre la celebraci\u00f3n de graduaci\u00f3n de reconocimiento de premios anual 2019-2020 Cada primavera, tanto en las capillas del Premio Acad\u00e9mico de Honor como en una Asamblea de Premios, celebramos los logros y logros acad\u00e9micos durante todo el a\u00f1o. Los maestros, administradores e invitados externos entregan a los estudiantes certificados y, en algunos casos, peque\u00f1os obsequios, mientras comparten sobre el premio. En lugar de reunirse en\u2026<\/p>","protected":false},"author":4,"featured_media":0,"parent":3365,"menu_order":0,"comment_status":"closed","ping_status":"closed","template":"","meta":{"_acf_changed":false,"footnotes":""},"class_list":["post-28715","page","type-page","status-publish","hentry"],"acf":[],"_links":{"self":[{"href":"https:\/\/www.easternmennonite.org\/es\/wp-json\/wp\/v2\/pages\/28715","targetHints":{"allow":["GET"]}}],"collection":[{"href":"https:\/\/www.easternmennonite.org\/es\/wp-json\/wp\/v2\/pages"}],"about":[{"href":"https:\/\/www.easternmennonite.org\/es\/wp-json\/wp\/v2\/types\/page"}],"author":[{"embeddable":true,"href":"https:\/\/www.easternmennonite.org\/es\/wp-json\/wp\/v2\/users\/4"}],"replies":[{"embeddable":true,"href":"https:\/\/www.easternmennonite.org\/es\/wp-json\/wp\/v2\/comments?post=28715"}],"version-history":[{"count":0,"href":"https:\/\/www.easternmennonite.org\/es\/wp-json\/wp\/v2\/pages\/28715\/revisions"}],"up":[{"embeddable":true,"href":"https:\/\/www.easternmennonite.org\/es\/wp-json\/wp\/v2\/pages\/3365"}],"wp:attachment":[{"href":"https:\/\/www.easternmennonite.org\/es\/wp-json\/wp\/v2\/media?parent=28715"}],"curies":[{"name":"gracias","href":"https:\/\/api.w.org\/{rel}","templated":true}]}}