{"id":29307,"date":"2020-06-23T16:23:09","date_gmt":"2020-06-23T20:23:09","guid":{"rendered":"https:\/\/www.easternmennonite.org\/?page_id=29307"},"modified":"2024-08-28T14:12:26","modified_gmt":"2024-08-28T18:12:26","slug":"solar-at-ems","status":"publish","type":"page","link":"https:\/\/www.easternmennonite.org\/es\/about\/solar-at-ems\/","title":{"rendered":"Energ\u00eda solar en EMS"},"content":{"rendered":"<p>Docenas de voluntarios (estudiantes, profesores, personal, miembros de la comunidad, padres y abuelos) se unieron a una \u201crecaudaci\u00f3n de granero solar\u201d el s\u00e1bado 10 de octubre de 2020 para instalar 357 paneles solares en lo alto del edificio superior de la escuela en poco menos de cuatro a\u00f1os y medio. horas.<\/p>\n<p>El panel solar compensar\u00e1 casi un tercio de la electricidad total utilizada por las instalaciones de la escuela y al mismo tiempo generar\u00e1 suficiente energ\u00eda limpia para hacer funcionar el equivalente a 15 hogares promedio y evitar\u00e1 m\u00e1s de 141 toneladas de contaminaci\u00f3n por di\u00f3xido de carbono por a\u00f1o.<\/p>\n<p>Fue la culminaci\u00f3n de casi dos a\u00f1os de planificaci\u00f3n y consulta, posible gracias a una asociaci\u00f3n con <a href=\"https:\/\/securefutures.solar\/\" target=\"_blank\" rel=\"noopener noreferrer\">Secure Futures Solar of Staunton<\/a>. Lea m\u00e1s a continuaci\u00f3n sobre c\u00f3mo funciona y las oportunidades educativas.<\/p>\n\t\t\t<a href=\"https:\/\/www.youtube.com\/watch?v=Nx1J5SgqJ8g&#038;feature=youtu.be&#038;fbclid=IwAR3me1Ye5givuLwg9zUllHpPKo1kJBQ1FT0PIIvypC9WQ_T2j0HRFZ9e4V0\" target=\"_blank\" rel=\"noopener\">\n\t\t\t\t\t\t\tV\u00eddeo sobre la crianza de graneros\n\t\t\t\t\t<\/a>\n\t\t\t<a href=\"https:\/\/www.youtube.com\/watch?v=iO3N3L8lu5I\" target=\"_blank\" rel=\"noopener\">\n\t\t\t\t\t\t\tCapilla con recorrido por el techo.\n\t\t\t\t\t<\/a>\n\t<h3>Cobertura de instalaci\u00f3n<\/h3>\n<ul>\n<li><a href=\"https:\/\/www.washingtonpost.com\/local\/virginia-residents-install-solar-panels-on-school-building\/2020\/10\/25\/7333b664-16c2-11eb-8bda-814ca56e138b_story.html\">El Correo de Washington<\/a><\/li>\n<li><a href=\"https:\/\/www.usnews.com\/news\/best-states\/virginia\/articles\/2020-10-25\/virginia-residents-install-solar-panels-on-school-building\">Informe mundial y de noticias de EE. UU.<\/a><\/li>\n<li><a href=\"https:\/\/www.dnronline.com\/dnronline\/learning-by-the-sun\/article_8b6d0be1-a8cc-55cc-9efb-276ea43294e4.html\" target=\"_blank\" rel=\"noopener\">Daily News-Record<\/a><\/li>\n<li><a href=\"https:\/\/hburgcitizen.com\/2020\/10\/12\/ready-for-sunshine-volunteers-plug-in-major-solar-installation-for-ems\/\" target=\"_blank\" rel=\"noopener\">Hburg Citizen<\/a><\/li>\n<li><a href=\"https:\/\/www.whsv.com\/video\/2020\/10\/10\/solar-barn-raising-eastern-mennonite-school\/\" target=\"_blank\" rel=\"noopener\">WHSV TV-3<\/a><\/li>\n<\/ul>\n\t\t\t\t<a href=\"https:\/\/hmi.alsoenergy.com\/powerhmi\/publicdisplay\/b2d4b10a-0269-47b2-a82b-476924f136de\/main?arg=NTM2NDk%3d&#038;lang=en-US\" target=\"_blank\" rel=\"noopener\" itemprop=\"url\">\n\t\t\t\t<img loading=\"lazy\" decoding=\"async\" src=\"https:\/\/www.easternmennonite.org\/wp-content\/uploads\/2020\/12\/Screenshot-98.png\" alt=\"EMS solar array output\" itemprop=\"image\" height=\"821\" width=\"1866\" title=\"Salida solar\" onerror=\"this.style.display='none'\"  \/>\n\t\t\t\t<\/a>\n\t\tSalida del panel solar EMS\n\t<h3>Education component<\/h3>\n<p>Adem\u00e1s de los paneles solares, Secure Futures, sin costo adicional para la escuela, proporcionar\u00e1 planes de lecciones y materiales creados por NEED (<a href=\"https:\/\/www.need.org\/\" target=\"_blank\" rel=\"noopener noreferrer\">National Energy Education Development<\/a>) for hands-on instruction and learning the importance of clean energy.<\/p>\n<p>&quot;Estamos encantados de poder poner en marcha este proyecto&quot;, afirma\u00a0<a href=\"https:\/\/www.easternmennonite.org\/facultystaff\/paul-leaman\/\" target=\"_blank\" rel=\"noopener noreferrer\">Paul Leaman<\/a>, director de escuela. &quot;Los j\u00f3venes necesitan ver y experimentar el poder y la econom\u00eda de las energ\u00edas renovables para poder convertirse en agentes de cambio lejos de los contaminantes y los combustibles f\u00f3siles no renovables&quot;.<\/p>\n<p>&nbsp;<\/p>\n\t<h3>C\u00f3mo funciona<\/h3>\n<p>EMS received the solar energy equipment at no upfront capital cost through a 20-year Solar Self Generation Agreement with Secure Futures. Over that term, the company will operate and maintain the solar energy system, providing services and support for EMS to generate electricity at a cost lower than typically available from its utility power provider, Harrisonburg Electric Commission.<\/p>\n<p><a href=\"https:\/\/gotelectric.net\/\">Gott Electric, LLC<\/a> complet\u00f3 la red el\u00e9ctrica para el proyecto en junio de 2020 para preparar la instalaci\u00f3n. Andy Hershberger, EMHS promoci\u00f3n de 2003, es director de operaciones de Virginia para Gott, que se destaca en servicios el\u00e9ctricos residenciales y comerciales en Maryland, Virginia y el \u00e1rea de DC.<\/p>","protected":false},"excerpt":{"rendered":"<p>Docenas de voluntarios (estudiantes, profesores, personal, miembros de la comunidad, padres y abuelos) se unieron a una \u201crecaudaci\u00f3n de granero solar\u201d el s\u00e1bado 10 de octubre de 2020 para instalar 357 paneles solares en lo alto del edificio superior de la escuela en poco menos de cuatro a\u00f1os y medio. horas. El panel solar compensar\u00e1 casi un tercio de la electricidad total utilizada...<\/p>","protected":false},"author":4,"featured_media":0,"parent":74,"menu_order":0,"comment_status":"closed","ping_status":"closed","template":"","meta":{"_acf_changed":false,"footnotes":""},"class_list":["post-29307","page","type-page","status-publish","hentry"],"acf":[],"_links":{"self":[{"href":"https:\/\/www.easternmennonite.org\/es\/wp-json\/wp\/v2\/pages\/29307","targetHints":{"allow":["GET"]}}],"collection":[{"href":"https:\/\/www.easternmennonite.org\/es\/wp-json\/wp\/v2\/pages"}],"about":[{"href":"https:\/\/www.easternmennonite.org\/es\/wp-json\/wp\/v2\/types\/page"}],"author":[{"embeddable":true,"href":"https:\/\/www.easternmennonite.org\/es\/wp-json\/wp\/v2\/users\/4"}],"replies":[{"embeddable":true,"href":"https:\/\/www.easternmennonite.org\/es\/wp-json\/wp\/v2\/comments?post=29307"}],"version-history":[{"count":0,"href":"https:\/\/www.easternmennonite.org\/es\/wp-json\/wp\/v2\/pages\/29307\/revisions"}],"up":[{"embeddable":true,"href":"https:\/\/www.easternmennonite.org\/es\/wp-json\/wp\/v2\/pages\/74"}],"wp:attachment":[{"href":"https:\/\/www.easternmennonite.org\/es\/wp-json\/wp\/v2\/media?parent=29307"}],"curies":[{"name":"gracias","href":"https:\/\/api.w.org\/{rel}","templated":true}]}}