{"id":29446,"date":"2024-07-10T14:23:36","date_gmt":"2024-07-10T18:23:36","guid":{"rendered":"https:\/\/www.easternmennonite.org\/?page_id=29446"},"modified":"2025-07-16T15:31:51","modified_gmt":"2025-07-16T19:31:51","slug":"impact-report","status":"publish","type":"page","link":"https:\/\/www.easternmennonite.org\/es\/support\/impact-report\/","title":{"rendered":"Impact Report"},"content":{"rendered":"<iframe allowfullscreen allow=\"autoplay\" data-src=\"https:\/\/www.youtube.com\/embed\/4L6ecIxxRXQ?feature=oembed&amp;autoplay=1&amp;playlist=4L6ecIxxRXQ&amp;start&amp;end&amp;wmode=opaque&amp;loop=1&amp;controls=1&amp;mute=1&amp;rel=0&amp;modestbranding=1\"><\/iframe>\t\t\n\t\t\t\t\tReproducir v\u00eddeo\n\t\t\t<a href=\"#\" role=\"button\">\n\t\t\t\t\t\t\tINFORME DE IMPACTO: Regalos en el trabajo\n\t\t\t\t\t<\/a>\n\t<p>Nos llena de gratitud recordar el impacto del a\u00f1o escolar 2024-25. El profesorado y el personal tuvieron el privilegio de educar <b>365 estudiantes<\/b> y, junto con nuestras declaraciones de misi\u00f3n y visi\u00f3n, asumimos un fuerte compromiso de fomentar un sentido de <a href=\"https:\/\/www.easternmennonite.org\/es\/about\/\">pertenencia<\/a>Nuestra comunidad respondi\u00f3 generosamente al nuevo Fondo Flames, donde los seguidores pod\u00edan elegir donar a lo que los inspiraba. <\/p>\n<p>Agradecemos a quienes nos apoyaron, nos dieron su apoyo y nos ayudaron a mantenernos fuertes. En 2024-2025, nos inspiramos en:<\/p>\n<p><img loading=\"lazy\" decoding=\"async\" src=\"https:\/\/www.easternmennonite.org\/wp-content\/uploads\/2025\/07\/Big-Fish-2025-JS-36-300x200.jpg\" alt=\"\" width=\"137\" height=\"91\" \/><a href=\"https:\/\/www.easternmennonite.org\/es\/today\/article\/advancement-update\/\"><b>Generosidad. <\/b><\/a>Reafirmaron su dedicaci\u00f3n a la educaci\u00f3n, siguiendo la tradici\u00f3n de la Escuela Menonita del Este. Su apoyo super\u00f3 nuestras metas de recaudaci\u00f3n de fondos en el reci\u00e9n lanzado Fondo Flames anual, incluyendo el Programa de Cr\u00e9dito Fiscal del Departamento de Asuntos de Veteranos, la Campa\u00f1a We Gather y eventos especiales de recaudaci\u00f3n de fondos para las canchas de tenis y los campos deportivos. En conjunto, donaron 1600 donaciones por un total de 1,14 millones de libras esterlinas. \u00a1Gracias!<\/p>\n<p>&nbsp;<\/p>\n<p><a href=\"https:\/\/www.easternmennonite.org\/es\/2025\/04\/ribbon-cutting-ceremony-for-the-gathering-space\/\"><b><img loading=\"lazy\" decoding=\"async\" src=\"https:\/\/www.easternmennonite.org\/wp-content\/uploads\/2025\/07\/Gathering-Space-Opening-Ceremony-104-2-300x200.jpg\" alt=\"\" width=\"143\" height=\"95\" \/>Belleza. <\/b><\/a>El Espacio de Encuentro, dise\u00f1ado para apoyar y fortalecer la formaci\u00f3n y el crecimiento continuo de la fe de nuestros alumnos m\u00e1s peque\u00f1os, ya est\u00e1 terminado. Durante la construcci\u00f3n, los alumnos pudieron apreciar el talento de quienes trabajaban en el proyecto al observar c\u00f3mo se constru\u00eda el Espacio de Encuentro, ladrillo a ladrillo, piedra a piedra y panel a panel. Ahora, nuestros alumnos de primaria exploran y disfrutan de este espacio terminado. Adem\u00e1s, nuestra comunidad de K-12 ha comenzado a utilizar el espacio para cantos de himnos, sesiones de m\u00fasica y eventos especiales.<\/p>\n<p><a href=\"https:\/\/www.easternmennonite.org\/es\/2025\/04\/seniors-celebrate-impressive-college-acceptances\/\"><b><img loading=\"lazy\" decoding=\"async\" src=\"https:\/\/www.easternmennonite.org\/wp-content\/uploads\/2025\/07\/224_IMGL1757-300x200.jpg\" alt=\"\" width=\"143\" height=\"95\" \/>Inspiraci\u00f3n. <\/b><\/a>Nos sorprenden constantemente nuestros graduados de EMS. Nos enorgullecemos enormemente de sus logros y crecimiento. La generaci\u00f3n de 2025 de este a\u00f1o no es la excepci\u00f3n. Estos estudiantes poseen un fuerte sentido de identidad y gratitud al embarcarse en sus pr\u00f3ximas aventuras.<\/p>\n<p>&nbsp;<\/p>\nCon gratitud,<br \/>\n<a href=\"https:\/\/www.easternmennonite.org\/es\/calendar\/paul-leaman-bible-study-ephesians-2\/\">Paul Leaman<\/a><br \/>\ndirector de escuela\n\t\t\t\t<img decoding=\"async\" src=\"https:\/\/www.easternmennonite.org\/wp-content\/uploads\/2022\/07\/Paul-Leaman-e1657129381307-500x600.jpg\" alt=\"Paul Leaman\" itemprop=\"image\" height=\"600\" width=\"500\" title=\"Paul Leaman\" onerror=\"this.style.display='none'\" loading='lazy' \/>\n\t\tPaul Leaman, nombrado director de la escuela secundaria en 2003, y director de la escuela desde 2005 hasta la actualidad\n<h2>\n\t\t\tLo m\u00e1s destacado del a\u00f1o escolar 24-25\t<\/h2>\n\t<p><strong>365 <\/strong>Estudiantes K-12 | <strong>77 <\/strong>profesorado y personal | <strong>42 <\/strong>comunidades religiosas<\/p>\n<p><strong>4,572<\/strong> antiguos alumnos activos | <strong>1,058\u00a0<\/strong>donantes | <strong>$1.38M<\/strong> en regalos<\/p>\n\t\n<h4>VISI\u00d3N<\/h4>\n<p>EMS aspira a encarnar el amor de Jes\u00fas como una comunidad de aprendizaje a la que cada estudiante pertenece, prospera y se une a la obra de Dios en el mundo.<\/p>\n<h4>MISI\u00d3N<\/h4>\n<p>EMS, con el hogar y la iglesia, invita a los estudiantes a la fe en Jesucristo, la excelencia acad\u00e9mica, la integridad personal y el servicio compasivo.<\/p>\n<p><strong>DECLARACI\u00d3N DE PERTENENCIA<\/strong><\/p>\n<p>En la Escuela Menonita del Este, nuestro compromiso con la fe nos impulsa a crear espacios inclusivos que traten a todos los miembros de nuestra comunidad con respeto y valoren la voz, la conciencia, la identidad, las experiencias vividas y las perspectivas de cada individuo. Celebramos las diferencias, damos la bienvenida al di\u00e1logo abierto y significativo, y cultivamos el pensamiento cr\u00edtico.<\/p>\n<p><strong>Juntos, dedicamos nuestras acciones a trabajar por la paz, la equidad y la justicia en el mundo que nos rodea.<\/strong><\/p>\n\t\t\t\t<img decoding=\"async\" src=\"https:\/\/www.easternmennonite.org\/wp-content\/uploads\/2025\/07\/1.png\" alt=\"1\" itemprop=\"image\" height=\"450\" width=\"300\" title=\"1\" onerror=\"this.style.display='none'\" loading='lazy' \/>\n\t<p><b>Excelencia a trav\u00e9s del compromiso deportivo. <\/b>Nuestro equipo femenino de f\u00fatbol universitario gan\u00f3 la Divisi\u00f3n III de VISAA <a href=\"https:\/\/www.easternmennonite.org\/es\/2025\/05\/state-champions\/\">Campeonato Estatal<\/a>Esta victoria fue fruto de su arduo trabajo, dedicaci\u00f3n y trabajo en equipo durante toda la temporada. \u00a1Vamos Flames! <\/p>\n\t\t\t\t<img decoding=\"async\" src=\"https:\/\/www.easternmennonite.org\/wp-content\/uploads\/2025\/07\/2.png\" alt=\"2\" itemprop=\"image\" height=\"450\" width=\"300\" title=\"2\" onerror=\"this.style.display='none'\" loading='lazy' \/>\n\t<p><b>Construyendo fe y construyendo puentes. <\/b>Celebramos con \u00e9xito una<a href=\"https:\/\/www.easternmennonite.org\/es\/2025\/03\/welcoming-faith-leaders\/\"> Brunch para l\u00edderes religiosos<\/a> que reuni\u00f3 a educadores, estudiantes y l\u00edderes religiosos para cultivar y mejorar las asociaciones con sinagogas, iglesias y mezquitas donde asisten nuestros estudiantes de EMS.<\/p>\n\t\t\t\t<img decoding=\"async\" src=\"https:\/\/www.easternmennonite.org\/wp-content\/uploads\/2025\/07\/3.png\" alt=\"3\" itemprop=\"image\" height=\"450\" width=\"300\" title=\"3\" onerror=\"this.style.display='none'\" loading='lazy' \/>\n\t<p><b>Modelo de aprendizaje experiencial. <\/b>EMS organizado <a href=\"https:\/\/www.easternmennonite.org\/es\/?p=74922\">viajes de aprendizaje experiencial<\/a> Para todos los estudiantes de secundaria y preparatoria, los enviamos a la comunidad local y m\u00e1s all\u00e1, adem\u00e1s de brindar servicio regularmente al curr\u00edculo. Por primera vez, Discovery Northeast facilit\u00f3 un viaje de diez d\u00edas para 19 estudiantes y 8 miembros del personal por la Costa Este de Estados Unidos.<\/p>\n<h2>\n\t\t\tRead More\t<\/h2>\n\t\t\t\t<a href=\"https:\/\/www.easternmennonite.org\/about\/faculty-staff\/\"  target=\"_blank\" rel=\"noopener\"  itemprop=\"url\">\n\t\t\t\t<img decoding=\"async\" src=\"https:\/\/www.easternmennonite.org\/wp-content\/uploads\/2024\/07\/IMG_0200-561x410-1.jpg\" alt=\"IMG_0200-561x410\" itemprop=\"image\" height=\"410\" width=\"561\" title=\"IMG_0200-561x410\" onerror=\"this.style.display='none'\" loading='lazy' \/>\n\t\t\t\t<\/a>\n<h3><a href=\"https:\/\/www.easternmennonite.org\/about\/faculty-staff\/\" target=\"_blank\"  rel=\"noopener\">Nuestro equipo<\/a><\/h3>\t\n\t\t\t\t<a href=\"https:\/\/www.easternmennonite.org\/es\/about\/outcomes\/\"  target=\"_blank\" rel=\"noopener\"  itemprop=\"url\">\n\t\t\t\t<img decoding=\"async\" src=\"https:\/\/www.easternmennonite.org\/wp-content\/uploads\/2024\/07\/Commencement-2024-advance-set-20-561x410-1.jpg\" alt=\"Shawn Valentine with family at graduation\" itemprop=\"image\" height=\"410\" width=\"561\" title=\"Inicio 2024 advance set-20 561x410\" onerror=\"this.style.display='none'\" loading='lazy' \/>\n\t\t\t\t<\/a>\n<h3><a href=\"https:\/\/www.easternmennonite.org\/es\/about\/outcomes\/\" target=\"_blank\"  rel=\"noopener\">resultados<\/a><\/h3>\t\n\t\t\t\t<a href=\"https:\/\/www.easternmennonite.org\/es\/news\/\"  target=\"_blank\" rel=\"noopener\"  itemprop=\"url\">\n\t\t\t\t<img decoding=\"async\" src=\"https:\/\/www.easternmennonite.org\/wp-content\/uploads\/2024\/07\/IMG_4250-561x410-1.jpg\" alt=\"IMG_4250-561x410\" itemprop=\"image\" height=\"410\" width=\"561\" title=\"IMG_4250-561x410\" onerror=\"this.style.display='none'\" loading='lazy' \/>\n\t\t\t\t<\/a>\n<h3><a href=\"https:\/\/www.easternmennonite.org\/es\/news\/\" target=\"_blank\"  rel=\"noopener\">Historias y noticias<\/a><\/h3>\t\n<h2>\n\t\t\tAyude a los estudiantes de EMS a vivir el llamado de Dios\t<\/h2>\n\t\t\t<a href=\"https:\/\/www.easternmennonite.org\/es\/support\/\" target=\"_blank\" rel=\"noopener\">\n\t\t\t\t\t\t\tSupport\n\t\t\t\t\t<\/a>\n\t\t\t<a href=\"https:\/\/www.easternmennonite.org\/es\/support\/planned-giving\/\" target=\"_blank\" rel=\"noopener\">\n\t\t\t\t\t\t\tDonaciones planificadas\n\t\t\t\t\t<\/a>\n\t\t\t<a href=\"https:\/\/www.easternmennonite.org\/es\/support\/ways-to-give\/\" target=\"_blank\" rel=\"noopener\">\n\t\t\t\t\t\t\tFormas de donar\n\t\t\t\t\t<\/a>","protected":false},"excerpt":{"rendered":"<p>Reproducir video INFORME DE IMPACTO: Donaciones en acci\u00f3n. Nos llena de gratitud recordar el impacto del a\u00f1o escolar 2024-25. El profesorado y el personal tuvieron el privilegio de educar a 365 estudiantes y, junto con nuestra misi\u00f3n y visi\u00f3n, asumimos un firme compromiso con el fomento del sentido de pertenencia. Nuestra comunidad respondi\u00f3...<\/p>","protected":false},"author":17,"featured_media":75710,"parent":37,"menu_order":1,"comment_status":"closed","ping_status":"closed","template":"","meta":{"_acf_changed":false,"footnotes":""},"class_list":["post-29446","page","type-page","status-publish","has-post-thumbnail","hentry"],"acf":[],"_links":{"self":[{"href":"https:\/\/www.easternmennonite.org\/es\/wp-json\/wp\/v2\/pages\/29446","targetHints":{"allow":["GET"]}}],"collection":[{"href":"https:\/\/www.easternmennonite.org\/es\/wp-json\/wp\/v2\/pages"}],"about":[{"href":"https:\/\/www.easternmennonite.org\/es\/wp-json\/wp\/v2\/types\/page"}],"author":[{"embeddable":true,"href":"https:\/\/www.easternmennonite.org\/es\/wp-json\/wp\/v2\/users\/17"}],"replies":[{"embeddable":true,"href":"https:\/\/www.easternmennonite.org\/es\/wp-json\/wp\/v2\/comments?post=29446"}],"version-history":[{"count":6,"href":"https:\/\/www.easternmennonite.org\/es\/wp-json\/wp\/v2\/pages\/29446\/revisions"}],"predecessor-version":[{"id":75758,"href":"https:\/\/www.easternmennonite.org\/es\/wp-json\/wp\/v2\/pages\/29446\/revisions\/75758"}],"up":[{"embeddable":true,"href":"https:\/\/www.easternmennonite.org\/es\/wp-json\/wp\/v2\/pages\/37"}],"wp:featuredmedia":[{"embeddable":true,"href":"https:\/\/www.easternmennonite.org\/es\/wp-json\/wp\/v2\/media\/75710"}],"wp:attachment":[{"href":"https:\/\/www.easternmennonite.org\/es\/wp-json\/wp\/v2\/media?parent=29446"}],"curies":[{"name":"gracias","href":"https:\/\/api.w.org\/{rel}","templated":true}]}}