{"id":29720,"date":"2020-07-27T13:04:31","date_gmt":"2020-07-27T17:04:31","guid":{"rendered":"https:\/\/www.easternmennonite.org\/?page_id=29720"},"modified":"2025-02-11T10:39:26","modified_gmt":"2025-02-11T15:39:26","slug":"ems-logowear","status":"publish","type":"page","link":"https:\/\/www.easternmennonite.org\/es\/ems-logowear\/","title":{"rendered":"EMS Flames Logo Store"},"content":{"rendered":"<h2><strong>Show your school spirit<\/strong><strong>!<\/strong><\/h2>\n<p><strong>Two ways to purchase EMS logo items year-round:<\/strong><\/p>\n<ul>\n<li>Visit the <strong><a href=\"https:\/\/teamlocker.squadlocker.com\/#\/lockers\/eastern-mennonite-school\" target=\"_blank\" rel=\"noopener\">Flames Logo Store<\/a><\/strong>. Shop our year-round store on Squadlocker<\/li>\n<li>Select items that we have in stock at the school (see below)<\/li>\n<\/ul>\n<p>Proceeds benefit EMS general operations. Sport specific logo items will also be available later in the year from teams.<\/p>\n<p>Questions? contact Erin Kennedy Hess, Advancement Assistant, <a href=\"mailto:logostore@easternmennonite.org\">logostore@easternmennonite.org<\/a> or 540-236-6025.<\/p>\n\t<p><b>Visit the <\/b><b><a href=\"https:\/\/teamlocker.squadlocker.com\/#\/lockers\/eastern-mennonite-school\" target=\"_blank\" rel=\"noopener\">Flames Logo Store<\/a><\/b><\/p>\n<ul>\n<li aria-level=\"1\">View a variety of clothing and accessories<\/li>\n<li aria-level=\"1\">La tienda est\u00e1 abierta todo el a\u00f1o.<\/li>\n<li aria-level=\"1\">Your order will be delivered directly to you<\/li>\n<\/ul>\n<p>La tienda del logotipo de Flames est\u00e1 abierta, haga clic <a href=\"https:\/\/teamlocker.squadlocker.com\/#\/lockers\/eastern-mennonite-school\" target=\"_blank\" rel=\"noopener\"><b>here<\/b><\/a> para comenzar tus compras. Ofrecemos ropa, gorros y bufandas para adultos y j\u00f3venes. La tienda est\u00e1 alojada en Squadlocker, un creador de tiendas en l\u00ednea. La tienda est\u00e1 abierta todo el a\u00f1o y su pedido se le enviar\u00e1 entre 6 y 12 d\u00edas h\u00e1biles despu\u00e9s de realizarlo.\u00a0\u00a0<\/p>\n\t\t\t\t<img loading=\"lazy\" decoding=\"async\" src=\"https:\/\/www.easternmennonite.org\/wp-content\/uploads\/2022\/07\/BlueSweatshirt-213x300.jpg\" alt=\"BlueSweatshirt\" itemprop=\"image\" height=\"300\" width=\"213\" title=\"BlueSweatshirt\" onerror=\"this.style.display='none'\"  \/>\n\t<p><strong>Items available at school<\/strong><\/p>\n<ul>\n<li>If interested in any items contact Erin Kennedy Hess, <a href=\"mailto:logo@easternmennonite.org\">logo@easternmennonite.org<\/a> or 540-236-6025<\/li>\n<li>Payment can be made by cash, check, and credit card.<\/li>\n<\/ul>\n\t\t\t\t<img loading=\"lazy\" decoding=\"async\" src=\"https:\/\/www.easternmennonite.org\/wp-content\/uploads\/2020\/07\/WaterBottle-140x300.jpg\" alt=\"Water Bottle - $15\" itemprop=\"image\" height=\"300\" width=\"140\" title=\"WaterBottle\" onerror=\"this.style.display='none'\"  \/>\n\t\tBotella de agua \u2013 $15\n\t\t\t\t<img loading=\"lazy\" decoding=\"async\" src=\"https:\/\/www.easternmennonite.org\/wp-content\/uploads\/2021\/10\/2021.Tumbler-219x300.jpg\" alt=\"Tumbler $15\" itemprop=\"image\" height=\"300\" width=\"219\" title=\"2021.Tumbler\" onerror=\"this.style.display='none'\"  \/>\n\t\tTumbler $15\n\t\t\t\t<img loading=\"lazy\" decoding=\"async\" src=\"https:\/\/www.easternmennonite.org\/wp-content\/uploads\/2020\/07\/PicnicBlanket-300x217.jpg\" alt=\"Picnic Blanket - $22\" itemprop=\"image\" height=\"217\" width=\"300\" title=\"PicnicBlanket\" onerror=\"this.style.display='none'\"  \/>\n\t\tManta de picnic \u2013 $22","protected":false},"excerpt":{"rendered":"<p>\u00a1Muestre su esp\u00edritu escolar! Dos formas de comprar art\u00edculos con el logotipo de EMS durante todo el a\u00f1o: visite la tienda del logotipo de Flames. Compre en nuestra tienda durante todo el a\u00f1o en Squadlocker. Seleccione los art\u00edculos que tenemos en stock en la escuela (ver m\u00e1s abajo). Las ganancias benefician las operaciones generales de EMS. Los art\u00edculos con logotipos espec\u00edficos de deportes tambi\u00e9n estar\u00e1n disponibles a finales de a\u00f1o en los equipos. \u00bfPreguntas?\u2026<\/p>","protected":false},"author":4,"featured_media":0,"parent":0,"menu_order":0,"comment_status":"closed","ping_status":"closed","template":"","meta":{"_acf_changed":false,"footnotes":""},"class_list":["post-29720","page","type-page","status-publish","hentry"],"acf":[],"_links":{"self":[{"href":"https:\/\/www.easternmennonite.org\/es\/wp-json\/wp\/v2\/pages\/29720","targetHints":{"allow":["GET"]}}],"collection":[{"href":"https:\/\/www.easternmennonite.org\/es\/wp-json\/wp\/v2\/pages"}],"about":[{"href":"https:\/\/www.easternmennonite.org\/es\/wp-json\/wp\/v2\/types\/page"}],"author":[{"embeddable":true,"href":"https:\/\/www.easternmennonite.org\/es\/wp-json\/wp\/v2\/users\/4"}],"replies":[{"embeddable":true,"href":"https:\/\/www.easternmennonite.org\/es\/wp-json\/wp\/v2\/comments?post=29720"}],"version-history":[{"count":0,"href":"https:\/\/www.easternmennonite.org\/es\/wp-json\/wp\/v2\/pages\/29720\/revisions"}],"wp:attachment":[{"href":"https:\/\/www.easternmennonite.org\/es\/wp-json\/wp\/v2\/media?parent=29720"}],"curies":[{"name":"gracias","href":"https:\/\/api.w.org\/{rel}","templated":true}]}}