{"id":29984,"date":"2020-08-19T15:29:55","date_gmt":"2020-08-19T19:29:55","guid":{"rendered":"https:\/\/www.easternmennonite.org\/?page_id=29984"},"modified":"2024-08-28T14:06:35","modified_gmt":"2024-08-28T18:06:35","slug":"covid-information-2022-23-school-year","status":"publish","type":"page","link":"https:\/\/www.easternmennonite.org\/es\/about\/covid-information-2022-23-school-year\/","title":{"rendered":"Informaci\u00f3n sobre COVID, a\u00f1o escolar 2022-23"},"content":{"rendered":"<p>Con la naturaleza cambiante de COVID, los padres deben estar atentos a las actualizaciones sobre la pol\u00edtica escolar y practicar a trav\u00e9s de las actualizaciones de Paul Leaman, director de la escuela. EMS anticipa abrir con m\u00e1scara opcional para el a\u00f1o escolar 2022-23.<\/p>\n<strong>Directrices opcionales de la m\u00e1scara EMS<\/strong>\n<ul dir=\"ltr\">\n<li>EMS continuar\u00e1 siguiendo las pautas de los CDC, VDH y los asesores m\u00e9dicos locales.<\/li>\n<li>Los CDC y VDH son los grupos que pretendemos seguir en caso de que las condiciones cambien y ameriten volver a las pr\u00e1cticas de enmascaramiento u otras medidas de mitigaci\u00f3n para la salud p\u00fablica.<\/li>\n<li>Las m\u00e1scaras son opcionales para el a\u00f1o escolar 2022-23, excepto en \u00e1reas espec\u00edficamente designadas. Todos los estudiantes, profesores y personal pueden usar mascarilla (o no) seg\u00fan su comodidad personal. Si un padre elige que su hijo no use una m\u00e1scara, no se requieren formularios ni otras notificaciones a la escuela. La decisi\u00f3n de cada familia ser\u00e1 respetada por todos los miembros de nuestra comunidad escolar. Para aquellos que deseen seguir usando una mascarilla, tenga en cuenta que se ha demostrado que las mascarillas N95, KN95 y quir\u00fargicas brindan un mayor nivel de protecci\u00f3n.<\/li>\n<\/ul>\nConsideraciones a tener en cuenta\n<ul dir=\"ltr\">\n<li>Seguir\u00e1 siendo necesario quedarse en casa cuando est\u00e9 enfermo, ya que es la mejor manera de prevenir la propagaci\u00f3n de cualquier enfermedad transmisible.<\/li>\n<li>La comprensi\u00f3n actual es que las personas pueden optar por reducir dr\u00e1sticamente el riesgo personal de contraer COVID mediante la vacunaci\u00f3n y una gran cantidad de esfuerzos de mitigaci\u00f3n. La elecci\u00f3n personal de usar una mascarilla N95 o KN95 correctamente ajustada proporciona una protecci\u00f3n significativa.<\/li>\n<li>Ya no se espera que las escuelas rastreen los contactos dentro de un entorno escolar; sin embargo, EMS se comunicar\u00e1 con los profesores y las familias cuando nos enteremos de una posible exposici\u00f3n de una persona positiva a COVID y gestionaremos las expectativas de cuarentena y aislamiento caso por caso, como lo hemos hecho desde el comienzo de la pandemia.<\/li>\n<li>Otras medidas de mitigaci\u00f3n en EMS continuar\u00e1n como lo hemos practicado este a\u00f1o escolar. Las pr\u00e1cticas de instrucci\u00f3n, la disposici\u00f3n de los asientos, las actividades en el aula, etc. pueden continuar como lo hac\u00edan cuando todos los estudiantes usaban m\u00e1scaras. El \u00fanico cambio es que los estudiantes pueden elegir si usar o no una m\u00e1scara.<\/li>\n<\/ul>\nM\u00e1scara opcional: reglas hasta la fecha\n<ul dir=\"ltr\">\n<li>A partir del 21 de marzo de 2022, todos los profesores, el personal y los estudiantes tendr\u00e1n la opci\u00f3n de usar o no una m\u00e1scara.<\/li>\n<li>Se colocar\u00e1 un cartel en las puertas de los espacios donde se requieren m\u00e1scaras debido a inquietudes espec\u00edficas aprobadas previamente por la administraci\u00f3n.<\/li>\n<li>El uso de mascarillas en los autobuses seguir\u00e1 la \u00faltima ley federal\/estatal.<\/li>\n<li>Las mascarillas ser\u00e1n opcionales en el auditorio; sin embargo, los asientos seguir\u00e1n estando espaciados.<\/li>\n<li>De acuerdo con la orientaci\u00f3n actualizada de VDH, un estudiante que d\u00e9 positivo ser\u00e1 aislado durante al menos 5 d\u00edas. Si los s\u00edntomas han mejorado y no hay fiebre, el estudiante puede regresar el d\u00eda 6 solo si usa una mascarilla adecuada de manera constante y correcta los d\u00edas 6 a 10. Si no se usa mascarilla, el estudiante regresar\u00e1 despu\u00e9s del d\u00eda 10.<\/li>\n<li>Se espera que los padres notifiquen a la escuela si un estudiante da positivo por COVID-19.<\/li>\n<\/ul>\n\n\t\t\t<a href=\"https:\/\/www.easternmennonite.org\/wp-content\/uploads\/2021\/09\/VDH-COVID-19-Antigen-Test-Results-Infographic-.pdf\" target=\"_blank\" rel=\"noopener\">\n\t\t\t\t\t\t\tExplicaci\u00f3n de las pruebas de COVID-19\n\t\t\t\t\t<\/a>","protected":false},"excerpt":{"rendered":"<p>Con la naturaleza cambiante de COVID, los padres deben estar atentos a las actualizaciones sobre la pol\u00edtica escolar y practicar a trav\u00e9s de las actualizaciones de Paul Leaman, director de la escuela. EMS anticipa abrir con m\u00e1scara opcional para el a\u00f1o escolar 2022-23. Pautas opcionales de la m\u00e1scara EMS EMS continuar\u00e1 siguiendo las pautas de los CDC, VDH y los asesores m\u00e9dicos locales. Los CDC,\u2026<\/p>","protected":false},"author":4,"featured_media":29948,"parent":74,"menu_order":0,"comment_status":"closed","ping_status":"closed","template":"","meta":{"_acf_changed":false,"footnotes":""},"class_list":["post-29984","page","type-page","status-publish","has-post-thumbnail","hentry"],"acf":[],"_links":{"self":[{"href":"https:\/\/www.easternmennonite.org\/es\/wp-json\/wp\/v2\/pages\/29984","targetHints":{"allow":["GET"]}}],"collection":[{"href":"https:\/\/www.easternmennonite.org\/es\/wp-json\/wp\/v2\/pages"}],"about":[{"href":"https:\/\/www.easternmennonite.org\/es\/wp-json\/wp\/v2\/types\/page"}],"author":[{"embeddable":true,"href":"https:\/\/www.easternmennonite.org\/es\/wp-json\/wp\/v2\/users\/4"}],"replies":[{"embeddable":true,"href":"https:\/\/www.easternmennonite.org\/es\/wp-json\/wp\/v2\/comments?post=29984"}],"version-history":[{"count":0,"href":"https:\/\/www.easternmennonite.org\/es\/wp-json\/wp\/v2\/pages\/29984\/revisions"}],"up":[{"embeddable":true,"href":"https:\/\/www.easternmennonite.org\/es\/wp-json\/wp\/v2\/pages\/74"}],"wp:featuredmedia":[{"embeddable":true,"href":"https:\/\/www.easternmennonite.org\/es\/wp-json\/wp\/v2\/media\/29948"}],"wp:attachment":[{"href":"https:\/\/www.easternmennonite.org\/es\/wp-json\/wp\/v2\/media?parent=29984"}],"curies":[{"name":"gracias","href":"https:\/\/api.w.org\/{rel}","templated":true}]}}