{"id":31362,"date":"2020-11-17T16:22:11","date_gmt":"2020-11-17T21:22:11","guid":{"rendered":"https:\/\/www.easternmennonite.org\/?page_id=31362"},"modified":"2024-08-28T14:13:12","modified_gmt":"2024-08-28T18:13:12","slug":"les-miserables-school-edition-streaming-service","status":"publish","type":"page","link":"https:\/\/www.easternmennonite.org\/es\/about\/the-arts\/drama\/les-miserables-school-edition-streaming-service\/","title":{"rendered":"Los Miserables V\u00eddeo a la carta"},"content":{"rendered":"<p>Bienvenido a nuestra producci\u00f3n de oto\u00f1o de 2020 de <em>Edici\u00f3n Escolar Los Miserables. <\/em>Gracias por \u201cunirse\u201d a nosotros de esta manera. Con asientos limitados debido a las restricciones de COVID-19 (ver m\u00e1s a continuaci\u00f3n) y el clima fr\u00edo, \u00a1estamos muy contentos de poder poner este programa a disposici\u00f3n de m\u00e1s espectadores!<\/p>\n<p>A continuaci\u00f3n se presentan algunas notas importantes y datos informativos sobre esta producci\u00f3n inusual y especial en EMS. A la derecha, puede hacer clic para descargar el programa que incluye m\u00e1s antecedentes sobre la producci\u00f3n, notas del director, biograf\u00edas del elenco y agradecimientos importantes a los patrocinadores.<\/p>\n<p>Haga clic en &quot;Ver el programa&quot; para comprar su acceso al video. El espect\u00e1culo dura 2,5 horas. Una vez que compre el derecho a mirar, deber\u00e1 mirar dentro de las 48 horas. El enlace para comprar estar\u00e1 activo hasta noviembre de 2021.<\/p>\n\t\t\t<a href=\"https:\/\/youtu.be\/iBR8BGdb1HU\" target=\"_blank\" rel=\"noopener\">\n\t\t\t\t\t\t\tV\u00eddeo promocional\n\t\t\t\t\t<\/a>\n\t\t\t<a href=\"https:\/\/www.easternmennonite.org\/wp-content\/uploads\/2020\/11\/Les-Mis-Program-FINAL.pdf\" target=\"_blank\" rel=\"noopener\">\n\t\t\t\t\t\t\tDownload the playbill\n\t\t\t\t\t<\/a>\n\t\t\t<a href=\"https:\/\/www.showtix4u.com\/event-details\/43485\" target=\"_blank\" rel=\"noopener\">\n\t\t\t\t\t\t\tMira el programa\n\t\t\t\t\t<\/a>\n\t<p><em>Los Miserables: Edici\u00f3n Escolar <\/em>incluye algunos temas, im\u00e1genes y lenguaje desafiantes, y esta producci\u00f3n no rehuye ese contenido desafiante. Como escuela cristiana que busca humildemente preparar a los estudiantes para interactuar con un mundo imperfecto, creemos que el teatro nos ayuda a examinar la experiencia humana completa. A veces eso significa que retratamos situaciones que son diferentes de la plenitud que Dios desea para nosotros. Decida cuidadosamente si ver esta producci\u00f3n es apropiado para ni\u00f1os.<\/p>\n<p>Esta producci\u00f3n fue presentada durante la pandemia de Covid-19. Se siguieron las siguientes medidas de seguridad:<\/p>\n<ul>\n<li>\n<ul>\n<li>Todos los ensayos y actuaciones se realizaron al aire libre.<\/li>\n<li>Un bloqueo cuidadoso mantuvo a los actores a m\u00e1s de 10 pies de distancia en todo momento, excepto en los pases cortos (&lt;10 segundos). Las excepciones fueron un par de parejas de hermanos hombre y mujer cuya \u201cburbuja\u201d de contacto permiti\u00f3 cierta puesta en escena de pareja.<\/li>\n<li>Los estudiantes usaron m\u00e1scaras durante todos los ensayos, hasta los ensayos generales. Incluso entonces, usaban m\u00e1scaras a menos que estuvieran actuando en el escenario, y las reemplazaban inmediatamente despu\u00e9s de salir. (Es posible que vea algunas m\u00e1scaras olvidadas en las entradas: \u00a1una imperfecci\u00f3n en nuestra producci\u00f3n que abrazamos como un recuerdo feliz de nuestro cuidado mutuo!)<\/li>\n<li>Todos los participantes firmaron un pacto de seguridad comunitaria, comprometi\u00e9ndose, durante el per\u00edodo de producci\u00f3n, a abstenerse de realizar elecciones arriesgadas, como actividades grupales en interiores sin m\u00e1scaras.<\/li>\n<li>Nuestras tres actuaciones al aire libre fueron vistas por un p\u00fablico limitado y f\u00edsicamente distanciado. El espacio para la audiencia (nuestro campo de f\u00fatbol) estaba revestido con paneles de 8X8 pies. bloques con 10 pies. distancia entre. Los miembros de la audiencia usaron m\u00e1scaras, trajeron sillas de jard\u00edn y se abrigaron para nuestras presentaciones de finales de octubre y principios de noviembre, \u00a1algunas de las cuales tuvieron lugar en temperaturas casi heladas!<\/li>\n<\/ul>\n<\/li>\n<\/ul>\n<p>Eastern Mennonite School es una comunidad K-12 que inscribe a m\u00e1s de 350 estudiantes de muchas tradiciones religiosas y or\u00edgenes culturales.<\/p>\n<p>Esta producci\u00f3n es presentada por nuestra divisi\u00f3n de escuelas secundarias con roles infantiles desempe\u00f1ados por estudiantes de nuestras divisiones de escuelas primarias y secundarias. Los papeles de los ni\u00f1os tienen un reparto doble y en este v\u00eddeo ver\u00e1s representantes de ambos repartos infantiles.<strong><em>\u00a0<\/em><\/strong><\/p>","protected":false},"excerpt":{"rendered":"<p>Bienvenidos a nuestra producci\u00f3n de oto\u00f1o de 2020 de Les Mis\u00e9rables School Edition. Gracias por \u201cunirse\u201d a nosotros de esta manera. Con asientos limitados debido a las restricciones de COVID-19 (ver m\u00e1s a continuaci\u00f3n) y el clima fr\u00edo, \u00a1estamos muy contentos de poder poner este programa a disposici\u00f3n de m\u00e1s espectadores! A continuaci\u00f3n se presentan algunas notas importantes y datos informativos...<\/p>","protected":false},"author":4,"featured_media":0,"parent":5991,"menu_order":0,"comment_status":"closed","ping_status":"closed","template":"","meta":{"_acf_changed":false,"footnotes":""},"class_list":["post-31362","page","type-page","status-publish","hentry"],"acf":[],"_links":{"self":[{"href":"https:\/\/www.easternmennonite.org\/es\/wp-json\/wp\/v2\/pages\/31362","targetHints":{"allow":["GET"]}}],"collection":[{"href":"https:\/\/www.easternmennonite.org\/es\/wp-json\/wp\/v2\/pages"}],"about":[{"href":"https:\/\/www.easternmennonite.org\/es\/wp-json\/wp\/v2\/types\/page"}],"author":[{"embeddable":true,"href":"https:\/\/www.easternmennonite.org\/es\/wp-json\/wp\/v2\/users\/4"}],"replies":[{"embeddable":true,"href":"https:\/\/www.easternmennonite.org\/es\/wp-json\/wp\/v2\/comments?post=31362"}],"version-history":[{"count":0,"href":"https:\/\/www.easternmennonite.org\/es\/wp-json\/wp\/v2\/pages\/31362\/revisions"}],"up":[{"embeddable":true,"href":"https:\/\/www.easternmennonite.org\/es\/wp-json\/wp\/v2\/pages\/5991"}],"wp:attachment":[{"href":"https:\/\/www.easternmennonite.org\/es\/wp-json\/wp\/v2\/media?parent=31362"}],"curies":[{"name":"gracias","href":"https:\/\/api.w.org\/{rel}","templated":true}]}}