{"id":31919,"date":"2021-01-26T11:30:50","date_gmt":"2021-01-26T16:30:50","guid":{"rendered":"https:\/\/www.easternmennonite.org\/?page_id=31919"},"modified":"2025-12-29T16:06:55","modified_gmt":"2025-12-29T21:06:55","slug":"multicultural-scholarship","status":"publish","type":"page","link":"https:\/\/www.easternmennonite.org\/es\/admissions\/scholarships\/multicultural-scholarship\/","title":{"rendered":"Beca multicultural"},"content":{"rendered":"<p>Visi\u00f3n del SME: <em>Aspiramos a<\/em><i> reflejar la luz de Cristo como una comunidad de aprendizaje donde cada estudiante pertenece, prospera y vive el llamado de Dios.<\/i><\/p>\n<p>EMS se encuentra en una de las ciudades m\u00e1s diversas del estado de Virginia. La direcci\u00f3n <strong>Beca multicultural <\/strong>nos ayuda a aumentar el n\u00famero de razas, etnias, culturas y tradiciones en nuestra escuela y a reflejar m\u00e1s fielmente la composici\u00f3n de nuestra ciudad y sus alrededores.<\/p>\n<p>Conscientes de que la matr\u00edcula puede suponer una barrera, los donantes del Fondo de Becas Multiculturales quieren que la EMS sea accesible a m\u00e1s familias de or\u00edgenes diversos.<\/p>\n<p>La beca est\u00e1 disponible para estudiantes de cualquier edad. Las solicitudes de apoyo de esta beca exceden los fondos disponibles cada a\u00f1o. Los solicitantes deben completar el proceso de admisi\u00f3n y la solicitud de asistencia de matr\u00edcula FACTS, y estar listos para compartir acerca de su deseo de unirse a la comunidad escolar.<\/p>\n<p>Volver a la<a href=\"https:\/\/www.easternmennonite.org\/es\/admissions\/scholarships\/\"> p\u00e1gina de becas<\/a>.<\/p>\n\t<h3><strong>Para ser considerado, por favor:\u00a0<\/strong><\/h3>\n<ol>\n<li><strong>Env\u00ede el <\/strong><a href=\"https:\/\/easternmennonite.schooladminonline.com\/users\/sign_in\">solicitud de inscripci\u00f3n en l\u00ednea para el SME<\/a> para el 15 de febrero.<b>\u00a0<\/b>Los estudiantes elegibles ingresar\u00e1n en cualquier grado. Tambi\u00e9n se requieren documentos adicionales para la admisi\u00f3n e incluyen referencias y transcripciones escolares.<\/li>\n<li><strong>Complete la<\/strong> <a href=\"https:\/\/studentfinancialaid.blackbaud.school\/\">solicitud de ayuda para la matr\u00edcula<\/a>, Para demostrar necesidad econ\u00f3mica. Los beneficiarios de esta beca pueden recibir esta financiaci\u00f3n adem\u00e1s de un descuento en la matr\u00edcula*.<\/li>\n<li><strong>La fecha l\u00edmite para esta beca es el 15 de febrero.<\/strong> Se elegir\u00e1n uno o varios beneficiarios de esta beca mientras haya fondos disponibles. Los beneficiarios recibir\u00e1n una notificaci\u00f3n a partir del 15 de marzo.<\/li>\n<\/ol>\n<p><em>*<a href=\"https:\/\/www.easternmennonite.org\/es\/admissions\/variable-tuition-and-aid\/\">Matr\u00edcula<\/a> se calcula sobre la base de la tasa de matr\u00edcula publicada menos cualquier reducci\u00f3n en la matr\u00edcula. El descuento de la beca se aplicar\u00e1 despu\u00e9s de calcular cualquier reducci\u00f3n en la matr\u00edcula.\u00a0<\/em><\/p>\n\t<h3>Financiaci\u00f3n del fondo de dotaci\u00f3n<\/h3>\n<p>El Fondo de Becas Multiculturales se estableci\u00f3 en 2020 con el nombre de \u201cFondo de Estudiantes de Color\u201d.<a href=\"https:\/\/www.easternmennonite.org\/es\/2022\/09\/50955\/\"> Una revisi\u00f3n de ese nombre<\/a> en oto\u00f1o de 2022 condujo a la actualizaci\u00f3n del nombre, Fondo Multicultural.<\/p>\n<p>El fondo surgi\u00f3 cuando la escuela busc\u00f3 formas m\u00e1s tangibles de abordar las desigualdades y barreras raciales en la cultura en general y en EMS en particular.<\/p>\n<p>Gracias al capital inicial plantado hace casi 30 a\u00f1os, el fondo de dotaci\u00f3n se estableci\u00f3 r\u00e1pidamente. La dotaci\u00f3n original se estableci\u00f3 a principios de la d\u00e9cada de 1990 para que los estudiantes inmigrantes laosianos de una iglesia menonita local pudieran asistir al EMHS. La familia que aport\u00f3 el capital inicial se alegr\u00f3, cuando se le pregunt\u00f3 a finales de 2020, de ver ampliado el alcance para incluir ayudas a estudiantes de color de cualquier origen \u00e9tnico.<\/p>\n<p>Las ganancias del fondo de donaci\u00f3n se han utilizado como parte del proceso rutinario de ayuda financiera de la escuela a lo largo de los a\u00f1os; Ampliarlo como una beca, espera la escuela, atraer\u00e1 m\u00e1s apoyo de los donantes, adem\u00e1s de hacerlo m\u00e1s accesible a un grupo m\u00e1s amplio de solicitantes.<\/p>\n<p>Un obsequio no solicitado de Chuck Hostetter &#039;71 designado para estudiantes de color en el verano de 2020 provoc\u00f3 una revisi\u00f3n de la donaci\u00f3n original, conversaciones con los fundadores y una renovaci\u00f3n.<\/p>\n<p>Hostetter se sinti\u00f3 impulsado a enviar un regalo a la escuela despu\u00e9s de encontrarse con un mont\u00f3n de cartas en el almac\u00e9n. Las cartas se las enviaron compa\u00f1eros de EMHS mientras viv\u00eda con su familia en Nigeria durante su \u00faltimo a\u00f1o.<\/p>\n<p>&quot;Ese apoyo de mis compa\u00f1eros signific\u00f3 mucho&quot;, escribi\u00f3. \u201cAhora veo c\u00f3mo tom\u00f3 forma mi trayectoria de vida, influenciada por otras culturas. Estoy agradecido de apoyar este fondo en agradecimiento por lo que esos amigos de EMHS significaron para m\u00ed y de apoyar las ideas y el don a la humanidad que las personas de color aportan a las comunidades escolares\u201d.<\/p>\n<p>Hostetter invita a sus compa\u00f1eros de clase, que celebraron su reuni\u00f3n de clase de 50 a\u00f1os en 2021, a unirse a \u00e9l para apoyar la beca.<\/p>\n\t\t\t<a href=\"https:\/\/app.donorview.com\/emgqw\" target=\"_blank\" rel=\"noopener\">\n\t\t\t\t\t\t\tApoye la beca\n\t\t\t\t\t<\/a>\n\t<p>Las donaciones de cualquier cuant\u00eda pueden enviarse por correo a la escuela (801 Parkwood Drive, Harrisonburg, Virginia 22801) o por Internet (bot\u00f3n de arriba).<\/p>\n<p>Designe la donaci\u00f3n para el \u201cFondo de Becas Multiculturales\u201d.<\/p>\n<p>Los fondos de dotaci\u00f3n mantienen a los estudiantes m\u00e1s all\u00e1 de esta generaci\u00f3n, ya que los ingresos aumentan con el tiempo. M\u00e1s informaci\u00f3n sobre donaciones planificadas <strong><a href=\"https:\/\/www.easternmennonite.org\/es\/support\/planned-giving\/\">here<\/a>.<\/strong><\/p>","protected":false},"excerpt":{"rendered":"<p>Visi\u00f3n de EMS: Aspiramos a reflejar la luz de Cristo como una comunidad de aprendizaje donde cada estudiante pertenece, prospera y vive el llamado de Dios. EMS est\u00e1 ubicado en una de las ciudades m\u00e1s diversas del estado de Virginia. La Beca Multicultural nos ayuda a aumentar el n\u00famero de razas, etnias, culturas y tradiciones en nuestra escuela y...<\/p>","protected":false},"author":4,"featured_media":0,"parent":26755,"menu_order":0,"comment_status":"closed","ping_status":"closed","template":"","meta":{"_acf_changed":false,"footnotes":""},"class_list":["post-31919","page","type-page","status-publish","hentry"],"acf":[],"_links":{"self":[{"href":"https:\/\/www.easternmennonite.org\/es\/wp-json\/wp\/v2\/pages\/31919","targetHints":{"allow":["GET"]}}],"collection":[{"href":"https:\/\/www.easternmennonite.org\/es\/wp-json\/wp\/v2\/pages"}],"about":[{"href":"https:\/\/www.easternmennonite.org\/es\/wp-json\/wp\/v2\/types\/page"}],"author":[{"embeddable":true,"href":"https:\/\/www.easternmennonite.org\/es\/wp-json\/wp\/v2\/users\/4"}],"replies":[{"embeddable":true,"href":"https:\/\/www.easternmennonite.org\/es\/wp-json\/wp\/v2\/comments?post=31919"}],"version-history":[{"count":1,"href":"https:\/\/www.easternmennonite.org\/es\/wp-json\/wp\/v2\/pages\/31919\/revisions"}],"predecessor-version":[{"id":78342,"href":"https:\/\/www.easternmennonite.org\/es\/wp-json\/wp\/v2\/pages\/31919\/revisions\/78342"}],"up":[{"embeddable":true,"href":"https:\/\/www.easternmennonite.org\/es\/wp-json\/wp\/v2\/pages\/26755"}],"wp:attachment":[{"href":"https:\/\/www.easternmennonite.org\/es\/wp-json\/wp\/v2\/media?parent=31919"}],"curies":[{"name":"gracias","href":"https:\/\/api.w.org\/{rel}","templated":true}]}}