{"id":3590,"date":"2019-01-28T15:02:04","date_gmt":"2019-01-28T20:02:04","guid":{"rendered":"https:\/\/emsdev.digpants.com\/?page_id=3590"},"modified":"2026-04-02T12:40:37","modified_gmt":"2026-04-02T16:40:37","slug":"athletics","status":"publish","type":"page","link":"https:\/\/www.easternmennonite.org\/es\/athletics\/","title":{"rendered":"Atletismo"},"content":{"rendered":"<a href=\"https:\/\/www.easternmennonite.org\/es\/athletics\/calendar\/\"  target=\"_blank\" rel=\"noopener\">\n\t\t\t\t\t\t\tCalendario\n\t\t\t\t\t<\/a>\n\t\t\t<a href=\"https:\/\/www.maxpreps.com\/high-schools\/eastern-mennonite-(harrisonburg,va)\/home.htm\"  target=\"_blank\" rel=\"noopener\">\n\t\t\t\t\t\t\tResultados\/estad\u00edsticas de MaxPreps\n\t\t\t\t\t<\/a>\n\t\t\t<a href=\"https:\/\/www.easternmennonite.org\/wp-content\/uploads\/2025\/05\/VHSL_Physical_Evalution_Form_04_2025_.pdf\"  target=\"_blank\" rel=\"noopener\">\n\t\t\t\t\t\t\tForma f\u00edsica\n\t\t\t\t\t<\/a>\n\t\t\t<a href=\"https:\/\/www.easternmennonite.org\/es\/athletics\/directions-for-visitors\/\"  target=\"_blank\" rel=\"noopener\">\n\t\t\t\t\t\t\tIndicaciones para llegar a EMS\n\t\t\t\t\t<\/a>\n\t\t\t<a href=\"https:\/\/www.easternmennonite.org\/wp-content\/uploads\/2023\/11\/EMS-Athletic-Handbook.pdf\"  target=\"_self\">\n\t\t\t\t\t\t\tManual atl\u00e9tico\n\t\t\t\t\t<\/a>\n\t\t\t<a href=\"https:\/\/www.easternmennonite.org\/es\/athletics\/booster-club\/\"  target=\"_self\">\n\t\t\t\t\t\t\tClub de refuerzo\n\t\t\t\t\t<\/a>\n<figure itemscope itemtype=\"https:\/\/schema.org\/ImageObject\">\n\t\t\t\t<img decoding=\"async\" src=\"https:\/\/www.easternmennonite.org\/wp-content\/uploads\/2019\/01\/MS-XC-web-1.jpg\" alt=\"MS-XC-web-1\" height=\"667\" width=\"1000\" title=\"MS-XC-web-1\" onerror=\"this.style.display='none'\" loading=\"lazy\" \/>\n\t<\/figure>\n<h2>\n\t\t\tdeportes de oto\u00f1o\t<\/h2>\n<figure itemscope itemtype=\"https:\/\/schema.org\/ImageObject\">\n\t\t\t\t<img decoding=\"async\" src=\"https:\/\/www.easternmennonite.org\/wp-content\/uploads\/2026\/04\/Basketball-Dec-20-150.jpg\" alt=\"Basketball Dec 20-150\" height=\"1000\" width=\"1500\" title=\"Baloncesto 20-150 dic.\" onerror=\"this.style.display='none'\" loading=\"lazy\" \/>\n\t<\/figure>\n<h2>\n\t\t\tDeportes de invierno\t<\/h2>\n<figure itemscope itemtype=\"https:\/\/schema.org\/ImageObject\">\n\t\t\t\t<img decoding=\"async\" src=\"https:\/\/www.easternmennonite.org\/wp-content\/uploads\/2026\/03\/Girls-Varsity-Soccer-Story-Website-SPLASH-1000x667.jpg\" alt=\"Girls Varsity Soccer Story - Website SPLASH\" height=\"667\" width=\"1000\" title=\"Historia del equipo femenino de f\u00fatbol universitario - Sitio web SPLASH\" onerror=\"this.style.display='none'\" loading=\"lazy\" \/>\n\t<\/figure>\n<h2>\n\t\t\tdeportes de primavera\t<\/h2>\n<h2>\n\t\t\tValores cristianos\t<\/h2>\n<h2>\n\t\t\tTrabajo en equipo\t<\/h2>\n<figure itemscope itemtype=\"https:\/\/schema.org\/ImageObject\">\n\t\t\t\t<img decoding=\"async\" src=\"https:\/\/www.easternmennonite.org\/wp-content\/uploads\/2019\/03\/ems_athletics_logo.png\" alt=\"ems_athletics_logo\" height=\"460\" width=\"792\" title=\"ems_athletics_logo\" onerror=\"this.style.display='none'\" loading=\"lazy\" \/>\n\t<\/figure>\n<h2>\n\t\t\tLiderazgo\t<\/h2>\n<h2>\n\t\t\tAutodisciplina\t<\/h2>\n<h2>\n\t\t\tDeclaraci\u00f3n de la misi\u00f3n de atletismo de EMS\t<\/h2>\n\t<p>El departamento deportivo y el personal t\u00e9cnico de Eastern Mennonite School, junto con los padres, se esfuerzan por desarrollar las habilidades de nuestros estudiantes atletas en el contexto de una experiencia de equipo positiva. Estas experiencias contribuyen al desarrollo de valores de vida que se llevan m\u00e1s all\u00e1 del \u00e1mbito deportivo de la escuela secundaria. Se fomentan valores importantes de trabajo en equipo, autodisciplina y liderazgo en un entorno de aprendizaje experiencial construido sobre una base de fe y valores cristianos.<\/p>\n\t\t\t<a href=\"https:\/\/www.easternmennonite.org\/es\/alumni\/alumni-awards\/athletic-hall-of-honor\/\"  target=\"_blank\" rel=\"noopener\">\n\t\t\t\t\t\t\tSal\u00f3n de las Llamas: Im\u00e1genes y registros de \u00e9pocas pasadas\n\t\t\t\t\t<\/a>\n<h2>\n\t\t\tNoticias\t<\/h2>\n<h4>\n\t\t<a href=\"https:\/\/www.easternmennonite.org\/es\/about\/news\/?_sft_category=athletics\" title=\"View all &gt;\"  target=\"_self\">\n\t\t\tView all &gt;\t\t<\/a>\n\t<\/h4>\n<figure itemscope itemtype=\"https:\/\/schema.org\/ImageObject\">\n\t\t\t\t<a href=\"https:\/\/www.easternmennonite.org\/es\/alumni\/golf-tournament\/\"  target=\"_blank\" rel=\"noopener\"  itemprop=\"url\">\n\t\t\t\t<img decoding=\"async\" src=\"https:\/\/www.easternmennonite.org\/wp-content\/uploads\/2020\/03\/Fore-the-Flames2020-news-web-crop-1.jpg\" alt=\"Fore-the-Flames2020-news-web - crop\" height=\"199\" width=\"600\" title=\"Fore-the-Flames2020-news-web - crop\" onerror=\"this.style.display='none'\" loading=\"lazy\" \/>\n\t\t\t\t<\/a>\n\t<\/figure>\n\t<p>\u00a1Aprenda c\u00f3mo puede participar a trav\u00e9s del torneo de golf que construye comunidad y recauda fondos para apoyar a nuestros estudiantes atletas! <a href=\"https:\/\/www.easternmennonite.org\/es\/alumni\/golf-tournament\/\" target=\"_blank\" rel=\"noopener\">Visita la p\u00e1gina de golf.<\/a><\/p>\n<p>\u00bfInteresado en patrocinios deportivos? \u00a1Nuestro club de refuerzo tiene muchas opciones! <a href=\"https:\/\/www.easternmennonite.org\/es\/athletics\/booster-club\/\">Learn more.<\/a><\/p>\n<h2>\n\t\t\tEventos\t<\/h2>\n\t<ul  class=\"eo-events eo-events-shortcode\"><\/ul>\n<h2>\n\t\t\tEquipos del campeonato estatal\t<\/h2>\n<figure itemscope itemtype=\"https:\/\/schema.org\/ImageObject\">\n\t\t\t\t<img decoding=\"async\" src=\"https:\/\/www.easternmennonite.org\/wp-content\/uploads\/2019\/02\/championships_girls_cross_country.png\" alt=\"championships_girls_cross_country\" height=\"500\" width=\"1000\" title=\"championships_girls_cross_country\" onerror=\"this.style.display='none'\" loading=\"lazy\" \/>\n\t<\/figure>\n<figure itemscope itemtype=\"https:\/\/schema.org\/ImageObject\">\n\t\t\t\t<img decoding=\"async\" src=\"https:\/\/www.easternmennonite.org\/wp-content\/uploads\/2023\/03\/championship_boys_basketball.png\" alt=\"championship_boys_basketball\" height=\"500\" width=\"1000\" title=\"championship_boys_basketball\" onerror=\"this.style.display='none'\" loading=\"lazy\" \/>\n\t<\/figure>\n<figure itemscope itemtype=\"https:\/\/schema.org\/ImageObject\">\n\t\t\t\t<img decoding=\"async\" src=\"https:\/\/www.easternmennonite.org\/wp-content\/uploads\/2023\/03\/championship_softball.png\" alt=\"championship_softball\" height=\"500\" width=\"1000\" title=\"championship_softball\" onerror=\"this.style.display='none'\" loading=\"lazy\" \/>\n\t<\/figure>\n<figure itemscope itemtype=\"https:\/\/schema.org\/ImageObject\">\n\t\t\t\t<img decoding=\"async\" src=\"https:\/\/www.easternmennonite.org\/wp-content\/uploads\/2019\/02\/championships_girls_soccer.png\" alt=\"championships_girls_soccer\" height=\"500\" width=\"1000\" title=\"championships_girls_soccer\" onerror=\"this.style.display='none'\" loading=\"lazy\" \/>\n\t<\/figure>\n<figure itemscope itemtype=\"https:\/\/schema.org\/ImageObject\">\n\t\t\t\t<img decoding=\"async\" src=\"https:\/\/www.easternmennonite.org\/wp-content\/uploads\/2023\/03\/championship_golf.png\" alt=\"championship_golf\" height=\"500\" width=\"1000\" title=\"championship_golf\" onerror=\"this.style.display='none'\" loading=\"lazy\" \/>\n\t<\/figure>\n<figure itemscope itemtype=\"https:\/\/schema.org\/ImageObject\">\n\t\t\t\t<img decoding=\"async\" src=\"https:\/\/www.easternmennonite.org\/wp-content\/uploads\/2019\/02\/championships_boys_soccer.png\" alt=\"championships_boys_soccer\" height=\"500\" width=\"1000\" title=\"championships_boys_soccer\" onerror=\"this.style.display='none'\" loading=\"lazy\" \/>\n\t<\/figure>\n<h2>\n\t\t\t\u00bfPreguntas? Cont\u00e1ctenos:\t<\/h2>\n<figure itemscope itemtype=\"https:\/\/schema.org\/ImageObject\">\n\t\t\t\t<img decoding=\"async\" src=\"https:\/\/www.easternmennonite.org\/wp-content\/uploads\/2025\/08\/Gascho.Andrew-250x300.jpg\" alt=\"Gascho.Andrew\" height=\"300\" width=\"250\" title=\"Gascho.Andrew\" onerror=\"this.style.display='none'\" loading=\"lazy\" \/>\n\t<\/figure>\n\t<strong>Andrew Gascho<\/strong><br \/>\nDirector atl\u00e9tico<br \/>\n<a href=\"mailto:gaschoa@easternmennonite.org\">gaschoa@easternmennonite.org<\/a>\n<figure itemscope itemtype=\"https:\/\/schema.org\/ImageObject\">\n\t\t\t\t<img decoding=\"async\" src=\"https:\/\/www.easternmennonite.org\/wp-content\/uploads\/2019\/02\/IMG_6315-crop-250x300.jpg\" alt=\"IMG_6315-crop\" height=\"300\" width=\"250\" title=\"IMG_6315-crop\" onerror=\"this.style.display='none'\" loading=\"lazy\" \/>\n\t<\/figure>\n\t<strong>Kendal Bauman<\/strong><br \/>\nSubdirector deportivo","protected":false},"excerpt":{"rendered":"<p>Calendar MaxPreps Results\/Stats Physical Form Directions to EMS Athletic Handbook Booster Club Fall sports Winter sports Spring sports Christian Values Teamwork Leadership Self-Discipline EMS Athletics Mission Statement The Eastern Mennonite School Athletic department and coaching staff, in conjunction with parents, strive to develop our student athletes&#8217; abilities in the context of a positive team experience.&hellip;<\/p>","protected":false},"author":1,"featured_media":0,"parent":0,"menu_order":0,"comment_status":"closed","ping_status":"closed","template":"","meta":{"_acf_changed":false,"footnotes":""},"class_list":["post-3590","page","type-page","status-publish","hentry"],"acf":[],"_links":{"self":[{"href":"https:\/\/www.easternmennonite.org\/es\/wp-json\/wp\/v2\/pages\/3590","targetHints":{"allow":["GET"]}}],"collection":[{"href":"https:\/\/www.easternmennonite.org\/es\/wp-json\/wp\/v2\/pages"}],"about":[{"href":"https:\/\/www.easternmennonite.org\/es\/wp-json\/wp\/v2\/types\/page"}],"author":[{"embeddable":true,"href":"https:\/\/www.easternmennonite.org\/es\/wp-json\/wp\/v2\/users\/1"}],"replies":[{"embeddable":true,"href":"https:\/\/www.easternmennonite.org\/es\/wp-json\/wp\/v2\/comments?post=3590"}],"version-history":[{"count":6,"href":"https:\/\/www.easternmennonite.org\/es\/wp-json\/wp\/v2\/pages\/3590\/revisions"}],"predecessor-version":[{"id":79578,"href":"https:\/\/www.easternmennonite.org\/es\/wp-json\/wp\/v2\/pages\/3590\/revisions\/79578"}],"wp:attachment":[{"href":"https:\/\/www.easternmennonite.org\/es\/wp-json\/wp\/v2\/media?parent=3590"}],"curies":[{"name":"gracias","href":"https:\/\/api.w.org\/{rel}","templated":true}]}}