{"id":44078,"date":"2021-08-22T16:02:26","date_gmt":"2021-08-22T20:02:26","guid":{"rendered":"https:\/\/www.easternmennonite.org\/?page_id=44078"},"modified":"2025-09-30T09:27:22","modified_gmt":"2025-09-30T13:27:22","slug":"athletic-hall-of-honor","status":"publish","type":"page","link":"https:\/\/www.easternmennonite.org\/es\/alumni\/alumni-awards\/athletic-hall-of-honor\/","title":{"rendered":"Sal\u00f3n de Honor Atl\u00e9tico"},"content":{"rendered":"<p>A mediados de la d\u00e9cada de 1970, EMS comenz\u00f3 a reconocer a los estudiantes-atletas destacados de EMHS por sus logros atl\u00e9ticos y acad\u00e9micos agreg\u00e1ndolos al Sal\u00f3n de Honor Atl\u00e9tico, ubicado afuera de la entrada al gimnasio desde el edificio de la escuela.<\/p>\n\t\t\t\t<img decoding=\"async\" src=\"https:\/\/www.easternmennonite.org\/wp-content\/uploads\/2021\/05\/IMG_4069-200x300.jpg\" alt=\"Ron Delp\" itemprop=\"image\" height=\"300\" width=\"200\" title=\"IMG_4069\" onerror=\"this.style.display='none'\" loading=\"lazy\" \/>\n\t<h3>Ron Delp<\/h3>\n<p>Clase del 76<\/p>\n<p>F\u00fatbol, baloncesto, atletismo<\/p>\n\t\t\t<a href=\"https:\/\/www.easternmennonite.org\/wp-content\/uploads\/2021\/05\/IMG_4070-scaled.jpg\" target=\"_self\">\n\t\t\t\t\t\t\tBiograf\u00eda completa\n\t\t\t\t\t<\/a>\n\t\t\t\t<img decoding=\"async\" src=\"https:\/\/www.easternmennonite.org\/wp-content\/uploads\/2021\/05\/IMG_3995-200x300.jpg\" alt=\"Ken Layman\" itemprop=\"image\" height=\"300\" width=\"200\" title=\"IMG_3995\" onerror=\"this.style.display='none'\" loading=\"lazy\" \/>\n\t<h3>Ken Layman<\/h3>\n<p>Clase del 76<\/p>\n<p>Campo a trav\u00e9s, Pista, Baloncesto<\/p>\n\t\t\t<a href=\"https:\/\/www.easternmennonite.org\/wp-content\/uploads\/2021\/05\/IMG_3997-scaled.jpg\" target=\"_self\">\n\t\t\t\t\t\t\tBiograf\u00eda completa\n\t\t\t\t\t<\/a>\n\t\t\t\t<img decoding=\"async\" src=\"https:\/\/www.easternmennonite.org\/wp-content\/uploads\/2021\/05\/IMG_4072-200x300.jpg\" alt=\"Jon Mullenex\" itemprop=\"image\" height=\"300\" width=\"200\" title=\"IMG_4072\" onerror=\"this.style.display='none'\" loading=\"lazy\" \/>\n\t<h3>Jon Mullenex<\/h3>\n<p>Clase del 76<\/p>\n<p>F\u00fatbol, baloncesto<\/p>\n\t\t\t<a href=\"https:\/\/www.easternmennonite.org\/wp-content\/uploads\/2021\/05\/IMG_4073-scaled.jpg\" target=\"_self\">\n\t\t\t\t\t\t\tBiograf\u00eda completa\n\t\t\t\t\t<\/a>\n\t\t\t\t<img decoding=\"async\" src=\"https:\/\/www.easternmennonite.org\/wp-content\/uploads\/2021\/05\/Screen-Shot-2021-05-20-at-1.31.38-PM-205x300.png\" alt=\"Ken Shank\" itemprop=\"image\" height=\"300\" width=\"205\" title=\"Captura de pantalla 2021-05-20 a las 13.31.38\" onerror=\"this.style.display='none'\" loading=\"lazy\" \/>\n\t<h3>Ken Shank<\/h3>\n<p>Clase del 78<\/p>\n<p>F\u00fatbol, baloncesto<\/p>\n\t\t\t<a href=\"https:\/\/www.easternmennonite.org\/wp-content\/uploads\/2021\/05\/IMG_4000-scaled.jpg\" target=\"_self\">\n\t\t\t\t\t\t\tBiograf\u00eda completa\n\t\t\t\t\t<\/a>\n\t\t\t\t<img decoding=\"async\" src=\"https:\/\/www.easternmennonite.org\/wp-content\/uploads\/2021\/05\/IMG_4957-200x300.jpg\" alt=\"Don Brunk\" itemprop=\"image\" height=\"300\" width=\"200\" title=\"IMG_4957\" onerror=\"this.style.display='none'\" loading=\"lazy\" \/>\n\t<h3>Don Brunk<\/h3>\n<p>Clase del 79<\/p>\n<p>F\u00fatbol, baloncesto, pista<\/p>\n\t\t\t<a href=\"https:\/\/www.easternmennonite.org\/wp-content\/uploads\/2021\/05\/IMG_4075-scaled.jpg\" target=\"_self\">\n\t\t\t\t\t\t\tBiograf\u00eda completa\n\t\t\t\t\t<\/a>\n\t\t\t\t<img decoding=\"async\" src=\"https:\/\/www.easternmennonite.org\/wp-content\/uploads\/2021\/05\/IMG_4003-200x300.jpg\" alt=\"Lori Byler\" itemprop=\"image\" height=\"300\" width=\"200\" title=\"IMG_4003\" onerror=\"this.style.display='none'\" loading=\"lazy\" \/>\n\t<h3>Lori Byler<\/h3>\n<p>Clase del 79<\/p>\n<p>Atletismo, baloncesto, animadora, voleibol<\/p>\n\t\t\t<a href=\"https:\/\/www.easternmennonite.org\/wp-content\/uploads\/2021\/05\/IMG_4004-scaled.jpg\" target=\"_self\">\n\t\t\t\t\t\t\tBiograf\u00eda completa\n\t\t\t\t\t<\/a>\n\t\t\t\t<img decoding=\"async\" src=\"https:\/\/www.easternmennonite.org\/wp-content\/uploads\/2021\/05\/Screen-Shot-2021-05-20-at-2.14.54-PM-202x300.png\" alt=\"Jill Basinger\" itemprop=\"image\" height=\"300\" width=\"202\" title=\"Captura de pantalla 2021-05-20 a las 14.14.54\" onerror=\"this.style.display='none'\" loading=\"lazy\" \/>\n\t<h3>Jill Basinger<\/h3>\n<p>Clase del 80<\/p>\n<p>Baloncesto, Voleibol<\/p>\n\t\t\t<a href=\"https:\/\/www.easternmennonite.org\/wp-content\/uploads\/2021\/05\/IMG_4088-scaled.jpg\" target=\"_self\">\n\t\t\t\t\t\t\tBiograf\u00eda completa\n\t\t\t\t\t<\/a>\n\t\t\t\t<img decoding=\"async\" src=\"https:\/\/www.easternmennonite.org\/wp-content\/uploads\/2021\/05\/IMG_4001-1-200x300.jpg\" alt=\"Rodney Martin\" itemprop=\"image\" height=\"300\" width=\"200\" title=\"IMG_4001\" onerror=\"this.style.display='none'\" loading=\"lazy\" \/>\n\t<h3>Rodney Mart\u00edn<\/h3>\n<p>Clase del 81<\/p>\n<p>Campo a trav\u00e9s, f\u00fatbol, baloncesto, pista<\/p>\n\t\t\t<a href=\"https:\/\/www.easternmennonite.org\/wp-content\/uploads\/2021\/05\/Screen-Shot-2021-05-20-at-3.08.16-PM-2.png\" target=\"_self\">\n\t\t\t\t\t\t\tBiograf\u00eda completa\n\t\t\t\t\t<\/a>\n\t\t\t\t<img decoding=\"async\" src=\"https:\/\/www.easternmennonite.org\/wp-content\/uploads\/2021\/05\/IMG_4090-200x300.jpg\" alt=\"Troy Shenk\" itemprop=\"image\" height=\"300\" width=\"200\" title=\"IMG_4090\" onerror=\"this.style.display='none'\" loading=\"lazy\" \/>\n\t<h3>Troy Shenk<\/h3>\n<p>Clase del 85<\/p>\n<p>Lucha libre, f\u00fatbol, pista, campo a trav\u00e9s<\/p>\n\t\t\t<a href=\"https:\/\/www.easternmennonite.org\/wp-content\/uploads\/2021\/05\/IMG_4091-scaled.jpg\" target=\"_self\">\n\t\t\t\t\t\t\tBiograf\u00eda completa\n\t\t\t\t\t<\/a>\n\t\t\t\t<img decoding=\"async\" src=\"https:\/\/www.easternmennonite.org\/wp-content\/uploads\/2021\/05\/IMG_4012-200x300.jpg\" alt=\"Aletha Stahl\" itemprop=\"image\" height=\"300\" width=\"200\" title=\"IMG_4012\" onerror=\"this.style.display='none'\" loading=\"lazy\" \/>\n\t<h3>Aletha Stahl<\/h3>\n<p>Clase del 85<\/p>\n<p>Campo a trav\u00e9s, Pista<\/p>\n\t\t\t<a href=\"https:\/\/www.easternmennonite.org\/wp-content\/uploads\/2021\/05\/IMG_4013-scaled.jpg\" target=\"_self\">\n\t\t\t\t\t\t\tBiograf\u00eda completa\n\t\t\t\t\t<\/a>\n\t\t\t\t<img decoding=\"async\" src=\"https:\/\/www.easternmennonite.org\/wp-content\/uploads\/2021\/05\/IMG_4094-200x300.jpg\" alt=\"J. Dwight Yoder\" itemprop=\"image\" height=\"300\" width=\"200\" title=\"IMG_4094\" onerror=\"this.style.display='none'\" loading=\"lazy\" \/>\n\t<h3>J. Dwight Yoder<\/h3>\n<p>Clase del 86<\/p>\n<p>Campo a trav\u00e9s, f\u00fatbol, pista, baloncesto<\/p>\n\t\t\t<a href=\"https:\/\/www.easternmennonite.org\/wp-content\/uploads\/2021\/05\/IMG_4099-scaled.jpg\" target=\"_self\">\n\t\t\t\t\t\t\tBiograf\u00eda completa\n\t\t\t\t\t<\/a>\n\t\t\t\t<img decoding=\"async\" src=\"https:\/\/www.easternmennonite.org\/wp-content\/uploads\/2021\/05\/IMG_4014-200x300.jpg\" alt=\"Jeana Driver\" itemprop=\"image\" height=\"300\" width=\"200\" title=\"IMG_4014\" onerror=\"this.style.display='none'\" loading=\"lazy\" \/>\n\t<h3>Juana Conductor<\/h3>\n<p>Clase del 87<\/p>\n<p>Campo a trav\u00e9s, Pista<\/p>\n\t\t\t<a href=\"https:\/\/www.easternmennonite.org\/wp-content\/uploads\/2021\/05\/IMG_4015-scaled.jpg\" target=\"_self\">\n\t\t\t\t\t\t\tBiograf\u00eda completa\n\t\t\t\t\t<\/a>\n\t\t\t\t<img decoding=\"async\" src=\"https:\/\/www.easternmennonite.org\/wp-content\/uploads\/2021\/05\/IMG_4102-200x300.jpg\" alt=\"Scott Eberly\" itemprop=\"image\" height=\"300\" width=\"200\" title=\"IMG_4102\" onerror=\"this.style.display='none'\" loading=\"lazy\" \/>\n\t<h3>Scott Eberly<\/h3>\n<p>Clase del 90<\/p>\n<p>F\u00fatbol, baloncesto, tenis<\/p>\n\t\t\t<a href=\"https:\/\/www.easternmennonite.org\/wp-content\/uploads\/2021\/05\/Screen-Shot-2021-05-20-at-3.36.25-PM.png\" target=\"_self\">\n\t\t\t\t\t\t\tBiograf\u00eda completa\n\t\t\t\t\t<\/a>\n\t\t\t\t<img decoding=\"async\" src=\"https:\/\/www.easternmennonite.org\/wp-content\/uploads\/2021\/05\/IMG_4016-200x300.jpg\" alt=\"Jeff Shank\" itemprop=\"image\" height=\"300\" width=\"200\" title=\"IMG_4016\" onerror=\"this.style.display='none'\" loading=\"lazy\" \/>\n\t<h3>jeff ca\u00f1a<\/h3>\n<p>Clase del 90<\/p>\n<p>F\u00fatbol, baloncesto, campo a trav\u00e9s, pista, b\u00e9isbol<\/p>\n\t\t\t<a href=\"https:\/\/www.easternmennonite.org\/wp-content\/uploads\/2021\/05\/Screen-Shot-2021-05-20-at-3.27.06-PM.png\" target=\"_self\">\n\t\t\t\t\t\t\tBiograf\u00eda completa\n\t\t\t\t\t<\/a>\n\t\t\t\t<img decoding=\"async\" src=\"https:\/\/www.easternmennonite.org\/wp-content\/uploads\/2021\/05\/IMG_4021-200x300.jpg\" alt=\"Ryan Strite\" itemprop=\"image\" height=\"300\" width=\"200\" title=\"IMG_4021\" onerror=\"this.style.display='none'\" loading=\"lazy\" \/>\n\t<h3>Ryan Strite<\/h3>\n<p>Clase del 95<\/p>\n<p>Baloncesto, B\u00e9isbol<\/p>\n\t\t\t<a href=\"https:\/\/www.easternmennonite.org\/wp-content\/uploads\/2021\/05\/IMG_4023-scaled.jpg\" target=\"_self\">\n\t\t\t\t\t\t\tBiograf\u00eda completa\n\t\t\t\t\t<\/a>\n\t\t\t\t<img decoding=\"async\" src=\"https:\/\/www.easternmennonite.org\/wp-content\/uploads\/2021\/05\/IMG_4024-200x300.jpg\" alt=\"Nathan Hartzler\" itemprop=\"image\" height=\"300\" width=\"200\" title=\"IMG_4024\" onerror=\"this.style.display='none'\" loading=\"lazy\" \/>\n\t<h3>Nathan Hartzler<\/h3>\n<p>Clase del 2001<\/p>\n<p>F\u00fatbol, baloncesto, b\u00e9isbol<\/p>\n\t\t\t<a href=\"https:\/\/www.easternmennonite.org\/wp-content\/uploads\/2021\/05\/IMG_4025-scaled.jpg\" target=\"_self\">\n\t\t\t\t\t\t\tBiograf\u00eda completa\n\t\t\t\t\t<\/a>\n\t\t\t\t<img decoding=\"async\" src=\"https:\/\/www.easternmennonite.org\/wp-content\/uploads\/2021\/05\/IMG_4026-200x300.jpg\" alt=\"Sarah Bucher\" itemprop=\"image\" height=\"300\" width=\"200\" title=\"IMG_4026\" onerror=\"this.style.display='none'\" loading=\"lazy\" \/>\n\t<h3>Sara Bucher<\/h3>\n<p>Clase del 2004<\/p>\n<p>Baloncesto, Voleibol, S\u00f3ftbol<\/p>\n\t\t\t<a href=\"https:\/\/www.easternmennonite.org\/wp-content\/uploads\/2021\/05\/IMG_4028-scaled.jpg\" target=\"_self\">\n\t\t\t\t\t\t\tBiograf\u00eda completa\n\t\t\t\t\t<\/a>\n\t\t\t\t<img decoding=\"async\" src=\"https:\/\/www.easternmennonite.org\/wp-content\/uploads\/2021\/05\/IMG_4029-200x300.jpg\" alt=\"John Gira\" itemprop=\"image\" height=\"300\" width=\"200\" title=\"IMG_4029\" onerror=\"this.style.display='none'\" loading=\"lazy\" \/>\n\t<h3>Juan Gira<\/h3>\n<p>Clase de 2005<\/p>\n<p>B\u00e9isbol, Baloncesto<\/p>\n\t\t\t<a href=\"https:\/\/www.easternmennonite.org\/wp-content\/uploads\/2021\/05\/IMG_4030-scaled.jpg\" target=\"_self\">\n\t\t\t\t\t\t\tBiograf\u00eda completa\n\t\t\t\t\t<\/a>\n\t\t\t\t<img decoding=\"async\" src=\"https:\/\/www.easternmennonite.org\/wp-content\/uploads\/2021\/05\/IMG_4032-200x300.jpg\" alt=\"Katy Bergey\" itemprop=\"image\" height=\"300\" width=\"200\" title=\"IMG_4032\" onerror=\"this.style.display='none'\" loading=\"lazy\" \/>\n\t<h3>Katy Bergey<\/h3>\n<p>Clase del &#039;10<\/p>\n<p>Baloncesto, tenis, campo a trav\u00e9s<\/p>\n\t\t\t<a href=\"https:\/\/www.easternmennonite.org\/wp-content\/uploads\/2021\/05\/IMG_4033-scaled.jpg\" target=\"_self\">\n\t\t\t\t\t\t\tBiograf\u00eda completa\n\t\t\t\t\t<\/a>\n\t\t\t\t<img decoding=\"async\" src=\"https:\/\/www.easternmennonite.org\/wp-content\/uploads\/2021\/05\/IMG_4034-200x300.jpg\" alt=\"IMG_4034\" itemprop=\"image\" height=\"300\" width=\"200\" title=\"IMG_4034\" onerror=\"this.style.display='none'\" loading=\"lazy\" \/>\n\t<h3>Maggie Hine<\/h3>\n<p>Clase del &#039;12<\/p>\n<p>Voleibol, Baloncesto, Pista, F\u00fatbol<\/p>\n\t\t\t<a href=\"https:\/\/www.easternmennonite.org\/wp-content\/uploads\/2021\/05\/IMG_4130-scaled.jpg\" target=\"_self\">\n\t\t\t\t\t\t\tBiograf\u00eda completa\n\t\t\t\t\t<\/a>\n\t\t\t\t<img decoding=\"async\" src=\"https:\/\/www.easternmennonite.org\/wp-content\/uploads\/2021\/05\/IMG_4108-200x300.jpg\" alt=\"Joy Kingsley-Ibeh\" itemprop=\"image\" height=\"300\" width=\"200\" title=\"IMG_4108\" onerror=\"this.style.display='none'\" loading=\"lazy\" \/>\n\t<h3>Joy Kingsley-Ibeh<\/h3>\n<p>Clase del 93<\/p>\n<p>Baloncesto, Voleibol<\/p>\n\t\t\t<a href=\"https:\/\/www.easternmennonite.org\/wp-content\/uploads\/2021\/05\/IMG_4110-scaled.jpg\" target=\"_self\">\n\t\t\t\t\t\t\tBiograf\u00eda completa\n\t\t\t\t\t<\/a>\n\t\t\t\t<img decoding=\"async\" src=\"https:\/\/www.easternmennonite.org\/wp-content\/uploads\/2021\/05\/IMG_4113-200x300.jpg\" alt=\"Emily Mullet\" itemprop=\"image\" height=\"300\" width=\"200\" title=\"IMG_4113\" onerror=\"this.style.display='none'\" loading=\"lazy\" \/>\n\t<h3>Emily Mullet<\/h3>\n<p>Clase del 99<\/p>\n<p>Baloncesto, Voleibol, Tenis<\/p>\n\t\t\t<a href=\"https:\/\/www.easternmennonite.org\/wp-content\/uploads\/2021\/05\/Screen-Shot-2021-05-20-at-3.39.10-PM.png\" target=\"_self\">\n\t\t\t\t\t\t\tBiograf\u00eda completa\n\t\t\t\t\t<\/a>\n\t\t\t\t<img decoding=\"async\" src=\"https:\/\/www.easternmennonite.org\/wp-content\/uploads\/2021\/05\/IMG_4117-200x300.jpg\" alt=\"Deanna Brubaker\" itemprop=\"image\" height=\"300\" width=\"200\" title=\"IMG_4117\" onerror=\"this.style.display='none'\" loading=\"lazy\" \/>\n\t<h3>Diana Brubaker<\/h3>\n<p>Clase del 2002<\/p>\n<p>Voleibol, baloncesto, tenis, s\u00f3ftbol, f\u00fatbol<\/p>\n\t\t\t<a href=\"https:\/\/www.easternmennonite.org\/wp-content\/uploads\/2021\/05\/Screen-Shot-2021-05-20-at-3.46.08-PM.png\" target=\"_self\">\n\t\t\t\t\t\t\tBiograf\u00eda completa\n\t\t\t\t\t<\/a>\n\t\t\t\t<img decoding=\"async\" src=\"https:\/\/www.easternmennonite.org\/wp-content\/uploads\/2021\/05\/IMG_4959-200x300.jpg\" alt=\"Aaron Martin\" itemprop=\"image\" height=\"300\" width=\"200\" title=\"IMG_4959\" onerror=\"this.style.display='none'\" loading=\"lazy\" \/>\n\t<h3>Aar\u00f3n Mart\u00edn<\/h3>\n<p>Clase del 2004<\/p>\n<p>B\u00e9isbol, F\u00fatbol<\/p>\n\t\t\t<a href=\"https:\/\/www.easternmennonite.org\/wp-content\/uploads\/2021\/05\/Screen-Shot-2021-05-20-at-3.42.17-PM.png\" target=\"_self\">\n\t\t\t\t\t\t\tBiograf\u00eda completa\n\t\t\t\t\t<\/a>\n\t\t\t\t<img decoding=\"async\" src=\"https:\/\/www.easternmennonite.org\/wp-content\/uploads\/2021\/05\/IMG_4122-200x300.jpg\" alt=\"Zach Watson\" itemprop=\"image\" height=\"300\" width=\"200\" title=\"IMG_4122\" onerror=\"this.style.display='none'\" loading=\"lazy\" \/>\n\t<h3>zach watson<\/h3>\n<p>Clase del 2006<\/p>\n<p>Baloncesto, Tenis<\/p>\n\t\t\t<a href=\"https:\/\/www.easternmennonite.org\/wp-content\/uploads\/2021\/05\/Screen-Shot-2021-05-20-at-3.43.25-PM.png\" target=\"_self\">\n\t\t\t\t\t\t\tBiograf\u00eda completa\n\t\t\t\t\t<\/a>\n\t\t\t\t<img decoding=\"async\" src=\"https:\/\/www.easternmennonite.org\/wp-content\/uploads\/2021\/05\/IMG_4125-200x300.jpg\" alt=\"Leah Jacobs\" itemprop=\"image\" height=\"300\" width=\"200\" title=\"IMG_4125\" onerror=\"this.style.display='none'\" loading=\"lazy\" \/>\n\t<h3>Lea Jacobs<\/h3>\n<p>Clase del &#039;11<\/p>\n<p>Voleibol, F\u00fatbol<\/p>\n\t\t\t<a href=\"https:\/\/www.easternmennonite.org\/wp-content\/uploads\/2021\/05\/Screen-Shot-2021-05-20-at-3.47.31-PM.png\" target=\"_self\">\n\t\t\t\t\t\t\tBiograf\u00eda completa\n\t\t\t\t\t<\/a>\n\t\t\t\t<img decoding=\"async\" src=\"https:\/\/www.easternmennonite.org\/wp-content\/uploads\/2021\/05\/IMG_4139-200x300.jpg\" alt=\"Taylor Pisk\" itemprop=\"image\" height=\"300\" width=\"200\" title=\"IMG_4139\" onerror=\"this.style.display='none'\" loading=\"lazy\" \/>\n\t<h3>taylor pisk<\/h3>\n<p>Clase del &#039;15<\/p>\n<p>F\u00fatbol, campo a trav\u00e9s<\/p>\n\t\t\t<a href=\"https:\/\/www.easternmennonite.org\/wp-content\/uploads\/2021\/05\/Screen-Shot-2021-05-20-at-3.51.07-PM.png\" target=\"_self\">\n\t\t\t\t\t\t\tBiograf\u00eda completa\n\t\t\t\t\t<\/a>\n\t\t\t\t<img decoding=\"async\" src=\"https:\/\/www.easternmennonite.org\/wp-content\/uploads\/2021\/05\/IMG_4132-200x300.jpg\" alt=\"Brett Bechler\" itemprop=\"image\" height=\"300\" width=\"200\" title=\"IMG_4132\" onerror=\"this.style.display='none'\" loading=\"lazy\" \/>\n\t<h3>Brett Bechler<\/h3>\n<p>Clase del &#039;18<\/p>\n<p>F\u00fatbol, baloncesto<\/p>\n\t\t\t<a href=\"https:\/\/www.easternmennonite.org\/wp-content\/uploads\/2021\/05\/Screen-Shot-2021-05-20-at-3.48.46-PM.png\" target=\"_self\">\n\t\t\t\t\t\t\tBiograf\u00eda completa\n\t\t\t\t\t<\/a>\n\t\t\t\t<img decoding=\"async\" src=\"https:\/\/www.easternmennonite.org\/wp-content\/uploads\/2021\/05\/IMG_4137-300x200.jpg\" alt=\"Chad Vrolijk\" itemprop=\"image\" height=\"200\" width=\"300\" title=\"IMG_4137\" onerror=\"this.style.display='none'\" loading=\"lazy\" \/>\n\t<h3>Chad Vrolijk<\/h3>\n<p>Clase del &#039;19<\/p>\n<p>Pista, F\u00fatbol<\/p>\n<p>&nbsp;<\/p>\n\t\t\t<a href=\"https:\/\/www.easternmennonite.org\/wp-content\/uploads\/2021\/05\/Screen-Shot-2021-05-20-at-3.49.53-PM.png\" target=\"_self\">\n\t\t\t\t\t\t\tBiograf\u00eda completa\n\t\t\t\t\t<\/a>\n\t<h1>Reconocimientos al entrenador<\/h1>\n\t\t\t\t<img decoding=\"async\" src=\"https:\/\/www.easternmennonite.org\/wp-content\/uploads\/2021\/05\/IMG_4961-300x198.jpg\" alt=\"Kendal Bauman\" itemprop=\"image\" height=\"198\" width=\"300\" title=\"IMG_4961\" onerror=\"this.style.display='none'\" loading=\"lazy\" \/>\n\t<h3>Kendal Bauman<\/h3>\n<p>1992-2012<\/p>\n<p>Entrenador de f\u00fatbol universitario de EMHS<\/p>\n\t\t\t<a href=\"https:\/\/www.easternmennonite.org\/wp-content\/uploads\/2021\/05\/Screen-Shot-2021-05-20-at-3.53.30-PM.png\" target=\"_self\">\n\t\t\t\t\t\t\tBiograf\u00eda completa\n\t\t\t\t\t<\/a>\n\t\t\t\t<img decoding=\"async\" src=\"https:\/\/www.easternmennonite.org\/wp-content\/uploads\/2021\/05\/Screen-Shot-2021-05-20-at-2.46.23-PM-239x300.png\" alt=\"Dave Bechler\" itemprop=\"image\" height=\"300\" width=\"239\" title=\"Captura de pantalla 2021-05-20 a las 14.46.23\" onerror=\"this.style.display='none'\" loading=\"lazy\" \/>\n\t<h3>David Bechler<\/h3>\n<p>1996-2019<\/p>\n<p>Director deportivo de EMS<\/p>\n\t\t\t<a href=\"https:\/\/www.easternmennonite.org\/wp-content\/uploads\/2021\/05\/Screen-Shot-2021-05-20-at-3.52.16-PM.png\" target=\"_self\">\n\t\t\t\t\t\t\tBiograf\u00eda completa\n\t\t\t\t\t<\/a>","protected":false},"excerpt":{"rendered":"<p>A mediados de la d\u00e9cada de 1970, EMS comenz\u00f3 a reconocer a los estudiantes-atletas destacados de EMHS por sus logros atl\u00e9ticos y acad\u00e9micos agreg\u00e1ndolos al Sal\u00f3n de Honor Atl\u00e9tico, ubicado afuera de la entrada al gimnasio del edificio de la escuela. Ron Delp Clase del 76 F\u00fatbol, baloncesto, atletismo Biograf\u00eda completa Ken Layman Clase del 76\u2026<\/p>","protected":false},"author":4,"featured_media":0,"parent":10116,"menu_order":0,"comment_status":"closed","ping_status":"closed","template":"","meta":{"_acf_changed":false,"footnotes":""},"class_list":["post-44078","page","type-page","status-publish","hentry"],"acf":[],"_links":{"self":[{"href":"https:\/\/www.easternmennonite.org\/es\/wp-json\/wp\/v2\/pages\/44078","targetHints":{"allow":["GET"]}}],"collection":[{"href":"https:\/\/www.easternmennonite.org\/es\/wp-json\/wp\/v2\/pages"}],"about":[{"href":"https:\/\/www.easternmennonite.org\/es\/wp-json\/wp\/v2\/types\/page"}],"author":[{"embeddable":true,"href":"https:\/\/www.easternmennonite.org\/es\/wp-json\/wp\/v2\/users\/4"}],"replies":[{"embeddable":true,"href":"https:\/\/www.easternmennonite.org\/es\/wp-json\/wp\/v2\/comments?post=44078"}],"version-history":[{"count":2,"href":"https:\/\/www.easternmennonite.org\/es\/wp-json\/wp\/v2\/pages\/44078\/revisions"}],"predecessor-version":[{"id":77220,"href":"https:\/\/www.easternmennonite.org\/es\/wp-json\/wp\/v2\/pages\/44078\/revisions\/77220"}],"up":[{"embeddable":true,"href":"https:\/\/www.easternmennonite.org\/es\/wp-json\/wp\/v2\/pages\/10116"}],"wp:attachment":[{"href":"https:\/\/www.easternmennonite.org\/es\/wp-json\/wp\/v2\/media?parent=44078"}],"curies":[{"name":"gracias","href":"https:\/\/api.w.org\/{rel}","templated":true}]}}