{"id":44080,"date":"2021-06-02T16:04:10","date_gmt":"2021-06-02T20:04:10","guid":{"rendered":"https:\/\/www.easternmennonite.org\/?page_id=44080"},"modified":"2024-08-28T14:17:15","modified_gmt":"2024-08-28T18:17:15","slug":"science-hall-of-honor","status":"publish","type":"page","link":"https:\/\/www.easternmennonite.org\/es\/alumni\/alumni-awards\/science-hall-of-honor\/","title":{"rendered":"Sal\u00f3n de Honor de Ciencias"},"content":{"rendered":"<p>Peri\u00f3dicamente, Eastern Mennonite School destaca los logros de los exalumnos en el campo de las ciencias. Los reconocimientos, iniciados por el veterano profesor de biolog\u00eda Myron Blosser &#039;79, han incluido una visita a la escuela para inspirar a futuros cient\u00edficos. Durante su mandato, Blosser inspir\u00f3 a decenas de graduados a seguir carreras en biolog\u00eda y otros campos cient\u00edficos. Si desea nominar a un alumno para este premio, env\u00ede un correo electr\u00f3nico <a href=\"mailto:alumni@easternmennonite.org\">alumni@easternmennonite.org<\/a> con el nombre del alumno, a\u00f1o de graduaci\u00f3n y logros profesionales.<\/p>\n\t\t\t\t<img loading=\"lazy\" decoding=\"async\" src=\"https:\/\/www.easternmennonite.org\/wp-content\/uploads\/2021\/05\/IMG_3479-203x300.jpg\" alt=\"Dr. Mark Kniss\" itemprop=\"image\" height=\"300\" width=\"203\" title=\"IMG_3479\" onerror=\"this.style.display='none'\"  \/>\n\t<h3><strong>Mark Kniss, MD<\/strong><\/h3>\n<p>Clase de 1944<\/p>\n<p>M\u00e9dico<\/p>\n<p>Licenciatura en Ciencias, Wittenberg College<\/p>\n<p>Licenciatura en Medicina, Facultad de Medicina Hahnemann<\/p>\n<p>Residencia, Union Memorial Hospital<\/p>\n<ul>\n<li aria-level=\"1\">Respondiendo al llamado de Dios, el Dr. Kniss comenz\u00f3 su pr\u00e1ctica m\u00e9dica en 1960 en Tumbagara, India, bajo un gran \u00e1rbol con solo una mesa, una silla y una gran caja de medicamentos en el sitio de construcci\u00f3n del nuevo hospital. En 1963 se inaugur\u00f3 el Hospital Nav Jivan. Diez a\u00f1os despu\u00e9s se inici\u00f3 una Escuela de Enfermer\u00eda. En 1973, el Dr. Kniss regres\u00f3 a los Estados Unidos y ayud\u00f3 a abrir el Centro M\u00e9dico Park View. Especializado en Medicina Familiar y Obstetricia, dio a luz a m\u00e1s de 1.000 beb\u00e9s durante 24 a\u00f1os de pr\u00e1ctica. Adem\u00e1s, el Dr. Kniss fue director m\u00e9dico del hogar de ancianos Avante y m\u00e9dico de la Eastern Mennonite University, Gemeinschaft, Prison Camp y la c\u00e1rcel del condado de Rockingham.<\/li>\n<\/ul>\n\t\t\t\t<img loading=\"lazy\" decoding=\"async\" src=\"https:\/\/www.easternmennonite.org\/wp-content\/uploads\/2021\/05\/IMG_4936-241x300.jpg\" alt=\"Conrad Mark Zapanta\" itemprop=\"image\" height=\"300\" width=\"241\" title=\"IMG_4936\" onerror=\"this.style.display='none'\"  \/>\n\t<h3><b>Conrad Mark Zapanta, Ph.D.<\/b><\/h3>\n<p>Promoci\u00f3n de 1987<\/p>\n<p>Ingenier\u00eda Biom\u00e9dica<\/p>\n<p>Licenciatura en Ciencias Universidad Carnegie Mellon\u00a0<\/p>\n<p>Doctor. La Universidad Estatal de Pensilvania<\/p>\n<ul>\n<li aria-level=\"1\">El Dr. Zapanta es actualmente Jefe Asociado del Departamento y Profesor de Ingenier\u00eda Biom\u00e9dica en la Universidad Carnegie Mellon. Es un experto en el \u00e1rea de pr\u00f3tesis valvulares card\u00edacas y dispositivos de soporte circulatorio y comparte su experiencia con estudiantes y colegas como un profesor dedicado en su campo. Su trabajo ha sido reconocido con numerosos premios, incluido el Premio Theo Pilkington 2016 de la Divisi\u00f3n de Ingenier\u00eda Biom\u00e9dica de la Sociedad Estadounidense para la Educaci\u00f3n en Ingenier\u00eda.<\/li>\n<\/ul>\n\t\t\t\t<img loading=\"lazy\" decoding=\"async\" src=\"https:\/\/www.easternmennonite.org\/wp-content\/uploads\/2021\/05\/Screen-Shot-2021-05-19-at-1.57.17-PM-268x300.png\" alt=\"Serita D. Frey\" itemprop=\"image\" height=\"300\" width=\"268\" title=\"Captura de pantalla 2021-05-19 a las 13.57.17\" onerror=\"this.style.display='none'\"  \/>\n\t<h3><b>Serita D. Frey, Ph.D.<\/b><\/h3>\n<p>Promoci\u00f3n de 1984<\/p>\n<p>Ecologista microbiano del suelo<\/p>\n<p>Licenciatura en Artes, Universidad de Virginia<\/p>\n<p>Doctorado en Ecolog\u00eda, Universidad Estatal de Colorado<\/p>\n<ul>\n<li aria-level=\"1\">Al crecer en una granja en el valle de Shenandoah de Virginia, el Dr. Frey siempre ha estado interesado en las cuestiones relacionadas con el medio ambiente. Como ecologista de suelos, ahora se centra en c\u00f3mo las actividades humanas est\u00e1n impactando los ecosistemas terrestres con \u00e9nfasis en los procesos del suelo. El Dr. Frey actualmente dirige el doctorado en Ciencias del Sistema Terrestre y Recursos Naturales. Programa en la Universidad de New Hampshire y es el editor en jefe de la revista. <i>Problemas de ecolog\u00eda. <\/i>Tambi\u00e9n involucrada en su comunidad local como presidenta de la comisi\u00f3n de conservaci\u00f3n, la Dra. Frey trabaja activamente para proteger las tierras forestales y los espacios abiertos del desarrollo a trav\u00e9s de servidumbres de conservaci\u00f3n.\u00a0<\/li>\n<\/ul>\n\t\t\t\t<img loading=\"lazy\" decoding=\"async\" src=\"https:\/\/www.easternmennonite.org\/wp-content\/uploads\/2021\/05\/IMG_4938-289x300.jpg\" alt=\"Nathaniel J.S. Fairfield\" itemprop=\"image\" height=\"300\" width=\"289\" title=\"IMG_4938\" onerror=\"this.style.display='none'\"  \/>\n\t<h3><b>Nathaniel JS Fairfield, Ph.D.<\/b><\/h3>\n<p>Clase de 1997<\/p>\n<p>Robotics<\/p>\n<p>Licenciatura en Artes, Swarthmore College<\/p>\n<p>Maestr\u00eda en Rob\u00f3tica, Universidad Carnegie Mellon<\/p>\n<p>Doctor. Rob\u00f3tica, Universidad Carnegie Mellon<\/p>\n<ul>\n<li aria-level=\"1\">El Dr. Nathaniel Fairfield trabaja actualmente en Google en Mountain View. Sus principales \u00e1reas de inter\u00e9s son la exploraci\u00f3n rob\u00f3tica en entornos que requieren un alto nivel de autonom\u00eda y la ampliaci\u00f3n de las capacidades de un sistema rob\u00f3tico mediante la colaboraci\u00f3n entre humanos y robots. El Dr. Fairfield trabaja en localizaci\u00f3n y mapeo simult\u00e1neos (SLAM), exploraci\u00f3n y autonom\u00eda cient\u00edfica; as\u00ed como visualizaci\u00f3n de datos, especificaci\u00f3n de misiones e interacci\u00f3n en tiempo real.<\/li>\n<\/ul>\n\t\t\t\t<img loading=\"lazy\" decoding=\"async\" src=\"https:\/\/www.easternmennonite.org\/wp-content\/uploads\/2021\/05\/Screen-Shot-2021-05-19-at-2.06.08-PM-241x300.png\" alt=\"Mary Ethel Heatwole\" itemprop=\"image\" height=\"300\" width=\"241\" title=\"Captura de pantalla 2021-05-19 a las 14.06.08\" onerror=\"this.style.display='none'\"  \/>\n\t<h3><b>Mar\u00eda Ethel Heatwole<\/b><\/h3>\n<p>Promoci\u00f3n de 1949<\/p>\n<p>Diet\u00e9tico<\/p>\n<p>Licenciatura en Ciencias, Universidad Menonita del Este<\/p>\n<p>Maestr\u00eda, Universidad Estatal de Pensilvania<\/p>\n<ul>\n<li aria-level=\"1\">La Sra. Heatwole fue dietista registrada durante m\u00e1s de 45 a\u00f1os. Se desempe\u00f1\u00f3 como directora de servicios de alimentaci\u00f3n y dietista jefe en el Hospital Shanta Bhawan en Nepal y como jefa del Departamento de Nutrici\u00f3n cl\u00ednica en el Hospital General Rey Fahad en Arabia Saudita. Tambi\u00e9n fue profesora en EMU y directora de sus Servicios de Alimentaci\u00f3n y se desempe\u00f1\u00f3 como dietista en nefrolog\u00eda durante muchos a\u00f1os. Ella es una defensora de ayudar a otros a mejorar su nutrici\u00f3n y seguir un estilo de vida saludable.<\/li>\n<\/ul>\n\t\t\t\t<img loading=\"lazy\" decoding=\"async\" src=\"https:\/\/www.easternmennonite.org\/wp-content\/uploads\/2021\/05\/IMG_4942-279x300.jpg\" alt=\"Daniel B. Suter\" itemprop=\"image\" height=\"300\" width=\"279\" title=\"IMG_4942\" onerror=\"this.style.display='none'\"  \/>\n\t<h3><b>Daniel B.Suter<\/b><\/h3>\n<p>Clase de 1935<\/p>\n<p>Maestro profesor<\/p>\n<p>Licenciatura en Ciencias, Bridgewater College<\/p>\n<p>Maestr\u00eda, Universidad de Vanderbilt<\/p>\n<p>Doctorado, Facultad de Medicina de Virginia<\/p>\n<ul>\n<li aria-level=\"1\">El Dr. Suter ense\u00f1\u00f3 a m\u00e1s de 300 futuros m\u00e9dicos, dentistas, veterinarios y otros profesionales de la salud durante su mandato en Eastern Mennonite University, desde 1948 hasta 1985. Fue asesor de pre-medicina de la escuela y tambi\u00e9n ayud\u00f3 a desarrollar el prestigioso programa de enfermer\u00eda de EMU.<\/li>\n<\/ul>\n\t\t\t\t<img loading=\"lazy\" decoding=\"async\" src=\"https:\/\/www.easternmennonite.org\/wp-content\/uploads\/2021\/05\/IMG_4944-201x300.jpg\" alt=\"Robert M. Kyler\" itemprop=\"image\" height=\"300\" width=\"201\" title=\"IMG_4944\" onerror=\"this.style.display='none'\"  \/>\n\t<h3><b>Robert M. Kyler, MD<\/b><\/h3>\n<p>Clase de 1977<\/p>\n<p>M\u00e9dico<\/p>\n<p>Licenciatura en Ciencias, Universidad Menonita del Este<\/p>\n<p>Doctor en Medicina, Universidad de VA. escuela de Medicina\u00a0<\/p>\n<p>Residencia en Oncolog\u00eda Radioter\u00e1pica,<\/p>\n<p>Centro m\u00e9dico de la Universidad de Georgetown<\/p>\n<ul>\n<li aria-level=\"1\">El Dr. Kyler inici\u00f3 el departamento de Oncolog\u00eda Radioter\u00e1pica en el Centro Oncol\u00f3gico Regional RMH en 1990 y ayud\u00f3 a planificar el Centro Oncol\u00f3gico AMC en Fishersville, que abri\u00f3 sus puertas en 2004. Ha tratado a miles de pacientes con c\u00e1ncer en nuestra comunidad, brind\u00e1ndoles lo \u00faltimo en tecnolog\u00eda. cuidar de manera compasiva.<\/li>\n<\/ul>\n\t\t\t\t<img loading=\"lazy\" decoding=\"async\" src=\"https:\/\/www.easternmennonite.org\/wp-content\/uploads\/2021\/05\/IMG_4946-241x300.jpg\" alt=\"David K. Mumaw\" itemprop=\"image\" height=\"300\" width=\"241\" title=\"IMG_4946\" onerror=\"this.style.display='none'\"  \/>\n\t<h3><b>David K. Mumaw, MS<\/b><\/h3>\n<p>Promoci\u00f3n de 1958<\/p>\n<p>Profesor de biologia<\/p>\n<p>Licenciatura en Ciencias, Eastern Mennonite College<\/p>\n<p>Maestr\u00eda, Virginia Tech<\/p>\n<ul>\n<li aria-level=\"1\">El Sr. Mumaw ense\u00f1\u00f3 biolog\u00eda y otras ciencias en EMHS de 1962 a 2002, y lo dej\u00f3 para completar su maestr\u00eda en Manejo de Vida Silvestre de 1963 a 1965. Su ense\u00f1anza inspir\u00f3 a innumerables estudiantes a perseguir su inter\u00e9s en la ciencia, especialmente en biolog\u00eda y medicina. Tambi\u00e9n inici\u00f3 el programa de educaci\u00f3n vial, imparti\u00f3 una clase de taxidermia y le apasionaba alentar a los estudiantes en la investigaci\u00f3n de campo. Pas\u00f3 innumerables horas recolectando y preservando espec\u00edmenes que a\u00fan permanecen. El legado del Sr. Mumaw incluye a muchos que ahora son maestros y le atribuyen su inspiraci\u00f3n.<\/li>\n<\/ul>\n\t\t\t\t<img loading=\"lazy\" decoding=\"async\" src=\"https:\/\/www.easternmennonite.org\/wp-content\/uploads\/2021\/05\/IMG_4948-240x300.jpg\" alt=\"Jan O. Emswiler\" itemprop=\"image\" height=\"300\" width=\"240\" title=\"IMG_4948\" onerror=\"this.style.display='none'\"  \/>\n\t<h3><b>Jan O. Emswiler<\/b><\/h3>\n<p>Class of 1992<\/p>\n<p>Enfermero<\/p>\n<p>Licenciatura en Artes, Biolog\u00eda y Enfermer\u00eda, Eastern Mennonite University<\/p>\n<p>Maestr\u00eda en Salud P\u00fablica, Universidad de Tulane<\/p>\n<ul>\n<li aria-level=\"1\">Jan Emswiler trabaj\u00f3 con programas de salud comunitarios en Tanzania durante diez a\u00f1os para fortalecer su respuesta a la pandemia del VIH\/SIDA, aumentando el acceso a la prevenci\u00f3n, la atenci\u00f3n y el tratamiento en las comunidades rurales. Imparti\u00f3 clases de enfermer\u00eda en la Universidad Aga Khan en Dar es Salaam, Tanzania. Actualmente, Jan ense\u00f1a enfermer\u00eda en Goshen College, Goshen, IN y trabaja en la Unidad de Estabilizaci\u00f3n de Crisis de Adultos en el Hospital Psiqui\u00e1trico Oaklawn.<\/li>\n<\/ul>\n\t\t\t\t<img loading=\"lazy\" decoding=\"async\" src=\"https:\/\/www.easternmennonite.org\/wp-content\/uploads\/2021\/05\/IMG_4950-238x300.jpg\" alt=\"Timothy B. Brenneman\" itemprop=\"image\" height=\"300\" width=\"238\" title=\"IMG_4950\" onerror=\"this.style.display='none'\"  \/>\n\t<h3><b>Timothy B. Brenneman, Ph.D.<\/b><\/h3>\n<p>Clase de 1976<\/p>\n<p>Pat\u00f3logo de plantas<\/p>\n<p>Licenciatura en Artes, Goshen College<\/p>\n<p>Doctor. Patolog\u00eda vegetal, Virginia Tech<\/p>\n<ul>\n<li aria-level=\"1\">En el pr\u00f3logo de A Sand County Almanac, el gran conservacionista Aldo Leopld afirma: &quot;Hay algunos que pueden vivir sin animales salvajes y otros que no&quot;. \u00a1Desde una edad temprana, Tim se dio cuenta de que no pod\u00eda! Al crecer, le encantaba explorar las monta\u00f1as y los r\u00edos del oeste de Virginia. &quot;Fui bendecido con una educaci\u00f3n y una carrera que me ense\u00f1\u00f3 m\u00e1s sobre la creaci\u00f3n de Dios y me permiti\u00f3 ayudar a la gente resolviendo problemas en la agricultura&quot;. Tim ense\u00f1a y realiza investigaciones en la Universidad de Georgia sobre m\u00e9todos de control de enfermedades en man\u00ed y nueces. Tim co-lanz\u00f3 dos cultivares de man\u00ed, descubri\u00f3 trufas de nuez pecana en Georgia y present\u00f3 su trabajo en nueve pa\u00edses extranjeros. Tambi\u00e9n coordina proyectos de desarrollo agr\u00edcola en curso en Hait\u00ed y Nicaragua.\u00a0<\/li>\n<\/ul>\n\t\t\t\t<img loading=\"lazy\" decoding=\"async\" src=\"https:\/\/www.easternmennonite.org\/wp-content\/uploads\/2021\/05\/IMG_4952-228x300.jpg\" alt=\"Aimee L. Miller\" itemprop=\"image\" height=\"300\" width=\"228\" title=\"IMG_4952\" onerror=\"this.style.display='none'\"  \/>\n\t<h3><b>Aimee L. Miller, Ph.D.<\/b><\/h3>\n<p>Clase de 1989<\/p>\n<p>Profesor de Qu\u00edmica<\/p>\n<p>Licenciatura en Artes, Universidad Menonita del Este<\/p>\n<p>Ph.D., Qu\u00edmica, Universidad de Virginia<\/p>\n<ul>\n<li aria-level=\"1\">Las grandes mentes desbloquean ideas. Los grandes corazones motivan a los estudiantes a desbloquear su propio aprendizaje. En sus a\u00f1os ense\u00f1ando en la Universidad de Millersville, Aimee Miller ha demostrado la capacidad de hacer ambas cosas. Los colegas y estudiantes aprecian a Aimee por su accesibilidad, paciencia y creatividad al ense\u00f1ar temas desafiantes. Incorpora tecnolog\u00eda de punta, s\u00f3lidas habilidades de organizaci\u00f3n y pedagog\u00eda adecuada para llegar incluso a los estudiantes que tienen dificultades con la qu\u00edmica. Estas habilidades se extienden a los numerosos comit\u00e9s en los que participa en la Universidad. Es profundamente apreciada como defensora de profesores y estudiantes en sus funciones en comit\u00e9s importantes.<\/li>\n<\/ul>","protected":false},"excerpt":{"rendered":"<p>Peri\u00f3dicamente, Eastern Mennonite School destaca los logros de los exalumnos en el campo de las ciencias. Los reconocimientos, iniciados por el veterano profesor de biolog\u00eda Myron Blosser &#039;79, han incluido una visita a la escuela para inspirar a futuros cient\u00edficos. Durante su mandato, Blosser inspir\u00f3 a decenas de graduados a seguir carreras en biolog\u00eda y otros campos cient\u00edficos. Si t\u00fa pudieras\u2026<\/p>","protected":false},"author":4,"featured_media":0,"parent":10116,"menu_order":0,"comment_status":"closed","ping_status":"closed","template":"","meta":{"_acf_changed":false,"footnotes":""},"class_list":["post-44080","page","type-page","status-publish","hentry"],"acf":[],"_links":{"self":[{"href":"https:\/\/www.easternmennonite.org\/es\/wp-json\/wp\/v2\/pages\/44080","targetHints":{"allow":["GET"]}}],"collection":[{"href":"https:\/\/www.easternmennonite.org\/es\/wp-json\/wp\/v2\/pages"}],"about":[{"href":"https:\/\/www.easternmennonite.org\/es\/wp-json\/wp\/v2\/types\/page"}],"author":[{"embeddable":true,"href":"https:\/\/www.easternmennonite.org\/es\/wp-json\/wp\/v2\/users\/4"}],"replies":[{"embeddable":true,"href":"https:\/\/www.easternmennonite.org\/es\/wp-json\/wp\/v2\/comments?post=44080"}],"version-history":[{"count":0,"href":"https:\/\/www.easternmennonite.org\/es\/wp-json\/wp\/v2\/pages\/44080\/revisions"}],"up":[{"embeddable":true,"href":"https:\/\/www.easternmennonite.org\/es\/wp-json\/wp\/v2\/pages\/10116"}],"wp:attachment":[{"href":"https:\/\/www.easternmennonite.org\/es\/wp-json\/wp\/v2\/media?parent=44080"}],"curies":[{"name":"gracias","href":"https:\/\/api.w.org\/{rel}","templated":true}]}}