{"id":44603,"date":"2021-06-23T09:51:56","date_gmt":"2021-06-23T13:51:56","guid":{"rendered":"https:\/\/www.easternmennonite.org\/?page_id=44603"},"modified":"2024-07-23T16:27:13","modified_gmt":"2024-07-23T20:27:13","slug":"civil-rights-policy-procedure-and-complaint-process","status":"publish","type":"page","link":"https:\/\/www.easternmennonite.org\/es\/about\/dining-hall\/civil-rights-policy-procedure-and-complaint-process\/","title":{"rendered":"Derechos civiles, pol\u00edtica, procedimiento y proceso de quejas"},"content":{"rendered":"<h1>Pol\u00edtica, procedimiento y proceso de reclamaci\u00f3n en materia de derechos civiles en los comedores<\/h1>\r\n<h2>Pol\u00edtica<\/h2>\r\n<p>La Instrucci\u00f3n 113-1 (fechada el 8\/11\/05) del Departamento de Agricultura de los Estados Unidos (USDA)\/Servicio de Alimentos y Nutrici\u00f3n (FNS) delinea los requisitos de derechos civiles para los participantes en los Programas de Nutrici\u00f3n Infantil (CNP). Se requiere lo siguiente a nivel de la autoridad local de alimentaci\u00f3n escolar (SFA).<\/p>\r\n<h2>Procedimiento<\/h2>\r\n<p>Cualquier persona que alegue discriminaci\u00f3n por motivos de raza, color, origen nacional, sexo, edad o discapacidad tiene derecho a presentar una queja dentro de los 180 d\u00edas posteriores a la supuesta acci\u00f3n discriminatoria. Todas las quejas sobre derechos civiles dentro del comedor de Eastern Mennonite School deben dirigirse a <a href=\"https:\/\/www.easternmennonite.org\/facultystaff\/andrea-wenger\/\">Andrea Wenger<\/a>, Coordinador de Cumplimiento del T\u00edtulo IX por tel\u00e9fono al 540-236-6026 o por correo electr\u00f3nico wengera@easternmennonite.org. Las quejas pueden presentarse verbalmente, por escrito o de forma an\u00f3nima.\u00a0<\/p>\r\n<p>El coordinador de cumplimiento del T\u00edtulo IX de Eastern Mennonite School obtendr\u00e1 toda la informaci\u00f3n necesaria sobre la queja y procesar\u00e1 la queja dentro de los 90 d\u00edas. La queja se enviar\u00e1 a la Oficina de Programas de Nutrici\u00f3n Escolar del VDOE, PO BOX 2120, Richmond, VA 23218-2120.<\/p>\r\n<p><a role=\"button\" href=\"https:\/\/forms.gle\/F1KjwVdZfjp3mePm7\" target=\"_blank\" rel=\"noopener\"> Presentar una denuncia <\/a><\/p>","protected":false},"excerpt":{"rendered":"<p>Pol\u00edtica de Derechos Civiles del Comedor, Procedimiento y Pol\u00edtica de Proceso de Quejas Departamento de Agricultura de los Estados Unidos (USDA)\/Servicio de Alimentos y Nutrici\u00f3n (FNS) La Instrucci\u00f3n 113-1 (fechada el 8\/11\/05) delinea los requisitos de derechos civiles para los participantes en Programas de Nutrici\u00f3n Infantil (CNP). Se requiere lo siguiente a nivel de la autoridad local de alimentaci\u00f3n escolar (SFA). Procedimiento Cualquier persona que alegue discriminaci\u00f3n basada en\u2026<\/p>","protected":false},"author":4,"featured_media":0,"parent":9840,"menu_order":0,"comment_status":"closed","ping_status":"closed","template":"","meta":{"_acf_changed":false,"footnotes":""},"class_list":["post-44603","page","type-page","status-publish","hentry"],"acf":[],"_links":{"self":[{"href":"https:\/\/www.easternmennonite.org\/es\/wp-json\/wp\/v2\/pages\/44603","targetHints":{"allow":["GET"]}}],"collection":[{"href":"https:\/\/www.easternmennonite.org\/es\/wp-json\/wp\/v2\/pages"}],"about":[{"href":"https:\/\/www.easternmennonite.org\/es\/wp-json\/wp\/v2\/types\/page"}],"author":[{"embeddable":true,"href":"https:\/\/www.easternmennonite.org\/es\/wp-json\/wp\/v2\/users\/4"}],"replies":[{"embeddable":true,"href":"https:\/\/www.easternmennonite.org\/es\/wp-json\/wp\/v2\/comments?post=44603"}],"version-history":[{"count":0,"href":"https:\/\/www.easternmennonite.org\/es\/wp-json\/wp\/v2\/pages\/44603\/revisions"}],"up":[{"embeddable":true,"href":"https:\/\/www.easternmennonite.org\/es\/wp-json\/wp\/v2\/pages\/9840"}],"wp:attachment":[{"href":"https:\/\/www.easternmennonite.org\/es\/wp-json\/wp\/v2\/media?parent=44603"}],"curies":[{"name":"gracias","href":"https:\/\/api.w.org\/{rel}","templated":true}]}}