{"id":46595,"date":"2021-10-22T09:40:30","date_gmt":"2021-10-22T13:40:30","guid":{"rendered":"https:\/\/www.easternmennonite.org\/?page_id=46595"},"modified":"2024-08-28T14:22:19","modified_gmt":"2024-08-28T18:22:19","slug":"food-allergies-and-ems","status":"publish","type":"page","link":"https:\/\/www.easternmennonite.org\/es\/food-allergies-and-ems\/","title":{"rendered":"Food Allergies and EMS"},"content":{"rendered":"<p><b>Food allergy guidelines, EMS K-12<\/b><\/p>\n<p>EMS is a school community that cares about and takes seriously those who have significant food allergies. While it would be nice to say that we can <i>eliminate<\/i> exposure to particular foods that may be harmful, such as nuts or dairy, we do not want to create a false sense of security. We cannot control all food that comes into the building.<\/p>\n<p>In both the upper and lower building, teachers will communicate with parents when a student in their class has <b>specific<\/b> allergies to help monitor what might be brought in from home and shared with classmates.<\/p>\n<p>In general, EMS asks families to limit nut products in snacks and lunches to help\u00a0 diminish the possibility of contamination for those with allergies. Products like Wowbutter and SunButter do not have tree nuts in them and are a good alternative.<\/p>\n<p>In the dining hall, students with food allergies pack their own lunch and can be assured that an EMS dining hall meal will be free of tree nuts. Dairy, however, is served in school lunches. In general the dining hall is well ventilated. Students are eating outside during COVID, and this is a practice we hope to continue longer term.\u00a0<\/p>\n<p><b>Class and Neighbor Group snacks should be offered with consideration and care for any known allergies.\u00a0<\/b><\/p>\n<p><b>\u00bfPreguntas? <\/b><\/p>\n<p>Please contact our health coordinator, <a href=\"https:\/\/www.easternmennonite.org\/facultystaff\/joanna-moyer-diener\/\">Joanna Moyer-Diener, RN<\/a><\/p>","protected":false},"excerpt":{"rendered":"<p>Pautas sobre alergias alimentarias, EMS K-12 EMS es una comunidad escolar que se preocupa y toma en serio a quienes tienen alergias alimentarias importantes. Si bien ser\u00eda bueno decir que podemos eliminar la exposici\u00f3n a determinados alimentos que pueden ser perjudiciales, como los frutos secos o los l\u00e1cteos, no queremos crear una sensaci\u00f3n falsa...<\/p>","protected":false},"author":4,"featured_media":0,"parent":0,"menu_order":0,"comment_status":"closed","ping_status":"closed","template":"","meta":{"_acf_changed":false,"footnotes":""},"class_list":["post-46595","page","type-page","status-publish","hentry"],"acf":[],"_links":{"self":[{"href":"https:\/\/www.easternmennonite.org\/es\/wp-json\/wp\/v2\/pages\/46595","targetHints":{"allow":["GET"]}}],"collection":[{"href":"https:\/\/www.easternmennonite.org\/es\/wp-json\/wp\/v2\/pages"}],"about":[{"href":"https:\/\/www.easternmennonite.org\/es\/wp-json\/wp\/v2\/types\/page"}],"author":[{"embeddable":true,"href":"https:\/\/www.easternmennonite.org\/es\/wp-json\/wp\/v2\/users\/4"}],"replies":[{"embeddable":true,"href":"https:\/\/www.easternmennonite.org\/es\/wp-json\/wp\/v2\/comments?post=46595"}],"version-history":[{"count":0,"href":"https:\/\/www.easternmennonite.org\/es\/wp-json\/wp\/v2\/pages\/46595\/revisions"}],"wp:attachment":[{"href":"https:\/\/www.easternmennonite.org\/es\/wp-json\/wp\/v2\/media?parent=46595"}],"curies":[{"name":"gracias","href":"https:\/\/api.w.org\/{rel}","templated":true}]}}