{"id":46602,"date":"2021-10-22T13:39:24","date_gmt":"2021-10-22T17:39:24","guid":{"rendered":"https:\/\/www.easternmennonite.org\/?page_id=46602"},"modified":"2024-08-28T14:25:54","modified_gmt":"2024-08-28T18:25:54","slug":"windsock","status":"publish","type":"page","link":"https:\/\/www.easternmennonite.org\/es\/windsock\/","title":{"rendered":"Manga de viento"},"content":{"rendered":"<p>Windsock es el peri\u00f3dico estudiantil de Eastern Mennonite High School.<\/p>\n<p><strong>N\u00fameros anteriores a partir de 1959<\/strong> se puede encontrar en l\u00ednea en la secci\u00f3n de colecciones especiales de Eastern Mennonite University. <strong><a href=\"https:\/\/emu.contentdm.oclc.org\/digital\/collection\/p16154coll10\" target=\"_blank\" rel=\"noopener\">here<\/a><\/strong>.<\/p>\n\t\t\t\t<img loading=\"lazy\" decoding=\"async\" src=\"https:\/\/www.easternmennonite.org\/wp-content\/uploads\/2022\/09\/IMG_2490-225x300.jpg\" alt=\"IMG_2490\" itemprop=\"image\" height=\"300\" width=\"225\" title=\"IMG_2490\" onerror=\"this.style.display='none'\"  \/>\n\t<p><strong>Problemas 2021-22<\/strong><\/p>\n<p><a href=\"https:\/\/www.easternmennonite.org\/wp-content\/uploads\/2021\/10\/OFFICIALOctober-EditionWEB.pdf\" target=\"_blank\" rel=\"noopener\">octubre 2021<\/a><\/p>\n<p><a href=\"https:\/\/www.easternmennonite.org\/wp-content\/uploads\/2021\/12\/November-2021-3.pdf\">noviembre 2021<\/a><\/p>\n<p><a href=\"https:\/\/www.easternmennonite.org\/wp-content\/uploads\/2022\/02\/February-Edition-1.pdf\">febrero 2022<\/a><\/p>\n<p><a href=\"https:\/\/www.easternmennonite.org\/wp-content\/uploads\/2022\/05\/Spring-Edition.pdf\">Primavera 2022<\/a><\/p>\n<p><a href=\"https:\/\/www.easternmennonite.org\/wp-content\/uploads\/2022\/06\/Last-Issue-2.pdf\">mayo 2022<\/a><\/p>\n<p>&nbsp;<\/p>\n\t<p><strong>Problemas 2022-24<\/strong><\/p>\n<p><a href=\"https:\/\/www.emhswindsock.net\/\" target=\"_blank\" rel=\"noopener\">Edici\u00f3n en l\u00ednea<\/a><\/p>\n<p>PDF descargables:<\/p>\n<p><a href=\"https:\/\/www.easternmennonite.org\/wp-content\/uploads\/2022\/09\/September-2022-Windsock.pdf\">Septiembre 2022<\/a><\/p>\n<p><a href=\"https:\/\/www.easternmennonite.org\/wp-content\/uploads\/2022\/11\/Vol.-52-Issue-2-2.pdf\">octubre 2022<\/a><\/p>\n<p><a href=\"https:\/\/www.easternmennonite.org\/wp-content\/uploads\/2022\/12\/Vol.-52-Issue-3-1-2.pdf\">vol. 52, n\u00famero 3\u00a0<\/a><\/p>\n<p><a href=\"https:\/\/www.easternmennonite.org\/wp-content\/uploads\/2023\/01\/Vol.-52-Issue-4-1.pdf\" target=\"_blank\" rel=\"noopener\">vol. 52, N\u00famero 4<\/a><\/p>\n<p><a href=\"https:\/\/www.easternmennonite.org\/wp-content\/uploads\/2023\/01\/Vol.-52-Issue-5-1.pdf\" target=\"_blank\" rel=\"noopener\">vol. 52, N\u00famero 5<\/a><\/p>\n<p><a href=\"https:\/\/www.easternmennonite.org\/wp-content\/uploads\/2023\/03\/Vol.-52-Issue-6-2.pdf\">vol. 52, N\u00famero 6<\/a><\/p>\n<p><a href=\"https:\/\/www.easternmennonite.org\/wp-content\/uploads\/2023\/04\/Copy-of-Vol.-52-Issue-7-2.pdf\" target=\"_blank\" rel=\"noopener\">vol. 52, N\u00famero 7<\/a><\/p>\n<p><a href=\"https:\/\/www.easternmennonite.org\/wp-content\/uploads\/2023\/06\/Vol.-52-Issue-8-Final-Edition-1.pdf\">vol. 52. N\u00famero 8<\/a><\/p>\n<p>&nbsp;<\/p>\n<p>&nbsp;<\/p>","protected":false},"excerpt":{"rendered":"<p>Windsock es el peri\u00f3dico estudiantil de Eastern Mennonite High School. Los n\u00fameros anteriores a partir de 1959 se pueden encontrar en l\u00ednea en la secci\u00f3n de colecciones especiales de Eastern Mennonite University aqu\u00ed. N\u00fameros 2021-22 Octubre 2021 Noviembre 2021 Febrero 2022 Primavera 2022 Mayo 2022 N\u00fameros 2022-24 Edici\u00f3n en l\u00ednea PDF descargables: Septiembre 2022 Octubre 2022 Vol. 52, N\u00famero\u2026<\/p>","protected":false},"author":4,"featured_media":0,"parent":0,"menu_order":0,"comment_status":"closed","ping_status":"closed","template":"","meta":{"_acf_changed":false,"footnotes":""},"class_list":["post-46602","page","type-page","status-publish","hentry"],"acf":[],"_links":{"self":[{"href":"https:\/\/www.easternmennonite.org\/es\/wp-json\/wp\/v2\/pages\/46602","targetHints":{"allow":["GET"]}}],"collection":[{"href":"https:\/\/www.easternmennonite.org\/es\/wp-json\/wp\/v2\/pages"}],"about":[{"href":"https:\/\/www.easternmennonite.org\/es\/wp-json\/wp\/v2\/types\/page"}],"author":[{"embeddable":true,"href":"https:\/\/www.easternmennonite.org\/es\/wp-json\/wp\/v2\/users\/4"}],"replies":[{"embeddable":true,"href":"https:\/\/www.easternmennonite.org\/es\/wp-json\/wp\/v2\/comments?post=46602"}],"version-history":[{"count":0,"href":"https:\/\/www.easternmennonite.org\/es\/wp-json\/wp\/v2\/pages\/46602\/revisions"}],"wp:attachment":[{"href":"https:\/\/www.easternmennonite.org\/es\/wp-json\/wp\/v2\/media?parent=46602"}],"curies":[{"name":"gracias","href":"https:\/\/api.w.org\/{rel}","templated":true}]}}