{"id":47373,"date":"2022-01-06T15:50:32","date_gmt":"2022-01-06T20:50:32","guid":{"rendered":"https:\/\/www.easternmennonite.org\/?page_id=47373"},"modified":"2024-08-28T14:14:47","modified_gmt":"2024-08-28T18:14:47","slug":"internships","status":"publish","type":"page","link":"https:\/\/www.easternmennonite.org\/es\/academics\/high-school\/internships\/","title":{"rendered":"Internships"},"content":{"rendered":"<p>The EMS internship program gives high school juniors and seniors an opportunity to explore their interests, gain confidence and learn about career paths. Placements within the school itself have given students the opportunity to explore interests in:<\/p>\n<ul>\n<li>information technology<\/li>\n<li>marketing and communications<\/li>\n<li>fundraising<\/li>\n<li>elementary education<\/li>\n<\/ul>\n<p>In the broader community, placement opportunities include:<\/p>\n<ul>\n<li>financial institutions<\/li>\n<li>architectural firms<\/li>\n<li>physical therapy practices<\/li>\n<li>several locations within James Madison University<\/li>\n<li>a mechanical engineering firm<\/li>\n<li>an aviation operation<\/li>\n<\/ul>\n\t<h3>A student experience<\/h3>\n<p>Caroline Young &#039;22 tuvo dos colocaciones en la Universidad James Madison. La primera fue una pasant\u00eda en marketing deportivo y su segunda colocaci\u00f3n fue en fuerza y acondicionamiento para baloncesto masculino y femenino en el Atlantic Union Bank Center de la universidad.<\/p>\n<p>\u201cMi experiencia me ha conectado con mis planes futuros... antes de esta pasant\u00eda ten\u00eda dudas sobre la universidad y no ten\u00eda idea de lo que quer\u00eda hacer. \u00a1Ahora estoy muy emocionada por la universidad y s\u00e9 exactamente lo que quiero hacer!<\/p>\n\t\t\t\t<img loading=\"lazy\" decoding=\"async\" src=\"https:\/\/www.easternmennonite.org\/wp-content\/uploads\/2021\/12\/IMG-2812-scaled.jpg\" alt=\"Caroline Young &#039;22, JMU internship\" itemprop=\"image\" height=\"2560\" width=\"1920\" title=\"IMG-2812\" onerror=\"this.style.display='none'\"  \/>\n\t\t\t<a href=\"https:\/\/docs.google.com\/forms\/d\/e\/1FAIpQLSfOte1lZzvehnjJdFXb7RR80op_sqfxgBCvhezOXud82KkuNA\/viewform\" target=\"_blank\" rel=\"noopener\">\n\t\t\t\t\t\t\tInternship Host Inquiry Form\n\t\t\t\t\t<\/a>\n\t\t\t\t<img loading=\"lazy\" decoding=\"async\" src=\"https:\/\/www.easternmennonite.org\/wp-content\/uploads\/2019\/08\/Jennifer-150x150.jpg\" alt=\"Jennifer Young\" itemprop=\"image\" height=\"150\" width=\"150\" title=\"Jennifer Young\" onerror=\"this.style.display='none'\"  \/>\n\t<p>Jennifer Young coordinates the program. She is always exploring new opportunities for EMS interns. Potential placement hosts can reach out to\u00a0<a href=\"https:\/\/www.easternmennonite.org\/facultystaff\/jennifer-young\/\">Young <\/a>with questions and to express interest by contacting her directly, or completing\u00a0<a href=\"https:\/\/forms.gle\/HxM6DNnUkznsibQ36\" target=\"_blank\" rel=\"noopener\">this simple form<\/a>.<\/p>\n<p>\u201cMy hope is that the experience is worthwhile not only for the student, but also for the host organization,\u201d she says.<\/p>","protected":false},"excerpt":{"rendered":"<p>El programa de pasant\u00edas de EMS brinda a los estudiantes de tercer y cuarto a\u00f1o de secundaria la oportunidad de explorar sus intereses, ganar confianza y aprender sobre trayectorias profesionales. Las ubicaciones dentro de la escuela misma han brindado a los estudiantes la oportunidad de explorar intereses en: tecnolog\u00eda de la informaci\u00f3n marketing y comunicaciones recaudaci\u00f3n de fondos educaci\u00f3n primaria En la comunidad en general, las oportunidades de ubicaci\u00f3n incluyen: instituciones financieras arquitectura...<\/p>","protected":false},"author":4,"featured_media":0,"parent":836,"menu_order":0,"comment_status":"closed","ping_status":"closed","template":"","meta":{"_acf_changed":false,"footnotes":""},"class_list":["post-47373","page","type-page","status-publish","hentry"],"acf":[],"_links":{"self":[{"href":"https:\/\/www.easternmennonite.org\/es\/wp-json\/wp\/v2\/pages\/47373","targetHints":{"allow":["GET"]}}],"collection":[{"href":"https:\/\/www.easternmennonite.org\/es\/wp-json\/wp\/v2\/pages"}],"about":[{"href":"https:\/\/www.easternmennonite.org\/es\/wp-json\/wp\/v2\/types\/page"}],"author":[{"embeddable":true,"href":"https:\/\/www.easternmennonite.org\/es\/wp-json\/wp\/v2\/users\/4"}],"replies":[{"embeddable":true,"href":"https:\/\/www.easternmennonite.org\/es\/wp-json\/wp\/v2\/comments?post=47373"}],"version-history":[{"count":0,"href":"https:\/\/www.easternmennonite.org\/es\/wp-json\/wp\/v2\/pages\/47373\/revisions"}],"up":[{"embeddable":true,"href":"https:\/\/www.easternmennonite.org\/es\/wp-json\/wp\/v2\/pages\/836"}],"wp:attachment":[{"href":"https:\/\/www.easternmennonite.org\/es\/wp-json\/wp\/v2\/media?parent=47373"}],"curies":[{"name":"gracias","href":"https:\/\/api.w.org\/{rel}","templated":true}]}}