{"id":47438,"date":"2022-01-13T15:51:28","date_gmt":"2022-01-13T20:51:28","guid":{"rendered":"https:\/\/www.easternmennonite.org\/?page_id=47438"},"modified":"2024-08-28T14:25:03","modified_gmt":"2024-08-28T18:25:03","slug":"kennel-charles-endowed-fund","status":"publish","type":"page","link":"https:\/\/www.easternmennonite.org\/es\/kennel-charles-endowed-fund\/","title":{"rendered":"Kennel\/Charles Endowed Fund"},"content":{"rendered":"<h3>El Fondo Dotado Anabautista Kennel-Charles<\/h3>\n<p>El prop\u00f3sito de este fondo es estimular el inter\u00e9s por la historia menonita-anabautista entre los j\u00f3venes.<\/p>\n<p>Los fondos se utilizan para recibir a un historiador, pastor, maestro u otra persona menonita-anabautista invitado para hablar e interactuar con los estudiantes en formato de conferencia y en las aulas. Cada a\u00f1o tambi\u00e9n forma parte del ciclo una presentaci\u00f3n abierta al p\u00fablico en general.<\/p>\n<p>Otra prioridad es estimular el inter\u00e9s de los estudiantes en la historia y el patrimonio anabautistas proporcionando un foro para proyectos de investigaci\u00f3n estudiantil que podr\u00edan presentarse a la escuela y la comunidad. (Consulte la lista de t\u00edtulos de art\u00edculos anteriores a continuaci\u00f3n).<\/p>\n<p>El Fondo de Dotaci\u00f3n Anabautista Elmer Kennel y Edith Charles se inici\u00f3 con un compromiso inicial en diciembre de 2000.<\/p>\n<p><a href=\"https:\/\/www.easternmennonite.org\/facultystaff\/ben-bixler\/\">Benjam\u00edn Bixle<\/a>r es el coordinador actual. Cont\u00e1ctelo si tiene preguntas o para sugerir oradores.<\/p>\n\t\t\t\t<img loading=\"lazy\" decoding=\"async\" src=\"https:\/\/www.easternmennonite.org\/wp-content\/uploads\/2022\/01\/John-Sharp-History-teacher-at-Hesston-College-delivered-the-14th-annual-Kennel-Charles-Anabaptist-lecture-Feb-8-speaking-about-the-life-of-Orie-O-Miller-photo-by-Andrew-885x1024.jpg\" alt=\"John Sharp, historian and Hesston College professor, delivered the 14th annual Kennel Charles Anabaptist lecture, Feb 8, 2016 speaking about the life of Orie O. Miller.\" itemprop=\"image\" height=\"1024\" width=\"885\" title=\"Juan Sharp\" onerror=\"this.style.display='none'\"  \/>\n\t\tJohn Sharp, historiador y profesor de Hesston College, pronunci\u00f3 la decimocuarta conferencia anual Kennel Charles Anabaptist, el 8 de febrero de 2016, hablando sobre la vida de Orie O. Miller.\n\t<h4>Oradores anteriores<\/h4>\n<ul>\n<li>2023-24 &#8212; <a href=\"https:\/\/anabaptistworld.org\/panelists-tell-of-their-choices-for-peace\/\">Fuerza a trav\u00e9s de la paz<\/a>, panel de discusi\u00f3n<\/li>\n<li>2022-23 \u2014 Jonny Rashid<\/li>\n<li>2021-22 &#8212; <a href=\"https:\/\/www.easternmennonite.org\/es\/2022\/03\/osheta-moore-you-are-beloved\/\">Osheta Moore<\/a><\/li>\n<li>2020-21 \u2014 Ning\u00fan orador (COVID-19)<\/li>\n<li>2019 -20 &#8212; <a href=\"https:\/\/www.easternmennonite.org\/es\/2019\/10\/caleb-schrock-hurst-14-to-speak-from-vietnam-experience-at-kennel-charles-lecture-series\/\" target=\"_blank\" rel=\"noopener\">Caleb Schrock-Hurst &#039;15<\/a> Comit\u00e9 Central Menonita de Vietnam.<\/li>\n<li>2018-19 \u2014 Glen Guyton, Director Ejecutivo de la Iglesia Menonita de EE. UU.<\/li>\n<li>2017-18 \u2014 Nathan y Kaitlin Hershberger, trabajadores del Comit\u00e9 Central Menonita de Irak<\/li>\n<li>2016-17 \u2014 Todd Wynward, autor, educador, peque\u00f1o agricultor, l\u00edder de viajes a la naturaleza y ministro menonita para el discipulado de cuencas hidrogr\u00e1ficas<\/li>\n<li>2015-16: John Sharp, profesor de historia de Hesston College<\/li>\n<li>2014-15 \u2014 Regina Wenger, historiadora menonita, Universidad de Baylor<\/li>\n<li>2013-14 \u2014 Steven Nolt, anteriormente en Goshen College y actual profesor de historia y estudios anabautistas en el Centro Joven de Estudios Anabautistas y Pietistas en Elizabethtown College<\/li>\n<li>2012 \u2014 Colleen McFarland, directora del Comit\u00e9 Hist\u00f3rico de la Iglesia Menonita de EE. UU. y archivera denominacional de Goshen, Indiana.<\/li>\n<li>2011-12 - Cancelado<\/li>\n<li>2010-11 \u2014 Daryl Byler, representantes del Comit\u00e9 Central Menonita de Jordania<\/li>\n<\/ul>\n\t<ul>\n<li>2009-10 \u2014 Loren Horst, Misiones Menonitas de Virginia<\/li>\n<li>2008-09 \u2013 John Roth, historiador menonita, y Rachelle Lyndaker Schlabach, Oficina del Comit\u00e9 Central Menonita en Washington<\/li>\n<li>2007-08 \u2014 Autor de libros relacionados con la vida menonita y amish; profesor em\u00e9rito de historia en Bethel College, Newton Kansas<\/li>\n<li>2006-07 \u2014 James Krabill, Red Menonita de Misi\u00f3n y Seminario B\u00edblico Anabautista Menonita<\/li>\n<li>2005-06: Jeff Wright, autor, predicador, maestro<\/li>\n<li>2004-05 \u2014 Nancy Heisey, secretaria ejecutiva y profesora del Congreso Mundial Menonita, Seminario Menonita del Este<\/li>\n<li>2003-04 \u2014 Lawrence Yoder, Seminario Menonita del Este; experto en la Iglesia Menonita de Indonesia<\/li>\n<li>2002-03: John Ruth, historiador, autor y orador que ha contribuido significativamente a la comprensi\u00f3n de la historia, la fe y la cultura menonitas.<\/li>\n<li>2001-02 \u2014 Nathan Yoder, Seminario Menonita del Este<\/li>\n<\/ul>\n\t<h2>Premiados por trabajos estudiantiles<\/h2>\n<p>Cada a\u00f1o se otorgan premios en efectivo a estudiantes que escriben art\u00edculos sobre temas menonitas-anabautistas como parte de la programaci\u00f3n del fondo de donaci\u00f3n.<\/p>\n\t<p><strong>2023-2024<\/strong><\/p>\nNoelle Rankin \u2014 Anne Askew: quemada por la narrativa Catherine Scherpereel \u2014 Iglesia y Estado en armon\u00eda Lili Lehman \u2014 La modestia en la sociedad cristiana\n<strong>2019-2020<\/strong><br \/>\nKarla Hostetter - Menno Simons<br \/>\nElisabeth Fink - Eucarist\u00eda<br \/>\nAbby Garber - Dietrich Bonhoeffer<br \/>\nFiona Mitchell - Iconos\n<strong>2018-2019<\/strong><br \/>\nCaroline Hayes - Neil Showalter<br \/>\nSukainah Abid-Kons - Juana de Arco\n<strong>2017-2018<\/strong><br \/>\nPerla Guerrero \u2013 Billy Graham<br \/>\nVirtud Adowei - Existencialismo<br \/>\nFelicity Zimmerman - Huteritas\n<strong>2015-2016<\/strong><br \/>\nErin Rhodes \u2014 An\u00e1lisis de la juventud menonita<br \/>\nLuke Hertzler - Hans Herr<br \/>\nMike Mi - El cristianismo en China\n<strong>2014-2015<\/strong><br \/>\nJason Yu - Cristianismo en China: historia y actualidad<br \/>\nAlan Liu - Menonitas durante la Revoluci\u00f3n Rusa<br \/>\nDrake Wagner - Emperador Constantino: nuestro primer emperador cristiano\n\t<strong>2013-2014<\/strong><br \/>\nAaron Yoder - Dirk Willems<br \/>\nMario Hern\u00e1ndez \u2013 Ulrich Zwinglio y los radicales<br \/>\nStephen Lowe - Joseph Funk\n<strong>2012-2013<\/strong><br \/>\nRebekah Hertzler: la vida, la misi\u00f3n y el legado de Susanna Hartman Brunk<br \/>\nLeona Good \u2014 Diaconisa Nettie Pearl Suter<br \/>\nMegan Good \u2014 Proyecto digital sobre la Iglesia Menonita Comunitaria\n<strong>2011-2012<\/strong><br \/>\nHannah DePoy - La vida misionera de Narcissa Whitman<br \/>\nBenjamin Ghaemmaghami - La vida y el legado de Mart\u00edn Lutero<br \/>\nRebecca Hardy - Georgia Harkness, la te\u00f3loga radical\n<strong>2010-2011<\/strong><br \/>\nRachel Shenk - M\u00e1s all\u00e1 de lo ordinario: la vida y el ministerio de Roy Kiser<br \/>\nKiara Boettger - Cuento de Navidad Kauffman<br \/>\nHannah Shultz \u2014 Daniel Suter: un hombre de gran importancia y logros en el mundo de la ciencia\n<strong>2008-2009<\/strong><br \/>\nHannah Bendfeldt \u2014 Respuesta menonita en el valle de Shenandoah, Guerra Civil<br \/>\nRanita Shenk - Verdaderos amigos de Dios: La historia de Michael y Margaretha Sattler<br \/>\nJacque Zook \u2014 Karl Stoltzfus: un hombre corriente que vive una vida extraordinaria\n\t<strong>2006-2007<\/strong><br \/>\nRisa Heatwole - La reforma sangrienta<br \/>\nNathan Hershberger - El ciclo del anabautismo ruso\n<strong>2005-2006<\/strong><br \/>\nJessica Pease - El viaje de Menno Simons\n<strong>2004-2005<\/strong><br \/>\nLindsay Kisamore - Pacifismo: pasado y presente<br \/>\nChristopher Burkholder - Una forma m\u00e1s civilizada\n<strong>2003-2004<\/strong><br \/>\nMonika Burkholder - Glendon Blosser: un l\u00edder eficaz\n<strong>2002-2003<\/strong><br \/>\nSara Hershberger: enfermeras pacifistas durante la Segunda Guerra Mundial<br \/>\nIsaac Beachy - George Blaurock<br \/>\nAndrew Fairfield - George R. Brunk I\n<strong>2001-2002<\/strong><br \/>\nSteven Glanzer \u2014 John L. Stauffer, Fiel Siervo de la<br \/>\nCaballero<br \/>\nSharon Kniss - John Longacre Stauffer, Siervo del<br \/>\nCaballero<br \/>\nPaul Yoder - Hermano John Mumaw<br \/>\nDano Heatwole - Legiones de mercenarios pac\u00edficos","protected":false},"excerpt":{"rendered":"<p>Fondo de Dotaci\u00f3n Anabautista Kennel-Charles El prop\u00f3sito de este fondo es estimular el inter\u00e9s por la historia menonita-anabautista entre los j\u00f3venes. Los fondos se utilizan para recibir a un historiador, pastor, maestro u otra persona menonita-anabautista invitado para hablar e interactuar con los estudiantes en formato de conferencia y en las aulas. Una presentaci\u00f3n abierta al p\u00fablico en general\u2026<\/p>","protected":false},"author":4,"featured_media":0,"parent":0,"menu_order":0,"comment_status":"closed","ping_status":"closed","template":"","meta":{"_acf_changed":false,"footnotes":""},"class_list":["post-47438","page","type-page","status-publish","hentry"],"acf":[],"_links":{"self":[{"href":"https:\/\/www.easternmennonite.org\/es\/wp-json\/wp\/v2\/pages\/47438","targetHints":{"allow":["GET"]}}],"collection":[{"href":"https:\/\/www.easternmennonite.org\/es\/wp-json\/wp\/v2\/pages"}],"about":[{"href":"https:\/\/www.easternmennonite.org\/es\/wp-json\/wp\/v2\/types\/page"}],"author":[{"embeddable":true,"href":"https:\/\/www.easternmennonite.org\/es\/wp-json\/wp\/v2\/users\/4"}],"replies":[{"embeddable":true,"href":"https:\/\/www.easternmennonite.org\/es\/wp-json\/wp\/v2\/comments?post=47438"}],"version-history":[{"count":0,"href":"https:\/\/www.easternmennonite.org\/es\/wp-json\/wp\/v2\/pages\/47438\/revisions"}],"wp:attachment":[{"href":"https:\/\/www.easternmennonite.org\/es\/wp-json\/wp\/v2\/media?parent=47438"}],"curies":[{"name":"gracias","href":"https:\/\/api.w.org\/{rel}","templated":true}]}}