{"id":48259,"date":"2022-03-09T09:02:51","date_gmt":"2022-03-09T14:02:51","guid":{"rendered":"https:\/\/www.easternmennonite.org\/?page_id=48259"},"modified":"2026-02-26T12:25:13","modified_gmt":"2026-02-26T17:25:13","slug":"employment","status":"publish","type":"page","link":"https:\/\/www.easternmennonite.org\/es\/about\/employment\/","title":{"rendered":"Empleo"},"content":{"rendered":"<p>Eastern Mennonite School busca candidatos apasionados por educar a ni\u00f1os y j\u00f3venes en un ambiente centrado en Cristo hacia la excelencia acad\u00e9mica con \u00e9nfasis en el bienestar social y emocional. Los candidatos estar\u00e1n comprometidos con nuestra visi\u00f3n de una comunidad de aprendizaje donde cada estudiante pertenece, prospera y se une a la obra de Dios en el mundo.<\/p>\n<p class=\"translation-block\">Vea nuestra <a href=\"https:\/\/www.easternmennonite.org\/es\/about\/\" target=\"_self\">visi\u00f3n, misi\u00f3n y filosof\u00eda educativa<\/a> .<\/p>\n<figure itemscope itemtype=\"https:\/\/schema.org\/ImageObject\">\n\t\t\t\t<img decoding=\"async\" src=\"https:\/\/www.easternmennonite.org\/wp-content\/uploads\/2021\/05\/HR-JobThumbnail20213-1.jpg\" alt=\"HR-JobThumbnail20213\" height=\"150\" width=\"150\" title=\"HR-JobThumbnail20213\" onerror=\"this.style.display='none'\" loading=\"lazy\" \/>\n\t<\/figure>\nPowered by<a href=\"http:\/\/www.bamboohr.com\" target=\"_blank\" rel=\"external noopener\"><img decoding=\"async\" src=\"https:\/\/resources.bamboohr.com\/images\/footer-logo.png\" alt=\"BambooHR - HR software\" \/><\/a>\n\n\t<p>Lea sobre la cobertura m\u00e9dica de EMS ofrecida a trav\u00e9s de Everence\u00ae\u00a0<a href=\"https:\/\/www.easternmennonite.org\/wp-content\/uploads\/2022\/07\/2215209-Summary-of-Benefits-AMSC-250-500-Trad-Ded.pdf\" target=\"_blank\" rel=\"noopener\">here<\/a> (link to attached document) and the Federal Transparency in Coverage Rule\u00a0<a href=\"https:\/\/www.everence.com\/resources\/health-plan-providers-and-resources\/transparency-in-coverage\" target=\"_blank\" rel=\"noopener\" data-saferedirecturl=\"https:\/\/www.google.com\/url?q=https:\/\/www.everence.com\/resources\/health-plan-providers-and-resources\/transparency-in-coverage&amp;source=gmail&amp;ust=1657731318677000&amp;usg=AOvVaw2ij7bk2a6g8E3fejXuspYs\">here<\/a> .<\/p>\n<hr \/>\n<p>Nuestra pol\u00edtica es practicar la igualdad de oportunidades sin importar la raza, el color, el origen nacional o \u00e9tnico, el sexo, la edad o la discapacidad de una persona en la aplicaci\u00f3n de cualquier pol\u00edtica, pr\u00e1ctica, norma o reglamento. Al funcionar como una escuela religiosa, EMS puede discriminar bas\u00e1ndose en los valores religiosos de la escuela al tomar decisiones de contrataci\u00f3n. Cualquier forma de acoso est\u00e1 absolutamente prohibida.<\/p>\n<p><strong><em>La siguiente persona ha sido designada para manejar consultas sobre las pol\u00edticas de no discriminaci\u00f3n de la escuela, incluidas sus <a href=\"https:\/\/www.easternmennonite.org\/es\/about\/title-ix\/\">pol\u00edtica del T\u00edtulo IX<\/a>: <a href=\"https:\/\/www.easternmennonite.org\/facultystaff\/debbie-katz-2\/\" target=\"_blank\" rel=\"noopener\">Debbie Katz<\/a>, High School Counselor and Title IX Compliance Coordinator.<\/em><\/strong><\/p>\n<p><strong><em>Para obtener ayuda relacionada con el T\u00edtulo IX u otras leyes de derechos civiles, comun\u00edquese con <\/em><em>la OCR<\/em><em> at <\/em><em>OCR@ed.gov<\/em><em> o 800-421-3481, TDD 800-877-8339.<\/em><\/strong><\/p>","protected":false},"excerpt":{"rendered":"<p>Eastern Mennonite School busca candidatos apasionados por educar a ni\u00f1os y j\u00f3venes en un ambiente centrado en Cristo hacia la excelencia acad\u00e9mica con \u00e9nfasis en el bienestar social y emocional. Los candidatos estar\u00e1n comprometidos con nuestra visi\u00f3n de una comunidad de aprendizaje donde cada estudiante pertenece, prospera y se une a la obra de Dios en el mundo. Vea nuestra visi\u00f3n y...<\/p>","protected":false},"author":17,"featured_media":9837,"parent":74,"menu_order":0,"comment_status":"closed","ping_status":"closed","template":"","meta":{"_acf_changed":false,"footnotes":""},"class_list":["post-48259","page","type-page","status-publish","has-post-thumbnail","hentry"],"acf":[],"_links":{"self":[{"href":"https:\/\/www.easternmennonite.org\/es\/wp-json\/wp\/v2\/pages\/48259","targetHints":{"allow":["GET"]}}],"collection":[{"href":"https:\/\/www.easternmennonite.org\/es\/wp-json\/wp\/v2\/pages"}],"about":[{"href":"https:\/\/www.easternmennonite.org\/es\/wp-json\/wp\/v2\/types\/page"}],"author":[{"embeddable":true,"href":"https:\/\/www.easternmennonite.org\/es\/wp-json\/wp\/v2\/users\/17"}],"replies":[{"embeddable":true,"href":"https:\/\/www.easternmennonite.org\/es\/wp-json\/wp\/v2\/comments?post=48259"}],"version-history":[{"count":3,"href":"https:\/\/www.easternmennonite.org\/es\/wp-json\/wp\/v2\/pages\/48259\/revisions"}],"predecessor-version":[{"id":79045,"href":"https:\/\/www.easternmennonite.org\/es\/wp-json\/wp\/v2\/pages\/48259\/revisions\/79045"}],"up":[{"embeddable":true,"href":"https:\/\/www.easternmennonite.org\/es\/wp-json\/wp\/v2\/pages\/74"}],"wp:featuredmedia":[{"embeddable":true,"href":"https:\/\/www.easternmennonite.org\/es\/wp-json\/wp\/v2\/media\/9837"}],"wp:attachment":[{"href":"https:\/\/www.easternmennonite.org\/es\/wp-json\/wp\/v2\/media?parent=48259"}],"curies":[{"name":"gracias","href":"https:\/\/api.w.org\/{rel}","templated":true}]}}