{"id":49341,"date":"2022-06-16T10:50:04","date_gmt":"2022-06-16T14:50:04","guid":{"rendered":"https:\/\/www.easternmennonite.org\/?page_id=49341"},"modified":"2024-08-28T14:15:01","modified_gmt":"2024-08-28T18:15:01","slug":"robotics","status":"publish","type":"page","link":"https:\/\/www.easternmennonite.org\/es\/academics\/high-school\/robotics\/","title":{"rendered":"Robotics"},"content":{"rendered":"<p>Los estudiantes en los grados K-12 tienen oportunidades de desarrollar habilidades que los preparen para un futuro en campos como la ingenier\u00eda y la tecnolog\u00eda.<\/p>\n<p><a href=\"https:\/\/www.easternmennonite.org\/facultystaff\/kevin-carini\/\">Kevin Carini<\/a> ense\u00f1a Rob\u00f3tica I-IV para estudiantes de secundaria, patrocina el club First Tech Challenge (FTC) y ense\u00f1a f\u00edsica y qu\u00edmica. Los participantes del club aprenden a pensar como ingenieros, dise\u00f1ando, construyendo y codificando robots para competir contra otros equipos.<\/p>\n<p><a href=\"https:\/\/www.youtube.com\/watch?v=Q7DJD2z757k\">Watch a video<\/a> por estudiantes de rob\u00f3tica sobre su experiencia con la clase y la FTC.<\/p>\n<p>A nivel de escuela primaria y secundaria, el Sr. Carini ha ayudado a facilitar subvenciones para suministros y materiales introductorios. Y, <a href=\"https:\/\/www.easternmennonite.org\/es\/2020\/02\/donor-gifts-bring-robotics-to-emes\/\">leer como<\/a> Las donaciones de los donantes suministraron Sphero Bolts al aula de cuarto grado.<\/p>\n<p>A menudo, los estudiantes mayores dedican tiempo en el nivel elemental a ayudar a los estudiantes a aprender a dise\u00f1ar, construir y programar robots Lego.<\/p>\n<p>Carini colabora con Jesse Blosser del departamento de matem\u00e1ticas de la escuela secundaria. Vision se une al departamento de matem\u00e1ticas de EMS para ofrecer oportunidades cada vez mayores para clases de programaci\u00f3n de computadoras. Actualmente,\u00a0<a href=\"https:\/\/www.easternmennonite.org\/facultystaff\/jesse-blosser\/\">Jesse Blosser<\/a>,\u00a0 algebra and calculus instructor, offers\u00a0 Programming I, II and III. <a href=\"https:\/\/www.easternmennonite.org\/es\/2021\/09\/robotics-programming-enters-new-stage\/\">Read more.<\/a><\/p>\n\t\t\t<a href=\"https:\/\/www.easternmennonite.org\/es\/?s=robotics\" target=\"_blank\" rel=\"noopener\">\n\t\t\t\t\t\t\tNoticias de rob\u00f3tica EMS\n\t\t\t\t\t<\/a>\n\t\t\t<a href=\"https:\/\/drive.google.com\/file\/d\/1wYSHB-F8XhIpMe7dPKWE3dE18SC0RKuM\/preview\" target=\"_blank\" rel=\"noopener\">\n\t\t\t\t\t\t\tV\u00eddeo del estudiante\n\t\t\t\t\t<\/a>","protected":false},"excerpt":{"rendered":"<p>Los estudiantes en los grados K-12 tienen oportunidades de desarrollar habilidades que los preparen para un futuro en campos como la ingenier\u00eda y la tecnolog\u00eda. Kevin Carini ense\u00f1a Rob\u00f3tica I-IV para estudiantes de secundaria, patrocina el club First Tech Challenge (FTC) y ense\u00f1a f\u00edsica y qu\u00edmica. Los participantes del club aprenden a pensar como ingenieros, dise\u00f1ando, construyendo y codificando robots para...<\/p>","protected":false},"author":4,"featured_media":0,"parent":836,"menu_order":0,"comment_status":"closed","ping_status":"closed","template":"","meta":{"_acf_changed":false,"footnotes":""},"class_list":["post-49341","page","type-page","status-publish","hentry"],"acf":[],"_links":{"self":[{"href":"https:\/\/www.easternmennonite.org\/es\/wp-json\/wp\/v2\/pages\/49341","targetHints":{"allow":["GET"]}}],"collection":[{"href":"https:\/\/www.easternmennonite.org\/es\/wp-json\/wp\/v2\/pages"}],"about":[{"href":"https:\/\/www.easternmennonite.org\/es\/wp-json\/wp\/v2\/types\/page"}],"author":[{"embeddable":true,"href":"https:\/\/www.easternmennonite.org\/es\/wp-json\/wp\/v2\/users\/4"}],"replies":[{"embeddable":true,"href":"https:\/\/www.easternmennonite.org\/es\/wp-json\/wp\/v2\/comments?post=49341"}],"version-history":[{"count":0,"href":"https:\/\/www.easternmennonite.org\/es\/wp-json\/wp\/v2\/pages\/49341\/revisions"}],"up":[{"embeddable":true,"href":"https:\/\/www.easternmennonite.org\/es\/wp-json\/wp\/v2\/pages\/836"}],"wp:attachment":[{"href":"https:\/\/www.easternmennonite.org\/es\/wp-json\/wp\/v2\/media?parent=49341"}],"curies":[{"name":"gracias","href":"https:\/\/api.w.org\/{rel}","templated":true}]}}