{"id":49506,"date":"2022-06-22T12:49:27","date_gmt":"2022-06-22T16:49:27","guid":{"rendered":"https:\/\/www.easternmennonite.org\/?page_id=49506"},"modified":"2024-08-28T14:10:44","modified_gmt":"2024-08-28T18:10:44","slug":"restorative-justice-at-ems","status":"publish","type":"page","link":"https:\/\/www.easternmennonite.org\/es\/about\/restorative-justice-at-ems\/","title":{"rendered":"Justicia Restaurativa en EMS"},"content":{"rendered":"<p>El uso de pr\u00e1cticas restaurativas es parte de nuestra <a href=\"https:\/\/www.easternmennonite.org\/es\/about\/peacebuilding\/\" target=\"_blank\" rel=\"noopener\">cultura de construcci\u00f3n de paz<\/a> Toda la escuela. Estas pr\u00e1cticas implican crear un espacio para que las personas escuchen plenamente. A veces se trata de una conversaci\u00f3n entre dos o m\u00e1s estudiantes, facilitada por un maestro, consejero o director. Todas las partes involucradas aceptan el proceso antes de comenzar.<\/p>\n<p>En grupos m\u00e1s grandes, un proceso en c\u00edrculo brinda la oportunidad para que todos hablen y escuchen. El orador sostiene una \u201cpieza parlante\u201d, como una piedra o una pelota, y se la pasa a la siguiente persona cuando termina. Siempre existe la opci\u00f3n de pasar.<\/p>\n<p>La divisi\u00f3n de primaria de EMS se fund\u00f3 en 2005 con una lente RJ entretejida en la estructura de esta nueva escuela. Esa mentalidad ha cobrado impulso en nuestra escuela y se ha extendido al \u201cADN\u201d de nuestra escuela intermedia y secundaria.<\/p>\n<p>Actualmente, las pr\u00e1cticas restaurativas tambi\u00e9n est\u00e1n ganando impulso no s\u00f3lo en EMS, sino en las escuelas de todo el pa\u00eds.<\/p>\n\t\t\t<a href=\"https:\/\/www.easternmennonite.org\/es\/today\/article\/restorative-justice-rj-at-ems\/\" target=\"_self\" rel=\"noopener\">\n\t\t\t\t\t\t\tVea m\u00e1s en nuestra publicaci\u00f3n Today\n\t\t\t\t\t<\/a>\n\t<p><em>\u201cEste trabajo que requiere mucho tiempo no es f\u00e1cil. Pero cada d\u00eda veo a nuestros maestros y directores tom\u00e1ndose el tiempo para modelar y ense\u00f1ar maneras cristianas de abordar el dolor entre los estudiantes y los dem\u00e1s. Estas lecciones nos ayudan a cumplir nuestra misi\u00f3n de llamar a los estudiantes a la fe en Jesucristo y a buscar un servicio compasivo en el mundo\u201d.<\/em><\/p>\nPaul Leaman<br \/>\ndirector de escuela\n\t\t\t\t<img loading=\"lazy\" decoding=\"async\" src=\"https:\/\/www.easternmennonite.org\/wp-content\/uploads\/2019\/02\/Leaman-Paul_cropped-250x300.jpg\" alt=\"Paul Leaman, head of school\" itemprop=\"image\" height=\"300\" width=\"250\" title=\"Leaman-Paul_cropped\" onerror=\"this.style.display='none'\"  \/>\n\t<iframe loading=\"lazy\" src=\"https:\/\/drive.google.com\/file\/d\/1fwct4hFwX6flzwg22S_53uIvNCorJpsb\/preview\" width=\"670\" height=\"450\" allow=\"autoplay\"><\/iframe>\n\t<p>En este video, la maestra de tercer grado, Heidi Byler, comparte sobre la justicia restaurativa en la Escuela Primaria Eastern Mennonite. Ella es parte de un grupo de docentes que participan en estudios de posgrado sobre el uso de la justicia restaurativa en entornos educativos.<\/p>","protected":false},"excerpt":{"rendered":"<p>El uso de pr\u00e1cticas restaurativas es parte de nuestra cultura de construcci\u00f3n de paz en toda la escuela. Estas pr\u00e1cticas implican crear un espacio para que las personas escuchen plenamente. A veces se trata de una conversaci\u00f3n entre dos o m\u00e1s estudiantes, facilitada por un maestro, consejero o director. Todas las partes involucradas aceptan el proceso antes de comenzar. En grupos m\u00e1s grandes, un proceso circular proporciona...<\/p>","protected":false},"author":4,"featured_media":0,"parent":74,"menu_order":0,"comment_status":"closed","ping_status":"closed","template":"","meta":{"_acf_changed":false,"footnotes":""},"class_list":["post-49506","page","type-page","status-publish","hentry"],"acf":[],"_links":{"self":[{"href":"https:\/\/www.easternmennonite.org\/es\/wp-json\/wp\/v2\/pages\/49506","targetHints":{"allow":["GET"]}}],"collection":[{"href":"https:\/\/www.easternmennonite.org\/es\/wp-json\/wp\/v2\/pages"}],"about":[{"href":"https:\/\/www.easternmennonite.org\/es\/wp-json\/wp\/v2\/types\/page"}],"author":[{"embeddable":true,"href":"https:\/\/www.easternmennonite.org\/es\/wp-json\/wp\/v2\/users\/4"}],"replies":[{"embeddable":true,"href":"https:\/\/www.easternmennonite.org\/es\/wp-json\/wp\/v2\/comments?post=49506"}],"version-history":[{"count":0,"href":"https:\/\/www.easternmennonite.org\/es\/wp-json\/wp\/v2\/pages\/49506\/revisions"}],"up":[{"embeddable":true,"href":"https:\/\/www.easternmennonite.org\/es\/wp-json\/wp\/v2\/pages\/74"}],"wp:attachment":[{"href":"https:\/\/www.easternmennonite.org\/es\/wp-json\/wp\/v2\/media?parent=49506"}],"curies":[{"name":"gracias","href":"https:\/\/api.w.org\/{rel}","templated":true}]}}