{"id":51255,"date":"2022-10-12T16:23:47","date_gmt":"2022-10-12T20:23:47","guid":{"rendered":"https:\/\/www.easternmennonite.org\/?page_id=51255"},"modified":"2024-08-28T14:09:47","modified_gmt":"2024-08-28T18:09:47","slug":"art-program","status":"publish","type":"page","link":"https:\/\/www.easternmennonite.org\/es\/about\/our-schools-history\/art-program\/","title":{"rendered":"Historia del programa de arte"},"content":{"rendered":"\n\n\t<p><strong>Esther Kniss &#8217;49 Augsburger<\/strong> founded the Eastern Mennonite High School art\u00a0 program in 1971 and taught for the next nine years. Esther was the first art graduate from Eastern Mennonite College in 1972, where her husband, Myron, was president. She pursued art studies after initially considering a music major, which was more acceptable in the broader church at that time. She earned a master of arts degree in sculpture from James Madison University in 1978.\u00a0<\/p>\n<p>Esther was a role model and encouragement to hundreds of students during her tenure as a teacher. She remained a lifelong supporter of the art program at EMS, encouraging future teachers along the way. These included her successor, Herb Weaver &#8217;75, who taught from 1980 to &#8217;85, and Barbara Gautcher, who taught for the next 32 years.<\/p>\n\t\t\t\t<img loading=\"lazy\" decoding=\"async\" src=\"https:\/\/www.easternmennonite.org\/wp-content\/uploads\/2019\/10\/IMG_8439.jpg\" alt=\"Lori Snyder &#039;74 Garrett with Esther Augsburger, her art teacher who set her on a path toward a career in architecture\" itemprop=\"image\" height=\"2333\" width=\"3500\" title=\"IMG_8439\" onerror=\"this.style.display='none'\"  \/>\n\t\tLori Snyder &#8217;74 Garrett with Esther Augsburger, her art teacher who set her on a path toward a career in architecture\n\t\t\t\t<img loading=\"lazy\" decoding=\"async\" src=\"https:\/\/www.easternmennonite.org\/wp-content\/uploads\/2022\/10\/IMG_2620-scaled.jpg\" alt=\"Marcia, John, Myron, and Esther Augsburger at a Chapel in Esther&#039;s honor, Oct. 12, 2022\" itemprop=\"image\" height=\"1904\" width=\"2560\" title=\"IMG_2620\" onerror=\"this.style.display='none'\"  \/>\n\t\tMarcia, John, Myron, and Esther Augsburger at a Chapel in Esther&#8217;s honor, Oct. 12, 2022\n\t\t\t\t<img loading=\"lazy\" decoding=\"async\" src=\"https:\/\/www.easternmennonite.org\/wp-content\/uploads\/2022\/10\/IMG_2617.jpg\" alt=\"Gloria Diener (former English teacher), Esther Augsburger, Barbara Gautcher (art teacher for 32 years), and Malea Gascho (current art teacher) after an October 2022 Chapel honoring Esther&#039;s contribution to the art program at EMS. \" itemprop=\"image\" height=\"1612\" width=\"2491\" title=\"IMG_2617\" onerror=\"this.style.display='none'\"  \/>\n\t\tGloria Diener (former English teacher), Esther Augsburger, Barbara Gautcher (art teacher for 32 years), and Malea Gascho (current art teacher) after an October 2022 Chapel honoring Esther&#8217;s contribution to the art program at EMS. \n\t\t\t<a href=\"https:\/\/docs.google.com\/presentation\/d\/1UAUna6s2qVXZ3lGOfQlT5T95cDZaNpZomFSLuWe7yeY\/edit?usp=sharing\" target=\"_blank\" rel=\"noopener\">\n\t\t\t\t\t\tSlide Show of Works\n\t\t\t\t\t<\/a>\n\t\t\t<a href=\"https:\/\/youtu.be\/sHWWlyLolXk\" target=\"_blank\" rel=\"noopener\">\n\t\t\t\t\t\t\tOct. 2022 Chapel \n\t\t\t\t\t<\/a>\n\t\t\t\t<img loading=\"lazy\" decoding=\"async\" src=\"https:\/\/www.easternmennonite.org\/wp-content\/uploads\/2022\/10\/IMG_2624-156x300.jpg\" alt=\"Shekinah painting by Esther Augsburger\" itemprop=\"image\" height=\"300\" width=\"156\" title=\"IMG_2624\" onerror=\"this.style.display='none'\"  \/>\n\t<p><i>Shekinah<\/i><\/p>\n<p>Esther painted <i>Shekinah<\/i> during her tenure as teacher when Principal Samuel Weaver asked her to create something that would draw people to the Holy Spirit in the Chapel space, now the Commons. In 2005 when the new auditorium (designed by architect Lori Snyder Garrett) was built, Shekinah was moved to the hallway entrance across from the art room. In 2022, the painting was moved into the auditorium where it can, once again, call worshippers into a sacred space. A plaque with the artist&#8217;s statement hangs below.\u00a0<\/p>\n\t\t\t\t<img loading=\"lazy\" decoding=\"async\" src=\"https:\/\/www.easternmennonite.org\/wp-content\/uploads\/2022\/10\/IMG-2629-3-scaled.jpg\" alt=\"IMG-2629\" itemprop=\"image\" height=\"1414\" width=\"2560\" title=\"IMG-2629\" onerror=\"this.style.display='none'\"  \/>\n\t<p><i>Shalom<\/i><\/p>\n<p>In 1998, EMHS student leaders commissioned Esther to create a work of art that would hang on the wall where the dining hall addition joins with the original 1964 building. The piece, <i>Shalom<\/i>, is constructed of various metals and is seen daily by students, staff, and faculty on their way to lunch.\u00a0<\/p>\n\t\t\t\t<img loading=\"lazy\" decoding=\"async\" src=\"https:\/\/www.easternmennonite.org\/wp-content\/uploads\/2022\/10\/IMG_0461-200x300.jpg\" alt=\"The Sower, by Esther Augsburger\" itemprop=\"image\" height=\"300\" width=\"200\" title=\"IMG_0461\" onerror=\"this.style.display='none'\"  \/>\n\t<p><i>The Sower<\/i><\/p>\n<p>Esther donated the 87th sculpture cast (out of 200) of her creation <i>The Sower<\/i>, which references the parable of the sower, told in the Gospels of Matthew, Mark and Luke. The sculpture reminds EMS that it is a place of rich soil where seeds of knowledge can flourish and bear fruit.<\/p>\n\t<h3>A Childhood in India<\/h3>\n<p>Esther&#8217;s early childhood years in India were key to her formation as an artist and creator. These are some excerpts of memories she shared in a 2020 interview with Gloria Diener.<\/p>\n<p><i>When I was small, our family lived in a jungle village. My earliest recollection is of me sitting on my dad&#8217;s lap as I drew pictures.\u00a0<\/i><\/p>\n<p><i>I often made little people out of sticks&#8230; I would get rags, tear them, and clothe the little people I&#8217;d made out of sticks. I&#8217;d make them for my little Indian friends because they didn&#8217;t have toys. And then we would play in the sandbox my father had made&#8230; I often carried water out so we could create little towns and villages&#8230;<\/i><\/p>\n<p><i>I had an urge to create while I was at boarding school, so my mother provided yarn and knitting needles. My ayah [maid] had taught me to knit&#8230; Our boarding school was up on a hill in Darjeeling, in the Himalayan mountains, the most beautiful place in the world. We could see Mt. Everest, the whole range of snow-covered mountains, every morning&#8230;<\/i><\/p>\n<p><i>During the time I returned to my home from boarding school (maybe age 10 or 11), I would invite the village children to help me build villages&#8230; I had watched the Indians make bricks to build buildings, so I mixed clay like they did, using my feet and adding straw and a little bit of sand and stomping the mixture with my feet.<\/i><\/p>\n<p><i>I also had an urge to observe, to look closely at the people around me. Our compound had a wall, maybe about 4 feet high all the way around, made of bricks. On the other side of the wall was a small tree that I can still see in my memory. I would jump up on the wall and climb into the tree and sit&#8230; just to watch the coolies [hired laborers] go by on the other side of the wall with yokes on their shoulders and a load at each end of the yoke, as they walked with a rhythmic trot&#8230; I was fascinated by their work and by the muscles in their backs, their arms and their legs. They wore only loincloths, and I attribute my ability to make things without models to the hours I spent as a child watching the coolies.\u00a0<\/i><\/p>\n\t<h3>Beyond Esther&#8217;s Years<\/h3>\n<p><strong>Herb Weaver<\/strong> was one of Esther&#8217;s students. He graduated in 1975, earned a degree in art from Eastern Mennonite University, and then taught art at EMHS from 1980 to 85 while earning his MFA from James Madison University. He went on to teach at Brescia University in Owensboro, Kentucky, Bethany College in West Virginia, and later at Georgia Gwinnett College near Atlanta. Throughout his career, he taught ceramics, design, art history, art education, and art appreciation.<\/p>\n<p>He has remained connected to the school. Beginning in 2006 he created unique mugs for each graduating senior. See images and an article <a href=\"https:\/\/www.easternmennonite.org\/2020\/04\/herb-weaver-ceramics\/\">here<\/a>.\u00a0In spring <a href=\"https:\/\/www.youtube.com\/watch?v=Lw1rl4Ddf6I\">2022 Chapel<\/a>, he told the story of his Spiritual Renewal Week Chapel series in 2000 that resulted in a sculpture, &#8220;Walk the Walk&#8221; that still remains in the auditorium foyer (pictured, right).<\/p>\n\t\t\t\t<img loading=\"lazy\" decoding=\"async\" src=\"https:\/\/www.easternmennonite.org\/wp-content\/uploads\/2022\/10\/IMG-2635-223x300.jpg\" alt=\"&quot;Walk the Walk&quot; by Herb Weaver\" itemprop=\"image\" height=\"300\" width=\"223\" title=\"IMG-2635\" onerror=\"this.style.display='none'\"  \/>\n\t\t&#8220;Walk the Walk&#8221; by Herb Weaver\n\n","protected":false},"excerpt":{"rendered":"<p>Esther Kniss &#039;49 Augsburger fund\u00f3 el programa de arte de Eastern Mennonite High School en 1971 y ense\u00f1\u00f3 durante los siguientes nueve a\u00f1os. Esther fue la primera graduada en arte del Eastern Mennonite College en 1972, donde su esposo, Myron, era presidente. Sigui\u00f3 estudios de arte despu\u00e9s de considerar inicialmente una carrera de m\u00fasica, que era m\u00e1s aceptable en el...<\/p>","protected":false},"author":4,"featured_media":0,"parent":50189,"menu_order":0,"comment_status":"closed","ping_status":"closed","template":"","meta":{"_acf_changed":false,"footnotes":""},"class_list":["post-51255","page","type-page","status-publish","hentry"],"acf":[],"_links":{"self":[{"href":"https:\/\/www.easternmennonite.org\/es\/wp-json\/wp\/v2\/pages\/51255","targetHints":{"allow":["GET"]}}],"collection":[{"href":"https:\/\/www.easternmennonite.org\/es\/wp-json\/wp\/v2\/pages"}],"about":[{"href":"https:\/\/www.easternmennonite.org\/es\/wp-json\/wp\/v2\/types\/page"}],"author":[{"embeddable":true,"href":"https:\/\/www.easternmennonite.org\/es\/wp-json\/wp\/v2\/users\/4"}],"replies":[{"embeddable":true,"href":"https:\/\/www.easternmennonite.org\/es\/wp-json\/wp\/v2\/comments?post=51255"}],"version-history":[{"count":0,"href":"https:\/\/www.easternmennonite.org\/es\/wp-json\/wp\/v2\/pages\/51255\/revisions"}],"up":[{"embeddable":true,"href":"https:\/\/www.easternmennonite.org\/es\/wp-json\/wp\/v2\/pages\/50189"}],"wp:attachment":[{"href":"https:\/\/www.easternmennonite.org\/es\/wp-json\/wp\/v2\/media?parent=51255"}],"curies":[{"name":"gracias","href":"https:\/\/api.w.org\/{rel}","templated":true}]}}