{"id":51580,"date":"2022-11-02T09:23:57","date_gmt":"2022-11-02T13:23:57","guid":{"rendered":"https:\/\/www.easternmennonite.org\/?page_id=51580"},"modified":"2024-08-28T14:13:23","modified_gmt":"2024-08-28T18:13:23","slug":"our-town-by-thornton-wilder","status":"publish","type":"page","link":"https:\/\/www.easternmennonite.org\/es\/about\/the-arts\/drama\/our-town-by-thornton-wilder\/","title":{"rendered":"Nuestra ciudad, de Thornton Wilder"},"content":{"rendered":"<img loading=\"lazy\" decoding=\"async\" src=\"https:\/\/www.easternmennonite.org\/wp-content\/uploads\/2022\/11\/EMS-OurTown-2022poster-4.jpg\" alt=\"EMS-OurTown-2022poster (4)\" itemprop=\"image\" height=\"1008\" width=\"612\" title=\"P\u00f3ster EMS-NuestraCiudad-2022 (4)\" onerror=\"this.style.display='none'\"  \/>\n\t<p>Se presenta el Teatro de la Escuela Secundaria Eastern Mennonite <em>Our Town<\/em>, de Thornton Wilder, del 28 al 30 de octubre de 2022. Fue la primera obra de teatro de secundaria desde <em>Alice in Wonderland<\/em> se cerr\u00f3 justo antes de la noche del estreno debido a Covid-19 en marzo de 2020.<\/p>\n<p>El espect\u00e1culo incluy\u00f3 una exhibici\u00f3n en el vest\u00edbulo de obras de artistas y estudiantes locales como parte del director. <a href=\"https:\/\/www.easternmennonite.org\/facultystaff\/mark-gornto\/\">Mark Gornto<\/a>Esfuerzo de hacer de la obra una \u201ccelebraci\u00f3n de nuestro pueblo\u201d.<\/p>\n<p><strong>The Cast<\/strong><\/p>\nDirector de escena - Thaddeus Jackson &#039;20<br \/>\nEmily Webb \u2013 Eleanor Albers \u201925<br \/>\nGeorge Gibbs \u2013 Emily Hess \u201923<br \/>\nMs. Gibbs \u2013 Marissa Clark \u201923<br \/>\nDr. Gibbs \u2013 Mac Lehman \u201924<br \/>\nRebecca Gibbs \u2013 Samara Katz \u201926<br \/>\nEditor Webb \u2013 Naomi Diener \u201923<br \/>\nMs. Webb \u2013 Sophie Hendricks \u201924<br \/>\nWally Webb \u2013 Ella Ott \u201927<br \/>\nMs. Soames \u2013 Eleanor Yoder \u201925<br \/>\nLewis Yoder \u201926<br \/>\nSimon Stimson \u2013 Ethan Petit \u201923<br \/>\nJoe Stoddard \u2013 Carson Cale \u201924<br \/>\nSam Craig \u2013 Chloe Thornton \u201927<br \/>\nConstable Warren \u2013 Jeremy Clark, parent<br \/>\nHowie Newsome \u2013 Jackson Comfort \u201926<br \/>\nJoe Crowell \/ Si Crowell- Colton Nussbaum \u201927<br \/>\nTownspeople, woman in balcony, et al \u2013 The Cast\n<p>La obra de arte del cartel (ver a la izquierda) de la obra es del mural \u201cOf the Valley\u201d, dise\u00f1ado y pintado por Rachel Holderman en colaboraci\u00f3n con la orientaci\u00f3n para nuevos estudiantes y estudiantes entrantes de 2022 Eastern Mennonite University.<\/p>","protected":false},"excerpt":{"rendered":"<p>El Eastern Mennonite High School Theatre present\u00f3 Our Town, de Thornton Wilder, del 28 al 30 de octubre de 2022. Fue la primera obra de teatro de la escuela secundaria desde que Alicia en el pa\u00eds de las maravillas cerr\u00f3 justo antes de la noche del estreno debido a Covid-19 en marzo de 2020. El espect\u00e1culo incluy\u00f3 una exhibici\u00f3n en el lobby de obras de artistas y estudiantes locales como...<\/p>","protected":false},"author":4,"featured_media":51335,"parent":5991,"menu_order":0,"comment_status":"closed","ping_status":"closed","template":"","meta":{"_acf_changed":false,"footnotes":""},"class_list":["post-51580","page","type-page","status-publish","has-post-thumbnail","hentry"],"acf":[],"_links":{"self":[{"href":"https:\/\/www.easternmennonite.org\/es\/wp-json\/wp\/v2\/pages\/51580","targetHints":{"allow":["GET"]}}],"collection":[{"href":"https:\/\/www.easternmennonite.org\/es\/wp-json\/wp\/v2\/pages"}],"about":[{"href":"https:\/\/www.easternmennonite.org\/es\/wp-json\/wp\/v2\/types\/page"}],"author":[{"embeddable":true,"href":"https:\/\/www.easternmennonite.org\/es\/wp-json\/wp\/v2\/users\/4"}],"replies":[{"embeddable":true,"href":"https:\/\/www.easternmennonite.org\/es\/wp-json\/wp\/v2\/comments?post=51580"}],"version-history":[{"count":0,"href":"https:\/\/www.easternmennonite.org\/es\/wp-json\/wp\/v2\/pages\/51580\/revisions"}],"up":[{"embeddable":true,"href":"https:\/\/www.easternmennonite.org\/es\/wp-json\/wp\/v2\/pages\/5991"}],"wp:featuredmedia":[{"embeddable":true,"href":"https:\/\/www.easternmennonite.org\/es\/wp-json\/wp\/v2\/media\/51335"}],"wp:attachment":[{"href":"https:\/\/www.easternmennonite.org\/es\/wp-json\/wp\/v2\/media?parent=51580"}],"curies":[{"name":"gracias","href":"https:\/\/api.w.org\/{rel}","templated":true}]}}