{"id":51970,"date":"2022-11-22T13:57:00","date_gmt":"2022-11-22T18:57:00","guid":{"rendered":"https:\/\/www.easternmennonite.org\/?page_id=51970"},"modified":"2024-08-28T14:25:33","modified_gmt":"2024-08-28T18:25:33","slug":"thanksgiving-2022","status":"publish","type":"page","link":"https:\/\/www.easternmennonite.org\/es\/thanksgiving-2022\/","title":{"rendered":"Acci\u00f3n de Gracias 2022"},"content":{"rendered":"<img loading=\"lazy\" decoding=\"async\" src=\"https:\/\/www.easternmennonite.org\/wp-content\/uploads\/2022\/11\/IMG_9480-300x200.jpg\" alt=\"IMG_9480\" itemprop=\"image\" height=\"200\" width=\"300\" title=\"IMG_9480\" onerror=\"this.style.display='none'\"  \/>\n\t<p>A medida que nos acercamos a las vacaciones de Acci\u00f3n de Gracias y comenzamos la temporada de Adviento, recordamos el oto\u00f1o de 2022 y todo lo que ha ofrecido a nuestra comunidad: amistades antiguas y nuevas, aprendizaje en las aulas y m\u00e1s all\u00e1, oportunidades para servir a los dem\u00e1s y salud y bienestar o un Red de aliento y apoyo en tiempos dif\u00edciles. Damos gracias a Dios por las personas generosas que forman parte de esta comunidad y lo hacen todo posible. \u00a1Les deseamos a todos nuestros estudiantes, familias, exalumnos y simpatizantes un bendito D\u00eda de Acci\u00f3n de Gracias!<\/p>","protected":false},"excerpt":{"rendered":"<p>A medida que nos acercamos a las vacaciones de Acci\u00f3n de Gracias y comenzamos la temporada de Adviento, recordamos el oto\u00f1o de 2022 y todo lo que ha ofrecido a nuestra comunidad: amistades antiguas y nuevas, aprendizaje en las aulas y m\u00e1s all\u00e1, oportunidades para servir a los dem\u00e1s y salud y bienestar o un Red de aliento y apoyo en tiempos dif\u00edciles. Agradecemos\u2026<\/p>","protected":false},"author":4,"featured_media":0,"parent":0,"menu_order":0,"comment_status":"closed","ping_status":"closed","template":"","meta":{"_acf_changed":false,"footnotes":""},"class_list":["post-51970","page","type-page","status-publish","hentry"],"acf":[],"_links":{"self":[{"href":"https:\/\/www.easternmennonite.org\/es\/wp-json\/wp\/v2\/pages\/51970","targetHints":{"allow":["GET"]}}],"collection":[{"href":"https:\/\/www.easternmennonite.org\/es\/wp-json\/wp\/v2\/pages"}],"about":[{"href":"https:\/\/www.easternmennonite.org\/es\/wp-json\/wp\/v2\/types\/page"}],"author":[{"embeddable":true,"href":"https:\/\/www.easternmennonite.org\/es\/wp-json\/wp\/v2\/users\/4"}],"replies":[{"embeddable":true,"href":"https:\/\/www.easternmennonite.org\/es\/wp-json\/wp\/v2\/comments?post=51970"}],"version-history":[{"count":0,"href":"https:\/\/www.easternmennonite.org\/es\/wp-json\/wp\/v2\/pages\/51970\/revisions"}],"wp:attachment":[{"href":"https:\/\/www.easternmennonite.org\/es\/wp-json\/wp\/v2\/media?parent=51970"}],"curies":[{"name":"gracias","href":"https:\/\/api.w.org\/{rel}","templated":true}]}}