{"id":52417,"date":"2024-01-19T15:24:12","date_gmt":"2024-01-19T20:24:12","guid":{"rendered":"https:\/\/www.easternmennonite.org\/?page_id=52417"},"modified":"2026-01-05T13:40:55","modified_gmt":"2026-01-05T18:40:55","slug":"the-gathering-space","status":"publish","type":"page","link":"https:\/\/www.easternmennonite.org\/es\/support\/the-gathering-space\/","title":{"rendered":"The Gathering Space"},"content":{"rendered":"<h1>\n\t\t\tAcad\u00e9mica\t<\/h1>\n\t<h2>\u00a1Con gratitud!<\/h2>\n<p>El proyecto de construcci\u00f3n se financi\u00f3 gracias a un generoso reto de 1 mill\u00f3n de d\u00f3lares, que los patrocinadores cumplieron con \u00e9xito. \u00a1Estamos profundamente agradecidos con todos los que hicieron posible este proyecto!<\/p>\n\t<h2>The Gathering Space<\/h2>\n<p>Esta actividad, adaptada a cada edad y dedicada a ni\u00f1os de K-5, mejora el aprendizaje, fomenta la conexi\u00f3n y promueve el bienestar emocional y social. Gracias a la generosidad de m\u00e1s de 200 donantes, <a href=\"https:\/\/www.thegainesgroup.com\/eastern-mennonite-elementary-school-2\/\">Grupo Gaines Arquitectos<\/a> dise\u00f1\u00f3 el espacio y <a href=\"https:\/\/herrinc.com\/\">Herr &amp; Co.<\/a> prest\u00f3 sus servicios como nuestro contratista.<\/p>\n<p>Los estudiantes y el profesorado est\u00e1n encantados de reunirse en este espacio para:<\/p>\n<ul>\n<li><strong>celebrar<\/strong> durante las reuniones semanales donde cantamos, oramos y aprendemos sobre Jes\u00fas. Comparta almuerzos, d\u00edas festivos y comidas especiales. Disfrute del Teatro de Postres anual.<\/li>\n<li><strong>atender<\/strong> recolectando donaciones, anudando edredones y creando regalos. Anfitri\u00f3n de amigos e invitados. Apoye a nuestra escuela durante la Feria del Libro anual. Ofrecer a la comunidad un espacio para el alquiler de instalaciones.<\/li>\n<li><strong>aprender<\/strong> leer juntos, ver los proyectos cient\u00edficos de los dem\u00e1s y firmar nuestro compromiso anual de paz. Para reuniones de maestros\/padres, actividades con estudiantes de la escuela superior, tutor\u00edas 1:1 y reuniones de planificaci\u00f3n de padres. Juegue durante el cuidado despu\u00e9s de la escuela, educaci\u00f3n f\u00edsica y eventos bajo techo y al aire libre.<\/li>\n<\/ul>\n<h2>Una \u201chabitaci\u00f3n familiar\u201d<\/h2>\n<p>Nuestra escuela primaria prospera en nuestra hermosa casa. Ya cuenta con una sala familiar, un espacio lo suficientemente amplio como para que toda la comunidad escolar se re\u00fana. El Espacio de Encuentro, un centro de aprendizaje interior y exterior, satisface esa necesidad.<\/p>\n<p>La reuni\u00f3n es el \u201ccoraz\u00f3n\u201d de EMES. Unirse es clave para <a href=\"https:\/\/www.easternmennonite.org\/es\/academics\/elementary-school\/\">our curriculum and school philosophy.<\/a> It nurtures cross-grade relationships, builds trust, creates leadership opportunities, and enables us to care for one another.<\/p>\n<h2>La historia<\/h2>\n<p>En diciembre de 2019, la Escuela Primaria Eastern Mennonite <a href=\"https:\/\/www.easternmennonite.org\/es\/2019\/12\/after-14-years-elementary-program-has-a-home\/\">movido<\/a> en un edificio adyacente al edificio superior de la escuela para los grados 6-12. El <a href=\"https:\/\/www.easternmennonite.org\/es\/2020\/01\/emes-celebrates-building-renovation\/\">edificio bellamente renovado<\/a> es el primer espacio dedicado y dise\u00f1ado intencionalmente del programa de primaria desde que <a href=\"https:\/\/www.easternmennonite.org\/es\/academics\/elementary-school\/emes-a-history\/\">inaugurado en 2005<\/a>!<\/p>\n\t<h2>Gracias a nuestras familias de los servicios de emergencia por su ayuda:<\/h2>\n<ul>\n<li><strong>\u2713 amueblar <\/strong>el espacio de reuni\u00f3n con mesas, sillas y equipo audiovisual para almuerzos, eventos y comidas especiales.\u00a0<\/li>\n<li><strong>\u2713 existencias<\/strong> La cocina de servicio con refrigerador, estaci\u00f3n de servicio y carritos rodantes para la hora del almuerzo.\u00a0<\/li>\n<li><strong>\u2713 comprar <\/strong>\u00a1Mobiliario de exterior y elementos de jardiner\u00eda en el per\u00edmetro del patio para ampliar el aula y el aprendizaje al aire libre! Nuestro PTF lider\u00f3 la campa\u00f1a final para recaudar $18,528.<\/li>\n<\/ul>\n\t\t<iframe loading=\"lazy\" title=\"El espacio de reuni\u00f3n. Un lugar para la conexi\u00f3n, la comunidad y la colaboraci\u00f3n\" width=\"500\" height=\"281\" src=\"https:\/\/www.youtube.com\/embed\/XWob4LFUdes?feature=oembed\" frameborder=\"0\" allow=\"accelerometer; autoplay; clipboard-write; encrypted-media; gyroscope; picture-in-picture; web-share\" referrerpolicy=\"strict-origin-when-cross-origin\" allowfullscreen><\/iframe>\t\n\t\t\t\t<img decoding=\"async\" src=\"https:\/\/www.easternmennonite.org\/wp-content\/uploads\/2023\/01\/Jerry-Holsopple-stained-glass-cross1-crop-1.png\" alt=\"EMES students gather in the upper building auditorium foyer to hear guest Dr. Jerry Holsopple discuss his artwork\" itemprop=\"image\" height=\"498\" width=\"800\" title=\"Reuni\u00f3n con Jerry Holsopple - Vest\u00edbulo del auditorio\" onerror=\"this.style.display='none'\" loading=\"lazy\" \/>\n\t\tLos estudiantes de EMES se re\u00fanen en el vest\u00edbulo del auditorio del edificio superior para escuchar al invitado Dr. Jerry Holsopple hablar sobre su obra de arte.\n\t<h2>Involucrarse<\/h2>\n<p>Cont\u00e1ctanos para solicitar actualizaciones, hacer preguntas o hablar sobre c\u00f3mo participar. \u00a1Ya estamos planeando nuevas iniciativas en nuestro campus! Tambi\u00e9n puedes informarte sobre las muchas... <a href=\"https:\/\/www.easternmennonite.org\/es\/support\/ways-to-give\/\">maneras de dar<\/a> al ccsme.<\/p>\n\t\t\t<a href=\"https:\/\/app.donorview.com\/gkRjk\" target=\"_blank\" rel=\"noopener\">\n\t\t\t\t\t\tDonate today!\n\t\t\t\t\t<\/a>\n\t\t\t\t<img decoding=\"async\" src=\"https:\/\/www.easternmennonite.org\/wp-content\/uploads\/2022\/07\/Paul-Leaman-e1657129381307-250x300.jpg\" alt=\"Paul Leaman\" itemprop=\"image\" height=\"300\" width=\"250\" title=\"Paul Leaman\" onerror=\"this.style.display='none'\" loading=\"lazy\" \/>\n\tPaul Leaman<br \/>\ndirector de escuela<br \/>\n<a href=\"mailto:leamanp@easternmennonite.org\" target=\"_blank\" rel=\"noopener\">leamanp@easternmennonite.org<\/a><br \/>\n540-236-6012\n\t\t\t\t<img decoding=\"async\" src=\"https:\/\/www.easternmennonite.org\/wp-content\/uploads\/2018\/09\/Blosser-Trisha-250x300.jpg\" alt=\"Blosser-Trisha\" itemprop=\"image\" height=\"300\" width=\"250\" title=\"Blosser-Trisha\" onerror=\"this.style.display='none'\" loading=\"lazy\" \/>\n\tTrisha Blosser<br \/>\nDevelopment Officer<br \/>\n<a href=\"mailto:blossert@easternmennonite.org\" target=\"_blank\" rel=\"noopener\">blossert@easternmennonite.org<\/a><br \/>\n540-236-6024","protected":false},"excerpt":{"rendered":"<p>Academics With gratitude! The construction project has been funded, thanks to a generous $1 million challenge that supporters successfully met. We&#8217;re filled with gratitude for everyone who made this project possible! The Gathering Space This dedicated age-appropriate addition for K-5 gathering enhances learning, fosters connection, and supports emotional and social well-being. Thanks to the generosity&hellip;<\/p>","protected":false},"author":4,"featured_media":0,"parent":37,"menu_order":0,"comment_status":"closed","ping_status":"closed","template":"","meta":{"_acf_changed":false,"footnotes":""},"class_list":["post-52417","page","type-page","status-publish","hentry"],"acf":[],"_links":{"self":[{"href":"https:\/\/www.easternmennonite.org\/es\/wp-json\/wp\/v2\/pages\/52417","targetHints":{"allow":["GET"]}}],"collection":[{"href":"https:\/\/www.easternmennonite.org\/es\/wp-json\/wp\/v2\/pages"}],"about":[{"href":"https:\/\/www.easternmennonite.org\/es\/wp-json\/wp\/v2\/types\/page"}],"author":[{"embeddable":true,"href":"https:\/\/www.easternmennonite.org\/es\/wp-json\/wp\/v2\/users\/4"}],"replies":[{"embeddable":true,"href":"https:\/\/www.easternmennonite.org\/es\/wp-json\/wp\/v2\/comments?post=52417"}],"version-history":[{"count":3,"href":"https:\/\/www.easternmennonite.org\/es\/wp-json\/wp\/v2\/pages\/52417\/revisions"}],"predecessor-version":[{"id":78373,"href":"https:\/\/www.easternmennonite.org\/es\/wp-json\/wp\/v2\/pages\/52417\/revisions\/78373"}],"up":[{"embeddable":true,"href":"https:\/\/www.easternmennonite.org\/es\/wp-json\/wp\/v2\/pages\/37"}],"wp:attachment":[{"href":"https:\/\/www.easternmennonite.org\/es\/wp-json\/wp\/v2\/media?parent=52417"}],"curies":[{"name":"gracias","href":"https:\/\/api.w.org\/{rel}","templated":true}]}}