{"id":54271,"date":"2023-06-06T14:26:10","date_gmt":"2023-06-06T18:26:10","guid":{"rendered":"https:\/\/www.easternmennonite.org\/?page_id=54271"},"modified":"2024-08-28T14:20:09","modified_gmt":"2024-08-28T18:20:09","slug":"commencement-2023","status":"publish","type":"page","link":"https:\/\/www.easternmennonite.org\/es\/commencement-2023\/","title":{"rendered":"Comienzo 2023"},"content":{"rendered":"<h1>\n\t\tAcad\u00e9mica\n\t<\/h1>\n\t<p><strong>Los 105 ejercicios de graduaci\u00f3n.<\/strong> para Eastern Mennonite High School se llev\u00f3 a cabo el 3 de junio de 2023 en el Auditorio Lehman de Eastern Mennonite University.<\/p>\n<p>El Dr. Paul Lehman, director de la escuela, entreg\u00f3 un diploma de escuela secundaria a 33 graduados.<\/p>\n<p>Los estudiantes oradores fueron Anna Miller, la mejor estudiante, y Abigail Garber, la saludadora.<\/p>\n<p>Kevin King, director ejecutivo del Servicio Menonita de Desastres, trajo el discurso.<\/p>\n<p>&nbsp;<\/p>\n<p>Fotos de Tiffany Showalter Fotograf\u00eda<\/p>\n\t\t\t<a href=\"https:\/\/www.youtube.com\/live\/3elzCdWzhkc?feature=share\" target=\"_blank\" rel=\"noopener\">\n\t\t\t\t\t\t\tV\u00eddeo de graduaci\u00f3n 2023\n\t\t\t\t\t<\/a>","protected":false},"excerpt":{"rendered":"<p>Acad\u00e9mico Los ejercicios de graduaci\u00f3n n\u00famero 105 de Eastern Mennonite High School se llevaron a cabo el 3 de junio de 2023 en el Auditorio Lehman de Eastern Mennonite University. El Dr. Paul Lehman, director de la escuela, entreg\u00f3 un diploma de escuela secundaria a 33 graduados. Los estudiantes oradores fueron Anna Miller, la mejor estudiante, y Abigail Garber, la saludadora. Kevin King, director ejecutivo del Servicio Menonita de Desastres, trajo\u2026<\/p>","protected":false},"author":4,"featured_media":0,"parent":0,"menu_order":0,"comment_status":"closed","ping_status":"closed","template":"","meta":{"_acf_changed":false,"footnotes":""},"class_list":["post-54271","page","type-page","status-publish","hentry"],"acf":[],"_links":{"self":[{"href":"https:\/\/www.easternmennonite.org\/es\/wp-json\/wp\/v2\/pages\/54271","targetHints":{"allow":["GET"]}}],"collection":[{"href":"https:\/\/www.easternmennonite.org\/es\/wp-json\/wp\/v2\/pages"}],"about":[{"href":"https:\/\/www.easternmennonite.org\/es\/wp-json\/wp\/v2\/types\/page"}],"author":[{"embeddable":true,"href":"https:\/\/www.easternmennonite.org\/es\/wp-json\/wp\/v2\/users\/4"}],"replies":[{"embeddable":true,"href":"https:\/\/www.easternmennonite.org\/es\/wp-json\/wp\/v2\/comments?post=54271"}],"version-history":[{"count":0,"href":"https:\/\/www.easternmennonite.org\/es\/wp-json\/wp\/v2\/pages\/54271\/revisions"}],"wp:attachment":[{"href":"https:\/\/www.easternmennonite.org\/es\/wp-json\/wp\/v2\/media?parent=54271"}],"curies":[{"name":"gracias","href":"https:\/\/api.w.org\/{rel}","templated":true}]}}