{"id":54934,"date":"2023-08-21T14:47:30","date_gmt":"2023-08-21T18:47:30","guid":{"rendered":"https:\/\/www.easternmennonite.org\/?page_id=54934"},"modified":"2024-07-23T16:27:35","modified_gmt":"2024-07-23T20:27:35","slug":"blessed-are-the-peacemakers-emes-promotes-peacebuilding-through-innovative-curriculum","status":"publish","type":"page","link":"https:\/\/www.easternmennonite.org\/es\/about\/news\/blessed-are-the-peacemakers-emes-promotes-peacebuilding-through-innovative-curriculum\/","title":{"rendered":"\u00a1Bienaventurados los pacificadores! EMES promueve la construcci\u00f3n de la paz mediante un plan de estudios innovador"},"content":{"rendered":"<div>\n<div>\n<p>La Eastern Mennonite Elementary School (EMES) es \u00fanica en su enfoque de la educaci\u00f3n. Dan prioridad a las clases de m\u00fasica, biblioteca, arte, educaci\u00f3n f\u00edsica, lengua y construcci\u00f3n de la paz, consider\u00e1ndolas tan importantes como las clases del plan de estudios b\u00e1sico. Siguen honrando su herencia menonita ofreciendo una clase que promueve la paz dentro de su comunidad.<\/p>\n<\/div>\n<div>\n<div id=\"attachment_54935\" style=\"width: 310px\" class=\"wp-caption alignleft\"><img loading=\"lazy\" decoding=\"async\" aria-describedby=\"caption-attachment-54935\" class=\"wp-image-54935 size-medium\" src=\"https:\/\/www.easternmennonite.org\/wp-content\/uploads\/2023\/08\/20220902_102937-300x225.jpg\" alt=\"Student play a peacebuilding game \" width=\"300\" height=\"225\" srcset=\"https:\/\/www.easternmennonite.org\/wp-content\/uploads\/2023\/08\/20220902_102937-300x225.jpg 300w, https:\/\/www.easternmennonite.org\/wp-content\/uploads\/2023\/08\/20220902_102937-1024x768.jpg 1024w, https:\/\/www.easternmennonite.org\/wp-content\/uploads\/2023\/08\/20220902_102937-768x576.jpg 768w, https:\/\/www.easternmennonite.org\/wp-content\/uploads\/2023\/08\/20220902_102937-1536x1152.jpg 1536w, https:\/\/www.easternmennonite.org\/wp-content\/uploads\/2023\/08\/20220902_102937-2048x1536.jpg 2048w, https:\/\/www.easternmennonite.org\/wp-content\/uploads\/2023\/08\/20220902_102937-16x12.jpg 16w, https:\/\/www.easternmennonite.org\/wp-content\/uploads\/2023\/08\/20220902_102937-67x50.jpg 67w\" sizes=\"auto, (max-width: 300px) 100vw, 300px\" \/><p id=\"caption-attachment-54935\" class=\"wp-caption-text\">los alumnos participan en un juego de cooperaci\u00f3n y comunicaci\u00f3n para la consolidaci\u00f3n de la paz<\/p><\/div>\n<p>El curso de consolidaci\u00f3n de la paz est\u00e1 dise\u00f1ado para varios niveles escolares y se centra en temas distintos. Los ni\u00f1os de preescolar aprenden sobre \"La paz a mi alrededor\", que les ense\u00f1a sobre diversidad, concienciaci\u00f3n, aceptaci\u00f3n y tolerancia. Los alumnos de primer curso se centran en \"La paz en mi interior\", que trata temas como la conciencia y la regulaci\u00f3n emocional, la atenci\u00f3n plena y la resoluci\u00f3n de conflictos mediante \"mensajes yo\".<\/p>\n<\/div>\n<div>\n<p>Los alumnos de segundo y tercer curso aprenden sobre \"Paz con los dem\u00e1s\", que profundiza en las estrategias de comunicaci\u00f3n, las t\u00e9cnicas de resoluci\u00f3n de conflictos mediante los pasos de STORY y la din\u00e1mica de la amistad. Los alumnos de cuarto y quinto curso aprenden sobre \"Paz en el mundo\/Paz en acci\u00f3n\", que se centra en el liderazgo, la formaci\u00f3n de equipos y el aprendizaje de servicios.<\/p>\n<\/div>\n<div>\n<p>En un mundo en el que las diferencias suelen provocar tensiones e incluso divisiones, EMES est\u00e1 adoptando un enfoque proactivo para ense\u00f1ar a los alumnos las habilidades que necesitan para prosperar en la comunidad. Los alumnos que cursan esta asignatura est\u00e1n dotados de las habilidades y los conocimientos necesarios para desenvolverse en circunstancias sociales y emocionales y convertirse en l\u00edderes de la promoci\u00f3n de la paz en sus comunidades. El camino de Jes\u00fas es fundamental para la \u00e9tica de la escuela, y su plan de estudios refleja el serm\u00f3n de la monta\u00f1a de Jes\u00fas:<\/p>\n<\/div>\n<div>\n<p>\"Bienaventurados los pacificadores, porque ellos ser\u00e1n llamados hijos e hijas de Dios\".<\/p>\n<\/div>\n<\/div>","protected":false},"excerpt":{"rendered":"<p>La Escuela Primaria Eastern Mennonite (EMES) es \u00fanica en su enfoque educativo. Priorizan las clases de m\u00fasica, biblioteca, arte, educaci\u00f3n f\u00edsica, idiomas y construcci\u00f3n de la paz, consider\u00e1ndolas tan importantes como las clases del plan de estudios b\u00e1sico. Contin\u00faan honrando su herencia menonita ofreciendo una clase que promueve la paz dentro de su comunidad. El curso de construcci\u00f3n de paz es...<\/p>","protected":false},"author":30,"featured_media":54935,"parent":3365,"menu_order":0,"comment_status":"closed","ping_status":"closed","template":"tpl-no-header-footer.php","meta":{"_acf_changed":false,"footnotes":""},"class_list":["post-54934","page","type-page","status-publish","has-post-thumbnail","hentry"],"acf":[],"_links":{"self":[{"href":"https:\/\/www.easternmennonite.org\/es\/wp-json\/wp\/v2\/pages\/54934","targetHints":{"allow":["GET"]}}],"collection":[{"href":"https:\/\/www.easternmennonite.org\/es\/wp-json\/wp\/v2\/pages"}],"about":[{"href":"https:\/\/www.easternmennonite.org\/es\/wp-json\/wp\/v2\/types\/page"}],"author":[{"embeddable":true,"href":"https:\/\/www.easternmennonite.org\/es\/wp-json\/wp\/v2\/users\/30"}],"replies":[{"embeddable":true,"href":"https:\/\/www.easternmennonite.org\/es\/wp-json\/wp\/v2\/comments?post=54934"}],"version-history":[{"count":0,"href":"https:\/\/www.easternmennonite.org\/es\/wp-json\/wp\/v2\/pages\/54934\/revisions"}],"up":[{"embeddable":true,"href":"https:\/\/www.easternmennonite.org\/es\/wp-json\/wp\/v2\/pages\/3365"}],"wp:featuredmedia":[{"embeddable":true,"href":"https:\/\/www.easternmennonite.org\/es\/wp-json\/wp\/v2\/media\/54935"}],"wp:attachment":[{"href":"https:\/\/www.easternmennonite.org\/es\/wp-json\/wp\/v2\/media?parent=54934"}],"curies":[{"name":"gracias","href":"https:\/\/api.w.org\/{rel}","templated":true}]}}