{"id":5967,"date":"2019-01-30T10:21:14","date_gmt":"2019-01-30T15:21:14","guid":{"rendered":"https:\/\/emsdev.digpants.com\/?page_id=5967"},"modified":"2026-04-28T09:20:00","modified_gmt":"2026-04-28T13:20:00","slug":"calendar","status":"publish","type":"page","link":"https:\/\/www.easternmennonite.org\/es\/about\/calendar\/","title":{"rendered":"Calendario"},"content":{"rendered":"<a href=\"https:\/\/www.easternmennonite.org\/es\/about\/dining-hall\/\"  target=\"_self\">\n\t\t\t\t\t\t\tcomedor\n\t\t\t\t\t<\/a>\n\t\t\t<a href=\"https:\/\/www.easternmennonite.org\/es\/athletics\/calendar\/\"  target=\"_self\">\n\t\t\t\t\t\t\tAtletismo\n\t\t\t\t\t<\/a>\n\t\t\t<a href=\"https:\/\/drive.google.com\/file\/d\/1HAzsT1C9AzZ-3PcRdBPFvgqulilN-wBO\/view?usp=sharing\"  target=\"_blank\" rel=\"noopener\">\n\t\t\t\t\t\t\t&#8217;25-26 Calendar PDF\n\t\t\t\t\t<\/a>\n\t\t\t<a href=\"https:\/\/drive.google.com\/file\/d\/1Div5Lxc3K-U2a9DPqFQP9Q15gJflZ3Nn\/view?usp=sharing\"  target=\"_blank\" rel=\"noopener\">\n\t\t\t\t\t\t\t&#8217;26-27 Calendar PDF\n\t\t\t\t\t<\/a>\n\t<p>Nota: El calendario predeterminado a continuaci\u00f3n es para todas las categor\u00edas. Utilice el men\u00fa desplegable para seleccionar la categor\u00eda que desea ver.<\/p>\n\t<div id=\"eo_fullcalendar_1_loading\" class=\"eo-fullcalendar-loading\" ><img decoding=\"async\" src=\"https:\/\/www.easternmennonite.org\/wp-content\/plugins\/event-organiser\/css\/images\/loading-image.gif\" class=\"eo-fullcalendar-loading-icon\" alt=\"Loading&#8230;\" \/> Cargando\u2026<\/div><div class=\"eo-fullcalendar eo-fullcalendar-shortcode eo-fullcalendar-reset eo-fullcalendar-responsive\" id=\"eo_fullcalendar_1\"><\/div>\n\t<h3>Fechas clave para antiguos alumnos y amigos<\/h3>\n<p><a href=\"https:\/\/www.easternmennonite.org\/es\/support\/great-community-give\/\">Great Community Give<\/a> &#8211; April<\/p>\n<p><a href=\"https:\/\/www.easternmennonite.org\/es\/alumni\/golf-tournament\/\">Torneo de golf Fore The Flames<\/a> &#8211; May<\/p>\n<p>Commencement &#8211; see academic calendar link above<\/p>\n<p><a href=\"https:\/\/www.easternmennonite.org\/es\/alumni\/homecoming\/\">regreso a casa<\/a> &#8211; 3rd weekend in October<\/p>\n<p><a href=\"https:\/\/www.easternmennonite.org\/es\/support\/christmas-fund-drive\/\">Christmas Fund Drive<\/a> &#8211; launches with Giving Tuesday<\/p>\n<p>&nbsp;<\/p>","protected":false},"excerpt":{"rendered":"<p>Dining Hall Athletics &#8217;25-26 Calendar PDF &#8217;26-27 Calendar PDF Note: The default for the calendar below is for all categories. Please use the dropdown to select the category you&#8217;d like to view. Key dates for alumni and friends Great Community Give &#8211; April Fore The Flames Golf Tournament &#8211; May Commencement &#8211; see academic calendar&hellip;<\/p>","protected":false},"author":1,"featured_media":0,"parent":74,"menu_order":0,"comment_status":"closed","ping_status":"closed","template":"","meta":{"_acf_changed":false,"footnotes":""},"class_list":["post-5967","page","type-page","status-publish","hentry"],"acf":[],"_links":{"self":[{"href":"https:\/\/www.easternmennonite.org\/es\/wp-json\/wp\/v2\/pages\/5967","targetHints":{"allow":["GET"]}}],"collection":[{"href":"https:\/\/www.easternmennonite.org\/es\/wp-json\/wp\/v2\/pages"}],"about":[{"href":"https:\/\/www.easternmennonite.org\/es\/wp-json\/wp\/v2\/types\/page"}],"author":[{"embeddable":true,"href":"https:\/\/www.easternmennonite.org\/es\/wp-json\/wp\/v2\/users\/1"}],"replies":[{"embeddable":true,"href":"https:\/\/www.easternmennonite.org\/es\/wp-json\/wp\/v2\/comments?post=5967"}],"version-history":[{"count":4,"href":"https:\/\/www.easternmennonite.org\/es\/wp-json\/wp\/v2\/pages\/5967\/revisions"}],"predecessor-version":[{"id":79820,"href":"https:\/\/www.easternmennonite.org\/es\/wp-json\/wp\/v2\/pages\/5967\/revisions\/79820"}],"up":[{"embeddable":true,"href":"https:\/\/www.easternmennonite.org\/es\/wp-json\/wp\/v2\/pages\/74"}],"wp:attachment":[{"href":"https:\/\/www.easternmennonite.org\/es\/wp-json\/wp\/v2\/media?parent=5967"}],"curies":[{"name":"gracias","href":"https:\/\/api.w.org\/{rel}","templated":true}]}}