{"id":5985,"date":"2019-01-30T11:14:32","date_gmt":"2019-01-30T16:14:32","guid":{"rendered":"https:\/\/emsdev.digpants.com\/?page_id=5985"},"modified":"2025-12-08T10:06:08","modified_gmt":"2025-12-08T15:06:08","slug":"discovery","status":"publish","type":"page","link":"https:\/\/www.easternmennonite.org\/es\/about\/experiential-learning\/discovery\/","title":{"rendered":"Descubrimiento"},"content":{"rendered":"<a href=\"https:\/\/www.facebook.com\/emsdiscovery\/\" target=\"_blank\" rel=\"noopener\">\n\t\t\t\t\t\t\tDiscovery Facebook\n\t\t\t\t\t<\/a>\n\t\t\t<a href=\"https:\/\/www.instagram.com\/ems.discovery\/\" target=\"_blank\" rel=\"noopener\">\n\t\t\t\t\t\t\tDiscovery Instagram\n\t\t\t\t\t<\/a>\n\t\t\t<a href=\"mailto:discovery@easternmennonite.org\" target=\"_self\">\n\t\t\t\t\t\t\tEmail Discovery\n\t\t\t\t\t<\/a>\n\t<h2>Discovery 2027: junio, fechas exactas por confirmar<\/h2>\n<p><em>\u201cEl cuidado de la Tierra es nuestra responsabilidad m\u00e1s antigua. Apreciar lo que queda de \u00e9l y fomentar su renovaci\u00f3n es nuestra \u00fanica esperanza\u201d. <\/em><\/p>\n<p>\u2014 Wendell Berry, autor, activista y ex presentador de Discovery en Carrollton, Kentucky<\/p>\n<h2>\n\t\t<a href=\"https:\/\/youtu.be\/lMLMQLiwvGc\" title=\"Mira este video resumen de Discovery Northeast 2025\"  target=\"_blank\"  rel=\"noopener\">\n\t\t\tMira este video resumen de Discovery Northeast 2025\t\t<\/a>\n\t<\/h2>\n\t\t<iframe loading=\"lazy\" title=\"Descubrimiento2025\" width=\"500\" height=\"281\" src=\"https:\/\/www.youtube.com\/embed\/lMLMQLiwvGc?feature=oembed\" frameborder=\"0\" allow=\"accelerometer; autoplay; clipboard-write; encrypted-media; gyroscope; picture-in-picture; web-share\" referrerpolicy=\"strict-origin-when-cross-origin\" allowfullscreen><\/iframe>\t\n\t<h3>What is a Discovery trip?<\/h3>\n<p>Finding Hope in People and Places.<\/p>\n<p>That is a cornerstone of the EMS Discovery program, which offers students the opportunity to participate in a month-long, cross-country group learning experience to dig deep into issues related to people, land and water resources. Students who have completed 10th, 11th or 12th grade apply to join approximately 25 other students and a team of leaders for this life-shaping experience which usually lasts much of the month of June.<\/p>\n<p>Lea sobre el viaje Discovery &#039;19:<\/p>\n<ul>\n<li><a href=\"https:\/\/www.easternmennonite.org\/es\/2019\/06\/discovery-2019-student-reflections\/\">Student reflections<\/a><\/li>\n<li><a href=\"https:\/\/www.easternmennonite.org\/es\/2019\/07\/alumni-among-experts-on-discovery-trip\/\">Antiguos alumnos<\/a> who met and spoke with participants<\/li>\n<li>An <a href=\"https:\/\/www.easternmennonite.org\/es\/2019\/07\/alumni-among-experts-on-discovery-trip\/\">interview with Barry Darr<\/a>, driver for nine Discovery trips<\/li>\n<\/ul>\n<p>Lea un art\u00edculo de Kerinna Good &#039;19 sobre aprendizaje experiencial y Discovery &#039;17 <a href=\"https:\/\/www.easternmennonite.org\/es\/about\/experiential-learning\/discovery\/\">aqu\u00ed.<\/a><\/p>\n\t<h3><strong>History of Discovery<\/strong><\/h3>\n<p>Nearly 300 students and accompanying adults have taken part in an EMS Discovery trip.<\/p>\n<p>En 1998, Myron Blosser &#039;79, profesor de biolog\u00eda de EMHS desde hace mucho tiempo, dirigi\u00f3 la primera experiencia de inmersi\u00f3n a campo traviesa para estudiantes de tercer y cuarto a\u00f1o, llamada Coast-to-Coast.<\/p>\n<p>Cinco a\u00f1os despu\u00e9s, despu\u00e9s de unirse al personal de EMS, \u00e9l y Elwood Yoder lideraron un viaje llamado <a href=\"https:\/\/blog.mennonitearchivesofvirginia.net\/?p=1504\" target=\"_blank\" rel=\"noopener\">Lewis y Clark<\/a>. Este viaje bienal m\u00e1s tarde se llam\u00f3 Discovery.<\/p>\n<p>Mr. Blosser led trips until 2013 with various faculty and staff joining to provide support. Science teacher Lee Good, joined the trips in 2011 and 2013 and then took leadership of trips in 2015, 2017 and 2019.<\/p>\n<p>The every-other-year pattern was interrupted by Covid in 2021, and resumed in June of 2023. EMS Experiential Learning staff person <a href=\"https:\/\/www.easternmennonite.org\/facultystaff\/julianne-ross\/\">Julianne Ross<\/a> is co-leading the trip with <a href=\"https:\/\/www.easternmennonite.org\/facultystaff\/jennifer-young\/\">Jennifer Young<\/a>,\u00a0 with input from Lee Good.<\/p>","protected":false},"excerpt":{"rendered":"<p>Discovery Facebook Discovery Instagram Email Discovery Discovery 2027: June, Exact Dates TBA &#8220;The care of the Earth is our most ancient responsibility. To cherish what remains of it and to foster its renewal is our only hope.&#8221; &#8212; Wendell Berry, author, activist and past Discovery host in Carrollton, Kentucky Watch this recap video from Discovery&hellip;<\/p>","protected":false},"author":1,"featured_media":9665,"parent":761,"menu_order":0,"comment_status":"closed","ping_status":"closed","template":"","meta":{"_acf_changed":false,"footnotes":""},"class_list":["post-5985","page","type-page","status-publish","has-post-thumbnail","hentry"],"acf":[],"_links":{"self":[{"href":"https:\/\/www.easternmennonite.org\/es\/wp-json\/wp\/v2\/pages\/5985","targetHints":{"allow":["GET"]}}],"collection":[{"href":"https:\/\/www.easternmennonite.org\/es\/wp-json\/wp\/v2\/pages"}],"about":[{"href":"https:\/\/www.easternmennonite.org\/es\/wp-json\/wp\/v2\/types\/page"}],"author":[{"embeddable":true,"href":"https:\/\/www.easternmennonite.org\/es\/wp-json\/wp\/v2\/users\/1"}],"replies":[{"embeddable":true,"href":"https:\/\/www.easternmennonite.org\/es\/wp-json\/wp\/v2\/comments?post=5985"}],"version-history":[{"count":3,"href":"https:\/\/www.easternmennonite.org\/es\/wp-json\/wp\/v2\/pages\/5985\/revisions"}],"predecessor-version":[{"id":78172,"href":"https:\/\/www.easternmennonite.org\/es\/wp-json\/wp\/v2\/pages\/5985\/revisions\/78172"}],"up":[{"embeddable":true,"href":"https:\/\/www.easternmennonite.org\/es\/wp-json\/wp\/v2\/pages\/761"}],"wp:featuredmedia":[{"embeddable":true,"href":"https:\/\/www.easternmennonite.org\/es\/wp-json\/wp\/v2\/media\/9665"}],"wp:attachment":[{"href":"https:\/\/www.easternmennonite.org\/es\/wp-json\/wp\/v2\/media?parent=5985"}],"curies":[{"name":"gracias","href":"https:\/\/api.w.org\/{rel}","templated":true}]}}