{"id":5989,"date":"2025-01-17T11:17:18","date_gmt":"2025-01-17T16:17:18","guid":{"rendered":"https:\/\/emsdev.digpants.com\/?page_id=5989"},"modified":"2026-02-03T12:56:03","modified_gmt":"2026-02-03T17:56:03","slug":"touring-choir","status":"publish","type":"page","link":"https:\/\/www.easternmennonite.org\/es\/about\/the-arts\/touring-choir\/","title":{"rendered":"Coro itinerante del EMHS"},"content":{"rendered":"<article id=\"fl-post-5989\">\n<p>El Coro Giratorio ha sido, durante muchos a\u00f1os, un conjunto de aproximadamente 40 estudiantes de 11\u00ba y 12\u00ba grado.<\/p>\n<p>El servicio de adoraci\u00f3n coral que dirige el coro incluye repertorio de la literatura sagrada cl\u00e1sica y contempor\u00e1nea, as\u00ed como canciones de una amplia variedad de otras tradiciones y estilos. El Coro de C\u00e1mara es un grupo selecto dentro del Coro Girante.<\/p>\n<p><strong>Nuestra fe en Cristo es fundamental para nuestra identidad.<\/strong> Como coro, buscamos cantar en una actitud de adoraci\u00f3n que va m\u00e1s all\u00e1 de la interpretaci\u00f3n, con una conexi\u00f3n espiritual con Dios, la m\u00fasica, entre nosotros y con nuestra audiencia. Creemos que la excelencia art\u00edstica coral y la adoraci\u00f3n se fortalecen y refuerzan mutuamente. Eastern Mennonite School fue fundada hace m\u00e1s de un siglo con la m\u00fasica vocal en la adoraci\u00f3n como uno de sus valores fundamentales, y estamos contentos por el regalo de esta herencia musical.<\/p>\n<p>El Touring Choir canta entre 20 y 30 conciertos locales y programas de la iglesia cada a\u00f1o, adem\u00e1s de una gira anual de primavera fuera del estado. El coro tambi\u00e9n realiza giras por Europa durante el verano de a\u00f1os alternos. Los viajes recientes han incluido programas en Inglaterra, Escocia, Pa\u00edses Bajos, Alemania, Austria y Suiza.<\/p>\n<\/article>\n<h2>\n\t\t\tCalendario 2025-26: Coro de gira y Coro de c\u00e1mara\t<\/h2>\n\t<p><strong>CORO DE C\u00c1MARA<\/strong><\/p>\n<p>Domingo 1 de febrero<\/p>\n<ul>\n<li aria-level=\"1\">10:00 AM Sant\u00edsimo Sacramento\u00a0<\/li>\n<\/ul>\n<p>Domingo 8 de febrero<\/p>\n<ul>\n<li aria-level=\"1\">10:00 AM Congregaci\u00f3n Menonita Shalom<\/li>\n<\/ul>\n<p>Jueves 19 de febrero<\/p>\n<ul>\n<li>6:30 p. m. Concierto coral de invierno en la Iglesia Menonita de Lindale<\/li>\n<\/ul>\n<p>&nbsp;<\/p>\n\t<p><strong>\u00a0COROS DE GIRA Y DE C\u00c1MARA<\/strong><\/p>\n<p>Domingo 12 de abril<\/p>\n<ul>\n<li>10:30 a. m. Iglesia Menonita de Springdale<\/li>\n<li>3:30 p. m. Servicio de V\u00edsperas de la Comunidad de Jubilados Menonitas de Virginia, Auditorio Detwiler<\/li>\n<\/ul>\n<p>Domingo 19 de abril<\/p>\n<ul>\n<li>10:30 AM Iglesia Menonita de Si\u00f3n<\/li>\n<\/ul>\n<p>Domingo 26 de abril<\/p>\n<ul>\n<li>9:30 AM Iglesia Menonita Comunitaria<\/li>\n<li>7:00 p. m. Iglesia Menonita de Parkview<\/li>\n<\/ul>\n<p>Domingo 3 de mayo<\/p>\n<ul>\n<li>5:00 PM V\u00edsperas Episcopales Emmanuel<\/li>\n<\/ul>\n<p>Domingo 10 de mayo<\/p>\n<ul>\n<li>9:30 a. m. Iglesia Menonita de Harrisonburg<\/li>\n<\/ul>\n<p>Domingo 17 de mayo<\/p>\n<ul>\n<li>10:30 a. m. Iglesia Menonita de Lindale<\/li>\n<li>7:00 p. m. Iglesia Menonita Weavers<\/li>\n<\/ul>\n<p>Jueves 21 de mayo<\/p>\n<ul>\n<li>6:30 p.m. Concierto de graduaci\u00f3n<\/li>\n<\/ul>\n\t\t<iframe loading=\"lazy\" src=\"https:\/\/www.facebook.com\/plugins\/video.php?height=314&#038;href=https%3A%2F%2Fwww.facebook.com%2F100063763444608%2Fvideos%2F860757752746552%2F&#038;show_text=true&#038;width=560&#038;t=0\" width=\"560\" height=\"300\" scrolling=\"no\" frameborder=\"0\" allowfullscreen=\"true\" allow=\"autoplay; clipboard-write; encrypted-media; picture-in-picture; web-share\"><\/iframe>\t\n\t\t<iframe loading=\"lazy\" title=\"Shenandoah- Coro itinerante de la escuela secundaria Eastern Mennonite\" width=\"500\" height=\"281\" src=\"https:\/\/www.youtube.com\/embed\/86itS4IJDws?feature=oembed\" frameborder=\"0\" allow=\"accelerometer; autoplay; clipboard-write; encrypted-media; gyroscope; picture-in-picture; web-share\" referrerpolicy=\"strict-origin-when-cross-origin\" allowfullscreen><\/iframe>\t\n<h3>\n\t\t\tLas Artes\t<\/h3>\n<figure itemscope itemtype=\"https:\/\/schema.org\/ImageObject\">\n\t\t\t\t<a href=\"https:\/\/www.facebook.com\/Eastern-Mennonite-High-School-Touring-Choir-1855965461340924\/\"  target=\"_self\" itemprop=\"url\">\n\t\t\t\t<img decoding=\"async\" src=\"https:\/\/www.easternmennonite.org\/wp-content\/uploads\/2019\/03\/facebook-icon.jpg\" alt=\"facebook icon\" height=\"225\" width=\"225\" title=\"icono de facebook\" onerror=\"this.style.display='none'\" loading=\"lazy\" \/>\n\t\t\t\t<\/a>\n\t<\/figure>\n\t<p><a href=\"https:\/\/www.facebook.com\/Eastern-Mennonite-High-School-Touring-Choir-1855965461340924\/\">\u00a1Sigue al coro itinerante en Facebook!<\/a><\/p>\n<h3>\n\t\t\tHISTORIA\t<\/h3>\n\t<strong>1982 \u2013 presente<br \/>\n<\/strong>Una exposici\u00f3n en el pasillo de bellas artes describe la historia reciente de los coros. <a href=\"https:\/\/www.easternmennonite.org\/es\/2023\/10\/ehms-touring-choir-display\/\" target=\"_blank\" rel=\"noopener\">Lee la historia.<\/a>\n<strong>1917-presente<\/strong><br \/>\nVea la historia completa de los coros en la exposici\u00f3n en l\u00ednea. <a href=\"https:\/\/www.easternmennonite.org\/es\/about\/touring-choir-history\/\">Ver la historia del coro.<\/a>","protected":false},"excerpt":{"rendered":"<p>Touring Choir has, for many years, been an ensemble of approximately 40 students in 11th and 12th grades. The choral worship service the choir leads includes repertoire from classical and contemporary sacred literature, as well as songs from a wide variety of other traditions and styles. Chamber Choir is a select group from within the&hellip;<\/p>","protected":false},"author":1,"featured_media":9732,"parent":793,"menu_order":0,"comment_status":"closed","ping_status":"closed","template":"","meta":{"_acf_changed":false,"footnotes":""},"class_list":["post-5989","page","type-page","status-publish","has-post-thumbnail","hentry"],"acf":[],"_links":{"self":[{"href":"https:\/\/www.easternmennonite.org\/es\/wp-json\/wp\/v2\/pages\/5989","targetHints":{"allow":["GET"]}}],"collection":[{"href":"https:\/\/www.easternmennonite.org\/es\/wp-json\/wp\/v2\/pages"}],"about":[{"href":"https:\/\/www.easternmennonite.org\/es\/wp-json\/wp\/v2\/types\/page"}],"author":[{"embeddable":true,"href":"https:\/\/www.easternmennonite.org\/es\/wp-json\/wp\/v2\/users\/1"}],"replies":[{"embeddable":true,"href":"https:\/\/www.easternmennonite.org\/es\/wp-json\/wp\/v2\/comments?post=5989"}],"version-history":[{"count":3,"href":"https:\/\/www.easternmennonite.org\/es\/wp-json\/wp\/v2\/pages\/5989\/revisions"}],"predecessor-version":[{"id":78624,"href":"https:\/\/www.easternmennonite.org\/es\/wp-json\/wp\/v2\/pages\/5989\/revisions\/78624"}],"up":[{"embeddable":true,"href":"https:\/\/www.easternmennonite.org\/es\/wp-json\/wp\/v2\/pages\/793"}],"wp:featuredmedia":[{"embeddable":true,"href":"https:\/\/www.easternmennonite.org\/es\/wp-json\/wp\/v2\/media\/9732"}],"wp:attachment":[{"href":"https:\/\/www.easternmennonite.org\/es\/wp-json\/wp\/v2\/media?parent=5989"}],"curies":[{"name":"gracias","href":"https:\/\/api.w.org\/{rel}","templated":true}]}}