{"id":5991,"date":"2019-01-30T11:17:27","date_gmt":"2019-01-30T16:17:27","guid":{"rendered":"https:\/\/emsdev.digpants.com\/?page_id=5991"},"modified":"2026-04-02T15:49:56","modified_gmt":"2026-04-02T19:49:56","slug":"drama","status":"publish","type":"page","link":"https:\/\/www.easternmennonite.org\/es\/about\/the-arts\/drama\/","title":{"rendered":"Teatro"},"content":{"rendered":"<h1>Teatro<\/h1>\r\n<p>Ya sea el teatro de postres anual de primaria, una clase exploratoria de secundaria o una producci\u00f3n de teatro musical completa con estudiantes de primero a doceavo grado,<strong> La participaci\u00f3n en producciones teatrales es parte de una educaci\u00f3n integral.<\/strong><\/p>\r\n<p><strong>Participaci\u00f3n en el teatro:<\/strong><\/p>\r\n<ul>\r\n<li>fortalece las habilidades de alfabetizaci\u00f3n,<\/li>\r\n<li>genera confianza,<\/li>\r\n<li>fomenta la comunidad,<\/li>\r\n<li>Fomenta la creatividad y la resoluci\u00f3n de problemas.<\/li>\r\n<li>proporciona oportunidades saludables para la autoexpresi\u00f3n,<\/li>\r\n<li>y profundiza la empat\u00eda y la comprensi\u00f3n.<\/li>\r\n<\/ul>\r\n<p><strong>Experimentamos el teatro a trav\u00e9s del lente de nuestra relaci\u00f3n con Jes\u00fas.<\/strong> Creados a imagen de Dios, estamos dise\u00f1ados para ser creativos tambi\u00e9n. El teatro nos permite mirar profundamente los sentimientos, motivaciones, ideas y comportamientos de nuestros semejantes.<\/p>\r\n<p>El teatro nos ayuda a examinar la experiencia humana completa. A veces eso significa que retratamos situaciones que son diferentes de la plenitud que Dios desea para nosotros. Consideramos la preparaci\u00f3n del desarrollo de los estudiantes para interactuar con el material y aprovechar la oportunidad para una conversaci\u00f3n que nos acerque a Dios y a los dem\u00e1s.<\/p>\r\n<p><a href=\"https:\/\/www.easternmennonite.org\/facultystaff\/joy-anderson\/\">Joy Anderson<\/a>, director musical y teatral<\/p>\r\n<p><a href=\"https:\/\/www.easternmennonite.org\/facultystaff\/mark-gornto\/\">Mark Gornto<\/a>, jefe del departamento de teatro<\/p>\r\n<p><a href=\"https:\/\/www.easternmennonite.org\/es\/tickets-for-ems-events\/\" target=\"_blank\" rel=\"noopener\"> Consigue entradas para actuaciones. <\/a><\/p>\r\n<h3>Las Artes<\/h3>\r\n<h2>Producciones teatrales<\/h2>\r\n<p>El Jorobado de Notre Dame, invierno de 2025<\/p>\r\n<p>La vuelta al mundo en 80 d\u00edas, oto\u00f1o de 2025<\/p>\r\n<p>Big Fish, invierno de 2025<\/p>\r\n<p>Pista: Edici\u00f3n de secundaria, oto\u00f1o de 2024<\/p>\r\n<p>El violinista en el tejado, invierno 2024<\/p>\r\n<p><a href=\"https:\/\/www.easternmennonite.org\/es\/2023\/10\/24-plays-in-54-minutes\/\">24 jugadas en 54 minutos<\/a>, oto\u00f1o de 2023<\/p>\r\n<p><a href=\"https:\/\/www.easternmennonite.org\/es\/2023\/02\/come-to-jesus-godspell-invitation\/\">Godspell<\/a>, invierno 2023<\/p>\r\n<p><a href=\"https:\/\/www.easternmennonite.org\/es\/about\/the-arts\/drama\/our-town-by-thornton-wilder\/\">Our Town<\/a>, oto\u00f1o de 2022<\/p>\r\n<p><a href=\"https:\/\/www.easternmennonite.org\/es\/2022\/03\/ems-wowed-the-crowd-with-the-wizard-of-oz-musical\/\">The Wizard of Oz<\/a>, 2021-22<\/p>\r\n<p><a href=\"https:\/\/www.easternmennonite.org\/es\/2020\/11\/less-miserable-in-time-of-covid-ems-stages-les-miserables-school-edition\/\">Les Mis\u00e9rables<\/a>, 2020-21<\/p>\r\n<p><a href=\"https:\/\/www.easternmennonite.org\/es\/2019\/12\/little-women-the-musical-comes-to-ems-stage-2\/\">Little Women<\/a>, 2019-2020<\/p>\r\n<p>El Rey y yo, 2018-19<\/p>\r\n<p>Into the Woods, 2017-18<\/p>\r\n<p>Los piratas de Penzance, 2016-17<\/p>\r\n<p>Brigadoon, 2015-16<\/p>\r\n<p>Cenicienta, 2014-15<\/p>\r\n<p>Fludde de Noye, 2013-14<\/p>\r\n<p>El sonido de la m\u00fasica, 2012-13<\/p>\r\n<p>Eres un buen hombre, Charlie Brown, 2012<\/p>\r\n<p>El jard\u00edn secreto, 2011-12<\/p>\r\n<p>El violinista en el tejado, 2010-11<\/p>\r\n<p>Quilters, 2009-2010<\/p>\r\n<p>Hechizo divino, 2008-09<\/p>\r\n<p>Joseph y el asombroso abrigo de ensue\u00f1o en tecnicolor, 2007-08<\/p>\r\n<p>Los Miserables, 2006-07<\/p>","protected":false},"excerpt":{"rendered":"<p>Teatro Ya sea el teatro de postres anual de primaria, una clase exploratoria de escuela secundaria o una producci\u00f3n de teatro musical completa con estudiantes de grados uno a doce, la participaci\u00f3n en producciones teatrales es parte de una educaci\u00f3n integral. Participaci\u00f3n en el teatro: fortalece las habilidades de alfabetizaci\u00f3n, genera confianza, fomenta la comunidad, fomenta la creatividad y la resoluci\u00f3n de problemas, brinda oportunidades saludables para la autoexpresi\u00f3n y...<\/p>","protected":false},"author":1,"featured_media":9613,"parent":793,"menu_order":0,"comment_status":"closed","ping_status":"closed","template":"","meta":{"_acf_changed":false,"footnotes":""},"class_list":["post-5991","page","type-page","status-publish","has-post-thumbnail","hentry"],"acf":[],"_links":{"self":[{"href":"https:\/\/www.easternmennonite.org\/es\/wp-json\/wp\/v2\/pages\/5991","targetHints":{"allow":["GET"]}}],"collection":[{"href":"https:\/\/www.easternmennonite.org\/es\/wp-json\/wp\/v2\/pages"}],"about":[{"href":"https:\/\/www.easternmennonite.org\/es\/wp-json\/wp\/v2\/types\/page"}],"author":[{"embeddable":true,"href":"https:\/\/www.easternmennonite.org\/es\/wp-json\/wp\/v2\/users\/1"}],"replies":[{"embeddable":true,"href":"https:\/\/www.easternmennonite.org\/es\/wp-json\/wp\/v2\/comments?post=5991"}],"version-history":[{"count":5,"href":"https:\/\/www.easternmennonite.org\/es\/wp-json\/wp\/v2\/pages\/5991\/revisions"}],"predecessor-version":[{"id":79612,"href":"https:\/\/www.easternmennonite.org\/es\/wp-json\/wp\/v2\/pages\/5991\/revisions\/79612"}],"up":[{"embeddable":true,"href":"https:\/\/www.easternmennonite.org\/es\/wp-json\/wp\/v2\/pages\/793"}],"wp:featuredmedia":[{"embeddable":true,"href":"https:\/\/www.easternmennonite.org\/es\/wp-json\/wp\/v2\/media\/9613"}],"wp:attachment":[{"href":"https:\/\/www.easternmennonite.org\/es\/wp-json\/wp\/v2\/media?parent=5991"}],"curies":[{"name":"gracias","href":"https:\/\/api.w.org\/{rel}","templated":true}]}}