{"id":6001,"date":"2024-10-28T11:18:54","date_gmt":"2024-10-28T15:18:54","guid":{"rendered":"https:\/\/emsdev.digpants.com\/?page_id=6001"},"modified":"2024-10-28T12:58:18","modified_gmt":"2024-10-28T16:58:18","slug":"neighbor-groups","status":"publish","type":"page","link":"https:\/\/www.easternmennonite.org\/es\/about\/faith-community\/neighbor-groups\/","title":{"rendered":"Clubes de Vecinos"},"content":{"rendered":"<p>Reunirse en torno a intereses comunes. \u00a1Eso resume lo que hacemos en los Clubes de Vecinos!<\/p>\n<p>Los estudiantes de 6.\u00ba a 12.\u00ba grado se dividen en grupos peque\u00f1os para los Clubes de Vecinos que se re\u00fanen todos los jueves durante 20 minutos. El objetivo es crear un espacio seguro y familiar para un momento en el que se puedan construir relaciones entre los grados en torno a un inter\u00e9s com\u00fan. Es un momento para rezar juntos... \u00a1o para jugar juntos! Los clubes han incluido afinidades como libros, b\u00e9isbol, baloncesto, jardiner\u00eda, juegos de mesa, ajedrez, m\u00fasica, hacky-sack, escritura creativa y descanso. Otros clubes populares son los de caminar y hablar, o los de beber y charlar, donde los grupos discuten cuestiones de toda la escuela, preocupaciones personales y eventos actuales.<\/p>\n<h3>Proceso circular<\/h3>\n<p>A veces, los l\u00edderes utilizan un proceso circular para facilitar la conversaci\u00f3n. Los participantes podr\u00edan pasar un \u201cart\u00edculo parlante\u201d. S\u00f3lo podr\u00e1 hablar la persona que tenga el micr\u00f3fono; otros escuchan. Los participantes pueden \u201caprobar\u201d cuando les llegue la pieza si no se sienten c\u00f3modos comparti\u00e9ndola. Todos tienen la oportunidad de ser escuchados.<\/p>\n<p>Al utilizar el proceso de c\u00edrculo en algunos clubes de vecinos, el formato resulta familiar y c\u00f3modo. Es un proceso que la escuela a veces utiliza como parte de <a href=\"https:\/\/www.easternmennonite.org\/es\/2019\/03\/creating-a-school-culture-with-dignity-for-all\/\">procesos de disciplina restaurativa<\/a> o si un grupo necesita resolver un conflicto.<\/p>","protected":false},"excerpt":{"rendered":"<p>Reunirse en torno a intereses comunes. \u00a1Eso resume lo que hacemos en los Clubes de Vecinos! Los estudiantes de 6.\u00ba a 12.\u00ba grado se dividen en grupos peque\u00f1os para los Clubes de Vecinos que se re\u00fanen todos los jueves durante 20 minutos. El objetivo es crear un espacio seguro y familiar para un momento en el que se puedan construir relaciones entre los grados en torno a un inter\u00e9s com\u00fan.\u2026<\/p>","protected":false},"author":1,"featured_media":9690,"parent":824,"menu_order":0,"comment_status":"closed","ping_status":"closed","template":"","meta":{"_acf_changed":false,"footnotes":""},"class_list":["post-6001","page","type-page","status-publish","has-post-thumbnail","hentry"],"acf":[],"_links":{"self":[{"href":"https:\/\/www.easternmennonite.org\/es\/wp-json\/wp\/v2\/pages\/6001","targetHints":{"allow":["GET"]}}],"collection":[{"href":"https:\/\/www.easternmennonite.org\/es\/wp-json\/wp\/v2\/pages"}],"about":[{"href":"https:\/\/www.easternmennonite.org\/es\/wp-json\/wp\/v2\/types\/page"}],"author":[{"embeddable":true,"href":"https:\/\/www.easternmennonite.org\/es\/wp-json\/wp\/v2\/users\/1"}],"replies":[{"embeddable":true,"href":"https:\/\/www.easternmennonite.org\/es\/wp-json\/wp\/v2\/comments?post=6001"}],"version-history":[{"count":0,"href":"https:\/\/www.easternmennonite.org\/es\/wp-json\/wp\/v2\/pages\/6001\/revisions"}],"up":[{"embeddable":true,"href":"https:\/\/www.easternmennonite.org\/es\/wp-json\/wp\/v2\/pages\/824"}],"wp:featuredmedia":[{"embeddable":true,"href":"https:\/\/www.easternmennonite.org\/es\/wp-json\/wp\/v2\/media\/9690"}],"wp:attachment":[{"href":"https:\/\/www.easternmennonite.org\/es\/wp-json\/wp\/v2\/media?parent=6001"}],"curies":[{"name":"gracias","href":"https:\/\/api.w.org\/{rel}","templated":true}]}}