{"id":6003,"date":"2019-01-30T11:19:11","date_gmt":"2019-01-30T16:19:11","guid":{"rendered":"https:\/\/emsdev.digpants.com\/?page_id=6003"},"modified":"2024-11-06T13:38:22","modified_gmt":"2024-11-06T18:38:22","slug":"clubs-and-activities","status":"publish","type":"page","link":"https:\/\/www.easternmennonite.org\/es\/about\/faith-community\/clubs-and-activities\/","title":{"rendered":"Clubes y actividades"},"content":{"rendered":"<p>Casi todos los estudiantes de 6.\u00ba a 12.\u00ba grado participan en una actividad extracurricular en EMS. Los estudiantes se inscriben en clubes cada trimestre; muchos forman parte de varios clubes. Los patrocinadores de la facultad, a veces con el apoyo de los padres, brindan liderazgo y supervisi\u00f3n. Los estudiantes pueden solicitar el lanzamiento de un nuevo club si un grupo de estudiantes est\u00e1 interesado. Los horarios de las reuniones var\u00edan y los participantes y el patrocinador de la facultad deciden al respecto.<\/p>\n<table border=\"1\" width=\"926\" cellspacing=\"1\" cellpadding=\"1\">\n<tbody>\n<tr>\n<td>la Sociedad Nacional de Honor<\/td>\n<td>Mary Cranston<\/td>\n<td><a href=\"http:\/\/cranstonm@emhs.net\/\" target=\"_blank\" rel=\"noopener\" data-saferedirecturl=\"https:\/\/www.google.com\/url?q=http:\/\/cranstonm@emhs.net\/&amp;source=gmail&amp;ust=1731003380174000&amp;usg=AOvVaw0JVeibomNMJ4OJuVN3_GXG\">cranstonm@emhs.net<\/a><\/td>\n<\/tr>\n<tr>\n<td>Club WeServe<\/td>\n<td>Valeria Eshleman-Robles<\/td>\n<td><a href=\"http:\/\/eshlemanroblesv@emhs.net\/\" target=\"_blank\" rel=\"noopener\" data-saferedirecturl=\"https:\/\/www.google.com\/url?q=http:\/\/eshlemanroblesv@emhs.net\/&amp;source=gmail&amp;ust=1731003380174000&amp;usg=AOvVaw0Rr-x503cMZujgR2ETkh0P\">eshlemanroblesv@emhs.net<\/a><\/td>\n<\/tr>\n<tr>\n<td>Club de Rob\u00f3tica<\/td>\n<td>Joaquin Sosa<\/td>\n<td><a href=\"http:\/\/sosaj@emhs.net\/\" target=\"_blank\" rel=\"noopener\" data-saferedirecturl=\"https:\/\/www.google.com\/url?q=http:\/\/sosaj@emhs.net\/&amp;source=gmail&amp;ust=1731003380174000&amp;usg=AOvVaw3F-6C6scKQ7dkhgrshVE05\">sosaj@emhs.net<\/a><\/td>\n<\/tr>\n<tr>\n<td>Club de arte de la escuela secundaria<\/td>\n<td>Malea Gascho<\/td>\n<td><a href=\"http:\/\/gaschom@emhs.net\/\" target=\"_blank\" rel=\"noopener\" data-saferedirecturl=\"https:\/\/www.google.com\/url?q=http:\/\/gaschom@emhs.net\/&amp;source=gmail&amp;ust=1731003380174000&amp;usg=AOvVaw1DVbyC1LXYY9dG3uVJ7Xki\">gaschom@emhs.net<\/a><\/td>\n<\/tr>\n<tr>\n<td>Sociedad de Debate Po\u00e9tico<\/td>\n<td>Jodi Hertzler<\/td>\n<td><a href=\"mailto:hertzlerj@emhs.net\" target=\"_blank\" rel=\"noopener\">hertzlerj@emhs.net<\/a><\/td>\n<\/tr>\n<tr>\n<td>Club de D&amp;D<\/td>\n<td>Malea Gascho<\/td>\n<td><a href=\"http:\/\/gaschom@emhs.net\/\" target=\"_blank\" rel=\"noopener\" data-saferedirecturl=\"https:\/\/www.google.com\/url?q=http:\/\/gaschom@emhs.net\/&amp;source=gmail&amp;ust=1731003380174000&amp;usg=AOvVaw1DVbyC1LXYY9dG3uVJ7Xki\">gaschom@emhs.net<\/a><\/td>\n<\/tr>\n<tr>\n<td>Modelo de la ONU<\/td>\n<td>Shannon Roth y Nathan Hershberger<\/td>\n<td><a href=\"http:\/\/roths@emhs.net\/\" target=\"_blank\" rel=\"noopener\" data-saferedirecturl=\"https:\/\/www.google.com\/url?q=http:\/\/roths@emhs.net\/&amp;source=gmail&amp;ust=1731003380174000&amp;usg=AOvVaw05XBHCQAGGcL3g3ICfaqZ7\">roths@emhs.net<\/a>\u00a0&amp;\u00a0<a href=\"http:\/\/%C2%A0hershbergern@emhs.net\/\" target=\"_blank\" rel=\"noopener\" data-saferedirecturl=\"https:\/\/www.google.com\/url?q=http:\/\/%25C2%25A0hershbergern@emhs.net\/&amp;source=gmail&amp;ust=1731003380174000&amp;usg=AOvVaw2CMZh5adadLoIXFy07S3Dq\">hershbergern@<wbr \/>emhs.net<\/a><\/td>\n<\/tr>\n<tr>\n<td>Envirothon<\/td>\n<td>Lee Good y Felicity Zimmerman<\/td>\n<td><a href=\"http:\/\/lee.good70@gmail.com\/\" target=\"_blank\" rel=\"noopener\" data-saferedirecturl=\"https:\/\/www.google.com\/url?q=http:\/\/lee.good70@gmail.com\/&amp;source=gmail&amp;ust=1731003380174000&amp;usg=AOvVaw2Drv0MoTl3vinxtqnNKr9P\">lee.good70@gmail.com<\/a>\u00a0&amp;\u00a0<a href=\"mailto:frz290@email.vccs.edu\" target=\"_blank\" rel=\"noopener\">derz290@<wbr \/>correo electr\u00f3nico.vccs.edu<\/a><\/td>\n<\/tr>\n<tr>\n<td>Manga de viento<\/td>\n<td>Mark Gornto y Joaqu\u00edn Sosa<\/td>\n<td><a href=\"http:\/\/gorntom@emhs.net\/\" target=\"_blank\" rel=\"noopener\" data-saferedirecturl=\"https:\/\/www.google.com\/url?q=http:\/\/gorntom@emhs.net\/&amp;source=gmail&amp;ust=1731003380174000&amp;usg=AOvVaw0ni37u6To4FtIIhawz-tOP\">gorntom@emhs.net<\/a>\u00a0&amp;\u00a0<a href=\"http:\/\/sosaj@emhs.net\/\" target=\"_blank\" rel=\"noopener\" data-saferedirecturl=\"https:\/\/www.google.com\/url?q=http:\/\/sosaj@emhs.net\/&amp;source=gmail&amp;ust=1731003380174000&amp;usg=AOvVaw3F-6C6scKQ7dkhgrshVE05\">sosaj@emhs.<wbr \/>neto<\/a><\/td>\n<\/tr>\n<\/tbody>\n<\/table>","protected":false},"excerpt":{"rendered":"<p>Casi todos los estudiantes de 6.\u00ba a 12.\u00ba grado participan en alguna actividad extracurricular en EMS. Los estudiantes se inscriben en clubes cada trimestre; muchos forman parte de varios. Los profesores patrocinadores, a veces con el apoyo de los padres, proporcionan liderazgo y supervisi\u00f3n. Los estudiantes pueden solicitar la creaci\u00f3n de un nuevo club si un grupo de estudiantes est\u00e1 interesado. Los horarios de las reuniones var\u00edan y son\u2026<\/p>","protected":false},"author":1,"featured_media":62712,"parent":824,"menu_order":0,"comment_status":"closed","ping_status":"closed","template":"","meta":{"_acf_changed":false,"footnotes":""},"class_list":["post-6003","page","type-page","status-publish","has-post-thumbnail","hentry"],"acf":[],"_links":{"self":[{"href":"https:\/\/www.easternmennonite.org\/es\/wp-json\/wp\/v2\/pages\/6003","targetHints":{"allow":["GET"]}}],"collection":[{"href":"https:\/\/www.easternmennonite.org\/es\/wp-json\/wp\/v2\/pages"}],"about":[{"href":"https:\/\/www.easternmennonite.org\/es\/wp-json\/wp\/v2\/types\/page"}],"author":[{"embeddable":true,"href":"https:\/\/www.easternmennonite.org\/es\/wp-json\/wp\/v2\/users\/1"}],"replies":[{"embeddable":true,"href":"https:\/\/www.easternmennonite.org\/es\/wp-json\/wp\/v2\/comments?post=6003"}],"version-history":[{"count":0,"href":"https:\/\/www.easternmennonite.org\/es\/wp-json\/wp\/v2\/pages\/6003\/revisions"}],"up":[{"embeddable":true,"href":"https:\/\/www.easternmennonite.org\/es\/wp-json\/wp\/v2\/pages\/824"}],"wp:featuredmedia":[{"embeddable":true,"href":"https:\/\/www.easternmennonite.org\/es\/wp-json\/wp\/v2\/media\/62712"}],"wp:attachment":[{"href":"https:\/\/www.easternmennonite.org\/es\/wp-json\/wp\/v2\/media?parent=6003"}],"curies":[{"name":"gracias","href":"https:\/\/api.w.org\/{rel}","templated":true}]}}