{"id":6008,"date":"2019-01-30T11:20:05","date_gmt":"2019-01-30T16:20:05","guid":{"rendered":"https:\/\/emsdev.digpants.com\/?page_id=6008"},"modified":"2024-08-28T14:14:54","modified_gmt":"2024-08-28T18:14:54","slug":"national-honor-society","status":"publish","type":"page","link":"https:\/\/www.easternmennonite.org\/es\/academics\/high-school\/national-honor-society\/","title":{"rendered":"la Sociedad Nacional de Honor"},"content":{"rendered":"<p>La Sociedad Nacional de Honor es una organizaci\u00f3n nacional para estudiantes de secundaria. Se invita a los participantes a unirse seg\u00fan cuatro criterios: erudici\u00f3n, liderazgo, servicio y car\u00e1cter. Los patrocinadores del cuerpo docente de EMHS empoderan y apoyan a nuestros estudiantes para que crezcan en estas cuatro \u00e1reas a trav\u00e9s de un cap\u00edtulo escolar del NHS.<\/p>\n<p>El grupo se re\u00fane mensualmente para planificar y ponerse en contacto sobre las horas de servicio requeridas y otras expectativas. Las actividades incluyen organizar una campa\u00f1a de donaci\u00f3n de sangre anual, servir en un stand en la Venta de Ayuda Menonita de Virginia y recaudar fondos para recolectar kits de higiene para el Comit\u00e9 Central Menonita.<\/p>","protected":false},"excerpt":{"rendered":"<p>La Sociedad Nacional de Honor es una organizaci\u00f3n nacional para estudiantes de secundaria. Se invita a los participantes a unirse seg\u00fan cuatro criterios: erudici\u00f3n, liderazgo, servicio y car\u00e1cter. Los patrocinadores del cuerpo docente de EMHS empoderan y apoyan a nuestros estudiantes para que crezcan en estas cuatro \u00e1reas a trav\u00e9s de un cap\u00edtulo escolar del NHS. El grupo se re\u00fane mensualmente para planificar y ponerse en contacto con sus necesidades...<\/p>","protected":false},"author":1,"featured_media":9711,"parent":836,"menu_order":0,"comment_status":"closed","ping_status":"closed","template":"","meta":{"_acf_changed":false,"footnotes":""},"class_list":["post-6008","page","type-page","status-publish","has-post-thumbnail","hentry"],"acf":[],"_links":{"self":[{"href":"https:\/\/www.easternmennonite.org\/es\/wp-json\/wp\/v2\/pages\/6008","targetHints":{"allow":["GET"]}}],"collection":[{"href":"https:\/\/www.easternmennonite.org\/es\/wp-json\/wp\/v2\/pages"}],"about":[{"href":"https:\/\/www.easternmennonite.org\/es\/wp-json\/wp\/v2\/types\/page"}],"author":[{"embeddable":true,"href":"https:\/\/www.easternmennonite.org\/es\/wp-json\/wp\/v2\/users\/1"}],"replies":[{"embeddable":true,"href":"https:\/\/www.easternmennonite.org\/es\/wp-json\/wp\/v2\/comments?post=6008"}],"version-history":[{"count":0,"href":"https:\/\/www.easternmennonite.org\/es\/wp-json\/wp\/v2\/pages\/6008\/revisions"}],"up":[{"embeddable":true,"href":"https:\/\/www.easternmennonite.org\/es\/wp-json\/wp\/v2\/pages\/836"}],"wp:featuredmedia":[{"embeddable":true,"href":"https:\/\/www.easternmennonite.org\/es\/wp-json\/wp\/v2\/media\/9711"}],"wp:attachment":[{"href":"https:\/\/www.easternmennonite.org\/es\/wp-json\/wp\/v2\/media?parent=6008"}],"curies":[{"name":"gracias","href":"https:\/\/api.w.org\/{rel}","templated":true}]}}