{"id":6010,"date":"2019-01-30T11:20:32","date_gmt":"2019-01-30T16:20:32","guid":{"rendered":"https:\/\/emsdev.digpants.com\/?page_id=6010"},"modified":"2024-12-06T14:53:43","modified_gmt":"2024-12-06T19:53:43","slug":"international-students","status":"publish","type":"page","link":"https:\/\/www.easternmennonite.org\/es\/admissions\/international-students\/","title":{"rendered":"Estudiantes Internacionales"},"content":{"rendered":"<p>EMS tiene una larga trayectoria dando la bienvenida a estudiantes internacionales de muchos pa\u00edses, incluidos Albania, China, Colombia, Alemania, Ir\u00e1n, Israel, Corea, Paraguay, Nigeria y Sud\u00e1frica. Aceptamos solicitudes internacionales para los grados 9-12.<\/p>\r\n<h3><a title=\"Admisiones\" href=\"https:\/\/www.easternmennonite.org\/es\/admissions\/\" target=\"_self\" rel=\"noopener\"> Admisiones <\/a><\/h3>\r\n<p>Estamos ubicados a dos horas en auto de Washington, D.C., y estamos ubicados en la misma ciudad que varios colegios y universidades.<\/p>\r\n<p>Nuestro programa internacional est\u00e1 dise\u00f1ado para mejorar el dominio del ingl\u00e9s de los estudiantes con instrucci\u00f3n individualizada y excelentes resultados acad\u00e9micos. Ofrecemos una amplia variedad de cursos en matem\u00e1ticas y ciencias, tecnolog\u00eda, humanidades y artes creativas y esc\u00e9nicas. Los estudiantes trabajan individualmente con los profesores y con nuestro consejero universitario y profesional para obtener un expediente acad\u00e9mico que sea adecuado para las admisiones universitarias.<\/p>\r\n<p>Los estudiantes internacionales viven con una familia anfitriona para poder prepararse para una vida independiente en los EE. UU. y para tener un mayor \u00e9xito en una universidad de habla inglesa. Vivir con una familia aumenta enormemente el dominio del ingl\u00e9s de un estudiante.<\/p>\r\n<p>Los graduados internacionales recientes han asistido a la Universidad de Boston, la Universidad Estatal de Pennsylvania, la Universidad de California-San Diego, la Universidad de Maryland, la Universidad de Miami, Virginia Tech, la Universidad Washington &amp; Lee y la Universidad de Washington en St. Louis.<\/p>\r\n<p class=\"translation-block\">Comun\u00edquese con la oficina de admisiones para obtener m\u00e1s informaci\u00f3n en <a href=\"mailto:admissions@easternmennonite.org\" target=\"_self\">admisiones@easternmennonite.org<\/a> o al +540-236-6021.<\/p>\r\n<h2>Requisitos de solicitud internacional<\/h2>\r\n<p>Solicitud en l\u00ednea: <strong><a href=\"https:\/\/easternmennonite.schooladminonline.com\/users\/sign_in\">Haga clic aqu\u00ed para comenzar.<\/a><\/strong>.<\/p>\r\n<ul>\r\n<li>Solicite dos referencias: referencia del profesor de ingl\u00e9s y referencia del profesor de matem\u00e1ticas.<\/li>\r\n<li>Solicite registros escolares con una explicaci\u00f3n del sistema de calificaci\u00f3n, traducidos al ingl\u00e9s, que se env\u00eden a admisiones de EMS.<\/li>\r\n<li>iTEP\u00ae SLATE or Duolingo test for English proficiency. Minimum score is 4.0 (iTEP\u00ae) or 106 (Duolingo).<\/li>\r\n<li>Copia del pasaporte y comprobante de financiaci\u00f3n.<\/li>\r\n<li>Video entrevista con la oficina de admisiones.<\/li>\r\n<li class=\"translation-block\">Examen f\u00edsico completo realizado por un m\u00e9dico antes de salir de casa. Se debe completar el <a href=\"http:\/\/www.vdh.virginia.gov\/content\/uploads\/sites\/11\/2019\/04\/Min_Requirements_042019.pdf\" target=\"_blank\" rel=\"noopener\">formulario f\u00edsico de ingreso a la escuela de VA<\/a> y los estudiantes deben recibir las vacunas requeridas por el estado de Virginia.<\/li>\r\n<li><strong>Plazo de solicitud:<\/strong>\r\n<ol>\r\n<li class=\"translation-block\"><strong>Entrada al semestre de oto\u00f1o en agosto:<\/strong> 1 de mayo con una tarifa de solicitud de $250US.<\/li>\r\n<li class=\"translation-block\"><strong>Entrada de mitad de a\u00f1o:<\/strong> comun\u00edquese con <a href=\"mailto:admissions@easternmennonite.org\" target=\"_self\">admisiones@easternmennonite.org<\/a> para obtener informaci\u00f3n y disponibilidad.<\/li>\r\n<\/ol>\r\n<\/li>\r\n<\/ul>\r\n<p>\uc628\ub77c\uc778 \uc2e0\uccad: \uc2dc\uc791\ud558\ub824\uba74 \uc5ec\uae30\ub97c \ud074\ub9ad\ud558\uc2ed\uc2dc\uc624.<\/p>\r\n<p>\ub450 \uac00\uc9c0 \ucc38\uace0 \uc790\ub8cc\ub97c \uc694\uccad\ud558\uc138\uc694. \uc601\uc5b4 \uad50\uc0ac \ucc38\uace0 \uc790\ub8cc\uc640 \uc218\ud559 \uad50\uc0ac \ucc38\uace0 \uc790\ub8cc\uc785\ub2c8\ub2e4.<br \/>\uc131\uc801 \uccb4\uacc4\uc5d0 \ub300\ud55c \uc124\uba85\uc774 \ud3ec\ud568\ub41c \ud559\uad50 \uae30\ub85d\uc744 \uc694\uccad\ud558\uace0 \uc601\uc5b4\ub85c \ubc88\uc5ed\ud558\uc5ec EMS \uc785\ud559\ucc98\ub85c \ubcf4\ub0c5\ub2c8\ub2e4.<br \/>\uc601\uc5b4 \ub2a5\ub825\uc744 \uc704\ud55c iTEP\u00ae SLATE \ud14c\uc2a4\ud2b8. \ucd5c\uc18c \uc810\uc218\ub294 4.0\uc785\ub2c8\ub2e4. \uc601\uc5b4 \ub2a5\ub825\uc744 \uc704\ud55c Duolingo\u00ae \ud14c\uc2a4\ud2b8. \ucd5c\uc18c \uc810\uc218\ub294 106\uc785\ub2c8\ub2e4.<br \/>\uc5ec\uad8c \uc0ac\ubcf8 \ubc0f \uc790\uae08 \uc99d\ube59 \uc790\ub8cc.<br \/>\ud559\uad50\uc758 \uad6d\uc81c \ud559\uc0dd \ub2f4\ub2f9\uad00\uacfc\uc758 \ube44\ub514\uc624 \uc778\ud130\ubdf0.<br \/>\uc9d1\uc744 \ub5a0\ub098\uae30 \uc804\uc5d0 \uc758\uc0ac\uc758 \uc885\ud569\uc801\uc778 \uc2e0\uccb4 \uac80\uc0ac. VA \ud559\uad50 \uc785\ud559 \uc2e0\uccb4\uac80\uc0ac \uc591\uc2dd\uc744 \uc791\uc131\ud574\uc57c \ud558\uba70 \ubc84\uc9c0\ub2c8\uc544 \uc8fc\uc5d0\uc11c \uc694\uad6c\ud558\ub294 \uc608\ubc29 \uc811\uc885\uc744 \ud559\uc0dd\ub4e4\uc5d0\uac8c \uc81c\uacf5\ud574\uc57c \ud569\ub2c8\ub2e4.<br \/>\uc2e0\uccad \ub9c8\uac10:<br \/>8\uc6d4 \uac00\uc744 \ud559\uae30 \uc785\ud559: 5\uc6d4 1\uc77c(\uc2e0\uccad\ube44 $250US)<br \/>\uc911\uae30 \uc785\ud559: \uc815\ubcf4 \ubc0f \uc774\uc6a9 \uac00\ub2a5 \uc5ec\ubd80\ub294 Admission@eastmennonite.org\uc5d0 \ubb38\uc758\ud558\uc138\uc694. <strong>Pruebas<\/strong><br \/>Requerimos una puntuaci\u00f3n iTEP\u00ae SLATE de 4.0 o una puntuaci\u00f3n de Duolingo de 106 para la admisi\u00f3n. <strong>Entrevista<\/strong><br \/>El consejero de admisiones entrevistar\u00e1 al estudiante mediante videollamada. Esto se arreglar\u00e1 durante el proceso de admisi\u00f3n. Tendr\u00e1 una duraci\u00f3n aproximada de 45 minutos. <strong>Adquirir una visa<\/strong><br \/>Una vez admitido e inscrito, la oficina de admisiones enviar\u00e1 al estudiante un formulario I-20 para solicitar una visa F-1 en la Embajada de los Estados Unidos en el pa\u00eds de origen del estudiante. <strong>Orientaci\u00f3n<\/strong><br \/>All new international students are required to attend an orientation in mid-August, one week before classes begin. We strongly encourage parents to accompany their student to orientation and make arrangements to stay in the area for several days as their student adjusts. We are happy to assist parents with lodging.<\/p>\r\n<p>La semana de orientaci\u00f3n ofrece a los estudiantes tiempo para instalarse en su nuevo hogar y ofrece a los padres la oportunidad de conocer a la familia anfitriona y al personal de la escuela. Durante la orientaci\u00f3n, los estudiantes aprenden sobre la escuela y completan pruebas de ubicaci\u00f3n para garantizar el apoyo adecuado.<\/p>\r\n<p>Los profesores, el personal y las familias anfitrionas brindan apoyo a los estudiantes durante todo el a\u00f1o. La oficina de admisiones tambi\u00e9n ayudar\u00e1 a los estudiantes con los arreglos de viaje para las vacaciones de Navidad y verano.<\/p>","protected":false},"excerpt":{"rendered":"<p>EMS tiene una larga trayectoria dando la bienvenida a estudiantes internacionales de muchos pa\u00edses, incluidos Albania, China, Colombia, Alemania, Ir\u00e1n, Israel, Corea, Paraguay, Nigeria y Sud\u00e1frica. Aceptamos solicitudes internacionales para los grados 9-12. Admisiones Estamos ubicados a dos horas en auto desde Washington, DC, y estamos cerca de varios colegios y universidades. Nuestro programa internacional est\u00e1 dise\u00f1ado...<\/p>","protected":false},"author":1,"featured_media":8911,"parent":75,"menu_order":0,"comment_status":"closed","ping_status":"closed","template":"","meta":{"_acf_changed":false,"footnotes":""},"class_list":["post-6010","page","type-page","status-publish","has-post-thumbnail","hentry"],"acf":[],"_links":{"self":[{"href":"https:\/\/www.easternmennonite.org\/es\/wp-json\/wp\/v2\/pages\/6010","targetHints":{"allow":["GET"]}}],"collection":[{"href":"https:\/\/www.easternmennonite.org\/es\/wp-json\/wp\/v2\/pages"}],"about":[{"href":"https:\/\/www.easternmennonite.org\/es\/wp-json\/wp\/v2\/types\/page"}],"author":[{"embeddable":true,"href":"https:\/\/www.easternmennonite.org\/es\/wp-json\/wp\/v2\/users\/1"}],"replies":[{"embeddable":true,"href":"https:\/\/www.easternmennonite.org\/es\/wp-json\/wp\/v2\/comments?post=6010"}],"version-history":[{"count":0,"href":"https:\/\/www.easternmennonite.org\/es\/wp-json\/wp\/v2\/pages\/6010\/revisions"}],"up":[{"embeddable":true,"href":"https:\/\/www.easternmennonite.org\/es\/wp-json\/wp\/v2\/pages\/75"}],"wp:featuredmedia":[{"embeddable":true,"href":"https:\/\/www.easternmennonite.org\/es\/wp-json\/wp\/v2\/media\/8911"}],"wp:attachment":[{"href":"https:\/\/www.easternmennonite.org\/es\/wp-json\/wp\/v2\/media?parent=6010"}],"curies":[{"name":"gracias","href":"https:\/\/api.w.org\/{rel}","templated":true}]}}