{"id":6012,"date":"2019-01-30T11:20:41","date_gmt":"2019-01-30T16:20:41","guid":{"rendered":"https:\/\/emsdev.digpants.com\/?page_id=6012"},"modified":"2026-02-11T10:28:28","modified_gmt":"2026-02-11T15:28:28","slug":"visit","status":"publish","type":"page","link":"https:\/\/www.easternmennonite.org\/es\/admissions\/visit\/","title":{"rendered":"Visitar"},"content":{"rendered":"<h2>\n\t\t\t\u00bfPor qu\u00e9 eligi\u00f3 su familia el SME?\t<\/h2>\n\t\t<ul>\n\t\t<li><blockquote><p><em>\u201cME ENCANTA lo que EMS ofrece a nuestros hijos. Cuidado, comunidad, conexi\u00f3n y priorizando el bienestar de los ni\u00f1os\u201d. \u2013 <\/em>Publicaci\u00f3n en Facebook de una madre con hijos en primaria, secundaria y bachillerato en EMS.<\/p><\/blockquote><\/li>\t\t<li><blockquote><em>\u201cNuestro hijo ha asistido a EMS desde el jard\u00edn de infantes y no pod\u00edamos imaginar un mejor entorno deportivo o de aprendizaje para \u00e9l. Cuando lleg\u00f3 el momento de que nuestra nieta comenzara el jard\u00edn de infantes, EMS no solo fue nuestra primera opci\u00f3n, sino nuestra \u00fanica opci\u00f3n\u201d. -Robin, padre y abuelo.<\/em><\/blockquote><\/li>\t\t<li><blockquote><em>\u201cHannah ha disfrutado de las \u00e1reas de juego al aire libre en EMS. Ella regresa a casa cont\u00e1ndonos sobre los fuertes que hicieron, la sopa de bayas y los juegos en los arroyos. Su amor por la naturaleza y el tiempo de clase al aire libre es uno de los momentos m\u00e1s destacados de su d\u00eda\u201d. -Ramona, alumna y madre.<\/em>\u00a0<\/blockquote><\/li>\t\t<li><blockquote><em>\u201c\u00a1Mis hijos est\u00e1n muy felices de asistir a EMS! Les encanta poder estar con sus amigos. Para ellos supone una gran diferencia tener un aprendizaje interactivo que les brinde un sentido de comunidad y apoyo\u201d. -Melinda, madre de familia de secundaria y preparatoria.<\/em>\u00a0<\/blockquote><\/li>\t\t\t<\/ul>\n\t<p>El primer paso en tu proceso de admisi\u00f3n es completar el formulario de consulta y registrarte para una visita guiada. Nos encantar\u00eda saber de ti; por favor, completa el formulario de consulta a continuaci\u00f3n para comenzar.<\/p>\n\t\t\t\t\t<a role=\"heading\" aria-level=\"2\" tabindex=\"-1\"  id=\"fl-accordion--label-0\">Visitas a escuelas secundarias y preparatorias<\/a>\n\t\t\t\t\t\t\t\t\t\t\t<button type=\"button\" id=\"fl-accordion--icon-0\" aria-expanded=\"false\" aria-controls=\"fl-accordion--panel-0\"><i>Expandir<\/i><\/button>\n\t\t\t\t\t<p>Invierno\/Primavera 2026<\/p>\n<ul>\n<li>Martes 20 de enero<\/li>\n<li>Viernes 20 de febrero<\/li>\n<li>Jueves 12 de marzo<\/li>\n<li>Jueves 16 de abril<\/li>\n<\/ul>\n\t\t\t\t\t<a role=\"heading\" aria-level=\"2\" tabindex=\"-1\"  id=\"fl-accordion--label-1\">Qu\u00e9 esperar<\/a>\n\t\t\t\t\t\t\t\t\t\t\t<button type=\"button\" id=\"fl-accordion--icon-1\" aria-expanded=\"false\" aria-controls=\"fl-accordion--panel-1\"><i>Expandir<\/i><\/button>\n\t\t\t\t\t<p>\u00a1Visite nuestra escuela secundaria y preparatoria para verlo usted mismo!<\/p>\n<ul>\n<li>8:15 a.m. &#8211; 10:00 a.m: Parent(s) Session<\/li>\n<li>8:15 a.m. &#8211; noon: Prospective students shadow a current student<\/li>\n<li>Realice una visita guiada por el campus, incluidas las aulas y otras instalaciones.<\/li>\n<li>Interact with teachers and students to learn about EMS&#8217;s educational philosophy and programs.<\/li>\n<li>Asistir a clases para observar el ambiente del aula.<\/li>\n<li>Con\u00e9ctese con los administradores para obtener informaci\u00f3n sobre las experiencias y la vida diaria de EMS.<\/li>\n<li>Inf\u00f3rmese sobre el proceso de admisi\u00f3n, incluida la ayuda financiera.<\/li>\n<\/ul>\n<p>Para registrarse, comun\u00edquese con Diego Torres en admissions@easternmennonite.org, llame al 540-236-6021 o complete el formulario de consulta.<\/p>\n\t\t\t\t\t<a role=\"heading\" aria-level=\"2\" tabindex=\"-1\"  id=\"fl-accordion--label-2\">Visitas de primaria<\/a>\n\t\t\t\t\t\t\t\t\t\t\t<button type=\"button\" id=\"fl-accordion--icon-2\" aria-expanded=\"false\" aria-controls=\"fl-accordion--panel-2\"><i>Expandir<\/i><\/button>\n\t\t\t\t\t<ul>\n<li>\u00danase a nosotros para un recorrido personal por nuestra escuela primaria.<\/li>\n<li>\u00bfTienes un alumno que va a 3.er grado? \u00a1Invitaci\u00f3n especial para el curso 2026-27! En 3.er grado, se abren cuatro plazas adicionales a medida que la clase crece.<\/li>\n<li>Tambi\u00e9n hay vacantes ocasionales en otros grados a medida que las familias se mudan, etc. Complete el formulario de consulta o comun\u00edquese con el consejero de admisiones de EMS para obtener m\u00e1s informaci\u00f3n.<\/li>\n<li>\u00bfTe interesa el k\u00ednder? Las jornadas de puertas abiertas del oto\u00f1o de 2026 se programar\u00e1n a finales de este a\u00f1o. Contacta con Diego Torres o completa un formulario de consulta para recibir actualizaciones.<\/li>\n<li><em>Note: Kindergarten applications will be accepted for the 2027-28 school year Nov. 1 &#8211; December 31, 2026.\u00a0<\/em><\/li>\n<\/ul>\n\t\t\t\t\t<a role=\"heading\" aria-level=\"2\" tabindex=\"-1\"  id=\"fl-accordion--label-3\">Qu\u00e9 esperar\u2026<\/a>\n\t\t\t\t\t\t\t\t\t\t\t<button type=\"button\" id=\"fl-accordion--icon-3\" aria-expanded=\"false\" aria-controls=\"fl-accordion--panel-3\"><i>Expandir<\/i><\/button>\n\t\t\t\t\t<p>Conozca EMES:<\/p>\n<ul>\n<li>Experimente un entorno de aprendizaje pr\u00e1ctico que enfatiza la cooperaci\u00f3n, la creatividad y el tiempo al aire libre.<\/li>\n<li>Conozca a los maestros y a Mar\u00eda Archer, directora de EMES.<\/li>\n<li>Inf\u00f3rmese sobre el proceso de admisi\u00f3n.<\/li>\n<li>Por favor considere visitarnos sin sus hijos para que puedan observar y hacer preguntas libremente.<\/li>\n<\/ul>\n\t\t\t\t\t<a role=\"heading\" aria-level=\"2\" tabindex=\"-1\"  id=\"fl-accordion--label-4\">\u00bfPrefieres un tour privado?<\/a>\n\t\t\t\t\t\t\t\t\t\t\t<button type=\"button\" id=\"fl-accordion--icon-4\" aria-expanded=\"false\" aria-controls=\"fl-accordion--panel-4\"><i>Expandir<\/i><\/button>\n\t\t\t\t\t<p>Para programar un recorrido privado, complete un formulario de consulta. <a href=\"https:\/\/easternmennonite.myschoolapp.com\/app\/embed#inquiry\/45569\">here<\/a>. Si ya figuras en nuestros registros, ponte en contacto con Diego Torres, consejero de admisiones, para registrarte. Tambi\u00e9n est\u00e1 disponible para cualquier pregunta. <a href=\"mailto:torresd@easternmennonite.org\">torresd@easternmennonite.org<\/a>o llame al 540-236-6021.<\/p>\n\t<iframe loading=\"lazy\" src=\"https:\/\/easternmennonite.myschoolapp.com\/app\/embed#inquiry\/47694\" frameborder=\"0\" scrolling=\"yes\" width=\"100%\" height=\"500px\"><\/iframe>\n<h3>\n\t\t<a href=\"https:\/\/www.easternmennonite.org\/es\/admissions\/\" title=\"Admisiones\"  target=\"_self\">\n\t\t\tAdmisiones\t\t<\/a>\n\t<\/h3>\n<figure itemscope itemtype=\"https:\/\/schema.org\/ImageObject\">\n\t\t\t\t<img decoding=\"async\" src=\"https:\/\/www.easternmennonite.org\/wp-content\/uploads\/2025\/09\/Torres.Diego_.jpg\" alt=\"Diego Torres, Admissions Counselortorresd@easternmennonite.org\" height=\"1000\" width=\"667\" title=\"Torres.Diego\" onerror=\"this.style.display='none'\" loading=\"lazy\" \/>\n\t\t<figcaption>Diego Torres, Consejero de Admisiones torresd@easternmennonite.org<\/figcaption>\n\t<\/figure>\n\t<p><em>Eastern Mennonite School no discrimina por motivos de raza, color, discapacidad, origen nacional o \u00e9tnico o religi\u00f3n, y admite a los estudiantes a todos los derechos, privilegios, programas y actividades generalmente concedidos o puestos a disposici\u00f3n de los estudiantes en la escuela.<\/em><\/p>\n<p><em>La siguiente persona ha sido designada para manejar consultas sobre las pol\u00edticas de no discriminaci\u00f3n de la escuela, incluidas sus\u00a0<a href=\"https:\/\/www.easternmennonite.org\/es\/about\/title-ix\/\">pol\u00edtica del T\u00edtulo IX<\/a>: <a href=\"https:\/\/www.easternmennonite.org\/facultystaff\/debbie-katz-2\/\" target=\"_blank\" rel=\"noopener\">Debbie Katz<\/a>, High School Counselor and Title IX Compliance Coordinator.<\/em><\/p>\n<p><em>Para obtener ayuda relacionada con el T\u00edtulo IX u otras leyes de derechos civiles, comun\u00edquese con\u00a0<\/em><em>la OCR<\/em><em>\u00a0at\u00a0<\/em><em>OCR@ed.gov<\/em><em>\u00a0o 800-421-3481, TDD 800-877-8339.<\/em><\/p>","protected":false},"excerpt":{"rendered":"<p>\u00bfPor qu\u00e9 eligi\u00f3 su familia EMS? \u201cME ENCANTA lo que EMS ofrece a nuestros hijos: cari\u00f1o, comunidad, conexi\u00f3n y la prioridad que le dan al bienestar de los ni\u00f1os\u201d. \u2013 Publicaci\u00f3n en Facebook de una madre con hijos en primaria, secundaria y preparatoria en EMS. \u201cNuestro hijo ha asistido a EMS desde k\u00ednder y no podr\u00edamos imaginar un mejor ambiente de aprendizaje o deportivo para\u2026<\/p>","protected":false},"author":1,"featured_media":7623,"parent":75,"menu_order":0,"comment_status":"closed","ping_status":"closed","template":"","meta":{"_acf_changed":false,"footnotes":""},"class_list":["post-6012","page","type-page","status-publish","has-post-thumbnail","hentry"],"acf":[],"_links":{"self":[{"href":"https:\/\/www.easternmennonite.org\/es\/wp-json\/wp\/v2\/pages\/6012","targetHints":{"allow":["GET"]}}],"collection":[{"href":"https:\/\/www.easternmennonite.org\/es\/wp-json\/wp\/v2\/pages"}],"about":[{"href":"https:\/\/www.easternmennonite.org\/es\/wp-json\/wp\/v2\/types\/page"}],"author":[{"embeddable":true,"href":"https:\/\/www.easternmennonite.org\/es\/wp-json\/wp\/v2\/users\/1"}],"replies":[{"embeddable":true,"href":"https:\/\/www.easternmennonite.org\/es\/wp-json\/wp\/v2\/comments?post=6012"}],"version-history":[{"count":3,"href":"https:\/\/www.easternmennonite.org\/es\/wp-json\/wp\/v2\/pages\/6012\/revisions"}],"predecessor-version":[{"id":78758,"href":"https:\/\/www.easternmennonite.org\/es\/wp-json\/wp\/v2\/pages\/6012\/revisions\/78758"}],"up":[{"embeddable":true,"href":"https:\/\/www.easternmennonite.org\/es\/wp-json\/wp\/v2\/pages\/75"}],"wp:featuredmedia":[{"embeddable":true,"href":"https:\/\/www.easternmennonite.org\/es\/wp-json\/wp\/v2\/media\/7623"}],"wp:attachment":[{"href":"https:\/\/www.easternmennonite.org\/es\/wp-json\/wp\/v2\/media?parent=6012"}],"curies":[{"name":"gracias","href":"https:\/\/api.w.org\/{rel}","templated":true}]}}