{"id":60929,"date":"2024-02-28T14:35:16","date_gmt":"2024-02-28T19:35:16","guid":{"rendered":"https:\/\/www.easternmennonite.org\/?page_id=60929"},"modified":"2024-08-28T14:20:20","modified_gmt":"2024-08-28T18:20:20","slug":"ev-charger","status":"publish","type":"page","link":"https:\/\/www.easternmennonite.org\/es\/ev-charger\/","title":{"rendered":"Cargador para veh\u00edculos el\u00e9ctricos"},"content":{"rendered":"<h1>\n\t\tAcad\u00e9mica\n\t<\/h1>\n\t<p><strong>La promoci\u00f3n de 2022 se va<\/strong> <strong>un legado duradero<\/strong> con su generosa donaci\u00f3n de un cargador de EV (veh\u00edculo el\u00e9ctrico) a la escuela. Su gesto de visi\u00f3n de futuro refleja su compromiso con la sostenibilidad y la innovaci\u00f3n. Reci\u00e9n instalado y listo para usar, el cargador de veh\u00edculos el\u00e9ctricos simboliza el progreso y abraza el futuro de la tecnolog\u00eda del transporte. Este obsequio sirve como un recordatorio tangible de la dedicaci\u00f3n de la clase para dejar un impacto positivo en la escuela y el medio ambiente. A medida que los estudiantes, el personal y los visitantes utilizan el cargador, recuerdan la valiosa contribuci\u00f3n realizada por la promoci\u00f3n de 2022, fomentando un sentido de orgullo y comunidad dentro de la escuela.<\/p>\n<p>EMS is grateful to each class who has generously made a gift that will benefit the students who follow them! If you would like to make a contribution to help offset the annual electric costs associated with the charger (or a significant gift to purchase solar panels to make the chargers truly efficient!), click\u00a0<a href=\"https:\/\/app.donorview.com\/g173g\">here<\/a>\u00a0y anote &quot;estaci\u00f3n de carga&quot; en la nota. Actualmente, cada cargo le cuesta a EMS aproximadamente $5 y estos costos pueden acumularse con el tiempo.<\/p>\n<p><i>Chargers are located behind the cafeteria in the auditorium parking lot.<\/i><\/p>\n<p><i>Click\u00a0<\/i><a href=\"https:\/\/www.easternmennonite.org\/es\/support\/class-gifts\/\"><i>HERE<\/i><\/a><i>: To see all the gifts each class has donated over the years<\/i><\/p>\n\t\t\t<a href=\"\" target=\"_self\" rel=\"noopener\">\n\t\t\t\t\t\t\tRead more\n\t\t\t\t\t<\/a>\n\t\t\t<a href=\"https:\/\/app.donorview.com\/Donation\/DonationInfo?prm=1ll7PRF8QmErcAyv1bQsRqRvCJ8mkZ1xH4AiDWXRu-Z50vohLiiv40gvFRgD_jGiGqPs-M4I4hyEl5itcFciow9H-UH5MHliAnaz4a6BxgOkfrC9hiJ-XWTOUQsJBBnphxZwyeg7Se7Xb9HqrqiLubNXDOgOfAjJVvR6ii9pB3jNaTqlHatTsH4ImdzjfwXPxSnNUEUx08sJnJKh84s1ZPzuk8d7uhebL-xP1mqGlbKbd9C-txLD9rLO_esgS-Eg0\" target=\"_self\" rel=\"noopener\">\n\t\t\t\t\t\t\tDonar un cargo\n\t\t\t\t\t<\/a>","protected":false},"excerpt":{"rendered":"<p>Acad\u00e9micos La promoci\u00f3n de 2022 deja un legado duradero con su generosa donaci\u00f3n de un cargador de veh\u00edculos el\u00e9ctricos (EV) a la escuela. Su gesto de visi\u00f3n de futuro refleja su compromiso con la sostenibilidad y la innovaci\u00f3n. Reci\u00e9n instalado y listo para usar, el cargador de veh\u00edculos el\u00e9ctricos simboliza el progreso y abraza el futuro de la tecnolog\u00eda del transporte. Este regalo sirve como\u2026<\/p>","protected":false},"author":31,"featured_media":0,"parent":0,"menu_order":0,"comment_status":"closed","ping_status":"closed","template":"","meta":{"_acf_changed":false,"footnotes":""},"class_list":["post-60929","page","type-page","status-publish","hentry"],"acf":[],"_links":{"self":[{"href":"https:\/\/www.easternmennonite.org\/es\/wp-json\/wp\/v2\/pages\/60929","targetHints":{"allow":["GET"]}}],"collection":[{"href":"https:\/\/www.easternmennonite.org\/es\/wp-json\/wp\/v2\/pages"}],"about":[{"href":"https:\/\/www.easternmennonite.org\/es\/wp-json\/wp\/v2\/types\/page"}],"author":[{"embeddable":true,"href":"https:\/\/www.easternmennonite.org\/es\/wp-json\/wp\/v2\/users\/31"}],"replies":[{"embeddable":true,"href":"https:\/\/www.easternmennonite.org\/es\/wp-json\/wp\/v2\/comments?post=60929"}],"version-history":[{"count":0,"href":"https:\/\/www.easternmennonite.org\/es\/wp-json\/wp\/v2\/pages\/60929\/revisions"}],"wp:attachment":[{"href":"https:\/\/www.easternmennonite.org\/es\/wp-json\/wp\/v2\/media?parent=60929"}],"curies":[{"name":"gracias","href":"https:\/\/api.w.org\/{rel}","templated":true}]}}